{"id":6963,"date":"2022-10-01T08:26:55","date_gmt":"2022-10-01T06:26:55","guid":{"rendered":"https:\/\/fengchashop.com\/se\/product\/shilajit-i-pulver-125-g\/"},"modified":"2026-04-29T11:34:53","modified_gmt":"2026-04-29T09:34:53","slug":"shilajit-i-pulver","status":"publish","type":"product","link":"https:\/\/fengchashop.com\/se\/product\/shilajit-i-pulver\/","title":{"rendered":"Shilajit i pulver 125 g"},"content":{"rendered":"<h2 style=\"text-align: justify\"><span style=\"color: #000000\">Shilajit (Mumio)<\/span><\/h2>\n<p style=\"text-align: justify\"><span style=\"color: #000000\">Shijalit \u00e4r ett kosttillskott.<\/span><\/p>\n<p style=\"text-align: justify\"><span style=\"color: #000000\">Shilajit, eller s\u00e5 kallad <strong>Mumio<\/strong>, \u00e4r en <strong>mineralrik organisk substans<\/strong> som under sommarm\u00e5naderna fl\u00f6dar <strong>genom klippor och sprickor mellan stenarna i de h\u00f6ga bergen<\/strong> i nord\u00f6stra Indien och andra delar av Asien och syd\u00f6stra Himalaya. Shilajit \u00e4r en <strong>bergsharts<\/strong> som tros ha bildats f\u00f6r mer \u00e4n 50 miljoner \u00e5r sedan n\u00e4r Asien kolliderade med den indiska kontinenten. Det \u00e4r ocks\u00e5 k\u00e4nt som mineralharts. Shilajit har anv\u00e4nts av m\u00e4nniskor i syd\u00f6stra Himalaya i tusentals \u00e5r. Bergshartsen finns i flera olika nyanser, n\u00e4mligen guld, silver, koppar och i svart, vilket \u00e4r den f\u00e4rg som oftast anv\u00e4nds inom ayuvedisk medicin.<\/span><\/p>\n<h2 style=\"text-align: justify\"><span style=\"color: #000000\">Hur utvinns shilajit?<\/span><\/h2>\n<p style=\"text-align: justify\"><span style=\"color: #000000\">Shilajit har anv\u00e4nts inom ayurvedisk medicin i <strong>\u00f6ver 3000 \u00e5r<\/strong> som ett botemedel mot olika h\u00e4lsoproblem. Shilajit-harts best\u00e5r <strong>av olika hartser, sediment och andra material<\/strong> som samlas in fr\u00e5n berg p\u00e5 h\u00f6jder p\u00e5 3000 m eller \u00e4nnu mer.<\/span><\/p>\n<p style=\"text-align: justify\"><span style=\"color: #000000\">Processen f\u00f6r att utvinna shilajit \u00e4r mycket kr\u00e4vande, eftersom det efter insamling f\u00f6rst <strong>renas genom organiska processer<\/strong> och sedan extraheras genom extrudering f\u00f6r att f\u00e5 ett <strong>koncentrerat, h\u00f6gkvalitativt extrakt<\/strong>. Shilajit utvinns med en speciell metod som <strong>bevarar den naturliga sammans\u00e4ttningen och renheten hos shilajit<\/strong>. Dessutom <strong>bevaras viktiga n\u00e4rings\u00e4mnen<\/strong> och dess energi g\u00e5r inte f\u00f6rlorad. Den harts som anv\u00e4nds som kosttillskott \u00e4r en av de b\u00e4sta typerna, eftersom den genomg\u00e5r en <strong>rigor\u00f6s reningsprocess f\u00f6r att s\u00e4kerst\u00e4lla att den \u00e4r l\u00e4mplig f\u00f6r konsumtion<\/strong>.<\/span><\/p>\n<h2 style=\"text-align: justify\"><span style=\"color: #000000\">Vilka \u00e4r de viktigaste egenskaperna som shilajit erbjuder oss?<\/span><\/h2>\n<p style=\"text-align: justify\"><span style=\"color: #000000\">Shilajit tillverkas av ett naturligt \u00e4mne, n\u00e4mligen humus, som bildas n\u00e4r mikroorganismer bryter ned v\u00e4xt- och djuravfall. Shilajit har gynnsamma effekter p\u00e5 v\u00e5r kropp och h\u00e4lsa.<\/span><\/p>\n<p style=\"text-align: justify\"><span style=\"color: #000000\"><em><strong>Effekter som har en positiv effekt p\u00e5 v\u00e5r h\u00e4lsa och kropp:<\/strong><\/em><\/span><\/p>\n<p><span style=\"color: #000000\"> \ud83d\udc9a St\u00f6djer mental och kognitiv funktion.<\/span><\/p>\n<p><span style=\"color: #000000\"> \ud83d\udc9a St\u00f6der sexuell funktion hos m\u00e4n och kvinnor.<\/span><\/p>\n<p><span style=\"color: #000000\"> \ud83d\udc9a St\u00f6djer fettmetabolismen.<\/span><\/p>\n<p><span style=\"color: #000000\"> \ud83d\udc9a St\u00f6djer metabolismen av sockerarter.<\/span><\/p>\n<p><span style=\"color: #000000\"> \ud83d\udc9a Hj\u00e4lper till att normalisera kroppsvikten.<\/span><\/p>\n<p><span style=\"color: #000000\"> \ud83d\udc9a Hj\u00e4lper till att uppr\u00e4tth\u00e5lla urinv\u00e4garnas h\u00e4lsa.<\/span><\/p>\n<p><span style=\"color: #000000\"> \ud83d\udc9a Hj\u00e4lper till att uppr\u00e4tth\u00e5lla prostatah\u00e4lsa.<\/span><\/p>\n<p><span style=\"color: #000000\"> \ud83d\udc9a Hj\u00e4lper till att uppr\u00e4tth\u00e5lla balans och komfort i menstruationscykeln.<\/span><\/p>\n<h2 style=\"text-align: justify\"><span style=\"color: #000000\">F\u00f6rvaring och varningar<\/span><\/h2>\n<p style=\"text-align: justify\"><span style=\"color: #000000\">F\u00f6rvaras svalt och torrt vid en temperatur p\u00e5 upp till 25 \u00b0C. F\u00f6rvara kosttillskottet utom r\u00e4ckh\u00e5ll f\u00f6r barn!<\/span><\/p>\n<p style=\"text-align: justify\"><span style=\"color: #000000\">Kom ih\u00e5g vikten av en varierad kost och en h\u00e4lsosam livsstil, ett kosttillskott \u00e4r d\u00e4rf\u00f6r inte en ers\u00e4ttning f\u00f6r en balanserad och varierad kost. Den rekommenderade dagliga m\u00e4ngden eller dosen b\u00f6r inte \u00f6verskridas. Gravida kvinnor och ammande m\u00f6drar avr\u00e5ds fr\u00e5n anv\u00e4ndning.<\/span><\/p>\n<p style=\"text-align: justify\"><span style=\"color: #000000\">Minska anv\u00e4ndningen av shilajit om n\u00e5gra negativa biverkningar uppst\u00e5r. Drick mer vatten.<\/span><\/p>\n<p style=\"text-align: justify\"><span style=\"color: #000000\">Shilajit \u00e4r en mineralberikad f\u00f6rening, s\u00e5 det finns risk f\u00f6r toxisk \u00f6verbelastning fr\u00e5n mineraler som j\u00e4rn, s\u00e4rskilt om du ocks\u00e5 tar kosttillskott som inneh\u00e5ller n\u00e5gra av samma mineraler. Det \u00e4r d\u00e4rf\u00f6r alltid tillr\u00e5dligt att r\u00e5dfr\u00e5ga din l\u00e4kare f\u00f6r mer information.<\/span><\/p>\n<h2 style=\"text-align: justify\"><span style=\"color: #000000\">F\u00f6rpackning<\/span><\/h2>\n<p style=\"text-align: justify\"><span style=\"color: #000000\">Icke-genomsl\u00e4pplig zip-lock-p\u00e5se d\u00e4r produkten beh\u00e5ller all sin fr\u00e4sch\u00f6r och arom. F\u00f6rpackningen skyddar produkten fr\u00e5n ljus och luft, eftersom den best\u00e5r av flera lager av skydd f\u00f6r att bevara inneh\u00e5llets egenskaper.<\/span><\/p>\n<p style=\"text-align: justify\"><span style=\"color: #000000\">F\u00f6rpackningen \u00e4r mycket praktisk och \u00e5tervinningsbar.<\/span><\/p>\n<h2 style=\"text-align: justify\"><span style=\"color: #000000\">Ursprung<\/span><\/h2>\n<p style=\"text-align: justify\"><span style=\"color: #000000\">Indien<\/span><\/p>\n","protected":false},"excerpt":{"rendered":"<p style=\"text-align: justify\"><span style=\"color: #000000\">Shilajit, eller Mumio, \u00e4r ett mineralrikt organiskt material som under sommarm\u00e5naderna fl\u00f6dar genom klippor och sprickor mellan klipporna i de h\u00f6ga bergen i nord\u00f6stra Indien och andra delar av Asien och syd\u00f6stra Himalaya. Shilajit \u00e4r en bergsharts som tros ha bildats f\u00f6r mer \u00e4n 50 miljoner \u00e5r sedan n\u00e4r Asien kolliderade med den indiska kontinenten. Det \u00e4r ocks\u00e5 k\u00e4nt som mineralharts. Shilajit har anv\u00e4nts av m\u00e4nniskor i syd\u00f6stra Himalaya i tusentals \u00e5r. <\/span><span style=\"color: #000000\"><em>Effekter som har en positiv effekt p\u00e5 v\u00e5r h\u00e4lsa och kropp:<\/em><\/span><\/p>\n<p><span style=\"color: #000000\"> \ud83d\udc9a St\u00f6djer mental och kognitiv funktion.<\/span><\/p>\n<p><span style=\"color: #000000\"> \ud83d\udc9a St\u00f6djer sexuell funktion hos m\u00e4n och kvinnor.<\/span><\/p>\n<p><span style=\"color: #000000\"> \ud83d\udc9a St\u00f6djer fettmetabolismen och<\/span><span style=\"color: #000000\"> st\u00f6der metabolismen av fetter och sockerarter.<\/span><\/p>\n<p><span style=\"color: #000000\"> \ud83d\udc9a Hj\u00e4lper till att normalisera kroppsvikten.<\/span><\/p>\n<p><span style=\"color: #000000\"> \ud83d\udc9a Hj\u00e4lper till att uppr\u00e4tth\u00e5lla urinv\u00e4garnas h\u00e4lsa.<\/span><\/p>\n<p><span style=\"color: #000000\"> \ud83d\udc9a Hj\u00e4lper till att uppr\u00e4tth\u00e5lla prostatah\u00e4lsa.<\/span><\/p>\n<p><span style=\"color: #000000\"> \ud83d\udc9a Hj\u00e4lper till att uppr\u00e4tth\u00e5lla balans och komfort i menstruationscykeln.<\/span><\/p>\n","protected":false},"featured_media":6964,"comment_status":"open","ping_status":"closed","template":"","meta":{"_acf_changed":false},"product_brand":[],"product_cat":[225,228,224,226],"product_tag":[],"class_list":{"0":"post-6963","1":"product","2":"type-product","3":"status-publish","4":"has-post-thumbnail","6":"product_cat-alla-produkter","7":"product_cat-ayurveda","8":"product_cat-erbjudande","9":"product_cat-supermat","11":"first","12":"instock","13":"sale","14":"taxable","15":"shipping-taxable","16":"purchasable","17":"product-type-simple"},"acf":[],"_links":{"self":[{"href":"https:\/\/fengchashop.com\/se\/wp-json\/wp\/v2\/product\/6963","targetHints":{"allow":["GET"]}}],"collection":[{"href":"https:\/\/fengchashop.com\/se\/wp-json\/wp\/v2\/product"}],"about":[{"href":"https:\/\/fengchashop.com\/se\/wp-json\/wp\/v2\/types\/product"}],"replies":[{"embeddable":true,"href":"https:\/\/fengchashop.com\/se\/wp-json\/wp\/v2\/comments?post=6963"}],"wp:featuredmedia":[{"embeddable":true,"href":"https:\/\/fengchashop.com\/se\/wp-json\/wp\/v2\/media\/6964"}],"wp:attachment":[{"href":"https:\/\/fengchashop.com\/se\/wp-json\/wp\/v2\/media?parent=6963"}],"wp:term":[{"taxonomy":"product_brand","embeddable":true,"href":"https:\/\/fengchashop.com\/se\/wp-json\/wp\/v2\/product_brand?post=6963"},{"taxonomy":"product_cat","embeddable":true,"href":"https:\/\/fengchashop.com\/se\/wp-json\/wp\/v2\/product_cat?post=6963"},{"taxonomy":"product_tag","embeddable":true,"href":"https:\/\/fengchashop.com\/se\/wp-json\/wp\/v2\/product_tag?post=6963"}],"curies":[{"name":"wp","href":"https:\/\/api.w.org\/{rel}","templated":true}]}}