{"id":6953,"date":"2022-08-19T05:47:44","date_gmt":"2022-08-19T03:47:44","guid":{"rendered":"https:\/\/fengchashop.com\/se\/product\/guayusa-bio-100-g\/"},"modified":"2026-04-20T09:28:56","modified_gmt":"2026-04-20T07:28:56","slug":"guayusa-bio","status":"publish","type":"product","link":"https:\/\/fengchashop.com\/se\/product\/guayusa-bio\/","title":{"rendered":"Guayusa BIO 100 g"},"content":{"rendered":"<h2><span style=\"color: #000000\">Guayusa BIO<\/span><\/h2>\n<p><span style=\"color: #000000\">Guayusa, som uttalas ghwy-you-sa, betyder &#8221;nattv\u00e4ktare&#8221; eftersom det ibland anv\u00e4nds f\u00f6r att h\u00e5lla m\u00e4nniskor vakna p\u00e5 natten. Detta \u00e4r det namn som Kichwa-folket har gett det vintergr\u00f6na tr\u00e4d vars <strong>blad anv\u00e4nds f\u00f6r att g\u00f6ra te<\/strong>. Guayusatr\u00e4den, \u00e4ven kallade guayusa (Ilex guayusa), \u00e4r 6 till 30 meter h\u00f6ga och har avl\u00e5nga, gl\u00e4nsande gr\u00f6na blad.<\/span><\/p>\n<p><span style=\"color: #000000\">De tidigaste fynden visar att ursprungsfolket kichwa b\u00f6rjade odla guayusa f\u00f6r 1 000 \u00e5r sedan. Guayusa \u00e4r f\u00f6rmodligen det <strong>mest koffeinhaltiga tebladet i hela v\u00e4rlden<\/strong>, med upp till 7,6 procent koffein!<\/span><\/p>\n<p><span style=\"color: #000000\">Guayusa \u00e4r vida spritt i Amazonas djungel, men odlas oftast i Ecuador. Bladen <strong>sk\u00f6rdas, torkas och anv\u00e4nds traditionellt f\u00f6r att g\u00f6ra<\/strong> \u00f6rtte, som \u00e4r uppskattat f\u00f6r sin <strong>h\u00f6ga koffeinhalt och<\/strong> sitt <strong>h\u00f6ga inneh\u00e5ll av antioxidanter<\/strong>.<\/span><\/p>\n<p><span style=\"color: #000000\">Vissa anser att guayusa har ytterligare f\u00f6rdelar. Den \u00e4r rik <strong>p\u00e5 vitaminer, aminosyror och antioxidanter<\/strong>. Dessutom har den f\u00f6reningar som <strong>teobromin<\/strong>, som ocks\u00e5 finns i kakao och \u00e4r k\u00e4nt f\u00f6r sina <strong>hum\u00f6rh\u00f6jande<\/strong> egenskaper.<\/span><\/p>\n<h2><span style=\"color: #000000\">Vad \u00e4r guayusa te<\/span><\/h2>\n<p><span style=\"color: #000000\">Guayusa \u00e4r en v\u00e4xtbaserad dryck som ofta marknadsf\u00f6rs som en <strong>h\u00e4lsosammare energikick \u00e4n kaffe och energ<\/strong>idrycker.<\/span><\/p>\n<p><span style=\"color: #000000\">Ursprungsfolket kichwa, som talar ett spr\u00e5k som h\u00f6r hemma i Amazonas regnskog, har druckit guayusa-te i hundratals \u00e5r som en del av rituella jaktceremonier f\u00f6r att f\u00e5 andlig klarhet och f\u00f6rbereda sig fysiskt f\u00f6r det fysiskt kr\u00e4vande livet i regnskogen. Ecuadors ursprungsbefolkning anv\u00e4nder det s\u00e4rskilt vid l\u00e4ggdags f\u00f6r att komma i kontakt med h\u00f6gre medvetandetillst\u00e5nd.<\/span><\/p>\n<p><span style=\"color: #000000\">Den <strong>saknar<\/strong> ocks\u00e5 <strong>bitterhet och skarp smak<\/strong>, eftersom den \u00e4r n\u00e4stan helt tanninfri, vilket ocks\u00e5 g\u00f6r att <strong>bladen kan bevattnas upprepade g\u00e5nger<\/strong>. Ist\u00e4llet har den en <strong>krispig, s\u00f6t smak<\/strong> som \u00e4r underbar p\u00e5 egen hand eller i kombination med soja-, ris- eller n\u00f6tmj\u00f6lk.<\/span><\/p>\n<h2><span style=\"color: #000000\">Effekter av guayusa<\/span><\/h2>\n<p><span style=\"color: #000000\">Guayusa-te har en intressant effekt: \u00e5 ena sidan <strong>\u00e4r det stimulerande<\/strong> p\u00e5 grund av sin h\u00f6ga koffeinhalt, \u00e5 andra sidan <strong>ger<\/strong> det ett <strong>behagligt lugn och balans<\/strong>, f\u00f6rmodligen p\u00e5 grund av de medf\u00f6ljande f\u00f6reningarna som L-theanin och teobromin.<\/span><\/p>\n<p><span style=\"color: #000000\">Guayusa kan f\u00f6rb\u00e4ttra ditt <strong>mentala tillst\u00e5nd och fokus<\/strong>. Den inneh\u00e5ller en h\u00f6g m\u00e4ngd koffein, som \u00e4r k\u00e4nt som ett stimulerande medel. Teobromin, en alkaloid som strukturellt liknar koffein, \u00e4r ocks\u00e5 n\u00e4rvarande. Dessutom inneh\u00e5ller livsmedel som choklad och kakaopulver teobromin. Kombinationen av kaffe och teobromin har visat sig <strong>f\u00f6rb\u00e4ttra hum\u00f6r, vakenhet och<\/strong> <strong>koncentration<\/strong>, och kan ocks\u00e5<strong> f\u00f6rb\u00e4ttra hj\u00e4rnans kortsiktiga funktion<\/strong>.<\/span><\/p>\n<p><span style=\"color: #000000\">Guayusa inneh\u00e5ller ett <strong>antal antioxidanter<\/strong>. De <strong>minskar oxidativ stress<\/strong> genom att bek\u00e4mpa fria radikaler, som \u00e4r instabila kemikalier i kroppen. P\u00e5 s\u00e5 s\u00e4tt kan de <strong>minska risken f\u00f6r att utveckla m\u00e5nga kroniska sjukdomar<\/strong>. Guayusa inneh\u00e5ller de h\u00f6gsta halterna av polyfenoliska antioxidanter som kallas <strong>katekiner<\/strong>, som anses <strong>skydda mot hj\u00e4rtsjukdomar, cancer, typ 2-diabetes, fetma, bakterieinfektioner och sjukdomar<\/strong>, samt <strong>s\u00e4nka kolesterolniv\u00e5erna och reglera ph-niv\u00e5erna<\/strong>.<\/span><\/p>\n<p><span style=\"color: #000000\">Om din kropp inte kan transportera socker fr\u00e5n blodet till cellerna p\u00e5 ett effektivt s\u00e4tt kan du f\u00e5 h\u00f6gt blodsocker. Detta kan s\u00e5 sm\u00e5ningom leda till typ 2-diabetes om det l\u00e4mnas obehandlat. Guayusa kan <strong>hj\u00e4lpa till att<\/strong> s\u00e4nka blodsockret.<\/span><\/p>\n<p><span style=\"color: #000000\">Den starka koncentrationen av koffein i Guayusa kan <strong>hj\u00e4lpa till med viktminskning<\/strong>. Naturliga stimulantia som koffein kan p\u00e5skynda din \u00e4mnesoms\u00e4ttning och \u00f6ka m\u00e4ngden kalorier som din kropp f\u00f6rbr\u00e4nner.<\/span><\/p>\n<h2><span style=\"color: #000000\">F\u00f6rvaring och varningar<\/span><\/h2>\n<p><span style=\"color: #000000\">F\u00f6rvaras torrt, m\u00f6rkt och svalt. Torkade blad b\u00f6r f\u00f6rvaras i en luftt\u00e4t p\u00e5se eller beh\u00e5llare fram till anv\u00e4ndning.<\/span><\/p>\n<p><span style=\"color: #000000\">Guayusa inneh\u00e5ller naturligt f\u00f6rekommande koffein.<\/span><\/p>\n<h2><span style=\"color: #000000\">F\u00f6rpackning<\/span><\/h2>\n<p><span style=\"color: #000000\">Luftt\u00e4t zip-lock-p\u00e5se d\u00e4r produkten beh\u00e5ller all sin fr\u00e4sch\u00f6r och arom. F\u00f6rpackningen skyddar mot ljus och luft, eftersom den best\u00e5r av flera skyddslager som bevarar inneh\u00e5llets egenskaper.<\/span><\/p>\n<p><span style=\"color: #000000\">F\u00f6rpackningen \u00e4r mycket praktisk och \u00e5tervinningsbar.<\/span><\/p>\n<h2><span style=\"color: #000000\">Ursprung<\/span><\/h2>\n<p><span style=\"color: #000000\">Ecuador<\/span><\/p>\n","protected":false},"excerpt":{"rendered":"<p>\u00d6rtte med m\u00e5nga aktiva ingredienser <strong>f\u00f6r ett l\u00e5ngt, h\u00e4lsosamt och vitalt liv<\/strong>. Guayusa, som uttalas ghwy-you-sa, betyder &#8221;nattv\u00e4ktare&#8221; eftersom det ibland anv\u00e4nds f\u00f6r att h\u00e5lla m\u00e4nniskor vakna p\u00e5 natten. Det \u00e4r f\u00f6rmodligen det <strong>mest koffeinhaltiga tebladet<\/strong> i hela v\u00e4rlden, med <strong>upp till 7,6 procent koffein<\/strong>!<\/p>\n<p>\ud83d\udc9a H\u00f6jer ditt hum\u00f6r.<\/p>\n<p>\ud83d\udc9a Det inneh\u00e5ller mycket vitaminer, aminosyror och antioxidanter.<\/p>\n<p>\ud83d\udc9a En h\u00e4lsosammare energikick \u00e4n kaffe och energidrycker.<\/p>\n<p>\ud83d\udc9a F\u00f6rb\u00e4ttrar ditt mentala tillst\u00e5nd och fokus.<\/p>\n","protected":false},"featured_media":6954,"comment_status":"open","ping_status":"closed","template":"","meta":{"_acf_changed":false},"product_brand":[],"product_cat":[225,224,223,205],"product_tag":[],"class_list":{"0":"post-6953","1":"product","2":"type-product","3":"status-publish","4":"has-post-thumbnail","6":"product_cat-alla-produkter","7":"product_cat-erbjudande","8":"product_cat-te","9":"product_cat-te-mat-kryddor","11":"first","12":"instock","13":"taxable","14":"shipping-taxable","15":"purchasable","16":"product-type-simple"},"acf":[],"_links":{"self":[{"href":"https:\/\/fengchashop.com\/se\/wp-json\/wp\/v2\/product\/6953","targetHints":{"allow":["GET"]}}],"collection":[{"href":"https:\/\/fengchashop.com\/se\/wp-json\/wp\/v2\/product"}],"about":[{"href":"https:\/\/fengchashop.com\/se\/wp-json\/wp\/v2\/types\/product"}],"replies":[{"embeddable":true,"href":"https:\/\/fengchashop.com\/se\/wp-json\/wp\/v2\/comments?post=6953"}],"wp:featuredmedia":[{"embeddable":true,"href":"https:\/\/fengchashop.com\/se\/wp-json\/wp\/v2\/media\/6954"}],"wp:attachment":[{"href":"https:\/\/fengchashop.com\/se\/wp-json\/wp\/v2\/media?parent=6953"}],"wp:term":[{"taxonomy":"product_brand","embeddable":true,"href":"https:\/\/fengchashop.com\/se\/wp-json\/wp\/v2\/product_brand?post=6953"},{"taxonomy":"product_cat","embeddable":true,"href":"https:\/\/fengchashop.com\/se\/wp-json\/wp\/v2\/product_cat?post=6953"},{"taxonomy":"product_tag","embeddable":true,"href":"https:\/\/fengchashop.com\/se\/wp-json\/wp\/v2\/product_tag?post=6953"}],"curies":[{"name":"wp","href":"https:\/\/api.w.org\/{rel}","templated":true}]}}