{"id":6947,"date":"2025-07-25T06:17:34","date_gmt":"2025-07-25T04:17:34","guid":{"rendered":"https:\/\/fengchashop.com\/se\/product\/rod-jast-ris-bio-i-pulver-125-g\/"},"modified":"2026-03-07T19:02:59","modified_gmt":"2026-03-07T18:02:59","slug":"rod-jast-ris-bio-i-pulver","status":"publish","type":"product","link":"https:\/\/fengchashop.com\/se\/product\/rod-jast-ris-bio-i-pulver\/","title":{"rendered":"R\u00f6d j\u00e4st ris BIO i pulver 125 g"},"content":{"rendered":"<h2 style=\"text-align: justify;\"><span style=\"color: #000000;\">R\u00f6tt j\u00e4strispulver<\/span><\/h2>\n<p style=\"text-align: justify;\"><span style=\"color: #000000;\">R\u00f6tt j\u00e4strispulver kallas ofta <em>Monascus purpureus. <\/em>Det \u00e4r en <strong>fermenterad version av vanligt vitt ris<\/strong>, som f\u00e5r sin f\u00e4rg av<strong> j\u00e4sten Monascus purpureus<\/strong>. Det har anv\u00e4nts i \u00e5rhundraden i traditionell kinesisk medicin f\u00f6r att <strong>s\u00e4nka det d\u00e5liga kolesterolet<\/strong>. R\u00f6tt j\u00e4stris anses bidra till att s\u00e4nka kolesterolet naturligt tack vare<strong> monacolin K<\/strong>, som faktiskt fungerar p\u00e5 samma s\u00e4tt som statiner som finns i kolesterols\u00e4nkande l\u00e4kemedel. Kolesterol st\u00e5r n\u00e4mligen allt h\u00f6gre upp p\u00e5 listan \u00f6ver h\u00e4lsoproblem hos den moderna m\u00e4nniskan. Det inneh\u00e5ller ocks\u00e5 ett antal om\u00e4ttade fettsyror och fytosteroler.<\/span><\/p>\n<p style=\"text-align: justify;\"><span style=\"color: #000000;\">I traditionell medicin har r\u00f6tt j\u00e4stris ocks\u00e5 anv\u00e4nts f\u00f6r att st\u00e4rka blodcirkulationen, reglera matsm\u00e4ltningen och f\u00f6r matsm\u00e4ltningsproblem, inklusive orolig <strong>mage, diarr\u00e9 och tr\u00f6g matsm\u00e4ltning<\/strong>.<\/span><\/p>\n<p style=\"text-align: justify;\"><span style=\"color: #000000;\">V\u00e5rt r\u00f6da j\u00e4strispulver \u00e4r ekologiskt producerat och bearbetat under strikt \u00f6vervakning, s\u00e5 det \u00e4r s\u00e4kert att anv\u00e4nda och tolereras vanligtvis v\u00e4l av kroppen.<\/span><\/p>\n<h2 style=\"text-align: justify;\"><span style=\"color: #000000;\">Vem rekommenderar vi att du tar det f\u00f6r<\/span><\/h2>\n<p style=\"text-align: justify;\"><span style=\"color: #000000;\">Eftersom det inneh\u00e5ller andra nyttiga \u00e4mnen ut\u00f6ver den aktiva ingrediensen, som har visat sig s\u00e4nka kolesterolniv\u00e5erna i blodet, rekommenderar vi det f\u00f6rst och fr\u00e4mst till alla som k\u00e4mpar med f\u00f6r h\u00f6ga niv\u00e5er av d\u00e5ligt kolesterol. Det \u00e4r ocks\u00e5 anv\u00e4ndbart f\u00f6r<strong> personer som har problem med h\u00f6gt blodtryck eller matsm\u00e4ltningsproblem<\/strong>. Det \u00e4r mer \u00e4n ett utm\u00e4rkt <strong>n\u00e4ringstillskott f\u00f6r alla som inte tr\u00e4nar tillr\u00e4ckligt eller \u00e4r p\u00e5 diet<\/strong>. De positiva egenskaperna hos r\u00f6tt j\u00e4stris \u00e5terspeglas ocks\u00e5 i st\u00e4rkandet av <strong>immunf\u00f6rsvaret<\/strong>.<\/span><\/p>\n<h2 style=\"text-align: justify;\"><span style=\"color: #000000;\">Hur det fungerar<\/span><\/h2>\n<p style=\"text-align: justify;\"><span style=\"color: #000000;\">R\u00f6tt j\u00e4stris inneh\u00e5ller monakolin K, som \u00e4r ett <strong>medel som h\u00e4mmar kolesterolsyntesen i levern<\/strong>. Som s\u00e5dant hj\u00e4lper det till att uppr\u00e4tth\u00e5lla normala kolesterolniv\u00e5er i blodet.<\/span><\/p>\n<h2 style=\"text-align: justify;\"><span style=\"color: #000000;\">F\u00f6rvaring och varningar<\/span><\/h2>\n<p style=\"text-align: justify;\"><span style=\"color: #000000;\">F\u00f6rvaras svalt och torrt vid en temperatur p\u00e5 upp till 25 \u00b0C. F\u00f6rvaras o\u00e5tkomligt f\u00f6r barn!<\/span><\/p>\n<p style=\"text-align: justify;\"><span style=\"color: #000000;\">Kom ih\u00e5g vikten av en varierad kost och en h\u00e4lsosam livsstil, ett kosttillskott \u00e4r d\u00e4rf\u00f6r inte en ers\u00e4ttning f\u00f6r en balanserad och varierad kost. Den rekommenderade dagliga m\u00e4ngden eller dosen b\u00f6r inte \u00f6verskridas. Gravida kvinnor och ammande m\u00f6drar avr\u00e5ds fr\u00e5n anv\u00e4ndning. Personer som tar kolesterols\u00e4nkande l\u00e4kemedel rekommenderas att r\u00e5dg\u00f6ra med l\u00e4kare. Liksom i det senare fallet kan l\u00e5ngvarig anv\u00e4ndning (flera \u00e5r i rad) av r\u00f6tt j\u00e4strispulver orsaka biverkningar, oftast f\u00f6rknippade med leverskador och muskelsm\u00e4rta.<\/span><\/p>\n<h2 style=\"text-align: justify;\"><span style=\"color: #000000;\">F\u00f6rpackning<\/span><\/h2>\n<p style=\"text-align: justify;\"><span style=\"color: #000000;\">Icke-genomsl\u00e4pplig zip-lock-p\u00e5se d\u00e4r produkten beh\u00e5ller all sin fr\u00e4sch\u00f6r och arom. F\u00f6rpackningen skyddar produkten fr\u00e5n ljus och luft, eftersom den best\u00e5r av flera lager av skydd f\u00f6r att bevara inneh\u00e5llets egenskaper.<\/span><\/p>\n<p style=\"text-align: justify;\"><span style=\"color: #000000;\">F\u00f6rpackningen \u00e4r mycket praktisk och \u00e5tervinningsbar.<\/span><\/p>\n<h2 style=\"text-align: justify;\"><span style=\"color: #000000;\">Ursprung<\/span><\/h2>\n<p style=\"text-align: justify;\"><span style=\"color: #000000;\">Kina. Vi har mycket p\u00e5litliga leverant\u00f6rer som skickar oss en detaljerad kemisk analys av livsmedlet f\u00f6r varje parti. Under mer \u00e4n tio \u00e5r har vi inte haft n\u00e5gra \u00e5terkallelser eller andra problem med denna vara, och inte heller med andra varor fr\u00e5n samma leverant\u00f6r.<\/span><\/p>\n<p style=\"text-align: justify;\"><span style=\"color: #000000;\">Artikeln \u00e4r 100 % certifierat ekologisk.<\/span><\/p>\n","protected":false},"excerpt":{"rendered":"<p>Det har anv\u00e4nts i \u00e5rhundraden i traditionell kinesisk medicin f\u00f6r att s\u00e4nka det d\u00e5liga kolesterolet. R\u00f6tt j\u00e4stris anses hj\u00e4lpa till att s\u00e4nka kolesterolet naturligt tack vare monacolin K, som faktiskt fungerar p\u00e5 samma s\u00e4tt som de statiner som finns i kolesterols\u00e4nkande l\u00e4kemedel. Kolesterol st\u00e5r n\u00e4mligen allt h\u00f6gre upp p\u00e5 listan \u00f6ver h\u00e4lsoproblem hos den moderna m\u00e4nniskan. Det inneh\u00e5ller ocks\u00e5 ett antal om\u00e4ttade fettsyror och fytosteroler. I traditionell medicin har r\u00f6tt j\u00e4stris anv\u00e4nts f\u00f6r.<\/p>\n<p>\ud83d\udc9a s\u00e4nka d\u00e5ligt kolesterol,<br \/>\n\ud83d\udc9a reglera matsm\u00e4ltningen och matsm\u00e4ltningsproblem, inklusive magbesv\u00e4r, diarr\u00e9 och l\u00e5ngsam matsm\u00e4ltning,<br \/>\n\ud83d\udc9a st\u00e4rka blodcirkulationen,<br \/>\n\ud83d\udc9a st\u00e4rka immunf\u00f6rsvaret.<\/p>\n","protected":false},"featured_media":6948,"comment_status":"open","ping_status":"closed","template":"","meta":{"_acf_changed":false},"product_brand":[],"product_cat":[225,224,226],"product_tag":[],"class_list":{"0":"post-6947","1":"product","2":"type-product","3":"status-publish","4":"has-post-thumbnail","6":"product_cat-alla-produkter","7":"product_cat-erbjudande","8":"product_cat-supermat","10":"first","11":"outofstock","12":"taxable","13":"shipping-taxable","14":"purchasable","15":"product-type-simple"},"acf":[],"_links":{"self":[{"href":"https:\/\/fengchashop.com\/se\/wp-json\/wp\/v2\/product\/6947","targetHints":{"allow":["GET"]}}],"collection":[{"href":"https:\/\/fengchashop.com\/se\/wp-json\/wp\/v2\/product"}],"about":[{"href":"https:\/\/fengchashop.com\/se\/wp-json\/wp\/v2\/types\/product"}],"replies":[{"embeddable":true,"href":"https:\/\/fengchashop.com\/se\/wp-json\/wp\/v2\/comments?post=6947"}],"wp:featuredmedia":[{"embeddable":true,"href":"https:\/\/fengchashop.com\/se\/wp-json\/wp\/v2\/media\/6948"}],"wp:attachment":[{"href":"https:\/\/fengchashop.com\/se\/wp-json\/wp\/v2\/media?parent=6947"}],"wp:term":[{"taxonomy":"product_brand","embeddable":true,"href":"https:\/\/fengchashop.com\/se\/wp-json\/wp\/v2\/product_brand?post=6947"},{"taxonomy":"product_cat","embeddable":true,"href":"https:\/\/fengchashop.com\/se\/wp-json\/wp\/v2\/product_cat?post=6947"},{"taxonomy":"product_tag","embeddable":true,"href":"https:\/\/fengchashop.com\/se\/wp-json\/wp\/v2\/product_tag?post=6947"}],"curies":[{"name":"wp","href":"https:\/\/api.w.org\/{rel}","templated":true}]}}