{"id":6943,"date":"2022-06-15T09:02:24","date_gmt":"2022-06-15T07:02:24","guid":{"rendered":"https:\/\/fengchashop.com\/se\/product\/vild-yam-i-pulver-250-g\/"},"modified":"2026-04-28T10:24:01","modified_gmt":"2026-04-28T08:24:01","slug":"vild-yam-i-pulver","status":"publish","type":"product","link":"https:\/\/fengchashop.com\/se\/product\/vild-yam-i-pulver\/","title":{"rendered":"Vild yam i pulver 250 g"},"content":{"rendered":"<h2><span style=\"color: #000000\">Pulver av vild jamsrot<\/span><\/h2>\n<p style=\"text-align: justify\"><span style=\"color: #000000\">Vild yam<em>(Dioscorea polystachya<\/em>) \u00e4r en h\u00f6g kl\u00e4tterv\u00e4xt som h\u00e4rstammar fr\u00e5n Centralamerika. Den har vackra, hj\u00e4rtformade gr\u00f6na blad och dess hemlighet ligger i dess l\u00e5ngstr\u00e4ckta rot med en distinkt vit k\u00f6ttig del. Den kallas ocks\u00e5 ibland mexikansk vild yam eller <strong>dioscorea<\/strong>.<\/span><\/p>\n<p style=\"text-align: justify\"><span style=\"color: #000000\">Det har visat sig att den reglerar hormonella obalanser av progesteron och \u00f6strogen hos b\u00e5de m\u00e4n och kvinnor. Som ett resultat kan den ocks\u00e5 hj\u00e4lpa till med leverproblem, menstruationssm\u00e4rtor, metaboliska problem och sk\u00f6ldk\u00f6rtelproblem, kolesterol och blodsocker.<\/span><\/p>\n<p style=\"text-align: justify\"><span style=\"color: #000000\">Vild jams inneh\u00e5ller en \u00f6strogenliknande substans (fyto\u00f6strogen) som kallas <strong>diosgenin<\/strong>. Det \u00e4r en helt naturlig ingrediens som kan kompensera f\u00f6r hormonbrister i kroppen. Progesteronbrist upptr\u00e4der oftast efter 30 \u00e5rs \u00e5lder eller senare i klimakteriet och kan ocks\u00e5 vara en orsak till f\u00f6r tidigt klimakterium.<\/span><\/p>\n<p style=\"text-align: justify\"><span style=\"color: #000000\">Diosgenin \u00e4r kemiskt mycket likt kolesterol, progesteron och hormonet DHEA. Det <strong>efterliknar aktiviteten hos hormonet progesteron<\/strong> i kroppen <strong>och har en positiv effekt p\u00e5 hormonbalansen<\/strong>.<\/span><\/p>\n<p style=\"text-align: justify\"><span style=\"color: #000000\">Wild yam har varit popul\u00e4rt i v\u00e5rt land i m\u00e5nga \u00e5r i form av tabletter och kr\u00e4mer. Det \u00e4r en vanlig praxis inom \u00f6rtmedicin, eftersom dess positiva effekt p\u00e5 hormonbalansen ocks\u00e5 har bekr\u00e4ftats vetenskapligt.<\/span><\/p>\n<h2><span style=\"color: #000000\">Vem rekommenderas att ta<\/span><\/h2>\n<p><span style=\"color: #000000\">Idag anv\u00e4nds vild jams oftast f\u00f6r alla typer av<strong> inflammation, muskelkramper, irritabilitet och brist p\u00e5 energi<\/strong>. Det anv\u00e4nds oftast av kvinnor f\u00f6r sm\u00e4rtsam menstruation och PMS, samt f\u00f6r de vanliga problem som uppst\u00e5r vid \u00f6verg\u00e5ng och under klimakteriet.<\/span><\/p>\n<p><span style=\"color: #000000\">Tidigare har det ocks\u00e5 anv\u00e4nts f\u00f6r att behandla matsm\u00e4ltningsbesv\u00e4r. Dessa inkluderar inflammation i gallbl\u00e5san och irritabelt tarmsyndrom. Det anses ocks\u00e5 hj\u00e4lpa till med problem i urinv\u00e4garna.<\/span><\/p>\n<h2><span style=\"color: #000000\">Vilka \u00e4r f\u00f6rdelarna med att ta<\/span><\/h2>\n<p style=\"text-align: justify\"><span style=\"color: #000000\">F\u00f6rutom ovanst\u00e5ende har vild yam ocks\u00e5:<\/span><\/p>\n<p><span style=\"color: #000000\"> \ud83d\udc9a Ett popul\u00e4rt kosttillskott f\u00f6r kvinnor i klimakteriet (v\u00e4rmevallningar, tr\u00f6tthet, \u00e5ngest) och f\u00f6r kvinnor som har PMS-problem (irritabilitet och sv\u00e5r sm\u00e4rta).<\/span><br \/>\n<span style=\"color: #000000\">\ud83d\udc9a Under menstruationscykeln lindrar det kraftig bl\u00f6dning.<\/span><br \/>\n<span style=\"color: #000000\"> \ud83d\udc9a Det anv\u00e4nds ocks\u00e5 ofta som ett hj\u00e4lpmedel f\u00f6r autoimmuna st\u00f6rningar.<\/span><br \/>\n<span style=\"color: #000000\"> \ud83d\udc9a Eftersom hormonella obalanser ocks\u00e5 resulterar i torr hud och h\u00e5r, spr\u00f6da naglar och celluliter, tar kvinnor det s\u00e4rskilt f\u00f6r dessa problem.<\/span><br \/>\n<span style=\"color: #000000\"> \ud83d\udc9a Vild jams inneh\u00e5ller hormonliknande \u00e4mnen som beter sig som progesteron i kroppen; detta b\u00f6rjar sjunka drastiskt hos alla kvinnor efter 30 \u00e5rs \u00e5lder. Symtom p\u00e5 progesteronbrist b\u00f6rjar dyka upp, s\u00e5som en minskning av libido, vikt\u00f6kning och psykologiska problem, inklusive depression.<\/span><br \/>\n<span style=\"color: #000000\">\ud83d\udc9a Det har en gynnsam effekt p\u00e5 inflammation, artrit och andra reumatiska sjukdomar och allergier.<\/span><\/p>\n<h2><span style=\"color: #000000\">F\u00f6rvaring och varningar<\/span><\/h2>\n<p style=\"text-align: justify\"><span style=\"color: #000000\">F\u00f6rvaras svalt och torrt vid en temperatur p\u00e5 upp till 25 \u00b0C. F\u00f6rvara kosttillskottet utom r\u00e4ckh\u00e5ll f\u00f6r barn!<\/span><\/p>\n<p style=\"text-align: justify\"><span style=\"color: #000000\">Kom ih\u00e5g vikten av en varierad kost och en h\u00e4lsosam livsstil, ett kosttillskott \u00e4r d\u00e4rf\u00f6r inte en ers\u00e4ttning f\u00f6r en balanserad och varierad kost. Den rekommenderade dagliga m\u00e4ngden eller dosen b\u00f6r inte \u00f6verskridas. Wild yam \u00e4r inte l\u00e4mpligt f\u00f6r gravida kvinnor, ammande m\u00f6drar och barn. Det rekommenderas inte heller f\u00f6r kvinnor som lider av hormonella sjukdomar som endometrios, \u00e4ggstocks-, br\u00f6st- eller livmodercancer etc. Det avr\u00e5ds ocks\u00e5 fr\u00e5n m\u00e4n som har prostatacancer.<\/span><\/p>\n<h2><span style=\"color: #000000\">F\u00f6rpackning<\/span><\/h2>\n<p style=\"text-align: justify\"><span style=\"color: #000000\">Icke-genomsl\u00e4pplig zip-lock-p\u00e5se d\u00e4r produkten beh\u00e5ller all sin fr\u00e4sch\u00f6r och arom. F\u00f6rpackningen skyddar produkten fr\u00e5n ljus och luft, eftersom den best\u00e5r av flera skyddsskikt som bevarar inneh\u00e5llets egenskaper.<\/span><\/p>\n<p style=\"text-align: justify\"><span style=\"color: #000000\">F\u00f6rpackningen \u00e4r mycket praktisk och \u00e5tervinningsbar.<\/span><\/p>\n<h2><span style=\"color: #000000\">Ursprung<\/span><\/h2>\n<p style=\"text-align: justify\"><span style=\"color: #000000\">Kina. Vi har mycket p\u00e5litliga leverant\u00f6rer som skickar oss en detaljerad kemisk analys av livsmedlet f\u00f6r varje parti. Under mer \u00e4n tio \u00e5r har vi inte haft n\u00e5gra \u00e5terkallelser eller andra problem med denna vara, och inte heller med andra varor fr\u00e5n samma leverant\u00f6r.<\/span><\/p>\n","protected":false},"excerpt":{"rendered":"<p>Det har visat sig att det reglerar hormonella obalanser av progesteron och \u00f6strogen hos b\u00e5de m\u00e4n och kvinnor. Som ett resultat kan det ocks\u00e5 hj\u00e4lpa till med leverproblem, menstruationssm\u00e4rtor, metaboliska problem och sk\u00f6ldk\u00f6rtelproblem, kolesterol och blodsocker. Vild jams inneh\u00e5ller en \u00f6strogenliknande substans (fyto\u00f6strogen) som kallas diosgenin. Det \u00e4r en helt naturlig ingrediens som kan kompensera f\u00f6r hormonbrister i kroppen. Progesteronbrist upptr\u00e4der oftast efter 30 \u00e5rs \u00e5lder eller senare i klimakteriet och kan ocks\u00e5 vara en orsak till f\u00f6r tidigt klimakterium.<\/p>\n<p>\ud83d\udc9a Antiinflammatorisk.<br \/>\n\ud83d\udc9a F\u00f6r kvinnor i klimakteriet och kvinnor som har problem med PMS.<br \/>\n\ud83d\udc9a Lindrar menstruationsproblem.<\/p>\n","protected":false},"featured_media":6944,"comment_status":"open","ping_status":"closed","template":"","meta":{"_acf_changed":false},"product_brand":[],"product_cat":[225,224,226],"product_tag":[],"class_list":{"0":"post-6943","1":"product","2":"type-product","3":"status-publish","4":"has-post-thumbnail","6":"product_cat-alla-produkter","7":"product_cat-erbjudande","8":"product_cat-supermat","10":"first","11":"instock","12":"taxable","13":"shipping-taxable","14":"purchasable","15":"product-type-simple"},"acf":[],"_links":{"self":[{"href":"https:\/\/fengchashop.com\/se\/wp-json\/wp\/v2\/product\/6943","targetHints":{"allow":["GET"]}}],"collection":[{"href":"https:\/\/fengchashop.com\/se\/wp-json\/wp\/v2\/product"}],"about":[{"href":"https:\/\/fengchashop.com\/se\/wp-json\/wp\/v2\/types\/product"}],"replies":[{"embeddable":true,"href":"https:\/\/fengchashop.com\/se\/wp-json\/wp\/v2\/comments?post=6943"}],"wp:featuredmedia":[{"embeddable":true,"href":"https:\/\/fengchashop.com\/se\/wp-json\/wp\/v2\/media\/6944"}],"wp:attachment":[{"href":"https:\/\/fengchashop.com\/se\/wp-json\/wp\/v2\/media?parent=6943"}],"wp:term":[{"taxonomy":"product_brand","embeddable":true,"href":"https:\/\/fengchashop.com\/se\/wp-json\/wp\/v2\/product_brand?post=6943"},{"taxonomy":"product_cat","embeddable":true,"href":"https:\/\/fengchashop.com\/se\/wp-json\/wp\/v2\/product_cat?post=6943"},{"taxonomy":"product_tag","embeddable":true,"href":"https:\/\/fengchashop.com\/se\/wp-json\/wp\/v2\/product_tag?post=6943"}],"curies":[{"name":"wp","href":"https:\/\/api.w.org\/{rel}","templated":true}]}}