{"id":6934,"date":"2022-02-06T22:10:00","date_gmt":"2022-02-06T21:10:00","guid":{"rendered":"https:\/\/fengchashop.com\/se\/product\/bach-blomsterdroppar-radgivning\/"},"modified":"2026-01-28T17:45:10","modified_gmt":"2026-01-28T16:45:10","slug":"bach-blomsterdroppar-radgivning","status":"publish","type":"product","link":"https:\/\/fengchashop.com\/se\/product\/bach-blomsterdroppar-radgivning\/","title":{"rendered":"Bach blomsterdroppar R\u00e5dgivning"},"content":{"rendered":"<h2 style=\"text-align: justify;\"><span style=\"color: #000000;\">Bachdroppar &#8211; individuell r\u00e5dgivning<\/span><\/h2>\n<p style=\"text-align: justify;\"><span style=\"color: #000000;\">Vill du ta kontroll \u00f6ver dina k\u00e4nslor, hitta harmoni och inre frid? Om du har svarat ja minst en g\u00e5ng kan Bachs blomsteressenserapi vara l\u00f6sningen p\u00e5 dina problem. <\/span><\/p>\n<p style=\"text-align: justify;\"><span style=\"color: #000000;\"><strong>V\u00e4nligen skicka oss en kort beskrivning av det problem du vill l\u00f6sa.<\/strong><\/span><\/p>\n<p style=\"text-align: justify;\"><span style=\"color: #000000;\">P\u00e5 1930-talet uppt\u00e4ckte Dr Edvard Bach, l\u00e4kare och homeopat, 38 blomessenser f\u00f6r specifika k\u00e4nslom\u00e4ssiga tillst\u00e5nd. Bachs droppar verkar effektivt mot olika k\u00e4nslom\u00e4ssiga besv\u00e4r hos individen. De \u00e4r <strong>fria fr\u00e5n biverkningar<\/strong> och enkla att anv\u00e4nda. De hj\u00e4lper vid olika kriser och sv\u00e5ra livssituationer.<\/span><\/p>\n<p style=\"text-align: justify;\"><span style=\"color: #000000;\">De \u00e4r l\u00e4mpliga f\u00f6r alla m\u00e4nniskor (gravida kvinnor, \u00e4ldre, barn etc.) och djur. De har inga biverkningar, kan inte \u00f6verdoseras och \u00e4r inte beroendeframkallande. <\/span><\/p>\n<p style=\"text-align: justify;\"><span style=\"color: #000000;\">De f\u00f6rsta resultaten kan observeras efter n\u00e5gra dagar eller veckor, detta beror p\u00e5 varje individ.<\/span><\/p>\n<p style=\"text-align: justify;\"><span style=\"color: #000000;\">Det st\u00f6r inte andra l\u00e4kemedel.<\/span><\/p>\n<p style=\"text-align: justify;\"><span style=\"color: #000000;\">Med hj\u00e4lp av Bach-droppar tar vi kontroll \u00f6ver v\u00e5ra k\u00e4nslor, finner harmoni och inre frid. Bach-dropparna bereds enligt Dr Bachs metod och anv\u00e4nder<b> endast ursprungliga Bach-essenser<\/b>.<\/span><\/p>\n<p style=\"text-align: justify;\"><span style=\"color: #000000;\"><strong>I priset p\u00e5 19,00 \u20ac ing\u00e5r redan de personliga dropparna.<\/strong> Om du vill ha samma blandning i framtiden, v\u00e4nligen v\u00e4lj dina personliga <a style=\"color: #000000;\" href=\"http:\/\/www.fengcha.si\/index.php\/bachove-kapljice.html\" target=\"_self\" rel=\"noopener\">Bach-droppar<\/a> med referensen &#8221;Jag vill ha samma blandning&#8221;.<\/span><\/p>\n<h2 style=\"text-align: justify;\"><span style=\"color: #000000;\">Val av droppar<\/span><\/h2>\n<p style=\"text-align: justify;\"><span style=\"color: #000000;\">Din speciella blandning kommer att framst\u00e4llas av en certifierad Bachkonsult enligt den beskrivning du skickar. Skicka oss ett e-postmeddelande (info@fengcha.si) eller fyll i rutan ovan och l\u00e4gg varan i din varukorg. N\u00e4r du har gjort din best\u00e4llning kommer vi att f\u00f6rbereda din personliga blandning.<\/span><br \/>\n<span style=\"color: #000000;\">Dropparna bereds<strong> manuellt och i tid p\u00e5 leveransdagen<\/strong>.<\/span><\/p>\n<h2 style=\"text-align: justify;\"><span style=\"color: #000000;\">F\u00f6rvaring<\/span><\/h2>\n<p style=\"text-align: justify;\"><span style=\"color: #000000;\">F\u00f6rvaras p\u00e5 en torr, m\u00f6rk plats vid en temperatur p\u00e5 upp till +25 \u00b0C.<\/span><\/p>\n<h2 style=\"text-align: justify;\"><span style=\"color: #000000;\">M\u00e4ngd<\/span><\/h2>\n<p style=\"text-align: justify;\"><span style=\"color: #000000;\">30 ml (r\u00e4cker f\u00f6r 30 dagars regelbunden anv\u00e4ndning)<\/span><\/p>\n","protected":false},"excerpt":{"rendered":"<p>Bach-droppar \u00e4r effektiva mot olika k\u00e4nslom\u00e4ssiga besv\u00e4r. De hj\u00e4lper till i olika kriser och sv\u00e5ra livssituationer. De hj\u00e4lper till att lugna ner sig och h\u00e5lla huvudet kallt. De p\u00e5verkar v\u00e5rt k\u00e4nslol\u00e4ge och hj\u00e4lper till att harmonisera det.<\/p>\n<p>\ud83d\udc9a Dropparna packas f\u00f6r hand p\u00e5 leveransdagen.<br \/>\n\ud83d\udc9a De \u00e4r l\u00e4mpliga f\u00f6r alla m\u00e4nniskor (gravida kvinnor, \u00e4ldre, barn, &#8230;) och djur.<br \/>\n\ud83d\udc9a De har inga biverkningar, \u00e4r inte beroendeframkallande och kan inte \u00f6verdoseras.<br \/>\n\ud83d\udc9a Du kan m\u00e4rka de f\u00f6rsta resultaten efter n\u00e5gra dagar eller veckor, detta beror p\u00e5 varje individ.<br \/>\n\ud83d\udc9a Interagerar inte med andra l\u00e4kemedel.<\/p>\n","protected":false},"featured_media":6911,"comment_status":"open","ping_status":"closed","template":"","meta":{"_acf_changed":false},"product_brand":[],"product_cat":[225,236,224],"product_tag":[],"class_list":{"0":"post-6934","1":"product","2":"type-product","3":"status-publish","4":"has-post-thumbnail","6":"product_cat-alla-produkter","7":"product_cat-bachs-droppar","8":"product_cat-erbjudande","10":"first","11":"instock","12":"sale","13":"taxable","14":"shipping-taxable","15":"purchasable","16":"product-type-simple"},"acf":[],"_links":{"self":[{"href":"https:\/\/fengchashop.com\/se\/wp-json\/wp\/v2\/product\/6934","targetHints":{"allow":["GET"]}}],"collection":[{"href":"https:\/\/fengchashop.com\/se\/wp-json\/wp\/v2\/product"}],"about":[{"href":"https:\/\/fengchashop.com\/se\/wp-json\/wp\/v2\/types\/product"}],"replies":[{"embeddable":true,"href":"https:\/\/fengchashop.com\/se\/wp-json\/wp\/v2\/comments?post=6934"}],"wp:featuredmedia":[{"embeddable":true,"href":"https:\/\/fengchashop.com\/se\/wp-json\/wp\/v2\/media\/6911"}],"wp:attachment":[{"href":"https:\/\/fengchashop.com\/se\/wp-json\/wp\/v2\/media?parent=6934"}],"wp:term":[{"taxonomy":"product_brand","embeddable":true,"href":"https:\/\/fengchashop.com\/se\/wp-json\/wp\/v2\/product_brand?post=6934"},{"taxonomy":"product_cat","embeddable":true,"href":"https:\/\/fengchashop.com\/se\/wp-json\/wp\/v2\/product_cat?post=6934"},{"taxonomy":"product_tag","embeddable":true,"href":"https:\/\/fengchashop.com\/se\/wp-json\/wp\/v2\/product_tag?post=6934"}],"curies":[{"name":"wp","href":"https:\/\/api.w.org\/{rel}","templated":true}]}}