{"id":6931,"date":"2022-02-06T22:05:00","date_gmt":"2022-02-06T21:05:00","guid":{"rendered":"https:\/\/fengchashop.com\/se\/product\/bach-blomsterdroppar-angest\/"},"modified":"2026-01-28T17:45:17","modified_gmt":"2026-01-28T16:45:17","slug":"bach-blomsterdroppar-angest","status":"publish","type":"product","link":"https:\/\/fengchashop.com\/se\/product\/bach-blomsterdroppar-angest\/","title":{"rendered":"Bach blomsterdroppar \u00c5ngest"},"content":{"rendered":"<h2 style=\"text-align: justify;\"><span style=\"color: #000000;\">Bach-droppar mot \u00e5ngest<\/span><\/h2>\n<p style=\"text-align: justify;\"><span style=\"color: #000000;\">\u00c5ngest \u00e4r ett k\u00e4nslom\u00e4ssigt tillst\u00e5nd som \u00e5tf\u00f6ljs av k\u00e4nslor av obehag, r\u00e4dsla och sp\u00e4nning. Det \u00e4r ett <strong>naturligt svar<\/strong> p\u00e5 milj\u00f6fara. Detta svar \u00e4r det som g\u00f6r att vi kan \u00f6verleva i avg\u00f6rande situationer. Men \u00e5ngest upptr\u00e4der nu allt oftare i icke-hotfulla situationer. Den uppst\u00e5r ocks\u00e5 som en f\u00f6ljd av stress och en orosfylld livsstil. V\u00e5r kropp \u00e4r i konstant kramp. Vi \u00e4r sj\u00e4lva fysiskt och mentalt \u00f6verv\u00e4ldigade. Kroppen \u00e4r beredd att fly eller sl\u00e5ss med ett adrenalinp\u00e5slag, men det hj\u00e4lper oss inte i en given situation. Det finns flera typer av \u00e5ngest, varav de flesta ocks\u00e5 kan orsaka panik- och\/eller \u00e5ngestattacker, som \u00e4r extremt obehagliga fysiska och psykiska upplevelser.<\/span><\/p>\n<p style=\"text-align: justify;\"><span style=\"color: #000000;\">\u00c4r du r\u00e4dd och k\u00e4nner dig <strong>\u00e4ngslig<\/strong>? Har du inget sj\u00e4lvf\u00f6rtroende? Har du problem p\u00e5 jobbet? Har du en \u00e5ngestrelaterad st\u00f6rning, en <strong>fobi<\/strong>? Vill du k\u00e4nna dig lugn och f\u00f6rb\u00e4ttra din livsenergi? D\u00e5 har vi l\u00f6sningen f\u00f6r dig.<\/span><\/p>\n<p style=\"text-align: justify;\"><span style=\"color: #000000;\">Du kan m\u00e4rka de f\u00f6rsta resultaten efter n\u00e5gra dagar eller veckor, det beror p\u00e5 varje individ. Den beredda blandningen kommer att p\u00e5g\u00e5 i 30 dagar, applicera helt enkelt direkt i munnen eller droppa i ett glas vatten. <\/span><\/p>\n<h2 style=\"text-align: justify;\"><span style=\"color: #000000;\">Hur Bach droppar fungerar<\/span><\/h2>\n<p style=\"text-align: justify;\"><span style=\"color: #000000;\">Bach-droppar fungerar effektivt mot olika <strong>k\u00e4nslom\u00e4ssiga problem hos individen<\/strong>. <strong>\u00c5ngest i alla dess former \u00e4r verkligen ett av dessa tillst\u00e5nd<\/strong>. Bach droppar hj\u00e4lper oss i olika kriser och sv\u00e5ra livssituationer, pr\u00f6vningar. De hj\u00e4lper oss att lugna ner oss och h\u00e5lla huvudet kallt eftersom de verkar p\u00e5 v\u00e5rt k\u00e4nslom\u00e4ssiga tillst\u00e5nd och hj\u00e4lper till att harmonisera det. Med hj\u00e4lp av Bach-dropparna tar vi kontroll \u00f6ver <strong>v\u00e5ra k\u00e4nslor<\/strong> och endast p\u00e5 detta s\u00e4tt skapar vi harmoni och finner d\u00e4rmed v\u00e5r inre frid.<\/span><\/p>\n<p style=\"text-align: justify;\"><span style=\"color: #000000;\">Bach-terapi fr\u00e4mjar sj\u00e4lvl\u00e4kning och andlig avslappning. Enligt Dr Bachs teori ligger orsaken till sjukdom i ett oharmoniskt tillst\u00e5nd eller i en brist p\u00e5 harmoni mellan kropp och sj\u00e4l. Med hj\u00e4lp av blomessenser f\u00f6rs\u00f6ker vi bota sjukdomar genom att utnyttja blommornas <strong>positiva egenskaper<\/strong> f\u00f6r att hj\u00e4lpa oss att \u00e5terst\u00e4lla balansen inom oss sj\u00e4lva.<\/span><\/p>\n<p style=\"text-align: justify;\"><span style=\"color: #000000;\">Bach-dropparna framst\u00e4lls enligt Dr Bachs metod och<strong> endast med ursprungliga Bach<\/strong>-essenser.<\/span><\/p>\n<p style=\"text-align: justify;\"><span style=\"color: #000000;\">Bach-dropparna tas fr\u00e5n en flaska med en pipett, vilket g\u00f6r doseringen mycket enkel. Ta 4 droppar 4 g\u00e5nger om dagen, f\u00f6rdelat \u00f6ver hela dagen. Den flaska du f\u00e5r r\u00e4cker till 1 m\u00e5nads behandling. <\/span><\/p>\n<p style=\"text-align: justify;\"><span style=\"color: #000000;\">Varje flaska med den utvalda blandningen <strong>bereds f\u00f6r hand och i realtid<\/strong>. F\u00f6r att h\u00e5lla blandningen fr\u00e4sch l\u00e4ngre anv\u00e4nder vi lite alkohol (cognac). Blandningen har en h\u00e5llbarhetstid p\u00e5 1 m\u00e5nad fr\u00e5n ink\u00f6psdatumet.<\/span><\/p>\n<p style=\"text-align: justify;\"><span style=\"color: #000000;\">Eftersom Bach-droppar <strong>inte har n\u00e5gra biverkningar<\/strong> kan de inte \u00f6verdoseras och \u00e4r inte beroendeframkallande. De \u00e4r l\u00e4mpliga f\u00f6r alla &#8211; gravida kvinnor, ammande m\u00f6drar, \u00e4ldre, barn och djur.<\/span><\/p>\n<p style=\"text-align: justify;\"><span style=\"color: #000000;\">Det interagerar inte med andra l\u00e4kemedel.<\/span><\/p>\n<h2 style=\"text-align: justify;\"><span style=\"color: #000000;\">F\u00f6rvaring<\/span><\/h2>\n<p style=\"text-align: justify;\"><span style=\"color: #000000;\">F\u00f6rvaras p\u00e5 en torr, m\u00f6rk plats vid en temperatur p\u00e5 upp till +25 \u00b0C.<\/span><\/p>\n<h2 style=\"text-align: justify;\"><span style=\"color: #000000;\">M\u00e4ngd<\/span><\/h2>\n<p style=\"text-align: justify;\"><span style=\"color: #000000;\">30 ml (r\u00e4cker f\u00f6r 30 dagars regelbunden anv\u00e4ndning)<\/span><\/p>\n","protected":false},"excerpt":{"rendered":"<p>Bach-droppar \u00e4r effektiva mot olika k\u00e4nslom\u00e4ssiga besv\u00e4r. De hj\u00e4lper till i olika kriser och sv\u00e5ra livssituationer. De hj\u00e4lper till att lugna ner sig och h\u00e5lla huvudet kallt. De p\u00e5verkar v\u00e5rt k\u00e4nslol\u00e4ge och hj\u00e4lper till att harmonisera det.<\/p>\n<p>\ud83d\udc9a Dropparna packas f\u00f6r hand p\u00e5 leveransdagen.<br \/>\n\ud83d\udc9a De \u00e4r l\u00e4mpliga f\u00f6r alla m\u00e4nniskor (gravida kvinnor, \u00e4ldre, barn, &#8230;) och djur.<br \/>\n\ud83d\udc9a De har inga biverkningar, \u00e4r inte beroendeframkallande och kan inte \u00f6verdoseras.<br \/>\n\ud83d\udc9a Du kan m\u00e4rka de f\u00f6rsta resultaten efter n\u00e5gra dagar eller veckor, detta beror p\u00e5 varje individ.<br \/>\n\ud83d\udc9a Interagerar inte med andra l\u00e4kemedel.<\/p>\n","protected":false},"featured_media":6911,"comment_status":"open","ping_status":"closed","template":"","meta":{"_acf_changed":false},"product_brand":[],"product_cat":[225,236,224],"product_tag":[],"class_list":{"0":"post-6931","1":"product","2":"type-product","3":"status-publish","4":"has-post-thumbnail","6":"product_cat-alla-produkter","7":"product_cat-bachs-droppar","8":"product_cat-erbjudande","10":"first","11":"instock","12":"sale","13":"taxable","14":"shipping-taxable","15":"purchasable","16":"product-type-simple"},"acf":[],"_links":{"self":[{"href":"https:\/\/fengchashop.com\/se\/wp-json\/wp\/v2\/product\/6931","targetHints":{"allow":["GET"]}}],"collection":[{"href":"https:\/\/fengchashop.com\/se\/wp-json\/wp\/v2\/product"}],"about":[{"href":"https:\/\/fengchashop.com\/se\/wp-json\/wp\/v2\/types\/product"}],"replies":[{"embeddable":true,"href":"https:\/\/fengchashop.com\/se\/wp-json\/wp\/v2\/comments?post=6931"}],"wp:featuredmedia":[{"embeddable":true,"href":"https:\/\/fengchashop.com\/se\/wp-json\/wp\/v2\/media\/6911"}],"wp:attachment":[{"href":"https:\/\/fengchashop.com\/se\/wp-json\/wp\/v2\/media?parent=6931"}],"wp:term":[{"taxonomy":"product_brand","embeddable":true,"href":"https:\/\/fengchashop.com\/se\/wp-json\/wp\/v2\/product_brand?post=6931"},{"taxonomy":"product_cat","embeddable":true,"href":"https:\/\/fengchashop.com\/se\/wp-json\/wp\/v2\/product_cat?post=6931"},{"taxonomy":"product_tag","embeddable":true,"href":"https:\/\/fengchashop.com\/se\/wp-json\/wp\/v2\/product_tag?post=6931"}],"curies":[{"name":"wp","href":"https:\/\/api.w.org\/{rel}","templated":true}]}}