{"id":6929,"date":"2022-02-06T21:57:00","date_gmt":"2022-02-06T20:57:00","guid":{"rendered":"https:\/\/fengchashop.com\/se\/product\/bach-blomsterdroppar-trotthet\/"},"modified":"2026-01-28T17:45:21","modified_gmt":"2026-01-28T16:45:21","slug":"bach-blomsterdroppar-trotthet","status":"publish","type":"product","link":"https:\/\/fengchashop.com\/se\/product\/bach-blomsterdroppar-trotthet\/","title":{"rendered":"Bach blomsterdroppar Tr\u00f6tthet"},"content":{"rendered":"<h2 style=\"text-align: justify;\"><span style=\"color: #000000;\">Bach droppar mot tr\u00f6tthet<\/span><\/h2>\n<p style=\"text-align: justify;\"><span style=\"color: #000000;\">Tr\u00f6tthet och s\u00f6mnl\u00f6shet upptr\u00e4der vanligtvis samtidigt. Men tr\u00f6tthet beh\u00f6ver inte orsakas av s\u00f6mnl\u00f6shet. Utmattning kan ocks\u00e5 vara f\u00f6rknippad med utbr\u00e4ndhet, vilket \u00e4r en allvarligare form av tr\u00f6tthet som ofta leder till ett psykofysiskt sammanbrott. Tr\u00f6tthet \u00e4r faktiskt en normal reaktion p\u00e5 obalanser i v\u00e5r kropp. Vi kan helt enkelt ha brist p\u00e5 vissa n\u00e4rings\u00e4mnen, mineraler eller vitaminer. Vi kan vara alltf\u00f6r utmattade fysiskt eller psykiskt. Vi f\u00e5r inte tillr\u00e4ckligt med s\u00f6mn och vila. Oavsett vad orsaken \u00e4r kan vi g\u00f6ra mycket sj\u00e4lva genom att g\u00f6ra vissa f\u00f6r\u00e4ndringar. S\u00e5 med r\u00e4tt kost, m\u00e5ttlig fysisk och mental anstr\u00e4ngning (l\u00e5t oss l\u00e4ra oss v\u00e5ra gr\u00e4nser och respektera dem) och tillit till oss sj\u00e4lva. Bach droppterapi kan ocks\u00e5 vara till stor hj\u00e4lp.<\/span><\/p>\n<p style=\"text-align: justify;\"><span style=\"color: #000000;\">De f\u00f6rsta resultaten kan ses efter n\u00e5gra dagar eller veckor, det beror p\u00e5 varje individ. Den beredda blandningen r\u00e4cker i 30 dagar, l\u00e4gg helt enkelt direkt i munnen eller droppa i ett glas vatten. <\/span><\/p>\n<p style=\"text-align: justify;\"><span style=\"color: #000000;\">Denna speciella blandning kommer att st\u00f6dja dig f\u00f6r:<\/span><\/p>\n<ul style=\"text-align: justify;\">\n<li><span style=\"color: #000000;\"><i>mer energi och <\/i><i>mindre tr\u00f6tthet,<\/i><\/span><\/li>\n<li><span style=\"color: #000000;\"><i>b\u00e4ttre koncentration och l\u00e4ttare att hantera arbete, studier,<\/i><\/span><\/li>\n<li><span style=\"color: #000000;\"><i>ditt eget lugn,<\/i><\/span><\/li>\n<li><span style=\"color: #000000;\"><i>b\u00e4ttre s\u00f6mn.<\/i><\/span><\/li>\n<\/ul>\n<h2 style=\"text-align: justify;\"><span style=\"color: #000000;\">Verkan av Bach-droppar<\/span><\/h2>\n<p style=\"text-align: justify;\"><span style=\"color: #000000;\">Bach-droppar fungerar effektivt mot olika <strong>k\u00e4nslom\u00e4ssiga n\u00f6dsituationer hos individen, s\u00e5som tr\u00f6tthet. <\/strong>Bach-droppar hj\u00e4lper oss ocks\u00e5 i olika kriser och sv\u00e5ra situationer i livet. De hj\u00e4lper oss att lugna ner oss och h\u00e5lla huvudet kallt, eftersom de verkar p\u00e5 v\u00e5rt k\u00e4nslom\u00e4ssiga tillst\u00e5nd och hj\u00e4lper till att harmonisera det. Med hj\u00e4lp av Bach-dropparna tar vi kontroll \u00f6ver <b>v\u00e5ra k\u00e4nslor<\/b>, och bara p\u00e5 detta s\u00e4tt kan vi skapa harmoni och d\u00e4rmed hitta v\u00e5r inre frid.<\/span><\/p>\n<p style=\"text-align: justify;\"><span style=\"color: #000000;\">Bach-terapi fr\u00e4mjar sj\u00e4lvl\u00e4kning och andlig avslappning. Enligt Dr Bachs teori ligger orsaken till sjukdom i ett oharmoniskt tillst\u00e5nd eller i en brist p\u00e5 harmoni mellan kropp och sj\u00e4l. Med hj\u00e4lp av blomessenser f\u00f6rs\u00f6ker vi bota sjukdomar genom att utnyttja blommornas <b>positiva egenskaper<\/b> f\u00f6r att hj\u00e4lpa oss att \u00e5terst\u00e4lla balansen inom oss sj\u00e4lva.<\/span><\/p>\n<p style=\"text-align: justify;\"><span style=\"color: #000000;\">Bach-dropparna framst\u00e4lls enligt Dr Bachs metod och<b> endast med ursprungliga Bach<\/b>-essenser.<\/span><\/p>\n<p style=\"text-align: justify;\"><span style=\"color: #000000;\">Bach-dropparna tas fr\u00e5n en flaska med en pipett, vilket g\u00f6r doseringen mycket enkel. Ta 4 droppar 4 g\u00e5nger om dagen, f\u00f6rdelat \u00f6ver hela dagen. Den flaska du f\u00e5r r\u00e4cker till 1 m\u00e5nads behandling. <\/span><\/p>\n<p style=\"text-align: justify;\"><span style=\"color: #000000;\">Varje flaska<b> <\/b>av den valda blandningen <b>bereds manuellt och p\u00e5<\/b> plats. F\u00f6r att h\u00e5lla blandningen fr\u00e4sch l\u00e4ngre anv\u00e4nder vi lite alkohol (cognac). Blandningen har en h\u00e5llbarhetstid p\u00e5 1 m\u00e5nad fr\u00e5n ink\u00f6psdatumet.<\/span><\/p>\n<p style=\"text-align: justify;\"><span style=\"color: #000000;\">Eftersom Bach-droppar <strong>inte har n\u00e5gra <\/strong><b>biverkningar<\/b> kan de inte \u00f6verdoseras och \u00e4r inte beroendeframkallande. De \u00e4r l\u00e4mpliga f\u00f6r alla &#8211; gravida kvinnor, ammande m\u00f6drar, \u00e4ldre, barn och djur.<\/span><\/p>\n<p style=\"text-align: justify;\"><span style=\"color: #000000;\">Det interagerar inte med andra l\u00e4kemedel.<\/span><\/p>\n<h2 style=\"text-align: justify;\"><span style=\"color: #000000;\">F\u00f6rvaring<\/span><\/h2>\n<p style=\"text-align: justify;\"><span style=\"color: #000000;\">F\u00f6rvaras p\u00e5 en torr, m\u00f6rk plats vid en temperatur p\u00e5 upp till +25 \u00b0C.<\/span><\/p>\n<h2 style=\"text-align: justify;\"><span style=\"color: #000000;\">M\u00e4ngd<\/span><\/h2>\n<p style=\"text-align: justify;\"><span style=\"color: #000000;\">30 ml (r\u00e4cker f\u00f6r 30 dagars regelbunden anv\u00e4ndning)<\/span><\/p>\n","protected":false},"excerpt":{"rendered":"<p>Bach-droppar \u00e4r effektiva mot olika k\u00e4nslom\u00e4ssiga besv\u00e4r. De hj\u00e4lper till i olika kriser och sv\u00e5ra livssituationer. De hj\u00e4lper till att lugna ner sig och h\u00e5lla huvudet kallt. De p\u00e5verkar v\u00e5rt k\u00e4nslol\u00e4ge och hj\u00e4lper till att harmonisera det.<\/p>\n<p>\ud83d\udc9a Dropparna packas f\u00f6r hand p\u00e5 leveransdagen.<br \/>\n\ud83d\udc9a De \u00e4r l\u00e4mpliga f\u00f6r alla m\u00e4nniskor (gravida kvinnor, \u00e4ldre, barn, &#8230;) och djur.<br \/>\n\ud83d\udc9a De har inga biverkningar, \u00e4r inte beroendeframkallande och kan inte \u00f6verdoseras.<br \/>\n\ud83d\udc9a Du kan m\u00e4rka de f\u00f6rsta resultaten efter n\u00e5gra dagar eller veckor, detta beror p\u00e5 varje individ.<br \/>\n\ud83d\udc9a Interagerar inte med andra l\u00e4kemedel.<\/p>\n","protected":false},"featured_media":6911,"comment_status":"open","ping_status":"closed","template":"","meta":{"_acf_changed":false},"product_brand":[],"product_cat":[225,236,224],"product_tag":[],"class_list":{"0":"post-6929","1":"product","2":"type-product","3":"status-publish","4":"has-post-thumbnail","6":"product_cat-alla-produkter","7":"product_cat-bachs-droppar","8":"product_cat-erbjudande","10":"first","11":"instock","12":"sale","13":"taxable","14":"shipping-taxable","15":"purchasable","16":"product-type-simple"},"acf":[],"_links":{"self":[{"href":"https:\/\/fengchashop.com\/se\/wp-json\/wp\/v2\/product\/6929","targetHints":{"allow":["GET"]}}],"collection":[{"href":"https:\/\/fengchashop.com\/se\/wp-json\/wp\/v2\/product"}],"about":[{"href":"https:\/\/fengchashop.com\/se\/wp-json\/wp\/v2\/types\/product"}],"replies":[{"embeddable":true,"href":"https:\/\/fengchashop.com\/se\/wp-json\/wp\/v2\/comments?post=6929"}],"wp:featuredmedia":[{"embeddable":true,"href":"https:\/\/fengchashop.com\/se\/wp-json\/wp\/v2\/media\/6911"}],"wp:attachment":[{"href":"https:\/\/fengchashop.com\/se\/wp-json\/wp\/v2\/media?parent=6929"}],"wp:term":[{"taxonomy":"product_brand","embeddable":true,"href":"https:\/\/fengchashop.com\/se\/wp-json\/wp\/v2\/product_brand?post=6929"},{"taxonomy":"product_cat","embeddable":true,"href":"https:\/\/fengchashop.com\/se\/wp-json\/wp\/v2\/product_cat?post=6929"},{"taxonomy":"product_tag","embeddable":true,"href":"https:\/\/fengchashop.com\/se\/wp-json\/wp\/v2\/product_tag?post=6929"}],"curies":[{"name":"wp","href":"https:\/\/api.w.org\/{rel}","templated":true}]}}