{"id":6926,"date":"2022-02-06T21:44:00","date_gmt":"2022-02-06T20:44:00","guid":{"rendered":"https:\/\/fengchashop.com\/se\/product\/bach-blomsterdroppar-somnloshet\/"},"modified":"2026-01-28T17:45:27","modified_gmt":"2026-01-28T16:45:27","slug":"bach-blomsterdroppar-somnloshet","status":"publish","type":"product","link":"https:\/\/fengchashop.com\/se\/product\/bach-blomsterdroppar-somnloshet\/","title":{"rendered":"Bach blomsterdroppar S\u00f6mnl\u00f6shet"},"content":{"rendered":"<h2 style=\"text-align: justify;\"><span style=\"color: #000000;\">Bach-droppar mot s\u00f6mnl\u00f6shet<\/span><\/h2>\n<p style=\"text-align: justify;\"><span style=\"color: #000000;\">S\u00f6mnl\u00f6shet \u00e4r en s\u00f6mnst\u00f6rning d\u00e4r vi inte kan somna p\u00e5 natten och sova ordentligt under en l\u00e4ngre tid f\u00f6r att tillgodose v\u00e5ra grundl\u00e4ggande s\u00f6mnbehov.<b> Kronisk s\u00f6mnl\u00f6shet kan p\u00e5verka livskvaliteten<\/b>. Men det kan ocks\u00e5 p\u00e5verka v\u00e5r psykiska och fysiska h\u00e4lsa. Det \u00e4r d\u00e4rf\u00f6r av yttersta vikt att vi hj\u00e4lper oss sj\u00e4lva att f\u00e5 en b\u00e4ttre natts\u00f6mn. F\u00f6rst d\u00e5 kan vi s\u00e4kerst\u00e4lla ett lugnt v\u00e4lbefinnande och f\u00f6rb\u00e4ttra v\u00e5r vitala energi. Bachdroppar kan hj\u00e4lpa oss att g\u00f6ra detta. Vi har den r\u00e4tta l\u00f6sningen f\u00f6r dig.<\/span><\/p>\n<p style=\"text-align: justify;\"><span style=\"color: #000000;\">Du kan m\u00e4rka de f\u00f6rsta resultaten efter n\u00e5gra dagar eller veckor, det beror p\u00e5 varje individ. Den beredda blandningen r\u00e4cker i 30 dagar, l\u00e4gg dem helt enkelt direkt i munnen eller droppa dem i ett glas vatten. <\/span><\/p>\n<p style=\"text-align: justify;\"><span style=\"color: #000000;\">Bach-droppsterapin g\u00f6r att vi kan sova b\u00e4ttre, vilket kommer att p\u00e5verka oss p\u00e5 ett s\u00e4tt som:<\/span><\/p>\n<ul>\n<li><span style=\"color: #000000;\"><em>somna l\u00e4ttare och sova lugnare,<\/em><\/span><\/li>\n<li><span style=\"color: #000000;\"><em>f\u00f6rb\u00e4ttra v\u00e5rt mentala och fysiska tillst\u00e5nd som ett resultat av s\u00f6mnighet,<\/em><\/span><\/li>\n<li><span style=\"color: #000000;\"><em>m\u00f6ta dagens utmaningar l\u00e4ttare,<\/em><\/span><\/li>\n<li><span style=\"color: #000000;\"><em>f\u00f6rb\u00e4ttra koncentrationen p\u00e5 arbetet,<\/em><\/span><\/li>\n<li><span style=\"color: #000000;\"><em>f\u00f6rhindra att s\u00f6mnl\u00f6shet blir kronisk.<\/em><\/span><\/li>\n<\/ul>\n<h2 style=\"text-align: justify;\"><span style=\"color: #000000;\">Verkan av Bach-droppar<\/span><\/h2>\n<p style=\"text-align: justify;\"><span style=\"color: #000000;\">Bach-droppar motverkar effektivt olika <strong>k\u00e4nslom\u00e4ssiga besv\u00e4r som kan uppst\u00e5 vid s\u00f6mnl\u00f6shet<\/strong>. Bach-droppar kan ocks\u00e5 hj\u00e4lpa oss i olika kriser och sv\u00e5ra situationer i livet. De hj\u00e4lper oss att lugna ner oss och h\u00e5lla huvudet kallt eftersom de verkar p\u00e5 v\u00e5rt k\u00e4nslol\u00e4ge och hj\u00e4lper till att harmonisera det. Med hj\u00e4lp av Bach-dropparna tar vi kontroll \u00f6ver <b>v\u00e5ra k\u00e4nslor<\/b>, och bara p\u00e5 detta s\u00e4tt kan vi skapa harmoni och d\u00e4rmed hitta v\u00e5r inre frid.<\/span><\/p>\n<p style=\"text-align: justify;\"><span style=\"color: #000000;\">Bach-terapi fr\u00e4mjar sj\u00e4lvl\u00e4kning och andlig avslappning. Enligt Dr Bachs teori ligger orsaken till sjukdom i ett oharmoniskt tillst\u00e5nd eller i en brist p\u00e5 harmoni mellan kropp och sj\u00e4l. Med hj\u00e4lp av blomessenser f\u00f6rs\u00f6ker vi bota sjukdomar genom att utnyttja blommornas <b>positiva egenskaper<\/b> f\u00f6r att hj\u00e4lpa oss att \u00e5terst\u00e4lla balansen inom oss sj\u00e4lva.<\/span><\/p>\n<p style=\"text-align: justify;\"><span style=\"color: #000000;\">Bach-dropparna framst\u00e4lls enligt Dr Bachs metod och<b> endast med ursprungliga Bach<\/b>-essenser.<\/span><\/p>\n<p style=\"text-align: justify;\"><span style=\"color: #000000;\">Bach-dropparna tas fr\u00e5n en flaska med en pipett, vilket g\u00f6r doseringen mycket enkel. Ta 4 droppar 4 g\u00e5nger om dagen, f\u00f6rdelat \u00f6ver hela dagen. Den flaska du f\u00e5r r\u00e4cker till 1 m\u00e5nads behandling. <\/span><\/p>\n<p style=\"text-align: justify;\"><span style=\"color: #000000;\">Varje flaska<b> <\/b>av den valda blandningen <b>bereds manuellt och p\u00e5<\/b> plats. F\u00f6r att h\u00e5lla blandningen fr\u00e4sch l\u00e4ngre anv\u00e4nder vi lite alkohol (cognac). Blandningen har en h\u00e5llbarhetstid p\u00e5 1 m\u00e5nad fr\u00e5n ink\u00f6psdatumet.<\/span><\/p>\n<p style=\"text-align: justify;\"><span style=\"color: #000000;\">Eftersom Bach-droppar <strong>inte har n\u00e5gra<\/strong> <b>biverkningar<\/b> kan de inte \u00f6verdoseras och \u00e4r inte beroendeframkallande. De \u00e4r l\u00e4mpliga f\u00f6r alla &#8211; gravida kvinnor, ammande m\u00f6drar, \u00e4ldre, barn och djur.<\/span><\/p>\n<p style=\"text-align: justify;\"><span style=\"color: #000000;\">Det interagerar inte med andra l\u00e4kemedel.<\/span><\/p>\n<h2 style=\"text-align: justify;\"><span style=\"color: #000000;\">F\u00f6rvaring<\/span><\/h2>\n<p style=\"text-align: justify;\"><span style=\"color: #000000;\">F\u00f6rvaras p\u00e5 en torr, m\u00f6rk plats vid en temperatur p\u00e5 upp till +25 \u00b0C.<\/span><\/p>\n<h2 style=\"text-align: justify;\"><span style=\"color: #000000;\">M\u00e4ngd<\/span><\/h2>\n<p style=\"text-align: justify;\"><span style=\"color: #000000;\">30 ml (r\u00e4cker f\u00f6r 30 dagars regelbunden anv\u00e4ndning)<\/span><\/p>\n","protected":false},"excerpt":{"rendered":"<p>Bach-droppar \u00e4r effektiva mot olika k\u00e4nslom\u00e4ssiga besv\u00e4r. De hj\u00e4lper till i olika kriser och sv\u00e5ra livssituationer. De hj\u00e4lper till att lugna ner sig och h\u00e5lla huvudet kallt. De p\u00e5verkar v\u00e5rt k\u00e4nslol\u00e4ge och hj\u00e4lper till att harmonisera det.<\/p>\n<p>\ud83d\udc9a Dropparna packas f\u00f6r hand p\u00e5 leveransdagen.<br \/>\n\ud83d\udc9a De \u00e4r l\u00e4mpliga f\u00f6r alla m\u00e4nniskor (gravida kvinnor, \u00e4ldre, barn, &#8230;) och djur.<br \/>\n\ud83d\udc9a De har inga biverkningar, \u00e4r inte beroendeframkallande och kan inte \u00f6verdoseras.<br \/>\n\ud83d\udc9a Du kan m\u00e4rka de f\u00f6rsta resultaten efter n\u00e5gra dagar eller veckor, detta beror p\u00e5 varje individ.<br \/>\n\ud83d\udc9a Interagerar inte med andra l\u00e4kemedel.<\/p>\n","protected":false},"featured_media":6911,"comment_status":"open","ping_status":"closed","template":"","meta":{"_acf_changed":false},"product_brand":[],"product_cat":[225,236,224],"product_tag":[],"class_list":{"0":"post-6926","1":"product","2":"type-product","3":"status-publish","4":"has-post-thumbnail","6":"product_cat-alla-produkter","7":"product_cat-bachs-droppar","8":"product_cat-erbjudande","10":"first","11":"instock","12":"sale","13":"taxable","14":"shipping-taxable","15":"purchasable","16":"product-type-simple"},"acf":[],"_links":{"self":[{"href":"https:\/\/fengchashop.com\/se\/wp-json\/wp\/v2\/product\/6926","targetHints":{"allow":["GET"]}}],"collection":[{"href":"https:\/\/fengchashop.com\/se\/wp-json\/wp\/v2\/product"}],"about":[{"href":"https:\/\/fengchashop.com\/se\/wp-json\/wp\/v2\/types\/product"}],"replies":[{"embeddable":true,"href":"https:\/\/fengchashop.com\/se\/wp-json\/wp\/v2\/comments?post=6926"}],"wp:featuredmedia":[{"embeddable":true,"href":"https:\/\/fengchashop.com\/se\/wp-json\/wp\/v2\/media\/6911"}],"wp:attachment":[{"href":"https:\/\/fengchashop.com\/se\/wp-json\/wp\/v2\/media?parent=6926"}],"wp:term":[{"taxonomy":"product_brand","embeddable":true,"href":"https:\/\/fengchashop.com\/se\/wp-json\/wp\/v2\/product_brand?post=6926"},{"taxonomy":"product_cat","embeddable":true,"href":"https:\/\/fengchashop.com\/se\/wp-json\/wp\/v2\/product_cat?post=6926"},{"taxonomy":"product_tag","embeddable":true,"href":"https:\/\/fengchashop.com\/se\/wp-json\/wp\/v2\/product_tag?post=6926"}],"curies":[{"name":"wp","href":"https:\/\/api.w.org\/{rel}","templated":true}]}}