{"id":6924,"date":"2022-02-06T21:15:00","date_gmt":"2022-02-06T20:15:00","guid":{"rendered":"https:\/\/fengchashop.com\/se\/product\/bach-blomsterdroppar-sjalvfortroende\/"},"modified":"2026-01-28T17:45:28","modified_gmt":"2026-01-28T16:45:28","slug":"bach-blomsterdroppar-sjalvfortroende","status":"publish","type":"product","link":"https:\/\/fengchashop.com\/se\/product\/bach-blomsterdroppar-sjalvfortroende\/","title":{"rendered":"Bach blomsterdroppar Sj\u00e4lvf\u00f6rtroende"},"content":{"rendered":"<h2 style=\"text-align: justify;\"><span style=\"color: #000000;\">Bach-droppar f\u00f6r sj\u00e4lvf\u00f6rtroende<\/span><\/h2>\n<p style=\"text-align: justify;\"><span style=\"color: #000000;\">Sj\u00e4lvk\u00e4nsla kan definieras som ens \u00e5sikt om sig sj\u00e4lv. Sj\u00e4lvk\u00e4nsla byggs fr\u00e5n barndomen och fram\u00e5t och p\u00e5verkas ocks\u00e5 mycket av milj\u00f6n omkring oss. H\u00e4lsosam sj\u00e4lvk\u00e4nsla \u00e4r en realistisk sj\u00e4lvbild och en medvetenhet om ens verkliga styrkor och svagheter. En person med sund sj\u00e4lvk\u00e4nsla kan b\u00e4ttre hantera stress, dagliga pr\u00f6vningar och utmaningar och acceptera sig sj\u00e4lv som den \u00e4r. Men brist p\u00e5 sj\u00e4lvf\u00f6rtroende kan ocks\u00e5 f\u00e5 psykologiska konsekvenser. Vi blir mottagliga f\u00f6r stressiga situationer. Vi blir mindre och mindre sj\u00e4lvs\u00e4kra, n\u00f6jda, glada, framg\u00e5ngsrika p\u00e5 jobbet, i skolan eller i samh\u00e4llet&#8230;<\/span><\/p>\n<p style=\"text-align: justify;\"><span style=\"color: #000000;\">Men oroa dig inte, med lite anstr\u00e4ngning, \u00f6vningar och r\u00e4tt terapi kan vi \u00e5terf\u00e5 <b>eller \u00e5teruppbygga v\u00e5rt sj\u00e4lvf\u00f6rtroende n\u00e4r som helst i livet<\/b>. En av de terapier som kan hj\u00e4lpa dig \u00e4r v\u00e5r Bach Flower Essence Therapy.<\/span><\/p>\n<p style=\"text-align: justify;\"><span style=\"color: #000000;\">Du kan m\u00e4rka de f\u00f6rsta resultaten efter n\u00e5gra dagar eller veckor, det beror p\u00e5 varje individ. Den beredda blandningen r\u00e4cker i 30 dagar, applicera helt enkelt direkt i munnen eller droppa i ett glas vatten. Denna blandning, beredd speciellt f\u00f6r personer med l\u00e5g sj\u00e4lvk\u00e4nsla, kommer att hj\u00e4lpa:<\/span><\/p>\n<ul style=\"text-align: justify;\">\n<li><span style=\"color: #000000;\"><em>h\u00f6ja sj\u00e4lvk\u00e4nslan,<\/em><\/span><\/li>\n<li><span style=\"color: #000000;\"><em>undvika \u00e5ngest och panikattacker, som ofta \u00e4r f\u00f6rknippade med l\u00e5g sj\u00e4lvk\u00e4nsla,<\/em><\/span><\/li>\n<li><span style=\"color: #000000;\"><em>lugna vilda tankar och id\u00e9er,<\/em><\/span><\/li>\n<li><span style=\"color: #000000;\"><em>bygga sj\u00e4lvf\u00f6rtroende och undvika \u00f6verdriven sj\u00e4lvkritik,<\/em><\/span><\/li>\n<li><span style=\"color: #000000;\"><em>att \u00f6vervinna r\u00e4dsla f\u00f6r f\u00f6r\u00e4ndring, vilket ocks\u00e5 kan ge bra saker.<\/em><\/span><\/li>\n<\/ul>\n<h2 style=\"text-align: justify;\"><span style=\"color: #000000;\">\u00c5tg\u00e4rden av Bach droppar<\/span><\/h2>\n<p style=\"text-align: justify;\"><span style=\"color: #000000;\">Bach droppar arbetar effektivt mot olika <strong>k\u00e4nslom\u00e4ssiga n\u00f6dsituationer hos individen, till exempel verkligen svag eller till och med d\u00e5lig sj\u00e4lvk\u00e4nsla<\/strong><strong>. <\/strong>Bach droppar hj\u00e4lper oss i olika kriser och sv\u00e5ra situationer i livet, pr\u00f6vningar och tribulationer. De hj\u00e4lper oss att lugna ner oss och h\u00e5lla huvudet kallt eftersom de verkar p\u00e5 v\u00e5rt k\u00e4nslom\u00e4ssiga tillst\u00e5nd och hj\u00e4lper till att harmonisera det. Med hj\u00e4lp av Bach-dropparna tar vi kontroll \u00f6ver <strong>v\u00e5ra k\u00e4nslor och <\/strong>endast p\u00e5 detta s\u00e4tt skapar vi harmoni och finner d\u00e4rmed v\u00e5r inre frid.<\/span><\/p>\n<p style=\"text-align: justify;\"><span style=\"color: #000000;\">Bach-terapi fr\u00e4mjar sj\u00e4lvl\u00e4kning och andlig avslappning. Enligt Dr Bachs teori ligger orsaken till sjukdom i ett oharmoniskt tillst\u00e5nd eller i en brist p\u00e5 harmoni mellan kropp och sj\u00e4l. Med hj\u00e4lp av blomessenser f\u00f6rs\u00f6ker vi bota sjukdomar genom att utnyttja blommornas <b>positiva egenskaper<\/b> f\u00f6r att hj\u00e4lpa oss att \u00e5terst\u00e4lla balansen inom oss sj\u00e4lva.<\/span><\/p>\n<p style=\"text-align: justify;\"><span style=\"color: #000000;\">Bach-dropparna framst\u00e4lls enligt Dr Bachs metod och<b> endast med ursprungliga Bach<\/b>-essenser.<\/span><\/p>\n<p style=\"text-align: justify;\"><span style=\"color: #000000;\">Bach-dropparna tas fr\u00e5n en flaska med en pipett, vilket g\u00f6r doseringen mycket enkel. Ta 4 droppar 4 g\u00e5nger om dagen, f\u00f6rdelat \u00f6ver hela dagen. Den flaska du f\u00e5r r\u00e4cker till 1 m\u00e5nads behandling. <\/span><\/p>\n<p style=\"text-align: justify;\"><span style=\"color: #000000;\">Varje flaska<b> <\/b>av den valda blandningen <b>bereds manuellt och p\u00e5<\/b> plats. F\u00f6r att h\u00e5lla blandningen fr\u00e4sch l\u00e4ngre anv\u00e4nder vi lite alkohol (cognac). Blandningen har en h\u00e5llbarhetstid p\u00e5 1 m\u00e5nad fr\u00e5n ink\u00f6psdatumet.<\/span><\/p>\n<p style=\"text-align: justify;\"><span style=\"color: #000000;\">Eftersom Bach-droppar <strong>inte har n\u00e5gra <\/strong><b>biverkningar<\/b> \u00e4r de inte beroendeframkallande och kan inte \u00f6verdoseras. De \u00e4r l\u00e4mpliga f\u00f6r alla &#8211; gravida kvinnor, ammande m\u00f6drar, \u00e4ldre, barn och djur.<\/span><\/p>\n<p style=\"text-align: justify;\"><span style=\"color: #000000;\">Det interagerar inte med andra l\u00e4kemedel.<\/span><\/p>\n<h2 style=\"text-align: justify;\"><span style=\"color: #000000;\">F\u00f6rvaring<\/span><\/h2>\n<p style=\"text-align: justify;\"><span style=\"color: #000000;\">F\u00f6rvaras p\u00e5 en torr, m\u00f6rk plats vid en temperatur p\u00e5 upp till +25 \u00b0C.<\/span><\/p>\n<h2 style=\"text-align: justify;\"><span style=\"color: #000000;\">M\u00e4ngd<\/span><\/h2>\n<p style=\"text-align: justify;\"><span style=\"color: #000000;\">30 ml (r\u00e4cker f\u00f6r 30 dagars regelbunden anv\u00e4ndning)<\/span><\/p>\n","protected":false},"excerpt":{"rendered":"<p>Bach-droppar \u00e4r effektiva mot olika k\u00e4nslom\u00e4ssiga besv\u00e4r. De hj\u00e4lper till i olika kriser och sv\u00e5ra livssituationer. De hj\u00e4lper till att lugna ner sig och h\u00e5lla huvudet kallt. De p\u00e5verkar v\u00e5rt k\u00e4nslol\u00e4ge och hj\u00e4lper till att harmonisera det.<\/p>\n<p>\ud83d\udc9a Dropparna packas f\u00f6r hand p\u00e5 leveransdagen.<br \/>\n\ud83d\udc9a De \u00e4r l\u00e4mpliga f\u00f6r alla m\u00e4nniskor (gravida kvinnor, \u00e4ldre, barn, &#8230;) och djur.<br \/>\n\ud83d\udc9a De har inga biverkningar, \u00e4r inte beroendeframkallande och kan inte \u00f6verdoseras.<br \/>\n\ud83d\udc9a Du kan m\u00e4rka de f\u00f6rsta resultaten efter n\u00e5gra dagar eller veckor, detta beror p\u00e5 varje individ.<br \/>\n\ud83d\udc9a Interagerar inte med andra l\u00e4kemedel.<\/p>\n","protected":false},"featured_media":6911,"comment_status":"open","ping_status":"closed","template":"","meta":{"_acf_changed":false},"product_brand":[],"product_cat":[225,236,224],"product_tag":[],"class_list":{"0":"post-6924","1":"product","2":"type-product","3":"status-publish","4":"has-post-thumbnail","6":"product_cat-alla-produkter","7":"product_cat-bachs-droppar","8":"product_cat-erbjudande","10":"first","11":"instock","12":"sale","13":"taxable","14":"shipping-taxable","15":"purchasable","16":"product-type-simple"},"acf":[],"_links":{"self":[{"href":"https:\/\/fengchashop.com\/se\/wp-json\/wp\/v2\/product\/6924","targetHints":{"allow":["GET"]}}],"collection":[{"href":"https:\/\/fengchashop.com\/se\/wp-json\/wp\/v2\/product"}],"about":[{"href":"https:\/\/fengchashop.com\/se\/wp-json\/wp\/v2\/types\/product"}],"replies":[{"embeddable":true,"href":"https:\/\/fengchashop.com\/se\/wp-json\/wp\/v2\/comments?post=6924"}],"wp:featuredmedia":[{"embeddable":true,"href":"https:\/\/fengchashop.com\/se\/wp-json\/wp\/v2\/media\/6911"}],"wp:attachment":[{"href":"https:\/\/fengchashop.com\/se\/wp-json\/wp\/v2\/media?parent=6924"}],"wp:term":[{"taxonomy":"product_brand","embeddable":true,"href":"https:\/\/fengchashop.com\/se\/wp-json\/wp\/v2\/product_brand?post=6924"},{"taxonomy":"product_cat","embeddable":true,"href":"https:\/\/fengchashop.com\/se\/wp-json\/wp\/v2\/product_cat?post=6924"},{"taxonomy":"product_tag","embeddable":true,"href":"https:\/\/fengchashop.com\/se\/wp-json\/wp\/v2\/product_tag?post=6924"}],"curies":[{"name":"wp","href":"https:\/\/api.w.org\/{rel}","templated":true}]}}