{"id":6921,"date":"2022-02-06T21:07:00","date_gmt":"2022-02-06T20:07:00","guid":{"rendered":"https:\/\/fengchashop.com\/se\/product\/bach-blomsterdroppar-viktminskning\/"},"modified":"2026-01-28T17:45:35","modified_gmt":"2026-01-28T16:45:35","slug":"bach-blomsterdroppar-viktminskning","status":"publish","type":"product","link":"https:\/\/fengchashop.com\/se\/product\/bach-blomsterdroppar-viktminskning\/","title":{"rendered":"Bach blomsterdroppar Viktminskning"},"content":{"rendered":"<h2 style=\"text-align: justify;\"><span style=\"color: #000000;\">Bach-droppar f\u00f6r viktminskning<\/span><\/h2>\n<p style=\"text-align: justify;\"><span style=\"color: #000000;\">Alla kvinnor (och m\u00e4n) har f\u00f6rs\u00f6kt g\u00e5 ner i vikt minst en g\u00e5ng i sitt liv. Och \u00e4ven om vi oftast drivs av modetrender, kommer h\u00e4lsa och v\u00e4lbefinnande alltid f\u00f6rst. Men n\u00e4r vi tr\u00e4nar h\u00e5rt och\/eller kontrollerar v\u00e5rt matintag f\u00e5r vi ofta k\u00e4mpa k\u00e4nslom\u00e4ssigt, eftersom viktnedg\u00e5ng ofta \u00e4r det sv\u00e5raste att g\u00f6ra mentalt och psykologiskt. \u00c4r du intresserad av hur du kan <strong>hj\u00e4lpa dig sj\u00e4lv k\u00e4nslom\u00e4ssigt att g\u00e5 ner i vikt<\/strong> och<strong>f\u00e5 mer energi<\/strong> och, <strong>framf\u00f6r allt, motivation<\/strong> att h\u00e5lla fast vid ditt m\u00e5l? D\u00e5 har vi l\u00f6sningen f\u00f6r dig.<\/span><\/p>\n<p style=\"text-align: justify;\"><span style=\"color: #000000;\">Du kan m\u00e4rka de f\u00f6rsta resultaten efter n\u00e5gra dagar eller veckor, det beror p\u00e5 varje individ. Den beredda blandningen kommer att h\u00e5lla dig i 30 dagar, l\u00e4gg den helt enkelt direkt i munnen eller sl\u00e4pp den i ett glas vatten. <\/span><\/p>\n<p style=\"text-align: justify;\"><span style=\"color: #000000;\">Denna speciella blandning kommer att hj\u00e4lpa:<\/span><\/p>\n<ul style=\"text-align: justify;\">\n<li><span style=\"color: #000000;\"><em>\u00e4ndra dina matvanor,<\/em><\/span><\/li>\n<li><span style=\"color: #000000;\"><em>\u00f6vervinna skuldk\u00e4nslor om vi inte lyckas,<\/em><\/span><\/li>\n<li><span style=\"color: #000000;\"><em>beh\u00e5lla t\u00e5lamodet om resultaten inte syns snabbt,<\/em><\/span><\/li>\n<li><span style=\"color: #000000;\"><em>h\u00e5lla ut \u00e4ven n\u00e4r det inte finns n\u00e5gra resultat,<\/em><\/span><\/li>\n<li><span style=\"color: #000000;\"><em>ha sj\u00e4lvkontroll i sv\u00e5ra stunder.<\/em><\/span><\/li>\n<\/ul>\n<h2 style=\"text-align: justify;\"><span style=\"color: #000000;\"><b> Verkan av Bach-droppar<\/b><\/span><\/h2>\n<p style=\"text-align: justify;\"><span style=\"color: #000000;\">Bach-droppar \u00e4r effektiva f\u00f6r ett brett spektrum av <b>k\u00e4nslom\u00e4ssig n\u00f6d<\/b>.<b> N\u00e4r vi g\u00e5r ner i vikt kommer vi s\u00e4kert att st\u00f6ta p\u00e5 k\u00e4nslom\u00e4ssiga tillst\u00e5nd som p\u00e5verkar oss p\u00e5 olika s\u00e4tt och kan hindra oss fr\u00e5n att uppn\u00e5 v\u00e5ra m\u00e5l.<\/b> Bach droppar hj\u00e4lper oss i olika kriser och sv\u00e5ra situationer i livet. De hj\u00e4lper oss att lugna ner oss och h\u00e5lla huvudet kallt eftersom de p\u00e5verkar v\u00e5rt k\u00e4nslol\u00e4ge och hj\u00e4lper till att harmonisera det. Med hj\u00e4lp av Bach-dropparna tar vi kontroll \u00f6ver <b>v\u00e5ra k\u00e4nslor<\/b> och endast p\u00e5 detta s\u00e4tt skapar vi harmoni och hittar d\u00e4rmed v\u00e5r inre frid.<\/span><\/p>\n<p style=\"text-align: justify;\"><span style=\"color: #000000;\">Bach-terapi fr\u00e4mjar sj\u00e4lvl\u00e4kning och andlig avslappning. Enligt Dr. Bachs teori ligger orsaken till sjukdomar och tillst\u00e5nd i ett oharmoniskt tillst\u00e5nd eller i en brist p\u00e5 harmoni mellan kropp och sj\u00e4l. Med hj\u00e4lp av blomessenser f\u00f6rs\u00f6ker vi l\u00e4ka detta tillst\u00e5nd genom att utnyttja blommornas <b>positiva egenskaper<\/b> f\u00f6r att hj\u00e4lpa oss att \u00e5terst\u00e4lla balansen inom oss sj\u00e4lva.<\/span><\/p>\n<p style=\"text-align: justify;\"><span style=\"color: #000000;\">Bach-dropparna framst\u00e4lls enligt Dr Bachs metod och<b> endast med ursprungliga Bach-essenser<\/b>.<\/span><\/p>\n<p style=\"text-align: justify;\"><span style=\"color: #000000;\">Bach-dropparna tas fr\u00e5n en flaska med en pipett, vilket g\u00f6r doseringen mycket enkel. Ta 4 droppar 4 g\u00e5nger om dagen, f\u00f6rdelat \u00f6ver hela dagen. Den flaska du f\u00e5r r\u00e4cker till 1 m\u00e5nads behandling. <\/span><\/p>\n<p style=\"text-align: justify;\"><span style=\"color: #000000;\">Varje flaska<b> <\/b>av den valda blandningen <b>bereds manuellt och p\u00e5<\/b> plats. F\u00f6r att h\u00e5lla blandningen fr\u00e4sch l\u00e4ngre anv\u00e4nder vi lite alkohol (cognac). Blandningen har en h\u00e5llbarhetstid p\u00e5 1 m\u00e5nad fr\u00e5n ink\u00f6psdatumet.<\/span><\/p>\n<p style=\"text-align: justify;\"><span style=\"color: #000000;\">Eftersom Bach-droppar<strong> inte har n\u00e5gra <\/strong><b>biverkningar<\/b> kan de inte \u00f6verdoseras och \u00e4r inte beroendeframkallande. De \u00e4r l\u00e4mpliga f\u00f6r alla &#8211; gravida kvinnor, ammande m\u00f6drar, \u00e4ldre, barn och djur.<\/span><\/p>\n<p style=\"text-align: justify;\"><span style=\"color: #000000;\">Det interagerar inte med andra l\u00e4kemedel.<\/span><\/p>\n<h2 style=\"text-align: justify;\"><span style=\"color: #000000;\"><b>F\u00f6rvaring<\/b><\/span><\/h2>\n<p style=\"text-align: justify;\"><span style=\"color: #000000;\">F\u00f6rvaras p\u00e5 en torr, m\u00f6rk plats vid en temperatur p\u00e5 upp till +25 \u00b0C.<\/span><\/p>\n<h2 style=\"text-align: justify;\"><span style=\"color: #000000;\"><b>M\u00e4ngd<\/b><\/span><\/h2>\n<p style=\"text-align: justify;\"><span style=\"color: #000000;\">30 ml (r\u00e4cker f\u00f6r 30 dagars regelbunden anv\u00e4ndning)<\/span><\/p>\n","protected":false},"excerpt":{"rendered":"<p>Bach-droppar \u00e4r effektiva mot olika k\u00e4nslom\u00e4ssiga besv\u00e4r. De hj\u00e4lper till i olika kriser och sv\u00e5ra livssituationer. De hj\u00e4lper till att lugna ner sig och h\u00e5lla huvudet kallt. De p\u00e5verkar v\u00e5rt k\u00e4nslol\u00e4ge och hj\u00e4lper till att harmonisera det.<\/p>\n<p>\ud83d\udc9a Dropparna packas f\u00f6r hand p\u00e5 leveransdagen.<br \/>\n\ud83d\udc9a De \u00e4r l\u00e4mpliga f\u00f6r alla m\u00e4nniskor (gravida kvinnor, \u00e4ldre, barn, &#8230;) och djur.<br \/>\n\ud83d\udc9a De har inga biverkningar, \u00e4r inte beroendeframkallande och kan inte \u00f6verdoseras.<br \/>\n\ud83d\udc9a Du kan m\u00e4rka de f\u00f6rsta resultaten efter n\u00e5gra dagar eller veckor, detta beror p\u00e5 varje individ.<br \/>\n\ud83d\udc9a Interagerar inte med andra l\u00e4kemedel.<\/p>\n","protected":false},"featured_media":6911,"comment_status":"open","ping_status":"closed","template":"","meta":{"_acf_changed":false},"product_brand":[],"product_cat":[225,236,224],"product_tag":[],"class_list":{"0":"post-6921","1":"product","2":"type-product","3":"status-publish","4":"has-post-thumbnail","6":"product_cat-alla-produkter","7":"product_cat-bachs-droppar","8":"product_cat-erbjudande","10":"first","11":"instock","12":"sale","13":"taxable","14":"shipping-taxable","15":"purchasable","16":"product-type-simple"},"acf":[],"_links":{"self":[{"href":"https:\/\/fengchashop.com\/se\/wp-json\/wp\/v2\/product\/6921","targetHints":{"allow":["GET"]}}],"collection":[{"href":"https:\/\/fengchashop.com\/se\/wp-json\/wp\/v2\/product"}],"about":[{"href":"https:\/\/fengchashop.com\/se\/wp-json\/wp\/v2\/types\/product"}],"replies":[{"embeddable":true,"href":"https:\/\/fengchashop.com\/se\/wp-json\/wp\/v2\/comments?post=6921"}],"wp:featuredmedia":[{"embeddable":true,"href":"https:\/\/fengchashop.com\/se\/wp-json\/wp\/v2\/media\/6911"}],"wp:attachment":[{"href":"https:\/\/fengchashop.com\/se\/wp-json\/wp\/v2\/media?parent=6921"}],"wp:term":[{"taxonomy":"product_brand","embeddable":true,"href":"https:\/\/fengchashop.com\/se\/wp-json\/wp\/v2\/product_brand?post=6921"},{"taxonomy":"product_cat","embeddable":true,"href":"https:\/\/fengchashop.com\/se\/wp-json\/wp\/v2\/product_cat?post=6921"},{"taxonomy":"product_tag","embeddable":true,"href":"https:\/\/fengchashop.com\/se\/wp-json\/wp\/v2\/product_tag?post=6921"}],"curies":[{"name":"wp","href":"https:\/\/api.w.org\/{rel}","templated":true}]}}