{"id":6920,"date":"2022-02-06T21:05:00","date_gmt":"2022-02-06T20:05:00","guid":{"rendered":"https:\/\/fengchashop.com\/se\/product\/bach-blomsterdroppar-klimakteriet\/"},"modified":"2026-01-28T17:45:37","modified_gmt":"2026-01-28T16:45:37","slug":"bach-blomsterdroppar-klimakteriet","status":"publish","type":"product","link":"https:\/\/fengchashop.com\/se\/product\/bach-blomsterdroppar-klimakteriet\/","title":{"rendered":"Bach blomsterdroppar Klimakteriet"},"content":{"rendered":"<h2 style=\"text-align: justify;\"><span style=\"color: #000000;\">Bach-droppar f\u00f6r att lindra klimakteriebesv\u00e4r<\/span><\/h2>\n<p style=\"text-align: justify;\"><span style=\"color: #000000;\">Klimakteriet \u00e4r en oundviklig period f\u00f6r alla kvinnor. Och \u00e4ven om m\u00e5nga kvinnor verkar uppleva det utan problem, har varje kvinna \u00e5tminstone ett symptom som \u00e4r ett resultat av den f\u00f6r\u00e4ndrade hormonella statusen som orsakade klimakteriet i f\u00f6rsta hand. De vanligaste f\u00f6rsta symptomen p\u00e5 \u00f6verg\u00e5ngen till klimakteriet, n\u00e4r st\u00f6rningar i menstruationscykeln redan f\u00f6rekommer, \u00e4r v\u00e4rmevallningar. De f\u00f6rsta symptomen inkluderar ocks\u00e5 nattliga svettningar, yrsel, s\u00f6mnl\u00f6shet, huvudv\u00e4rk, tr\u00f6tthet, magsm\u00e4rtor, minskad sexuell lust samt st\u00f6rningar i hum\u00f6r och koncentration. Under denna period \u00e4r det d\u00e4rf\u00f6r oerh\u00f6rt viktigt att du ger dig sj\u00e4lv det st\u00f6d du beh\u00f6ver f\u00f6r att g\u00f6ra \u00f6verg\u00e5ngen och hantera <strong>klimakteriet<\/strong> l\u00e4ttare.<\/span><\/p>\n<p style=\"text-align: justify;\"><span style=\"color: #000000;\">Du kan m\u00e4rka de f\u00f6rsta resultaten efter n\u00e5gra dagar eller veckor, detta beror p\u00e5 varje individ. Den beredda blandningen r\u00e4cker i 30 dagar, ta den direkt i munnen eller droppa den i ett glas vatten. Denna blandning, speciellt beredd f\u00f6r kvinnor i klimakteriet, hj\u00e4lper dig:<\/span><\/p>\n<ul>\n<li><span style=\"color: #000000;\"><i>B\u00e4ttre s\u00f6mn och mindre allm\u00e4n tr\u00f6tthet,<\/i><\/span><\/li>\n<li><span style=\"color: #000000;\"><i>att h\u00e5lla dig lugnare och inte ofta irriterad,<\/i><\/span><\/li>\n<li><span style=\"color: #000000;\"><i>\u00f6ka din vitalitet och ditt sj\u00e4lvf\u00f6rtroende,<\/i><\/span><\/li>\n<li><span style=\"color: #000000;\"><i>reglera dina matvanor,<\/i><\/span><\/li>\n<li><span style=\"color: #000000;\"><i>uppn\u00e5 f\u00e4rre hum\u00f6rsv\u00e4ngningar,<\/i><\/span><\/li>\n<li><span style=\"color: #000000;\"><i>njuta av sexualiteten.<\/i><\/span><\/li>\n<\/ul>\n<h2 style=\"text-align: justify;\"><span style=\"color: #000000;\">Verkan av Bach-droppar<\/span><\/h2>\n<p style=\"text-align: justify;\"><span style=\"color: #000000;\">Bach-droppar motverkar effektivt olika <strong>k\u00e4nslom\u00e4ssiga besv\u00e4r hos individen, s\u00e5som klimakteriek\u00e4nslor<\/strong><strong>, som tynger oss mentalt<\/strong>. De hj\u00e4lper ocks\u00e5 till i olika kriser och sv\u00e5ra situationer i livet. De hj\u00e4lper oss att lugna ner oss, h\u00e5lla huvudet lugnt och f\u00e5 mer energi. De arbetar med v\u00e5rt k\u00e4nslom\u00e4ssiga tillst\u00e5nd och hj\u00e4lper till att harmonisera det.<\/span><\/p>\n<p style=\"text-align: justify;\"><span style=\"color: #000000;\">Bach-terapi fr\u00e4mjar sj\u00e4lvl\u00e4kning och andlig avslappning. Enligt Dr Bachs teori ligger orsaken till sjukdom i ett oharmoniskt tillst\u00e5nd, eller en brist p\u00e5 harmoni mellan kropp och sj\u00e4l. Med hj\u00e4lp av blomessenser f\u00f6rs\u00f6ker vi bota sjukdomar genom att utnyttja blommornas <b>positiva egenskaper<\/b> f\u00f6r att hj\u00e4lpa oss att \u00e5terst\u00e4lla balansen inom oss sj\u00e4lva.<\/span><\/p>\n<p style=\"text-align: justify;\"><span style=\"color: #000000;\">Bach-dropparna framst\u00e4lls enligt Dr Bachs metod och<b> endast med ursprungliga Bach<\/b>-essenser.<\/span><\/p>\n<p style=\"text-align: justify;\"><span style=\"color: #000000;\">Bach-dropparna tas fr\u00e5n en flaska med en pipett, vilket g\u00f6r doseringen mycket enkel. Ta 4 droppar 4 g\u00e5nger om dagen, f\u00f6rdelat \u00f6ver hela dagen. Den flaska du f\u00e5r r\u00e4cker till 1 m\u00e5nads behandling. <\/span><\/p>\n<p style=\"text-align: justify;\"><span style=\"color: #000000;\">Varje flaska<b> <\/b>av den valda blandningen <b>bereds manuellt och i farten<\/b>. F\u00f6r att h\u00e5lla blandningen fr\u00e4sch l\u00e4ngre anv\u00e4nder vi lite alkohol (cognac). Blandningen har en h\u00e5llbarhetstid p\u00e5 1 m\u00e5nad fr\u00e5n ink\u00f6psdatumet.<\/span><\/p>\n<p style=\"text-align: justify;\"><span style=\"color: #000000;\">Eftersom Bach-droppar <strong>inte har n\u00e5gra <\/strong><b>biverkningar<\/b> kan de inte \u00f6verdoseras och \u00e4r inte beroendeframkallande. De \u00e4r l\u00e4mpliga f\u00f6r alla &#8211; gravida kvinnor, ammande m\u00f6drar, \u00e4ldre, barn och djur.<\/span><\/p>\n<p style=\"text-align: justify;\"><span style=\"color: #000000;\">Det interagerar inte med andra l\u00e4kemedel.<\/span><\/p>\n<h2 style=\"text-align: justify;\"><span style=\"color: #000000;\">F\u00f6rvaring<\/span><\/h2>\n<p style=\"text-align: justify;\"><span style=\"color: #000000;\">F\u00f6rvaras p\u00e5 en torr, m\u00f6rk plats vid en temperatur p\u00e5 upp till +25 \u00b0C.<\/span><\/p>\n<h2 style=\"text-align: justify;\"><span style=\"color: #000000;\">M\u00e4ngd<\/span><\/h2>\n<p style=\"text-align: justify;\"><span style=\"color: #000000;\">30 ml (r\u00e4cker f\u00f6r 30 dagars regelbunden anv\u00e4ndning) <\/span><\/p>\n","protected":false},"excerpt":{"rendered":"<p>Bach-droppar \u00e4r effektiva mot olika k\u00e4nslom\u00e4ssiga besv\u00e4r. De hj\u00e4lper till i olika kriser och sv\u00e5ra livssituationer. De hj\u00e4lper till att lugna ner sig och h\u00e5lla huvudet kallt. De p\u00e5verkar v\u00e5rt k\u00e4nslol\u00e4ge och hj\u00e4lper till att harmonisera det.<\/p>\n<p>\ud83d\udc9a Dropparna packas f\u00f6r hand p\u00e5 leveransdagen.<br \/>\n\ud83d\udc9a De \u00e4r l\u00e4mpliga f\u00f6r alla m\u00e4nniskor (gravida kvinnor, \u00e4ldre, barn, &#8230;) och djur.<br \/>\n\ud83d\udc9a De har inga biverkningar, \u00e4r inte beroendeframkallande och kan inte \u00f6verdoseras.<br \/>\n\ud83d\udc9a Du kan m\u00e4rka de f\u00f6rsta resultaten efter n\u00e5gra dagar eller veckor, detta beror p\u00e5 varje individ.<br \/>\n\ud83d\udc9a Interagerar inte med andra l\u00e4kemedel.<\/p>\n","protected":false},"featured_media":6911,"comment_status":"open","ping_status":"closed","template":"","meta":{"_acf_changed":false},"product_brand":[],"product_cat":[225,236,224],"product_tag":[],"class_list":{"0":"post-6920","1":"product","2":"type-product","3":"status-publish","4":"has-post-thumbnail","6":"product_cat-alla-produkter","7":"product_cat-bachs-droppar","8":"product_cat-erbjudande","10":"first","11":"instock","12":"sale","13":"taxable","14":"shipping-taxable","15":"purchasable","16":"product-type-simple"},"acf":[],"_links":{"self":[{"href":"https:\/\/fengchashop.com\/se\/wp-json\/wp\/v2\/product\/6920","targetHints":{"allow":["GET"]}}],"collection":[{"href":"https:\/\/fengchashop.com\/se\/wp-json\/wp\/v2\/product"}],"about":[{"href":"https:\/\/fengchashop.com\/se\/wp-json\/wp\/v2\/types\/product"}],"replies":[{"embeddable":true,"href":"https:\/\/fengchashop.com\/se\/wp-json\/wp\/v2\/comments?post=6920"}],"wp:featuredmedia":[{"embeddable":true,"href":"https:\/\/fengchashop.com\/se\/wp-json\/wp\/v2\/media\/6911"}],"wp:attachment":[{"href":"https:\/\/fengchashop.com\/se\/wp-json\/wp\/v2\/media?parent=6920"}],"wp:term":[{"taxonomy":"product_brand","embeddable":true,"href":"https:\/\/fengchashop.com\/se\/wp-json\/wp\/v2\/product_brand?post=6920"},{"taxonomy":"product_cat","embeddable":true,"href":"https:\/\/fengchashop.com\/se\/wp-json\/wp\/v2\/product_cat?post=6920"},{"taxonomy":"product_tag","embeddable":true,"href":"https:\/\/fengchashop.com\/se\/wp-json\/wp\/v2\/product_tag?post=6920"}],"curies":[{"name":"wp","href":"https:\/\/api.w.org\/{rel}","templated":true}]}}