{"id":6917,"date":"2022-02-06T20:59:00","date_gmt":"2022-02-06T19:59:00","guid":{"rendered":"https:\/\/fengchashop.com\/se\/product\/bach-blomsterdroppar-tentor\/"},"modified":"2026-01-28T17:45:43","modified_gmt":"2026-01-28T16:45:43","slug":"bach-blomsterdroppar-tentor","status":"publish","type":"product","link":"https:\/\/fengchashop.com\/se\/product\/bach-blomsterdroppar-tentor\/","title":{"rendered":"Bach blomsterdroppar Tentor"},"content":{"rendered":"<h2><span style=\"color: #000000;\">Bachdroppar f\u00f6r att minska stress inf\u00f6r prov, tester och utfr\u00e5gningar<\/span><\/h2>\n<p><span style=\"color: #000000;\">Den stress vi upplever inf\u00f6r prov, tester och andra former av bed\u00f6mningar orsakas fr\u00e4mst av <b>bristande sj\u00e4lvf\u00f6rtroende<\/b>. Vi k\u00e4nner oss vanligtvis mer oroliga n\u00e4r vi \u00e4r v\u00e4l f\u00f6rberedda f\u00f6r en bed\u00f6mning och vet exakt vad vi kan och inte kan g\u00f6ra. Denna sp\u00e4nning \u00e4r faktiskt h\u00e4lsosam och \u00f6nskv\u00e4rd. Den blir ett hinder n\u00e4r vi \u00e4r f\u00f6r r\u00e4dda och v\u00e5r reaktion \u00e4r \u00f6verdriven, och den p\u00e5verkar v\u00e5rt minne och v\u00e5r koncentration. Vi kommer inte l\u00e4ngre ih\u00e5g vad vi har l\u00e4rt oss, vi b\u00f6rjar tvivla p\u00e5 v\u00e5r framg\u00e5ng. De f\u00f6rsvarsmekanismer som skyddar oss mot en till synes hotfull situation g\u00f6r oss redo att fysiskt fly eller sl\u00e5ss, s\u00e5 alla tankar fokuseras p\u00e5 det. Det \u00e4r d\u00e4rf\u00f6r vi beh\u00f6ver n\u00e5got f\u00f6r att k\u00e4nna tillit till oss sj\u00e4lva. Bachs droppar &#8221;Exams&#8221; kan vara den r\u00e4tta l\u00f6sningen f\u00f6r alla vars \u00f6verdrivna r\u00e4dsla f\u00f6r att bli bed\u00f6md hindrar dem fr\u00e5n att uppn\u00e5 den framg\u00e5ng de vill ha. Denna speciella blandning <b>hj\u00e4lper till<\/b>:<\/span><\/p>\n<ul>\n<li><span style=\"color: #000000;\"><i>g\u00f6ra dig lugnare under prov och tester,<\/i><\/span><\/li>\n<li><span style=\"color: #000000;\"><i>att tro p\u00e5 dina f\u00f6rm\u00e5gor,<\/i><\/span><\/li>\n<li><span style=\"color: #000000;\"><i>att inte k\u00e4nna dig \u00e4ngslig och orolig,<\/i><\/span><\/li>\n<li><span style=\"color: #000000;\"><i>sova b\u00e4ttre och inte vara \u00f6verdrivet orolig natten f\u00f6re ett prov eller test,<\/i><\/span><\/li>\n<li><span style=\"color: #000000;\"><i>att inte bli modf\u00e4lld (\u00e4ven om vi inte g\u00f6r bra ifr\u00e5n oss p\u00e5 ett prov),<\/i><\/span><\/li>\n<li><span style=\"color: #000000;\"><i>att f\u00f6rb\u00e4ttra koncentrationen.<\/i><\/span><\/li>\n<\/ul>\n<p><span style=\"color: #000000;\">Du kan m\u00e4rka de f\u00f6rsta resultaten efter n\u00e5gra dagar eller veckor, det beror p\u00e5 varje individ. Den beredda blandningen kommer att p\u00e5g\u00e5 i 30 dagar, l\u00e4gg den helt enkelt direkt i munnen eller sl\u00e4pp den i ett glas vatten. <\/span><\/p>\n<h2><span style=\"color: #000000;\"><b> Hur Bach droppar fungerar<\/b><\/span><\/h2>\n<p><span style=\"color: #000000;\">Bach-droppar fungerar effektivt mot olika <b>k\u00e4nslom\u00e4ssiga problem hos individen, s\u00e5som<\/b><strong> stress f\u00f6re tentor eller tester<\/strong>. Bach-droppar hj\u00e4lper oss i olika kriser och sv\u00e5ra situationer i livet, pr\u00f6vningar och vederm\u00f6dor. De hj\u00e4lper oss att lugna ner oss och h\u00e5lla huvudet kallt eftersom de verkar p\u00e5 v\u00e5rt k\u00e4nslol\u00e4ge och hj\u00e4lper till att harmonisera det. Med hj\u00e4lp av Bach-dropparna tar vi kontroll \u00f6ver <b>v\u00e5ra k\u00e4nslor<\/b>, och endast p\u00e5 detta s\u00e4tt kan vi skapa harmoni och d\u00e4rmed hitta v\u00e5r inre frid.<\/span><\/p>\n<p><span style=\"color: #000000;\">Bach-terapi fr\u00e4mjar sj\u00e4lvl\u00e4kning och andlig avslappning. Enligt Dr Bachs teori ligger orsaken till sjukdom i ett oharmoniskt tillst\u00e5nd eller i en brist p\u00e5 harmoni mellan kropp och sj\u00e4l. Med hj\u00e4lp av blomessenser f\u00f6rs\u00f6ker vi bota sjukdomar genom att utnyttja blommornas <b>positiva egenskaper<\/b> f\u00f6r att hj\u00e4lpa oss att \u00e5terst\u00e4lla balansen inom oss sj\u00e4lva.<\/span><\/p>\n<p><span style=\"color: #000000;\">Bach-dropparna framst\u00e4lls enligt Dr Bachs metod och<b> endast med ursprungliga Bach<\/b>-essenser.<\/span><\/p>\n<p><span style=\"color: #000000;\">Bach-dropparna tas fr\u00e5n en flaska med en pipett, vilket g\u00f6r doseringen mycket enkel. Ta 4 droppar 4 g\u00e5nger om dagen, f\u00f6rdelat \u00f6ver hela dagen. Den flaska du f\u00e5r r\u00e4cker till 1 m\u00e5nads behandling. <\/span><\/p>\n<p><span style=\"color: #000000;\">Varje flaska<b> <\/b>av den valda blandningen <b>bereds manuellt och p\u00e5<\/b> plats. F\u00f6r att h\u00e5lla blandningen fr\u00e4sch l\u00e4ngre anv\u00e4nder vi lite alkohol (cognac). Blandningen har en h\u00e5llbarhetstid p\u00e5 1 m\u00e5nad fr\u00e5n ink\u00f6psdatumet.<\/span><\/p>\n<p><span style=\"color: #000000;\">Eftersom Bach-droppar <strong>inte har n\u00e5gra<\/strong> <b>biverkningar<\/b> kan de inte \u00f6verdoseras och \u00e4r inte beroendeframkallande. De \u00e4r l\u00e4mpliga f\u00f6r alla &#8211; gravida kvinnor, ammande m\u00f6drar, \u00e4ldre, barn och djur.<\/span><\/p>\n<p><span style=\"color: #000000;\">Det interagerar inte med andra l\u00e4kemedel.<\/span><\/p>\n<h2><span style=\"color: #000000;\"><b>F\u00f6rvaring<\/b><\/span><\/h2>\n<p><span style=\"color: #000000;\">F\u00f6rvaras p\u00e5 en torr, m\u00f6rk plats vid en temperatur p\u00e5 upp till +25 \u00b0C.<\/span><\/p>\n<h2><span style=\"color: #000000;\"><b>M\u00e4ngd<\/b><\/span><\/h2>\n<p><span style=\"color: #000000;\">30 ml (r\u00e4cker f\u00f6r 30 dagars regelbunden anv\u00e4ndning)<\/span><\/p>\n","protected":false},"excerpt":{"rendered":"<p>Bach-droppar \u00e4r effektiva mot olika k\u00e4nslom\u00e4ssiga besv\u00e4r. De hj\u00e4lper till i olika kriser och sv\u00e5ra livssituationer. De hj\u00e4lper till att lugna ner sig och h\u00e5lla huvudet kallt. De p\u00e5verkar v\u00e5rt k\u00e4nslol\u00e4ge och hj\u00e4lper till att harmonisera det.<\/p>\n<p>\ud83d\udc9a Dropparna packas f\u00f6r hand p\u00e5 leveransdagen.<br \/>\n\ud83d\udc9a De \u00e4r l\u00e4mpliga f\u00f6r alla m\u00e4nniskor (gravida kvinnor, \u00e4ldre, barn, &#8230;) och djur.<br \/>\n\ud83d\udc9a De har inga biverkningar, \u00e4r inte beroendeframkallande och kan inte \u00f6verdoseras.<br \/>\n\ud83d\udc9a Du kan m\u00e4rka de f\u00f6rsta resultaten efter n\u00e5gra dagar eller veckor, detta beror p\u00e5 varje individ.<br \/>\n\ud83d\udc9a Interagerar inte med andra l\u00e4kemedel.<\/p>\n","protected":false},"featured_media":6911,"comment_status":"open","ping_status":"closed","template":"","meta":{"_acf_changed":false},"product_brand":[],"product_cat":[225,236,224],"product_tag":[],"class_list":{"0":"post-6917","1":"product","2":"type-product","3":"status-publish","4":"has-post-thumbnail","6":"product_cat-alla-produkter","7":"product_cat-bachs-droppar","8":"product_cat-erbjudande","10":"first","11":"instock","12":"sale","13":"taxable","14":"shipping-taxable","15":"purchasable","16":"product-type-simple"},"acf":[],"_links":{"self":[{"href":"https:\/\/fengchashop.com\/se\/wp-json\/wp\/v2\/product\/6917","targetHints":{"allow":["GET"]}}],"collection":[{"href":"https:\/\/fengchashop.com\/se\/wp-json\/wp\/v2\/product"}],"about":[{"href":"https:\/\/fengchashop.com\/se\/wp-json\/wp\/v2\/types\/product"}],"replies":[{"embeddable":true,"href":"https:\/\/fengchashop.com\/se\/wp-json\/wp\/v2\/comments?post=6917"}],"wp:featuredmedia":[{"embeddable":true,"href":"https:\/\/fengchashop.com\/se\/wp-json\/wp\/v2\/media\/6911"}],"wp:attachment":[{"href":"https:\/\/fengchashop.com\/se\/wp-json\/wp\/v2\/media?parent=6917"}],"wp:term":[{"taxonomy":"product_brand","embeddable":true,"href":"https:\/\/fengchashop.com\/se\/wp-json\/wp\/v2\/product_brand?post=6917"},{"taxonomy":"product_cat","embeddable":true,"href":"https:\/\/fengchashop.com\/se\/wp-json\/wp\/v2\/product_cat?post=6917"},{"taxonomy":"product_tag","embeddable":true,"href":"https:\/\/fengchashop.com\/se\/wp-json\/wp\/v2\/product_tag?post=6917"}],"curies":[{"name":"wp","href":"https:\/\/api.w.org\/{rel}","templated":true}]}}