{"id":6915,"date":"2022-02-06T20:53:00","date_gmt":"2022-02-06T19:53:00","guid":{"rendered":"https:\/\/fengchashop.com\/se\/product\/bach-blomsterdroppar-utbrandhet\/"},"modified":"2026-01-28T17:45:48","modified_gmt":"2026-01-28T16:45:48","slug":"bach-blomsterdroppar-utbrandhet","status":"publish","type":"product","link":"https:\/\/fengchashop.com\/se\/product\/bach-blomsterdroppar-utbrandhet\/","title":{"rendered":"Bach blomsterdroppar Utbr\u00e4ndhet"},"content":{"rendered":"<h2 style=\"text-align: justify;\"><span style=\"color: #000000;\">Bachdroppar mot utbr\u00e4ndhet<\/span><\/h2>\n<p style=\"text-align: justify;\"><span style=\"color: #000000;\">Utbr\u00e4ndhet \u00e4r en psykisk st\u00f6rning d\u00e4r en individ inte kan hitta en h\u00e4lsosam gr\u00e4ns och ger efter f\u00f6r<strong> \u00f6verdrivet arbete<\/strong>. Det forts\u00e4tter tills det leder till ett psykofysiskt sammanbrott. I allt h\u00f6gre grad \u00e4r <strong>perfektionism<\/strong> ocks\u00e5 en utl\u00f6sande faktor f\u00f6r utbr\u00e4ndhet. <\/span><\/p>\n<p style=\"text-align: justify;\"><span style=\"color: #000000;\">K\u00e4nner du dig <b>tr\u00f6tt<\/b> hela tiden? Upplever du <b>\u00e5ngest<\/b> och <b>panikattacker<\/b>? Din sj\u00e4lvk\u00e4nsla sviktar och du l\u00e4gger ner f\u00f6r mycket tid och energi p\u00e5 jobbet? Du k\u00e4nner dig deprimerad och dina k\u00e4nslom\u00e4ssiga upplevelser varierar. Allt detta \u00e4r redan f\u00f6r mycket f\u00f6r dig, och det p\u00e5verkar ocks\u00e5 din fysiska h\u00e4lsa, ditt immunf\u00f6rsvar sjunker. Eller behandlas du av en specialist och beh\u00f6ver ett naturligt <b>komplement till din befintliga terapi<\/b>? D\u00e5 har vi l\u00f6sningen f\u00f6r dig.<\/span><\/p>\n<p style=\"text-align: justify;\"><span style=\"color: #000000;\">De f\u00f6rsta resultaten kommer att synas inom n\u00e5gra dagar eller veckor, det beror p\u00e5 varje individ. Den beredda blandningen r\u00e4cker i 30 dagar, applicera helt enkelt direkt i munnen eller droppa i ett glas vatten. <\/span><\/p>\n<h2 style=\"text-align: justify;\"><span style=\"color: #000000;\">Hur Bach droppar fungerar<\/span><\/h2>\n<p style=\"text-align: justify;\"><span style=\"color: #000000;\">Bachs droppar fungerar effektivt mot en m\u00e4ngd olika <b>k\u00e4nslom\u00e4ssiga<\/b> problem.<b> Utmattning som ett resultat av \u00f6verutmattning av sig sj\u00e4lv \u00e4r verkligen ett av dessa tillst\u00e5nd.<\/b> Bach droppar hj\u00e4lper oss i olika kriser och sv\u00e5ra situationer i livet, pr\u00f6vningar och vederm\u00f6dor. De hj\u00e4lper oss att lugna ner oss och h\u00e5lla huvudet kallt eftersom de verkar p\u00e5 v\u00e5rt k\u00e4nslol\u00e4ge och hj\u00e4lper till att harmonisera det. Med hj\u00e4lp av Bach-dropparna tar vi kontroll \u00f6ver <b>v\u00e5ra k\u00e4nslor<\/b> och endast p\u00e5 detta s\u00e4tt skapar vi harmoni och finner d\u00e4rmed v\u00e5r inre frid.<\/span><\/p>\n<p style=\"text-align: justify;\"><span style=\"color: #000000;\">Bach-terapi fr\u00e4mjar sj\u00e4lvl\u00e4kning och andlig avslappning. Enligt Dr Bachs teori ligger orsaken till sjukdom i ett oharmoniskt tillst\u00e5nd eller i en brist p\u00e5 harmoni mellan kropp och sj\u00e4l. Med hj\u00e4lp av blomessenser f\u00f6rs\u00f6ker vi bota sjukdomar genom att utnyttja blommornas <b>positiva egenskaper<\/b> f\u00f6r att hj\u00e4lpa oss att \u00e5terst\u00e4lla balansen inom oss sj\u00e4lva.<\/span><\/p>\n<p style=\"text-align: justify;\"><span style=\"color: #000000;\">Bach-dropparna bereds enligt Dr Bachs metod och<b> endast med ursprungliga Bach<\/b>-essenser.<\/span><\/p>\n<p style=\"text-align: justify;\"><span style=\"color: #000000;\">Bach-dropparna tas ur en flaska med tillh\u00f6rande pipett, vilket g\u00f6r doseringen mycket enkel. Ta 4 droppar 4 g\u00e5nger om dagen, rimligen under hela dagen. Den flaska du f\u00e5r r\u00e4cker till 1 m\u00e5nads behandling. <\/span><\/p>\n<p style=\"text-align: justify;\"><span style=\"color: #000000;\">Varje flaska<b> <\/b>av den valda blandningen <b>bereds f\u00f6r hand och i realtid<\/b>. F\u00f6r att h\u00e5lla blandningen fr\u00e4sch l\u00e4ngre anv\u00e4nder vi lite alkohol (cognac). Blandningen har en h\u00e5llbarhetstid p\u00e5 1 m\u00e5nad fr\u00e5n ink\u00f6psdatumet.<\/span><\/p>\n<p style=\"text-align: justify;\"><span style=\"color: #000000;\">Eftersom Bach-droppar <strong>inte har n\u00e5gra<\/strong> <b>biverkningar<\/b> kan de inte \u00f6verdoseras och \u00e4r inte beroendeframkallande. De \u00e4r l\u00e4mpliga f\u00f6r alla &#8211; gravida kvinnor, ammande m\u00f6drar, \u00e4ldre, barn och djur.<\/span><\/p>\n<p style=\"text-align: justify;\"><span style=\"color: #000000;\">De interagerar inte med andra l\u00e4kemedel.<\/span><\/p>\n<h2>F\u00f6rvaring<\/h2>\n<p>F\u00f6rvaras torrt och m\u00f6rkt vid en temperatur p\u00e5 upp till +25 \u00b0C.<\/p>\n<h2 style=\"text-align: justify;\"><span style=\"color: #000000;\">Kvantitet<\/span><\/h2>\n<p style=\"text-align: justify;\"><span style=\"color: #000000;\">30 ml (r\u00e4cker f\u00f6r 30 dagars regelbunden anv\u00e4ndning)<\/span><\/p>\n","protected":false},"excerpt":{"rendered":"<p>Bach-droppar \u00e4r effektiva mot olika k\u00e4nslom\u00e4ssiga besv\u00e4r. De hj\u00e4lper till i olika kriser och sv\u00e5ra livssituationer. De hj\u00e4lper till att lugna ner sig och h\u00e5lla huvudet kallt. De p\u00e5verkar v\u00e5rt k\u00e4nslol\u00e4ge och hj\u00e4lper till att harmonisera det.<\/p>\n<p>\ud83d\udc9a Dropparna packas f\u00f6r hand p\u00e5 leveransdagen.<br \/>\n\ud83d\udc9a De \u00e4r l\u00e4mpliga f\u00f6r alla m\u00e4nniskor (gravida kvinnor, \u00e4ldre, barn, &#8230;) och djur.<br \/>\n\ud83d\udc9a De har inga biverkningar, \u00e4r inte beroendeframkallande och kan inte \u00f6verdoseras.<br \/>\n\ud83d\udc9a Du kan m\u00e4rka de f\u00f6rsta resultaten efter n\u00e5gra dagar eller veckor, detta beror p\u00e5 varje individ.<br \/>\n\ud83d\udc9a Interagerar inte med andra l\u00e4kemedel.<\/p>\n","protected":false},"featured_media":6911,"comment_status":"open","ping_status":"closed","template":"","meta":{"_acf_changed":false},"product_brand":[],"product_cat":[225,236,224],"product_tag":[],"class_list":{"0":"post-6915","1":"product","2":"type-product","3":"status-publish","4":"has-post-thumbnail","6":"product_cat-alla-produkter","7":"product_cat-bachs-droppar","8":"product_cat-erbjudande","10":"first","11":"instock","12":"sale","13":"taxable","14":"shipping-taxable","15":"purchasable","16":"product-type-simple"},"acf":[],"_links":{"self":[{"href":"https:\/\/fengchashop.com\/se\/wp-json\/wp\/v2\/product\/6915","targetHints":{"allow":["GET"]}}],"collection":[{"href":"https:\/\/fengchashop.com\/se\/wp-json\/wp\/v2\/product"}],"about":[{"href":"https:\/\/fengchashop.com\/se\/wp-json\/wp\/v2\/types\/product"}],"replies":[{"embeddable":true,"href":"https:\/\/fengchashop.com\/se\/wp-json\/wp\/v2\/comments?post=6915"}],"wp:featuredmedia":[{"embeddable":true,"href":"https:\/\/fengchashop.com\/se\/wp-json\/wp\/v2\/media\/6911"}],"wp:attachment":[{"href":"https:\/\/fengchashop.com\/se\/wp-json\/wp\/v2\/media?parent=6915"}],"wp:term":[{"taxonomy":"product_brand","embeddable":true,"href":"https:\/\/fengchashop.com\/se\/wp-json\/wp\/v2\/product_brand?post=6915"},{"taxonomy":"product_cat","embeddable":true,"href":"https:\/\/fengchashop.com\/se\/wp-json\/wp\/v2\/product_cat?post=6915"},{"taxonomy":"product_tag","embeddable":true,"href":"https:\/\/fengchashop.com\/se\/wp-json\/wp\/v2\/product_tag?post=6915"}],"curies":[{"name":"wp","href":"https:\/\/api.w.org\/{rel}","templated":true}]}}