{"id":6910,"date":"2022-02-06T20:15:00","date_gmt":"2022-02-06T19:15:00","guid":{"rendered":"https:\/\/fengchashop.com\/se\/product\/bach-blomsterdroppar\/"},"modified":"2026-01-21T18:18:31","modified_gmt":"2026-01-21T17:18:31","slug":"bach-blomsterdroppar","status":"publish","type":"product","link":"https:\/\/fengchashop.com\/se\/product\/bach-blomsterdroppar\/","title":{"rendered":"Bach blomsterdroppar"},"content":{"rendered":"<h2><span style=\"color: #000000;\">Bach-droppar &#8211; g\u00f6r det sj\u00e4lv<\/span><\/h2>\n<p><span style=\"color: #000000;\">Vill du ta kontroll \u00f6ver <strong>dina k\u00e4nslor, hitta harmoni och inre frid<\/strong>?<\/span><\/p>\n<p><span style=\"color: #000000;\">Dr. Edvard Bach uppt\u00e4ckte 38 blomessenser f\u00f6r individuella k\u00e4nslom\u00e4ssiga tillst\u00e5nd. Bach-dropparna verkar effektivt mot olika k\u00e4nslom\u00e4ssiga problem hos individen. Dropparna \u00e4r fria fr\u00e5n biverkningar och l\u00e4tta att anv\u00e4nda. De hj\u00e4lper vid olika kriser och sv\u00e5ra livssituationer. De hj\u00e4lper till att lugna ner sig och h\u00e5lla ett lugnt huvud. De arbetar med v\u00e5rt k\u00e4nslom\u00e4ssiga tillst\u00e5nd och hj\u00e4lper till att harmonisera det.<\/span><\/p>\n<ul>\n<li><span style=\"color: #000000;\">De \u00e4r l\u00e4mpliga f\u00f6r alla m\u00e4nniskor (gravida kvinnor, \u00e4ldre, barn etc.) och djur.<\/span><\/li>\n<li><span style=\"color: #000000;\">De har inga biverkningar, \u00e4r inte beroendeframkallande och kan inte \u00f6verdoseras.<\/span><\/li>\n<li><span style=\"color: #000000;\">De f\u00f6rsta resultaten kan observeras efter n\u00e5gra dagar eller veckor, detta beror p\u00e5 varje individ.<\/span><\/li>\n<li><span style=\"color: #000000;\">Det st\u00f6r inte andra l\u00e4kemedel.<\/span><\/li>\n<li><span style=\"color: #000000;\">Dropparna f\u00f6rpackas f\u00f6r hand, i tid p\u00e5 avs\u00e4ndningsdagen.<\/span><\/li>\n<\/ul>\n<p><span style=\"color: #000000;\">Med hj\u00e4lp av Bach-droppar tar vi kontroll \u00f6ver v\u00e5ra k\u00e4nslor, finner harmoni och inre frid. Blandningarna av Bach-droppar framst\u00e4lls enligt Dr. Bachs metod och <strong>med de ursprungliga Bach-essenserna<\/strong>.<\/span><\/p>\n<p><span style=\"color: #000000;\">Om du inte vet vilka essenser som \u00e4r l\u00e4mpliga f\u00f6r dig, v\u00e4lj <a style=\"color: #000000;\" href=\"https:\/\/se.fengchashop.com\/product\/bach-blomsterdroppar-radgivning\/\" target=\"_self\">Bach Counselling-tj\u00e4nsten<\/a>.<\/span><\/p>\n<h2><span style=\"color: #000000;\">Val av droppar<\/span><\/h2>\n<p>Du kan v\u00e4lja din egen blandning av Bachblomster efter ditt nuvarande k\u00e4nslom\u00e4ssiga tillst\u00e5nd. V\u00e4lj upp till <strong data-start=\"1292\" data-end=\"1312\">7 olika essenser<\/strong> fr\u00e5n listan nedan. V\u00e4nligen ange dem i <strong data-start=\"1354\" data-end=\"1385\">f\u00e4ltet f\u00f6r orderkommentarer<\/strong> vid utcheckningen. N\u00e4r vi har mottagit din best\u00e4llning f\u00f6rbereder vi din personliga blandning.<\/p>\n<h2><span style=\"color: #000000;\">Lista \u00f6ver Bachs blomessenser<\/span><\/h2>\n<p><span style=\"color: #000000;\"><strong>AGRIMONY (REPIC):<\/strong> sp\u00e4nning och rastl\u00f6shet i kroppen, spelar leende, mask, visar inte k\u00e4nslor, beroenden<\/span><\/p>\n<p><span style=\"color: #000000;\"><strong>ASPEN (TREPETLIKA)<\/strong>: f\u00f6r ok\u00e4nda r\u00e4dslor, onda f\u00f6raningar, mardr\u00f6mmar, blyga personer, \u00e5ngest och \u00e5ngest<\/span><\/p>\n<p><span style=\"color: #000000;\"><strong>BEECH:<\/strong> \u00f6verdriven kritik, ot\u00e5lighet, arrogans, f\u00f6rdomar<\/span><\/p>\n<p><span style=\"color: #000000;\"><strong>CENTAURY (TAJENTROZ):<\/strong> f\u00f6r hj\u00e4lpsam, kan inte s\u00e4ga nej, kan inte s\u00e4tta gr\u00e4nser och kan inte st\u00e5 upp f\u00f6r sig sj\u00e4lv<\/span><\/p>\n<p><span style=\"color: #000000;\"><strong>CERATO (ROSE):<\/strong> obeslutsamhet, p\u00e5 grund av brist p\u00e5 f\u00f6rtroende f\u00f6r sin egen \u00e5sikt, ber st\u00e4ndigt andra om r\u00e5d<\/span><\/p>\n<p><span style=\"color: #000000;\"><strong>CHERRY PLUM:<\/strong> r\u00e4dsla f\u00f6r att tappa kontrollen och f\u00f6r att g\u00f6ra n\u00e5got mot sig sj\u00e4lv eller andra, inre sp\u00e4nningar, utbrott av ilska och raseri<\/span><\/p>\n<p><span style=\"color: #000000;\"><strong>CHESTNUT BUD:<\/strong> att upprepa samma misstag och vanor om och om igen, att vara oh\u00e4mmad <\/span><\/p>\n<p><span style=\"color: #000000;\"><strong>CHICORY:<\/strong> manipulation, utpressning, possessivitet, intensiv svartsjuka<\/span><\/p>\n<p><span style=\"color: #000000;\"><strong>CLEMATIS (SROBOT):<\/strong> dagdr\u00f6mmeri, f\u00f6rvirring, ouppm\u00e4rksamhet, mental distraktion, koncentrationssv\u00e5righeter <\/span><\/p>\n<p><span style=\"color: #000000;\"><strong>CRAB APPLE:<\/strong> skam, k\u00e4nsla av att vara smutsig, perfektionism, tv\u00e5ngsm\u00e4ssigt behov av renlighet<\/span><\/p>\n<p><span style=\"color: #000000;\"><strong>ELM (BREST):<\/strong> tillf\u00e4llig nedg\u00e5ng i energi vid utmattning, n\u00e4r man arbetar f\u00f6r andra m\u00e4nniskor, stress, \u00f6verv\u00e4ldigande<\/span><\/p>\n<p><span style=\"color: #000000;\"><strong>GENTIAN:<\/strong> pessimism, sorgsenhet av k\u00e4nt ursprung, mild depression<\/span><\/p>\n<p><span style=\"color: #000000;\"><strong>GORSE (ULEX):<\/strong> f\u00f6rtvivlan, ingenting \u00e4r meningsfullt l\u00e4ngre<\/span><\/p>\n<p><span style=\"color: #000000;\"><strong>HEATHER (AUTUMN HEAT):<\/strong> pratar alltid om sig sj\u00e4lv och sina problem, monologer, sj\u00e4lv\u00f6mkan, vill vara i centrum f\u00f6r uppm\u00e4rksamheten<\/span><\/p>\n<p><span style=\"color: #000000;\"><strong>HOLLY (BODIC):<\/strong> svartsjuka, aktiv ilska, ilska som visar sig ut\u00e5t, misst\u00e4nksamhet, hat<\/span><\/p>\n<p><span style=\"color: #000000;\"><strong>HONEYSUCKLE (COWBOY):<\/strong> lever i det f\u00f6rflutna, domningar, nostalgi, melankoli<\/span><\/p>\n<p><span style=\"color: #000000;\"><strong>HORNBEAM (GABER):<\/strong> f\u00f6r mental och psykisk utmattning, mental tr\u00f6tthet, brist p\u00e5 energi, morgontr\u00f6tthet, sl\u00f6het och rutin<\/span><\/p>\n<p><span style=\"color: #000000;\"><strong>IMPATIENS (NEDOTICS):<\/strong> ot\u00e5lig, impulsivitet, ot\u00e5lighet, sp\u00e4nning, irritabilitet, intolerans<\/span><\/p>\n<p><span style=\"color: #000000;\"><strong>LARCH:<\/strong> sj\u00e4lvmedvetenhet, minderv\u00e4rdesk\u00e4nslor, misslyckande under press, r\u00e4dsla inf\u00f6r prov och prestationer<\/span><\/p>\n<p><span style=\"color: #000000;\"><strong>MIMULUS (KRINKAR):<\/strong> f\u00f6r bekanta r\u00e4dslor, r\u00e4dsla, blyghet, \u00f6verk\u00e4nslighet<\/span><\/p>\n<p><span style=\"color: #000000;\"><strong>MUSTARD (BITTER):<\/strong> depression av ok\u00e4nd orsak, perioder av \u00e5terkommande nedst\u00e4mdhet utan orsak<\/span><\/p>\n<p><span style=\"color: #000000;\"><strong>EK (PINNE):<\/strong> att aldrig stanna upp, att inte kunna vila, utbr\u00e4ndhet, att ta p\u00e5 sig andras b\u00f6rdor, att offra sig sj\u00e4lv<\/span><\/p>\n<p><span style=\"color: #000000;\"><strong>OLIV:<\/strong> mental och fysisk utmattning, tr\u00f6tthet, \u00f6veranstr\u00e4ngning, svaghet <\/span><\/p>\n<p><span style=\"color: #000000;\"><strong>PINE (BOR):<\/strong> skuldk\u00e4nslor, alltid be om urs\u00e4kt och s\u00e4ga tack f\u00f6r ofta, \u00f6verdriven sj\u00e4lvkritik<\/span><\/p>\n<p><span style=\"color: #000000;\"><strong>RED CHESTNUT:<\/strong> oro f\u00f6r n\u00e4ra och k\u00e4ra, \u00f6verdriven bindning till n\u00e4ra personer<\/span><\/p>\n<p><span style=\"color: #000000;\"><strong>ROCK ROSE (SOLUPG\u00c5NG):<\/strong> panik, skr\u00e4ck, extrem r\u00e4dsla<\/span><\/p>\n<p><span style=\"color: #000000;\"><strong>ROCK WATER (STUDENT):<\/strong> sp\u00e4nning, stelhet, perfektionism<\/span><\/p>\n<p><span style=\"color: #000000;\"><strong>SCLERANTHUS (CANCER):<\/strong> obeslutsamhet, instabilitet, mental splittring mellan tv\u00e5 alternativ, st\u00e4ndiga f\u00f6r\u00e4ndringar av \u00e5sikter och hum\u00f6r<\/span><\/p>\n<p><span style=\"color: #000000;\"><strong>BETHLEHEMS STJ\u00c4RNA:<\/strong> f\u00f6r fysisk och mental oro, chocker, tidigare och nuvarande trauman, hj\u00e4lper dig att ta dig samman efter livets alla pr\u00f6vningar<\/span><\/p>\n<p><span style=\"color: #000000;\"><strong>SWEET CHESTNUT: en<\/strong> sv\u00e5r pr\u00f6vning i livet som inte kan klaras av, sorg<\/span><\/p>\n<p><span style=\"color: #000000;\"><strong>VERVAIN:<\/strong> \u00f6verdriven entusiasm, fanatism, \u00f6vertygar andra om att hans id\u00e9er \u00e4r de b\u00e4sta<\/span><\/p>\n<p><span style=\"color: #000000;\"><strong>VINE (VINE TRTA):<\/strong> ledare, bef\u00e4lhavare, tyranni, auktoritet, str\u00e4nghet<\/span><\/p>\n<p><span style=\"color: #000000;\"><strong>WALNUT (EAGLE):<\/strong> f\u00f6r nya steg i livet (skilsm\u00e4ssa, flytt, pension, pubertet, medel\u00e5lderskris, klimakteriet&#8230;), f\u00f6r b\u00e4ttre s\u00f6mn, hj\u00e4lper till att hitta din biorytm<\/span><\/p>\n<p><span style=\"color: #000000;\"><strong>VATTEN VIOLETT:<\/strong> f\u00f6r upph\u00f6jda personer som gillar att vara ensamma<\/span><\/p>\n<p><span style=\"color: #000000;\"><strong>WHITE CHESTNUT:<\/strong> tankar som alltid snurrar runt i huvudet, koncentrationssv\u00e5righeter och s\u00f6mnl\u00f6shet<\/span><\/p>\n<p><span style=\"color: #000000;\"><strong>VILD HAVRE:<\/strong> kan inte hitta mening i sitt liv, har inget syfte<\/span><\/p>\n<p><span style=\"color: #000000;\"><strong>VILDROSA:<\/strong> uppgivenhet inf\u00f6r \u00f6det, likgiltighet, apati<\/span><\/p>\n<p><span style=\"color: #000000;\"><strong>WILLOW:<\/strong> undertryckt ilska, offerroll, skyller alltid p\u00e5 andra och tar inte ansvar f\u00f6r sina handlingar, bitter, f\u00f6rbittrad, f\u00f6rbittrad, f\u00f6rbittrad, frustrerad och f\u00f6rbittrad<\/span><\/p>\n","protected":false},"excerpt":{"rendered":"<p>Bach-droppar \u00e4r effektiva mot olika k\u00e4nslom\u00e4ssiga besv\u00e4r. De hj\u00e4lper till i olika kriser och sv\u00e5ra livssituationer. De hj\u00e4lper till att lugna ner sig och h\u00e5lla huvudet kallt. De p\u00e5verkar v\u00e5rt k\u00e4nslol\u00e4ge och hj\u00e4lper till att harmonisera det.<\/p>\n<p>\ud83d\udc9a Dropparna packas f\u00f6r hand p\u00e5 leveransdagen.<br \/>\n\ud83d\udc9a De \u00e4r l\u00e4mpliga f\u00f6r alla m\u00e4nniskor (gravida kvinnor, \u00e4ldre, barn, &#8230;) och djur.<br \/>\n\ud83d\udc9a De har inga biverkningar, \u00e4r inte beroendeframkallande och kan inte \u00f6verdoseras.<br \/>\n\ud83d\udc9a Du kan m\u00e4rka de f\u00f6rsta resultaten efter n\u00e5gra dagar eller veckor, detta beror p\u00e5 varje individ.<br \/>\n\ud83d\udc9a Interagerar inte med andra l\u00e4kemedel.<\/p>\n","protected":false},"featured_media":6911,"comment_status":"open","ping_status":"closed","template":"","meta":{"_acf_changed":false},"product_brand":[],"product_cat":[225,236,224],"product_tag":[],"class_list":{"0":"post-6910","1":"product","2":"type-product","3":"status-publish","4":"has-post-thumbnail","6":"product_cat-alla-produkter","7":"product_cat-bachs-droppar","8":"product_cat-erbjudande","10":"first","11":"instock","12":"taxable","13":"shipping-taxable","14":"purchasable","15":"product-type-simple"},"acf":[],"_links":{"self":[{"href":"https:\/\/fengchashop.com\/se\/wp-json\/wp\/v2\/product\/6910","targetHints":{"allow":["GET"]}}],"collection":[{"href":"https:\/\/fengchashop.com\/se\/wp-json\/wp\/v2\/product"}],"about":[{"href":"https:\/\/fengchashop.com\/se\/wp-json\/wp\/v2\/types\/product"}],"replies":[{"embeddable":true,"href":"https:\/\/fengchashop.com\/se\/wp-json\/wp\/v2\/comments?post=6910"}],"wp:featuredmedia":[{"embeddable":true,"href":"https:\/\/fengchashop.com\/se\/wp-json\/wp\/v2\/media\/6911"}],"wp:attachment":[{"href":"https:\/\/fengchashop.com\/se\/wp-json\/wp\/v2\/media?parent=6910"}],"wp:term":[{"taxonomy":"product_brand","embeddable":true,"href":"https:\/\/fengchashop.com\/se\/wp-json\/wp\/v2\/product_brand?post=6910"},{"taxonomy":"product_cat","embeddable":true,"href":"https:\/\/fengchashop.com\/se\/wp-json\/wp\/v2\/product_cat?post=6910"},{"taxonomy":"product_tag","embeddable":true,"href":"https:\/\/fengchashop.com\/se\/wp-json\/wp\/v2\/product_tag?post=6910"}],"curies":[{"name":"wp","href":"https:\/\/api.w.org\/{rel}","templated":true}]}}