{"id":6879,"date":"2022-01-06T15:30:00","date_gmt":"2022-01-06T14:30:00","guid":{"rendered":"https:\/\/fengchashop.com\/se\/product\/matcha-bio-125-g\/"},"modified":"2026-04-29T12:36:55","modified_gmt":"2026-04-29T10:36:55","slug":"matcha-bio","status":"publish","type":"product","link":"https:\/\/fengchashop.com\/se\/product\/matcha-bio\/","title":{"rendered":"Matcha BIO 250 g"},"content":{"rendered":"<h2 style=\"text-align: justify;\"><span style=\"color: #000000;\">Matcha bio\u00a0<\/span><\/h2>\n<p style=\"text-align: justify;\"><span style=\"color: #000000;\">Den popul\u00e4ra matchan \u00e4r egentligen ett<strong> pulveriserat gr\u00f6nt te<\/strong>. V\u00e5r version av matcha \u00e4r fr\u00e4mst avsedd f\u00f6r matlagning och \u00e4r d\u00e4rf\u00f6r av h\u00f6g kvalitet.<\/span><\/p>\n<p style=\"text-align: justify;\"><span style=\"color: #000000;\">Matcha \u00e4r <strong>te av b\u00e4sta kvalitet med en stark karakt\u00e4r<\/strong>. Matcha-teplantan odlas i skugga i minst en m\u00e5nad innan den sk\u00f6rdas, och tebladen befrias fr\u00e5n bladnerver och stj\u00e4lkar innan de bearbetas. De teblad som produceras p\u00e5 detta s\u00e4tt \u00e4r extremt <strong>rika p\u00e5 koffein och tein<\/strong>. Under m\u00e5nga \u00e5r har matcha varit k\u00e4nt som buddhistmunkarnas te, som dricker det f\u00f6r att koncentrera sig, fokusera och rensa sinnet.<\/span><\/p>\n<p style=\"text-align: justify;\"><span style=\"color: #000000;\">Det inneh\u00e5ller m\u00e5nga ingredienser som har en <strong>antioxidant<\/strong> effekt p\u00e5 kroppen. Typiskt f\u00f6r gr\u00f6nt te \u00e4r att det inneh\u00e5ller <strong>polyfenoler<\/strong> och <strong>flavonoider<\/strong>. Det \u00e4r ocks\u00e5 rikt p\u00e5 vitamin A, B, C och E. Allt detta bidrar till de antiinflammatoriska och immunf\u00f6rsvarsst\u00e4rkande egenskaperna hos gr\u00f6nt matcha-te. Det \u00e4r inte heller lika bittert som vissa gr\u00f6na teer, tack vare s\u00e5 kallade katekiner, som inte finns i \u00f6verfl\u00f6d i matcha-te p\u00e5 grund av dess speciella skuggodlade produktion. Dessutom h\u00e5ller matcha oss pigga tack vare sin h\u00f6ga tein- och koffeinhalt, men orsakar inte den karakteristiska rastl\u00f6shet som ofta upplevs av dem som dricker f\u00f6r mycket kaffe.<\/span><\/p>\n<h2 style=\"text-align: justify;\"><span style=\"color: #000000;\">F\u00f6rvaring och varningar<\/span><\/h2>\n<p style=\"text-align: justify;\"><span style=\"color: #000000;\">F\u00f6rvaras p\u00e5 en torr, m\u00f6rk och sval plats. Se till att p\u00e5sen eller l\u00e5dan \u00e4r ordentligt st\u00e4ngd. Produkten kan ocks\u00e5 f\u00f6rvaras i kylsk\u00e5p.<\/span><\/p>\n<h2 style=\"text-align: justify;\"><span style=\"color: #000000;\">F\u00f6rpackning<\/span><\/h2>\n<p style=\"text-align: justify;\"><span style=\"color: #000000;\">Icke-genomsl\u00e4pplig zip-lock-p\u00e5se, d\u00e4r produkten beh\u00e5ller all sin fr\u00e4sch\u00f6r och arom. F\u00f6rpackningen skyddar produkten fr\u00e5n ljus och luft, eftersom den best\u00e5r av flera lager av skydd f\u00f6r att bevara inneh\u00e5llets egenskaper.<\/span><\/p>\n<p style=\"text-align: justify;\"><span style=\"color: #000000;\">F\u00f6rpackningen \u00e4r mycket praktisk och \u00e5tervinningsbar.<\/span><\/p>\n<h2 style=\"text-align: justify;\"><span style=\"color: #000000;\">Ursprung<\/span><\/h2>\n<p style=\"text-align: justify;\"><span style=\"color: #000000;\">Kina. <\/span>Vi har mycket p\u00e5litliga leverant\u00f6rer som skickar oss en exakt kemisk analys av livsmedlet f\u00f6r varje parti. Vi har inte haft n\u00e5gra \u00e5terkallelser eller andra problem med denna produkt eller andra produkter fr\u00e5n samma leverant\u00f6r p\u00e5 \u00f6ver tio \u00e5r. Artikeln har ett 100% ekologiskt certifikat.<\/p>\n","protected":false},"excerpt":{"rendered":"<p>Matcha \u00e4r gr\u00f6nt te av finaste kvalitet. Matcha \u00e4r buddhistmunkarnas dryck, som de dricker f\u00f6r att koncentrera sig, fokusera och rensa sinnet. Det inneh\u00e5ller m\u00e5nga ingredienser som har en antioxidativ effekt p\u00e5 v\u00e5ra kroppar. Typiskt f\u00f6r gr\u00f6nt te \u00e4r att det inneh\u00e5ller polyfenoler och flavonoider. Det \u00e4r ocks\u00e5 rikt p\u00e5 vitamin A, B, C och E. Allt detta bidrar till de antiinflammatoriska och immunf\u00f6rsvarsst\u00e4rkande egenskaperna hos gr\u00f6nt matcha-te. Det \u00e4r inte heller lika bittert som vissa gr\u00f6na teer, tack vare s\u00e5 kallade katekiner, som inte finns i \u00f6verfl\u00f6d i matcha-te p\u00e5 grund av dess speciella skuggodlade produktion.<\/p>\n<p>\ud83d\udc9a Det \u00e4r fullt av antioxidanter, aminosyror och andra positiva effekter.<br \/>\n\ud83d\udc9a Ekologisk produktion.<br \/>\n\ud83d\udc9a Premiumkvalitet.<\/p>\n","protected":false},"featured_media":7650,"comment_status":"open","ping_status":"closed","template":"","meta":{"_acf_changed":false},"product_brand":[],"product_cat":[225,224,205],"product_tag":[],"class_list":{"0":"post-6879","1":"product","2":"type-product","3":"status-publish","4":"has-post-thumbnail","6":"product_cat-alla-produkter","7":"product_cat-erbjudande","8":"product_cat-te-mat-kryddor","10":"first","11":"instock","12":"sale","13":"taxable","14":"shipping-taxable","15":"purchasable","16":"product-type-simple"},"acf":[],"_links":{"self":[{"href":"https:\/\/fengchashop.com\/se\/wp-json\/wp\/v2\/product\/6879","targetHints":{"allow":["GET"]}}],"collection":[{"href":"https:\/\/fengchashop.com\/se\/wp-json\/wp\/v2\/product"}],"about":[{"href":"https:\/\/fengchashop.com\/se\/wp-json\/wp\/v2\/types\/product"}],"replies":[{"embeddable":true,"href":"https:\/\/fengchashop.com\/se\/wp-json\/wp\/v2\/comments?post=6879"}],"wp:featuredmedia":[{"embeddable":true,"href":"https:\/\/fengchashop.com\/se\/wp-json\/wp\/v2\/media\/7650"}],"wp:attachment":[{"href":"https:\/\/fengchashop.com\/se\/wp-json\/wp\/v2\/media?parent=6879"}],"wp:term":[{"taxonomy":"product_brand","embeddable":true,"href":"https:\/\/fengchashop.com\/se\/wp-json\/wp\/v2\/product_brand?post=6879"},{"taxonomy":"product_cat","embeddable":true,"href":"https:\/\/fengchashop.com\/se\/wp-json\/wp\/v2\/product_cat?post=6879"},{"taxonomy":"product_tag","embeddable":true,"href":"https:\/\/fengchashop.com\/se\/wp-json\/wp\/v2\/product_tag?post=6879"}],"curies":[{"name":"wp","href":"https:\/\/api.w.org\/{rel}","templated":true}]}}