{"id":6772,"date":"2022-05-28T20:36:49","date_gmt":"2022-05-28T18:36:49","guid":{"rendered":"https:\/\/fengchashop.com\/se\/product\/citrongras-bio-250-g\/"},"modified":"2026-04-25T09:54:05","modified_gmt":"2026-04-25T07:54:05","slug":"citrongras-bio","status":"publish","type":"product","link":"https:\/\/fengchashop.com\/se\/product\/citrongras-bio\/","title":{"rendered":"Citrongr\u00e4s BIO 250 g"},"content":{"rendered":"<h2 style=\"text-align: justify\"><span style=\"color: #000000\">Citrongr\u00e4s BIO (\u00f6rtte)<\/span><\/h2>\n<p style=\"text-align: justify\"><span style=\"color: #000000\">Citrongr\u00e4s \u00e4r ett tropiskt gr\u00e4s med karakteristiska tungformade m\u00f6rkgr\u00f6na blad som kan bli upp till 180 cm h\u00f6ga. Det \u00e4r mycket aromatiskt, fr\u00e4mst p\u00e5 grund av dess inneh\u00e5ll av <strong>citral<\/strong> och <strong>geraniol<\/strong>, som <strong>ger<\/strong> v\u00e4xten dess karakteristiska <strong>citrusdoft och smak<\/strong>. Som eterisk olja \u00e4r den ocks\u00e5 mycket popul\u00e4r inom aromaterapi och kosmetiska preparat.<\/span><\/p>\n<p style=\"text-align: justify\"><span style=\"color: #000000\">Citrongr\u00e4s \u00e4r en kraftfull <strong>antioxidant<\/strong> och en utm\u00e4rkt <strong>k\u00e4lla till C-vitamin<\/strong>, s\u00e5 det kan hj\u00e4lpa oss med f\u00f6rkylning, hosta, astma och andra andningsbesv\u00e4r. Den har ocks\u00e5 antiinflammatoriska, antibakteriella och svampd\u00f6dande egenskaper.<\/span><\/p>\n<p style=\"text-align: justify\"><span style=\"color: #000000\">Den kan anv\u00e4ndas torkad eller f\u00e4rsk och \u00e4r oumb\u00e4rlig i <strong>asiatiska recept<\/strong> med fisk, kyckling och fl\u00e4skk\u00f6tt.<\/span><\/p>\n<p style=\"text-align: justify\"><span style=\"color: #000000\">P\u00e5 grund av sin citrussmak anv\u00e4nds torkade blad fr\u00e4mst i <strong>\u00f6rtinfusioner eller te<\/strong>, men de kan ocks\u00e5 anv\u00e4ndas i en m\u00e4ngd uppfriskande <strong>kalla drycker och iste<\/strong>, som \u00e4r uppfriskande och ocks\u00e5 har en v\u00e4lg\u00f6rande effekt p\u00e5 v\u00e4lbefinnandet och minskar sp\u00e4nningar. Det passar bra med ingef\u00e4ra, kryddnejlika, citron och lime, mynta och citronmeliss. Teet reglerar matsm\u00e4ltningen och lindrar mindre matsm\u00e4ltningsproblem.<\/span><\/p>\n<h2 style=\"text-align: justify\"><span style=\"color: #000000\">Utseende<\/span><\/h2>\n<p style=\"text-align: justify\"><span style=\"color: #000000\">Skivade och torkade gr\u00f6na blad.<\/span><\/p>\n<h2 style=\"text-align: justify\"><span style=\"color: #000000\">F\u00f6rvaring<\/span><\/h2>\n<p style=\"text-align: justify\"><span style=\"color: #000000\">F\u00f6rvaras torrt, m\u00f6rkt och svalt.<\/span><\/p>\n<h2 style=\"text-align: justify\"><span style=\"color: #000000\">F\u00f6rpackning<\/span><\/h2>\n<p><span style=\"color: #000000\">Icke-genomsl\u00e4pplig zip-lock-p\u00e5se, d\u00e4r produkten beh\u00e5ller all sin fr\u00e4sch\u00f6r och arom. F\u00f6rpackningen skyddar mot ljus och luft, eftersom den \u00e4r uppbyggd av flera skyddslager som bevarar inneh\u00e5llets egenskaper.<\/span><\/p>\n<p><span style=\"color: #000000\">F\u00f6rpackningen \u00e4r mycket praktisk och \u00e5tervinningsbar.<\/span><\/p>\n<h2><span style=\"color: #000000\">Ursprung<\/span><\/h2>\n<p><span style=\"color: #000000\">Thailand eller Indien<\/span><\/p>\n","protected":false},"excerpt":{"rendered":"<p>Citrongr\u00e4s \u00e4r en kraftfull antioxidant och en utm\u00e4rkt k\u00e4lla till C-vitamin, s\u00e5 det kan hj\u00e4lpa mot f\u00f6rkylning, hosta, astma och andra andningsbesv\u00e4r. Det har ocks\u00e5 antiinflammatoriska, antibakteriella och svampd\u00f6dande egenskaper. Den kan anv\u00e4ndas torkad eller f\u00e4rsk och \u00e4r oumb\u00e4rlig i asiatiska recept med fisk, kyckling och fl\u00e4skk\u00f6tt. Den anv\u00e4nds ocks\u00e5 tillsammans med ingef\u00e4ra, kryddnejlika, citron och lime, mynta och citronmeliss. De torkade bladen anv\u00e4nds fr\u00e4mst f\u00f6r:<\/p>\n<p>\ud83d\udc9a i \u00f6rtinfusioner eller te f\u00f6r att reglera matsm\u00e4ltningen och lindra matsm\u00e4ltningsbesv\u00e4r,<br \/>\n\ud83d\udc9a som uppfriskande kalla drycker och iste.<\/p>\n","protected":false},"featured_media":6773,"comment_status":"open","ping_status":"closed","template":"","meta":{"_acf_changed":false},"product_brand":[],"product_cat":[225,224,205],"product_tag":[],"class_list":{"0":"post-6772","1":"product","2":"type-product","3":"status-publish","4":"has-post-thumbnail","6":"product_cat-alla-produkter","7":"product_cat-erbjudande","8":"product_cat-te-mat-kryddor","10":"first","11":"instock","12":"taxable","13":"shipping-taxable","14":"purchasable","15":"product-type-simple"},"acf":[],"_links":{"self":[{"href":"https:\/\/fengchashop.com\/se\/wp-json\/wp\/v2\/product\/6772","targetHints":{"allow":["GET"]}}],"collection":[{"href":"https:\/\/fengchashop.com\/se\/wp-json\/wp\/v2\/product"}],"about":[{"href":"https:\/\/fengchashop.com\/se\/wp-json\/wp\/v2\/types\/product"}],"replies":[{"embeddable":true,"href":"https:\/\/fengchashop.com\/se\/wp-json\/wp\/v2\/comments?post=6772"}],"wp:featuredmedia":[{"embeddable":true,"href":"https:\/\/fengchashop.com\/se\/wp-json\/wp\/v2\/media\/6773"}],"wp:attachment":[{"href":"https:\/\/fengchashop.com\/se\/wp-json\/wp\/v2\/media?parent=6772"}],"wp:term":[{"taxonomy":"product_brand","embeddable":true,"href":"https:\/\/fengchashop.com\/se\/wp-json\/wp\/v2\/product_brand?post=6772"},{"taxonomy":"product_cat","embeddable":true,"href":"https:\/\/fengchashop.com\/se\/wp-json\/wp\/v2\/product_cat?post=6772"},{"taxonomy":"product_tag","embeddable":true,"href":"https:\/\/fengchashop.com\/se\/wp-json\/wp\/v2\/product_tag?post=6772"}],"curies":[{"name":"wp","href":"https:\/\/api.w.org\/{rel}","templated":true}]}}