{"id":6761,"date":"2025-06-09T10:06:38","date_gmt":"2025-06-09T08:06:38","guid":{"rendered":"https:\/\/fengchashop.com\/se\/product\/sladki-koren-125-g\/"},"modified":"2026-04-21T12:45:39","modified_gmt":"2026-04-21T10:45:39","slug":"lakritspulver-bio","status":"publish","type":"product","link":"https:\/\/fengchashop.com\/se\/product\/lakritspulver-bio\/","title":{"rendered":"Lakritspulver BIO 250 g"},"content":{"rendered":"<h2><strong>Vad \u00e4r lakrits?<\/strong><\/h2>\n<p><strong>Lakrits (Glycyrrhiza glabra)<\/strong> \u00e4r en fler\u00e5rig v\u00e4xt fr\u00e5n baljv\u00e4xtfamiljen, k\u00e4nd f\u00f6r sin karakteristiskt s\u00f6ta smak. V\u00e4xten producerar tr\u00e4iga stj\u00e4lkar varje \u00e5r som v\u00e4xer fr\u00e5n en till tv\u00e5 meter h\u00f6ga. Dess rot \u00e4r den vanligaste och inneh\u00e5ller m\u00e5nga aktiva ingredienser, varav den mest k\u00e4nda \u00e4r glycyrrhizin, som \u00e4r 50 g\u00e5nger s\u00f6tare \u00e4n sackaros (bordssocker). Den torkade och malda roten anv\u00e4nds som lakritspulver, vilket \u00e4r popul\u00e4rt inom kost, naturmedicin och kosmetika.<\/p>\n<p>Lakrits har en l\u00e5ng anv\u00e4ndningshistoria, k\u00e4nd sedan de gamla egyptiernas tid. Den har antiinflammatorisk, krampl\u00f6sande verkan, lindrar magproblem (surhet, gaser, matsm\u00e4ltningsbesv\u00e4r) och kan h\u00e4mma tillv\u00e4xten av bakterien <em>Helicobacter pylori<\/em>, som orsakar mags\u00e5r. F\u00f6rutom sina matsm\u00e4ltningsf\u00f6rdelar anv\u00e4nds den \u00e4ven vid andningsproblem (f\u00f6rkylningar, halsont och bronkit), eftersom den underl\u00e4ttar upphostning och renar luftv\u00e4garna. Den s\u00e4gs ocks\u00e5 ha en positiv effekt p\u00e5 leverfunktionen, immunf\u00f6rsvaret och kvinnors problem under klimakteriet. Den kan ocks\u00e5 ha en diuretisk och laxerande effekt.<\/p>\n<p>Inom traditionell kinesisk medicin och ayurveda anv\u00e4nds den som ett st\u00e4rkande medel f\u00f6r att f\u00f6ryngra hj\u00e4rtat och mj\u00e4lten, samt mot mags\u00e5r och hudproblem. Eftersom den \u00e5terfuktar torra halsar anv\u00e4nds den ofta av r\u00f6kare, s\u00e5ngare och talare.<\/p>\n<p>Det \u00e4r ocks\u00e5 en vanlig ingrediens i kosttillskott och \u00f6rtformler, d\u00e4r den fungerar som en l\u00e4nk mellan \u00f6rter och f\u00f6rst\u00e4rker deras verkan.<\/p>\n<h2><strong>Medicinska effekter<\/strong><\/h2>\n<p>Lakritspulver har ett brett spektrum av gynnsamma effekter p\u00e5 kroppen, vilket \u00e4r anledningen till att det ofta anv\u00e4nds inom Ayurveda och traditionell kinesisk medicin:<\/p>\n<p><strong>\ud83d\udc9a\u00a0 Antiinflammatorisk effekt: <\/strong>De aktiva ingredienserna hj\u00e4lper till att h\u00e4mma inflammation, s\u00e4rskilt vid inflammation i mag-tarmkanalen, huden och luftv\u00e4garna.<\/p>\n<p><strong>\ud83d\udc9a Andningsst\u00f6d: <\/strong> Det anv\u00e4nds traditionellt f\u00f6r att lindra hosta, halsont, bronkit och astma. Det fungerar som ett sleml\u00f6sande medel (g\u00f6r hosta l\u00e4ttare) och lindrar irritation i slemhinnan.<\/p>\n<p><strong>\ud83d\udc9a Skydd av magslemhinnan: <\/strong> Glycyrrhizin och flavonoider skyddar magv\u00e4ggen fr\u00e5n skador och hj\u00e4lper till med problem som mags\u00e5r, gastrit, reflux och infektion med <em>Helicobacter pylori<\/em>.<\/p>\n<p><strong>\ud83d\udc9a Binjurst\u00f6d<\/strong>: Reglerar kortisolniv\u00e5erna, \u00f6kar energi och fungerar som en adaptogen, vilket inneb\u00e4r att den st\u00f6djer kroppen i att hantera stress, utbr\u00e4ndhet och tr\u00f6tthet.<\/p>\n<p><strong>\ud83d\udc9a Antiviral och antibakteriell verkan:<\/strong> Den har naturliga antimikrobiella egenskaper och anv\u00e4nds som st\u00f6d vid infektioner (t.ex. herpes, influensa, hepatit B och C).<\/p>\n<p><strong>\ud83d\udc9a Hormonbalans:<\/strong> Den anv\u00e4nds traditionellt f\u00f6r att lindra symtom p\u00e5 PMS och klimakteriet, eftersom den p\u00e5verkar \u00f6strogenbalansen.<\/p>\n<h2><strong>F\u00f6rvaring och varningar<\/strong><\/h2>\n<p>F\u00f6rvaras torrt och svalt vid en temperatur p\u00e5 upp till 25 \u00b0C. F\u00f6rvara kosttillskottet utom r\u00e4ckh\u00e5ll f\u00f6r barn!<\/p>\n<p>Kom ih\u00e5g vikten av en varierad kost och en h\u00e4lsosam livsstil, d\u00e4rf\u00f6r \u00e4r ett kosttillskott inte en ers\u00e4ttning f\u00f6r en balanserad och varierad kost. Den rekommenderade dagliga m\u00e4ngden eller dosen b\u00f6r inte \u00f6verskridas.<\/p>\n<p>Vi rekommenderar inte att gravida kvinnor, ammande m\u00f6drar, barn under 12 \u00e5r, diabetiker, personer med h\u00f6gt blodtryck och hj\u00e4rtpatienter konsumerar lakrits.<\/p>\n<p>Lakrits \u00e4r f\u00f6rdelaktigt \u00e4ven i sm\u00e5 m\u00e4ngder. S\u00e5 l\u00e5t oss inte \u00f6verdriva. Den maximala dagliga m\u00e4ngden b\u00f6r vara 4 till 8 gram (det vill s\u00e4ga 1 till 2 teskedar). Lakrits har en stark fysiologisk effekt (t.ex. kan det p\u00e5verka blodtrycket), s\u00e5 det rekommenderas att b\u00f6rja med en l\u00e4gre dos (t.ex. 1\/2 tesked) och kontrollera kroppens reaktion, sedan \u00f6ka antalet doser vid behov, men \u00f6ka inte m\u00e4ngden p\u00e5 en g\u00e5ng. 1\/2 tesked \u00e4r den optimala m\u00e4ngden f\u00f6r en kopp te (ca 200\u2013250 ml). En st\u00f6rre m\u00e4ngd kan vara f\u00f6r stark, tjockare eller obehaglig att dricka.<\/p>\n<p>Vi rekommenderar inte att ta det under en l\u00e4ngre tid utan uppeh\u00e5ll. Det \u00e4r b\u00e4st att ta en paus p\u00e5 minst tv\u00e5 veckor efter 4 till 6 veckors intag.<\/p>\n<p>Lakrits s\u00e4nker kaliumhalten i blodet, s\u00e5 vid l\u00e5ngvarig konsumtion av lakrits \u00e4r det n\u00f6dv\u00e4ndigt att ers\u00e4tta den med mat (t.ex. bananer, torkade aprikoser, dadlar, spenat, mangold, b\u00f6nor, linser&#8230;).<\/p>\n<h2><strong>F\u00f6rpackning<\/strong><\/h2>\n<p>Luftt\u00e4t ziplock-p\u00e5se d\u00e4r produkten beh\u00e5ller all sin fr\u00e4sch\u00f6r och arom. F\u00f6rpackningen skyddar mot ljus och luft, eftersom den best\u00e5r av flera skyddslager som bevarar inneh\u00e5llets egenskaper.<\/p>\n<p>F\u00f6rpackningen \u00e4r mycket praktisk och m\u00f6jligg\u00f6r \u00e5tervinning.<\/p>\n<h2><strong>Ursprung<\/strong><\/h2>\n<p>Indien<\/p>\n","protected":false},"excerpt":{"rendered":"<p><strong>Lakrits<\/strong> lindrar magproblem p\u00e5 grund av magsyra, uppbl\u00e5sthet och matsm\u00e4ltningsbesv\u00e4r, och kan f\u00f6rhindra tillv\u00e4xten av heliobakterier, vilket orsakar mags\u00e5r. F\u00f6rutom magproblem anv\u00e4nds lakrits \u00e4ven vid andningsproblem. Det lindrar hosta och reng\u00f6r luftv\u00e4garna. Det s\u00e4gs ocks\u00e5 ha en positiv effekt p\u00e5 levern, immunf\u00f6rsvaret och kvinnors problem under klimakteriet. Det anv\u00e4nds ocks\u00e5 mot mags\u00e5r och hudproblem. Eftersom det \u00e5terfuktar torra halsar anv\u00e4nds det ofta av r\u00f6kare och professionella talare och s\u00e5ngare.<\/p>\n<p>\ud83d\udc9a Inom traditionell kinesisk medicin anv\u00e4nds det som ett st\u00e4rkande medel f\u00f6r att f\u00f6ryngra hj\u00e4rtat och mj\u00e4lten.<\/p>\n<p>\ud83d\udc9a Lakrits har antiinflammatoriska och krampl\u00f6sande egenskaper.<\/p>\n<p>&nbsp;<\/p>\n","protected":false},"featured_media":7125,"comment_status":"open","ping_status":"closed","template":"","meta":{"_acf_changed":false},"product_brand":[],"product_cat":[225,224,205],"product_tag":[],"class_list":{"0":"post-6761","1":"product","2":"type-product","3":"status-publish","4":"has-post-thumbnail","6":"product_cat-alla-produkter","7":"product_cat-erbjudande","8":"product_cat-te-mat-kryddor","10":"first","11":"instock","12":"taxable","13":"shipping-taxable","14":"purchasable","15":"product-type-simple"},"acf":[],"_links":{"self":[{"href":"https:\/\/fengchashop.com\/se\/wp-json\/wp\/v2\/product\/6761","targetHints":{"allow":["GET"]}}],"collection":[{"href":"https:\/\/fengchashop.com\/se\/wp-json\/wp\/v2\/product"}],"about":[{"href":"https:\/\/fengchashop.com\/se\/wp-json\/wp\/v2\/types\/product"}],"replies":[{"embeddable":true,"href":"https:\/\/fengchashop.com\/se\/wp-json\/wp\/v2\/comments?post=6761"}],"wp:featuredmedia":[{"embeddable":true,"href":"https:\/\/fengchashop.com\/se\/wp-json\/wp\/v2\/media\/7125"}],"wp:attachment":[{"href":"https:\/\/fengchashop.com\/se\/wp-json\/wp\/v2\/media?parent=6761"}],"wp:term":[{"taxonomy":"product_brand","embeddable":true,"href":"https:\/\/fengchashop.com\/se\/wp-json\/wp\/v2\/product_brand?post=6761"},{"taxonomy":"product_cat","embeddable":true,"href":"https:\/\/fengchashop.com\/se\/wp-json\/wp\/v2\/product_cat?post=6761"},{"taxonomy":"product_tag","embeddable":true,"href":"https:\/\/fengchashop.com\/se\/wp-json\/wp\/v2\/product_tag?post=6761"}],"curies":[{"name":"wp","href":"https:\/\/api.w.org\/{rel}","templated":true}]}}