{"id":6671,"date":"2022-05-23T16:14:27","date_gmt":"2022-05-23T14:14:27","guid":{"rendered":"https:\/\/fengchashop.com\/se\/product\/bockhornsklover-grekiskt-ho-triplat-bio-500-g\/"},"modified":"2026-04-20T04:18:43","modified_gmt":"2026-04-20T02:18:43","slug":"bockhornsklover-grekiskt-ho-triplat-bio","status":"publish","type":"product","link":"https:\/\/fengchashop.com\/se\/product\/bockhornsklover-grekiskt-ho-triplat-bio\/","title":{"rendered":"Bockhornskl\u00f6ver (Grekiskt h\u00f6, Triplat) BIO 500 g"},"content":{"rendered":"<h2 style=\"text-align: justify\"><span style=\"color: #000000\">Bockhornskl\u00f6ver eller ekologisk bockhornskl\u00f6ver<\/span><\/h2>\n<p style=\"text-align: justify\"><span style=\"color: #000000\">Bockhornskl\u00f6ver \u00e4r en ett\u00e5rig v\u00e4xt som blir ungef\u00e4r en halv meter h\u00f6g. Fr\u00f6na, som anv\u00e4nds som krydda, finns <strong>i v\u00e4xtens baljor<\/strong>. Den kallas ocks\u00e5 bockhornskl\u00f6ver, eller fenugreek fr\u00e5n engelska.<\/span><\/p>\n<p style=\"text-align: justify\"><span style=\"color: #000000\">Bockhornskl\u00f6ver \u00e4r rik p\u00e5 protein, vitaminer (s\u00e4rskilt D-vitamin) och mineraler samt fenol- och flavonoidf\u00f6reningar. Den har en skarp smak och en stark arom. Den anses vara en av de \u00e4ldsta v\u00e4xterna som anv\u00e4nds medicinskt och i matlagning. Traditionellt har bockhornskl\u00f6ver anv\u00e4nts f\u00f6r att behandla diabetes, kolesterol, anemi, mag- och matsm\u00e4ltningsbesv\u00e4r och kronisk hosta. Den anv\u00e4nds i traditionell kinesisk medicin och Ayurveda. Bockhornskl\u00f6ver har ocks\u00e5 en positiv effekt p\u00e5 mj\u00f6lkproduktionen vid amning.<\/span><\/p>\n<p style=\"text-align: justify\"><span style=\"color: #000000\">Den \u00e4r vanligast i det sydasiatiska och egyptiska k\u00f6ket. <\/span><\/p>\n<p style=\"text-align: justify\"><span style=\"color: #000000\">Fr\u00f6na har en s\u00f6t och n\u00f6taktig smak.<\/span><\/p>\n<p style=\"text-align: justify\"><span style=\"color: #000000\">V\u00e5r bockhornskl\u00f6ver kommer fr\u00e5n ekologisk produktion.<\/span><\/p>\n<h2 style=\"text-align: justify\"><span style=\"color: #000000\">F\u00f6rvaring<\/span><\/h2>\n<p style=\"text-align: justify\"><span style=\"color: #000000\">F\u00f6rvara p\u00e5 en sval, torr och m\u00f6rk plats. Se till att p\u00e5sen eller l\u00e5dan \u00e4r t\u00e4tt f\u00f6rsluten.<\/span><\/p>\n<h2 style=\"text-align: justify\"><span style=\"color: #000000\">F\u00f6rpackning<\/span><\/h2>\n<p style=\"text-align: justify\"><span style=\"color: #000000\">En icke genomsl\u00e4pplig zip-lock-p\u00e5se d\u00e4r produkten beh\u00e5ller all sin fr\u00e4sch\u00f6r och arom. F\u00f6rpackningen skyddar mot ljus och luft, eftersom den best\u00e5r av flera lager av skydd f\u00f6r att bevara inneh\u00e5llets egenskaper.<\/span><\/p>\n<p style=\"text-align: justify\"><span style=\"color: #000000\">F\u00f6rpackningen \u00e4r mycket praktisk och \u00e5tervinningsbar.<\/span><\/p>\n<h2><span style=\"color: #000000\">Ursprung<\/span><\/h2>\n<p><span style=\"color: #000000\">Sri Lanka eller Indien<\/span><\/p>\n","protected":false},"excerpt":{"rendered":"<p>Grekiskt h\u00f6 \u00e4r rikt p\u00e5 protein, vitaminer (s\u00e4rskilt D-vitamin) och mineraler samt fenol- och flavonoidf\u00f6reningar. Det har en skarp smak och en stark arom. Det anses vara en av de \u00e4ldsta v\u00e4xterna som anv\u00e4nds <strong>medicinskt och i mat<\/strong> lagning. Traditionellt har bockhornskl\u00f6ver anv\u00e4nts f\u00f6r att behandla diabetes, kolesterol, anemi, mag- och matsm\u00e4ltningsbesv\u00e4r och kronisk hosta. Den anv\u00e4nds i traditionell kinesisk medicin och Ayurveda.<\/p>\n<p>\ud83d\udc9a Reglerar kolesterol.<br \/>\n\ud83d\udc9a Det har en positiv effekt p\u00e5 mj\u00f6lkproduktionen vid amning.<br \/>\n\ud83d\udc9a S\u00e4nker blodsockret.<br \/>\n\ud83d\udc9a F\u00f6rb\u00e4ttrar matsm\u00e4ltningen.<\/p>\n","protected":false},"featured_media":6672,"comment_status":"open","ping_status":"closed","template":"","meta":{"_acf_changed":false},"product_brand":[],"product_cat":[225,224,205],"product_tag":[],"class_list":{"0":"post-6671","1":"product","2":"type-product","3":"status-publish","4":"has-post-thumbnail","6":"product_cat-alla-produkter","7":"product_cat-erbjudande","8":"product_cat-te-mat-kryddor","10":"first","11":"instock","12":"taxable","13":"shipping-taxable","14":"purchasable","15":"product-type-simple"},"acf":[],"_links":{"self":[{"href":"https:\/\/fengchashop.com\/se\/wp-json\/wp\/v2\/product\/6671","targetHints":{"allow":["GET"]}}],"collection":[{"href":"https:\/\/fengchashop.com\/se\/wp-json\/wp\/v2\/product"}],"about":[{"href":"https:\/\/fengchashop.com\/se\/wp-json\/wp\/v2\/types\/product"}],"replies":[{"embeddable":true,"href":"https:\/\/fengchashop.com\/se\/wp-json\/wp\/v2\/comments?post=6671"}],"wp:featuredmedia":[{"embeddable":true,"href":"https:\/\/fengchashop.com\/se\/wp-json\/wp\/v2\/media\/6672"}],"wp:attachment":[{"href":"https:\/\/fengchashop.com\/se\/wp-json\/wp\/v2\/media?parent=6671"}],"wp:term":[{"taxonomy":"product_brand","embeddable":true,"href":"https:\/\/fengchashop.com\/se\/wp-json\/wp\/v2\/product_brand?post=6671"},{"taxonomy":"product_cat","embeddable":true,"href":"https:\/\/fengchashop.com\/se\/wp-json\/wp\/v2\/product_cat?post=6671"},{"taxonomy":"product_tag","embeddable":true,"href":"https:\/\/fengchashop.com\/se\/wp-json\/wp\/v2\/product_tag?post=6671"}],"curies":[{"name":"wp","href":"https:\/\/api.w.org\/{rel}","templated":true}]}}