{"id":6661,"date":"2022-05-23T15:20:59","date_gmt":"2022-05-23T13:20:59","guid":{"rendered":"https:\/\/fengchashop.com\/se\/product\/ingefara-i-pulver-bio-250-g\/"},"modified":"2026-04-27T12:08:01","modified_gmt":"2026-04-27T10:08:01","slug":"ingefara-i-pulver-bio","status":"publish","type":"product","link":"https:\/\/fengchashop.com\/se\/product\/ingefara-i-pulver-bio\/","title":{"rendered":"Ingef\u00e4ra i pulver BIO 250 g"},"content":{"rendered":"<h2 style=\"text-align: justify\"><span style=\"color: #000000\">Ingef\u00e4ra pulver BIO<\/span><\/h2>\n<p style=\"text-align: justify\"><span style=\"color: #000000\">Ingef\u00e4ra \u00e4r en v\u00e4xt som h\u00e4rstammar fr\u00e5n Asien. Den del som vi anv\u00e4nder f\u00f6r konsumtion \u00e4r faktiskt den <strong>underjordiska f\u00f6rtjockade stammen<\/strong> eller rhizomen. Den har anv\u00e4nts f\u00f6r medicinska och n\u00e4ringsm\u00e4ssiga \u00e4ndam\u00e5l i <strong>tusentals \u00e5r<\/strong> och dess effektivitet forts\u00e4tter att f\u00f6rv\u00e5na idag. Traditionellt har ingef\u00e4ra anv\u00e4nts medicinskt f\u00f6r att behandla artrit &#8211; inflammation i lederna. Ingef\u00e4ra \u00e4r rik p\u00e5 antioxidanter, mineraler och antiinflammatoriska \u00e4mnen, vilket \u00e4r anledningen till att den oftast anv\u00e4nds tillsammans med citron och honung under influensa, halsont och f\u00f6rkylningss\u00e4song, eftersom den har en gynnsam effekt p\u00e5 alla symtom p\u00e5 dessa sjukdomar. Det \u00e4r ocks\u00e5 bra f\u00f6r att bek\u00e4mpa illam\u00e5ende, eftersom det lugnar en uppr\u00f6rd mage och lindrar sm\u00e4rta, i sj\u00e4lva verket v\u00e4rmer det magen och kroppen p\u00e5 ett behagligt s\u00e4tt. Torkat ingef\u00e4rspulver har en fyllig och aromatisk smak som p\u00e5minner lite om citron och har en karakteristisk kryddig ton. J\u00e4mf\u00f6rt med f\u00e4rsk ingef\u00e4ra \u00e4r torkad ingef\u00e4ra <strong>mer aromatisk och skarp<\/strong>, s\u00e5 f\u00f6rsiktighet b\u00f6r iakttas vid dosering. Den anv\u00e4nds f\u00f6r att<\/span><\/p>\n<ul style=\"text-align: justify\">\n<li><span style=\"color: #000000\">F\u00f6r att f\u00f6rb\u00e4ttra <strong>smaken<\/strong> p\u00e5 mat och dryck;<\/span><\/li>\n<li><span style=\"color: #000000\">lindra <strong>illam\u00e5ende<\/strong> och <strong>kr\u00e4kningar<\/strong>, <strong>gasbildning<\/strong> och <strong>matsm\u00e4ltningsbesv\u00e4r<\/strong>;<\/span><\/li>\n<li><span style=\"color: #000000\">st\u00e4rka <strong>immunf\u00f6rsvaret<\/strong>;<\/span><\/li>\n<li><span style=\"color: #000000\">s\u00e4nka kolesterol, blodsocker och blodtryck;<\/span><\/li>\n<li><span style=\"color: #000000\">tunnar ut blodet och f\u00f6rhindrar tillt\u00e4ppning av art\u00e4rerna &#8211; liknande aspirin,<\/span><\/li>\n<li><span style=\"color: #000000\">lindra muskel- och ledv\u00e4rk utan biverkningar &#8211; \u00e4ven f\u00f6r att lindra <strong>menstruationssm\u00e4rta<\/strong>;<\/span><\/li>\n<li><span style=\"color: #000000\">enligt viss forskning tros det ocks\u00e5 vara cancerh\u00e4mmande;<\/span><\/li>\n<li><span style=\"color: #000000\">hj\u00e4lper till med <strong>viktminskning<\/strong>, eftersom forskning tyder p\u00e5 att den reglerar leptinniv\u00e5erna, som \u00e4r ansvariga f\u00f6r m\u00e4ttnad. <\/span><\/li>\n<\/ul>\n<p><span style=\"color: #000000\">Denna malda ingef\u00e4ra \u00e4r<strong> ekologiskt producerad<\/strong>.<\/span><\/p>\n<h2 style=\"text-align: justify\"><span style=\"color: #000000\">F\u00f6rvaring<\/span><\/h2>\n<p style=\"text-align: justify\"><span style=\"color: #000000\">F\u00f6rvaras torrt, m\u00f6rkt och svalt. Se till att p\u00e5sen eller l\u00e5dan \u00e4r t\u00e4tt f\u00f6rsluten.<\/span><\/p>\n<h2 style=\"text-align: justify\"><span style=\"color: #000000\">F\u00f6rpackning<\/span><\/h2>\n<p style=\"text-align: justify\"><span style=\"color: #000000\">En icke genomsl\u00e4pplig zip-lock-p\u00e5se d\u00e4r produkten beh\u00e5ller all f\u00e4rskhet och arom. F\u00f6rpackningen skyddar mot ljus och luft, eftersom den \u00e4r uppbyggd av flera skyddslager f\u00f6r att bevara inneh\u00e5llets egenskaper.<\/span><\/p>\n<p style=\"text-align: justify\"><span style=\"color: #000000\">F\u00f6rpackningen \u00e4r mycket praktisk och \u00e5tervinningsbar.<\/span><\/p>\n<h2><span style=\"color: #000000\">Ursprung<\/span><\/h2>\n<p><span style=\"color: #000000\">Peru<\/span><\/p>\n","protected":false},"excerpt":{"rendered":"<p>Den har anv\u00e4nts f\u00f6r medicinska och n\u00e4ringsm\u00e4ssiga \u00e4ndam\u00e5l i \u00e5rtusenden och dess effektivitet forts\u00e4tter att \u00f6verraska \u00e4n idag. Traditionellt har ingef\u00e4ra anv\u00e4nts medicinskt f\u00f6r att behandla artrit &#8211; inflammation i lederna. Ingef\u00e4ra \u00e4r rik p\u00e5 antioxidanter, mineraler och antiinflammatoriska \u00e4mnen, vilket \u00e4r anledningen till att den oftast anv\u00e4nds tillsammans med citron och honung under influensa, halsont och f\u00f6rkylningss\u00e4song, eftersom den har en gynnsam effekt p\u00e5 alla symtom p\u00e5 dessa sjukdomar. Det \u00e4r ocks\u00e5 bra f\u00f6r att bek\u00e4mpa illam\u00e5ende, eftersom det lugnar en uppr\u00f6rd mage och lindrar sm\u00e4rta, i sj\u00e4lva verket v\u00e4rmer det magen och kroppen p\u00e5 ett behagligt s\u00e4tt.<\/p>\n<p>\ud83d\udc9a Antiinflammatorisk.<br \/>\n\ud83d\udc9a Det rensar levern.<br \/>\n\ud83d\udc9a Lindrar menstruationsproblem.<br \/>\n\ud83d\udc9a En kraftfull antioxidant.<\/p>\n","protected":false},"featured_media":6662,"comment_status":"open","ping_status":"closed","template":"","meta":{"_acf_changed":false},"product_brand":[],"product_cat":[225,224,205],"product_tag":[],"class_list":{"0":"post-6661","1":"product","2":"type-product","3":"status-publish","4":"has-post-thumbnail","6":"product_cat-alla-produkter","7":"product_cat-erbjudande","8":"product_cat-te-mat-kryddor","10":"first","11":"instock","12":"sale","13":"taxable","14":"shipping-taxable","15":"purchasable","16":"product-type-simple"},"acf":[],"_links":{"self":[{"href":"https:\/\/fengchashop.com\/se\/wp-json\/wp\/v2\/product\/6661","targetHints":{"allow":["GET"]}}],"collection":[{"href":"https:\/\/fengchashop.com\/se\/wp-json\/wp\/v2\/product"}],"about":[{"href":"https:\/\/fengchashop.com\/se\/wp-json\/wp\/v2\/types\/product"}],"replies":[{"embeddable":true,"href":"https:\/\/fengchashop.com\/se\/wp-json\/wp\/v2\/comments?post=6661"}],"wp:featuredmedia":[{"embeddable":true,"href":"https:\/\/fengchashop.com\/se\/wp-json\/wp\/v2\/media\/6662"}],"wp:attachment":[{"href":"https:\/\/fengchashop.com\/se\/wp-json\/wp\/v2\/media?parent=6661"}],"wp:term":[{"taxonomy":"product_brand","embeddable":true,"href":"https:\/\/fengchashop.com\/se\/wp-json\/wp\/v2\/product_brand?post=6661"},{"taxonomy":"product_cat","embeddable":true,"href":"https:\/\/fengchashop.com\/se\/wp-json\/wp\/v2\/product_cat?post=6661"},{"taxonomy":"product_tag","embeddable":true,"href":"https:\/\/fengchashop.com\/se\/wp-json\/wp\/v2\/product_tag?post=6661"}],"curies":[{"name":"wp","href":"https:\/\/api.w.org\/{rel}","templated":true}]}}