{"id":6655,"date":"2022-05-23T14:56:49","date_gmt":"2022-05-23T12:56:49","guid":{"rendered":"https:\/\/fengchashop.com\/se\/product\/gurkmeja-i-pulver-bio-500-g\/"},"modified":"2026-05-01T13:02:03","modified_gmt":"2026-05-01T11:02:03","slug":"gurkmeja-i-pulver-bio","status":"publish","type":"product","link":"https:\/\/fengchashop.com\/se\/product\/gurkmeja-i-pulver-bio\/","title":{"rendered":"Gurkmeja i pulver BIO 500 g"},"content":{"rendered":"<h2 style=\"text-align: justify\"><span style=\"color: #000000\">Ekologisk gurkmeja<\/span><\/h2>\n<p style=\"text-align: justify\"><span style=\"color: #000000\">Gurkmeja \u00e4r en v\u00e4xt som har varit k\u00e4nd i Europa sedan antiken och i sitt hemland i minst 4000 \u00e5r. Ursprungligen anv\u00e4ndes den som medicinalv\u00e4xt och f\u00e4rg\u00e4mne, men under senare tid blev den etablerad som krydda. Liksom ingef\u00e4ra \u00e4r gurkmeja en krydda som utvinns ur den <strong>underjordiska, tjocka stammen<\/strong> fr\u00e5n en fler\u00e5rig v\u00e4xt i Asien. I Ayurveda anv\u00e4nds gurkmeja traditionellt f\u00f6r att behandla cancer och psoriasis. Det \u00e4r ocks\u00e5 k\u00e4nt som en ingrediens i kosmetiska preparat. \u00c4ven om vissa m\u00e4nniskor i v\u00e4stv\u00e4rlden k\u00e4nner till det som en krydda, finns det mycket mer bakom det. F\u00f6rutom mineraler, vitaminerna B6 och B3, folsyra, kalium, j\u00e4rn, mangan och omega-3-fettsyror inneh\u00e5ller gurkmeja ocks\u00e5 <strong>polyfenolen curcumin<\/strong>, en mycket <strong>kraftfull antioxidant<\/strong> och en effektiv <strong>antiinflammatorisk f\u00f6rening<\/strong>. Curcumin har visat sig ha en positiv effekt p\u00e5 levern och cirkulationssystemet, minska inflammation vid artrit och minska riskfaktorerna f\u00f6r diabetes. Det har ocks\u00e5 positiva effekter p\u00e5 hj\u00e4rnh\u00e4lsan och minskar risken f\u00f6r cancer. Curcumin f\u00f6rhindrar framg\u00e5ngsrikt all kronisk inflammation i v\u00e5ra kroppar &#8211; och alla sjukdomstillst\u00e5nd b\u00f6rjar faktiskt med inflammation. Det <strong>f\u00f6rhindrar<\/strong> ocks\u00e5 <strong>tillv\u00e4xten av d\u00e5liga bakterier<\/strong> i matsm\u00e4ltningskanalen, t.ex. <strong><em>heliobacter pylori<\/em><\/strong> i v\u00e5r mage och <em><strong>candida<\/strong><\/em> i munnen och tarmarna. <\/span><\/p>\n<p style=\"text-align: justify\"><span style=\"color: #000000\">Kurkuminet i gurkmeja har ocks\u00e5 en positiv effekt p\u00e5 utvecklingen av sjukdomar som f\u00f6rknippas med \u00e5ldrande (Alzheimers sjukdom).<\/span><\/p>\n<p style=\"text-align: justify\"><span style=\"color: #000000\">Smaken av gurkmeja \u00e4r n\u00e5got sammandragande, kryddig, men \u00e4nd\u00e5 s\u00f6t och p\u00e5minner om ingef\u00e4ra, apelsin och peppar.<\/span><\/p>\n<p style=\"text-align: justify\"><span style=\"color: #000000\">Gurkmeja anses vanligtvis ha f\u00f6ljande egenskaper:<\/span><\/p>\n<ul style=\"text-align: justify\">\n<li><span style=\"color: #000000\">Det \u00e4r <strong>antiinflammatoriskt<\/strong>, svampd\u00f6dande och antimikrobiellt, vilket minskar inflammation;<\/span><\/li>\n<li><span style=\"color: #000000\">renar levern, eftersom den har en renande effekt och <strong>f\u00f6rhindrar ackumulering av fettsyror i levern<\/strong>;<\/span><\/li>\n<li><span style=\"color: #000000\">lindrar<strong> menstruations-<\/strong> och matsm\u00e4ltningsproblem;<\/span><\/li>\n<li><span style=\"color: #000000\">regelbunden konsumtion f\u00f6rhindrar utvecklingen av typ 2-diabetes hos s\u00e5 kallade prediabetiker;<\/span><\/li>\n<li><span style=\"color: #000000\">i pastaform <strong>, lugnar inflammation<\/strong> och <strong>irritation i huden<\/strong>;<\/span><\/li>\n<li><span style=\"color: #000000\">fr\u00e4mjar snabbare matsm\u00e4ltning av fetter, vilket kan hj\u00e4lpa till med <strong>viktminskning<\/strong>;<\/span><\/li>\n<li><span style=\"color: #000000\">hj\u00e4lper till att \u00f6ka <strong>hj\u00e4rnans effektivitet<\/strong> och f\u00f6rebygga relaterade sjukdomar som Alzheimers sjukdom;<\/span><\/li>\n<li><span style=\"color: #000000\"><strong>f\u00f6rb\u00e4ttrar hum\u00f6ret<\/strong>;<\/span><\/li>\n<li><span style=\"color: #000000\">lindrar muskel- och ledv\u00e4rk;<\/span><\/li>\n<li><span style=\"color: #000000\">motverkar d\u00e5lig andedr\u00e4kt och \u00e4r anv\u00e4ndbart vid parodontal sjukdom;<\/span><\/li>\n<li><span style=\"color: #000000\">det tros ocks\u00e5 vara ett medel mot cancer.<\/span><\/li>\n<\/ul>\n<h2 style=\"text-align: justify\"><span style=\"color: #000000\">F\u00f6rpackning<\/span><\/h2>\n<p style=\"text-align: justify\"><span style=\"color: #000000\">En icke genomsl\u00e4pplig zip-lock-p\u00e5se d\u00e4r produkten beh\u00e5ller all sin fr\u00e4sch\u00f6r och arom. F\u00f6rpackningen skyddar mot ljus och luft, eftersom den best\u00e5r av flera lager av skydd f\u00f6r att bevara inneh\u00e5llets egenskaper.<\/span><\/p>\n<p style=\"text-align: justify\"><span style=\"color: #000000\">F\u00f6rpackningen \u00e4r mycket praktisk och \u00e5tervinningsbar.<\/span><\/p>\n<h2><span style=\"color: #000000\">Ursprung<\/span><\/h2>\n<p><span style=\"color: #000000\">Indien<\/span><\/p>\n","protected":false},"excerpt":{"rendered":"<p>F\u00f6rutom mineraler, vitaminerna B6 och B3, folsyra, kalium, j\u00e4rn och mangan samt omega-3-fettsyror inneh\u00e5ller gurkmeja \u00e4ven polyfenolen kurkumin, som \u00e4r en mycket kraftfull antioxidant och en effektiv antiinflammatorisk f\u00f6rening. Curcumin har visat sig ha en positiv effekt p\u00e5 levern och cirkulationssystemet, minska inflammation vid artrit och minska riskfaktorerna f\u00f6r diabetes. Det har ocks\u00e5 positiva effekter p\u00e5 hj\u00e4rnh\u00e4lsan och minskar risken f\u00f6r cancer. Curcumin f\u00f6rhindrar framg\u00e5ngsrikt all kronisk inflammation i v\u00e5ra kroppar &#8211; och alla sjukdomstillst\u00e5nd b\u00f6rjar faktiskt med inflammation. Det f\u00f6rhindrar ocks\u00e5 tillv\u00e4xten av d\u00e5liga bakterier i matsm\u00e4ltningskanalen, t.ex. <em>Heliobacter pylori<\/em> i magen och <em>candida<\/em> i munnen och tarmarna, genom sin antibakteriella verkan. Kurkuminet i gurkmeja har ocks\u00e5 en positiv effekt n\u00e4r det g\u00e4ller att f\u00f6rebygga utvecklingen av sjukdomar som f\u00f6rknippas med \u00e5ldrande (Alzheimers sjukdom).<\/p>\n<p>\ud83d\udc9a Antiinflammatorisk.<br \/>\n\ud83d\udc9a Renar levern.<br \/>\n\ud83d\udc9a Det lindrar menstruationsproblem.<br \/>\n\ud83d\udc9a En kraftfull antioxidant.<\/p>\n","protected":false},"featured_media":6656,"comment_status":"open","ping_status":"closed","template":"","meta":{"_acf_changed":false},"product_brand":[],"product_cat":[225,237,224,205],"product_tag":[],"class_list":{"0":"post-6655","1":"product","2":"type-product","3":"status-publish","4":"has-post-thumbnail","6":"product_cat-alla-produkter","7":"product_cat-bra-erbjudanden","8":"product_cat-erbjudande","9":"product_cat-te-mat-kryddor","11":"first","12":"instock","13":"sale","14":"taxable","15":"shipping-taxable","16":"purchasable","17":"product-type-simple"},"acf":[],"_links":{"self":[{"href":"https:\/\/fengchashop.com\/se\/wp-json\/wp\/v2\/product\/6655","targetHints":{"allow":["GET"]}}],"collection":[{"href":"https:\/\/fengchashop.com\/se\/wp-json\/wp\/v2\/product"}],"about":[{"href":"https:\/\/fengchashop.com\/se\/wp-json\/wp\/v2\/types\/product"}],"replies":[{"embeddable":true,"href":"https:\/\/fengchashop.com\/se\/wp-json\/wp\/v2\/comments?post=6655"}],"wp:featuredmedia":[{"embeddable":true,"href":"https:\/\/fengchashop.com\/se\/wp-json\/wp\/v2\/media\/6656"}],"wp:attachment":[{"href":"https:\/\/fengchashop.com\/se\/wp-json\/wp\/v2\/media?parent=6655"}],"wp:term":[{"taxonomy":"product_brand","embeddable":true,"href":"https:\/\/fengchashop.com\/se\/wp-json\/wp\/v2\/product_brand?post=6655"},{"taxonomy":"product_cat","embeddable":true,"href":"https:\/\/fengchashop.com\/se\/wp-json\/wp\/v2\/product_cat?post=6655"},{"taxonomy":"product_tag","embeddable":true,"href":"https:\/\/fengchashop.com\/se\/wp-json\/wp\/v2\/product_tag?post=6655"}],"curies":[{"name":"wp","href":"https:\/\/api.w.org\/{rel}","templated":true}]}}