{"id":6650,"date":"2022-05-23T14:49:05","date_gmt":"2022-05-23T12:49:05","guid":{"rendered":"https:\/\/fengchashop.com\/se\/product\/hibiskus-bio-250-g\/"},"modified":"2026-05-01T16:55:23","modified_gmt":"2026-05-01T14:55:23","slug":"hibiskus-bio","status":"publish","type":"product","link":"https:\/\/fengchashop.com\/se\/product\/hibiskus-bio\/","title":{"rendered":"Hibiskus BIO 250 g"},"content":{"rendered":"<h2 style=\"text-align: justify\"><span style=\"color: #000000\">Hibiskus bio<\/span><\/h2>\n<p style=\"text-align: justify\"><span style=\"color: #000000\">Hibiskus \u00e4r en v\u00e4xt med stora r\u00f6da blommor. Hibiskus <strong>\u00e4r mycket bra f\u00f6r h\u00e4lsan<\/strong>. Den inneh\u00e5ller vitamin A, vitamin C, zink, vitamin B, fibrer, koppar, protein och vitamin B2. Den \u00e4r mycket popul\u00e4r som <strong>prydnadsv\u00e4xt<\/strong>, och hibiskusblommor \u00e4r <strong>huvudingrediensen i<\/strong> de flesta fruktteer som finns p\u00e5 hyllorna i livsmedelsbutikerna.<\/span><\/p>\n<p style=\"text-align: justify\"><span style=\"color: #000000\">\u00c4ven om vi mest t\u00e4nker p\u00e5 te finns det m\u00e5nga andra saker du kan g\u00f6ra med hibiskusblommor i k\u00f6ket.<\/span><\/p>\n<h2 style=\"text-align: justify\"><span style=\"color: #000000\">F\u00f6rvaring<\/span><\/h2>\n<p style=\"text-align: justify\"><span style=\"color: #000000\">F\u00f6rvaras torrt, m\u00f6rkt och svalt. Se till att p\u00e5sen eller l\u00e5dan \u00e4r t\u00e4tt f\u00f6rsluten.<\/span><\/p>\n<h2 style=\"text-align: justify\"><span style=\"color: #000000\">F\u00f6rpackning<\/span><\/h2>\n<p><span style=\"color: #000000\">En icke genomsl\u00e4pplig zip-lock-p\u00e5se d\u00e4r produkten beh\u00e5ller all sin fr\u00e4sch\u00f6r och arom. F\u00f6rpackningen skyddar mot ljus och luft, eftersom den best\u00e5r av flera lager av skydd f\u00f6r att bevara inneh\u00e5llets egenskaper.<\/span><\/p>\n<p><span style=\"color: #000000\">F\u00f6rpackningen \u00e4r mycket praktisk och \u00e5tervinningsbar.<\/span><\/p>\n<h2><span style=\"color: #000000\">Ursprung<\/span><\/h2>\n<p><span style=\"color: #000000\">Niger<\/span><\/p>\n","protected":false},"excerpt":{"rendered":"<p style=\"text-align: justify\">Hibiskusblommor \u00e4r huvudingrediensen i de flesta fruktteer. Hibiskusblommor kan ocks\u00e5 tills\u00e4ttas i en m\u00e4ngd olika alkoholhaltiga och alkoholfria drycker. Hibiskus kan anv\u00e4ndas f\u00f6r att g\u00f6ra gin, som f\u00e4rgas vackert rosa av hibiskusen och har en distinkt smak. Hibiskus kan ocks\u00e5 anv\u00e4ndas i kryddblandningar, sallader, gr\u00f6nsaks- och k\u00f6ttr\u00e4tter, desserter och kr\u00e4mer.<\/p>\n<p>\ud83d\udc9a Hibiskus \u00e4r utm\u00e4rkt f\u00f6r att s\u00e4nka h\u00f6gt blodtryck.<\/p>\n<p>\ud83d\udc9a Hj\u00e4lper till att lindra symtom p\u00e5 depression och nervositet.<\/p>\n<p>\ud83d\udc9a Vitamin C och A g\u00f6r det bra f\u00f6r huden.<\/p>\n<p>\ud83d\udc9a Den har antioxidativa egenskaper.<\/p>\n","protected":false},"featured_media":6651,"comment_status":"open","ping_status":"closed","template":"","meta":{"_acf_changed":false},"product_brand":[],"product_cat":[225,224,205],"product_tag":[],"class_list":{"0":"post-6650","1":"product","2":"type-product","3":"status-publish","4":"has-post-thumbnail","6":"product_cat-alla-produkter","7":"product_cat-erbjudande","8":"product_cat-te-mat-kryddor","10":"first","11":"instock","12":"sale","13":"taxable","14":"shipping-taxable","15":"purchasable","16":"product-type-simple"},"acf":[],"_links":{"self":[{"href":"https:\/\/fengchashop.com\/se\/wp-json\/wp\/v2\/product\/6650","targetHints":{"allow":["GET"]}}],"collection":[{"href":"https:\/\/fengchashop.com\/se\/wp-json\/wp\/v2\/product"}],"about":[{"href":"https:\/\/fengchashop.com\/se\/wp-json\/wp\/v2\/types\/product"}],"replies":[{"embeddable":true,"href":"https:\/\/fengchashop.com\/se\/wp-json\/wp\/v2\/comments?post=6650"}],"wp:featuredmedia":[{"embeddable":true,"href":"https:\/\/fengchashop.com\/se\/wp-json\/wp\/v2\/media\/6651"}],"wp:attachment":[{"href":"https:\/\/fengchashop.com\/se\/wp-json\/wp\/v2\/media?parent=6650"}],"wp:term":[{"taxonomy":"product_brand","embeddable":true,"href":"https:\/\/fengchashop.com\/se\/wp-json\/wp\/v2\/product_brand?post=6650"},{"taxonomy":"product_cat","embeddable":true,"href":"https:\/\/fengchashop.com\/se\/wp-json\/wp\/v2\/product_cat?post=6650"},{"taxonomy":"product_tag","embeddable":true,"href":"https:\/\/fengchashop.com\/se\/wp-json\/wp\/v2\/product_tag?post=6650"}],"curies":[{"name":"wp","href":"https:\/\/api.w.org\/{rel}","templated":true}]}}