{"id":6633,"date":"2022-05-23T13:50:42","date_gmt":"2022-05-23T11:50:42","guid":{"rendered":"https:\/\/fengchashop.com\/se\/product\/jiaogulan-te-100-g\/"},"modified":"2026-05-01T21:04:59","modified_gmt":"2026-05-01T19:04:59","slug":"jiaogulan-te","status":"publish","type":"product","link":"https:\/\/fengchashop.com\/se\/product\/jiaogulan-te\/","title":{"rendered":"Jiaogulan te 100 g"},"content":{"rendered":"<h2 style=\"text-align: justify\"><span style=\"color: #000000\">Jiaogulan (\u00f6rtte)<\/span><\/h2>\n<p style=\"text-align: justify\"><span style=\"color: #000000\">Jiaogulan \u00e4r ett medicinskt \u00f6rtte, \u00e4ven k\u00e4nt som Jiao Gu Lan eller <strong>Gynostemma<\/strong>. Detta \u00f6rtte har rykte om sig att vara <strong>ett od\u00f6dlighetens eller livsl\u00e5nghetens<\/strong> te, eftersom det inneh\u00e5ller m\u00e5nga aktiva ingredienser som \u00e4r viktiga f\u00f6r ett l\u00e5ngt liv. De f\u00f6rsta k\u00e4nda uppgifterna om te g\u00e5r tillbaka till 1300-talet f.Kr. och hittades i Kina, d\u00e4r \u00f6rten fortfarande \u00e4r oumb\u00e4rlig i traditionell medicin idag.<\/span><\/p>\n<p style=\"text-align: justify\"><span style=\"color: #000000\">Jiaogulan \u00e4r ocks\u00e5 en \u00f6rt som har studerats ing\u00e5ende vetenskapligt och som har tillskrivits m\u00e5nga positiva effekter. Framf\u00f6r allt <strong>\u00e4r<\/strong> den <strong>antiinflammatorisk<\/strong>, <strong>avgiftande<\/strong> och <strong>har en anti-ageing-effekt<\/strong>. Dessutom \u00e4r jiaogulan ocks\u00e5 en <strong>kraftfull antioxidant<\/strong>. Liksom ginseng ger den <strong>energi<\/strong>, <strong>balanserar<\/strong> kroppen och <strong>f\u00f6rb\u00e4ttrar det allm\u00e4nna v\u00e4lbefinnandet<\/strong>. Enligt traditionell kinesisk medicin har den en gynnsam effekt p\u00e5 kroniskt tr\u00f6tthetssyndrom och hj\u00e4rtklappning (en dunkande k\u00e4nsla i br\u00f6stet). Och den anv\u00e4nds ofta f\u00f6r h\u00e4lsotillst\u00e5nd som inkluderar f\u00f6rebyggande och lindring av <strong>diabetes<\/strong> och <strong>h\u00f6gt kolesterol<\/strong>, samt f\u00f6r att motverka effekterna av stress som leder till <strong>\u00e5ngest<\/strong>. Med regelbunden anv\u00e4ndning kan dess effekter allts\u00e5 utnyttjas fullt ut, och m\u00e5ttlighet ger ocks\u00e5 s\u00e4ker konsumtion utan biverkningar och o\u00f6nskade effekter.<\/span><\/p>\n<h2 style=\"text-align: justify\"><span style=\"color: #000000\">Det hj\u00e4lper v\u00e5r kropp att balansera sig sj\u00e4lv<\/span><\/h2>\n<p style=\"text-align: justify\"><span style=\"color: #000000\">Jiaogulan \u00e4r ocks\u00e5 en <strong>adaptogen<\/strong>. Adaptogena v\u00e4xter hj\u00e4lper kroppen att anpassa sig till olika negativa milj\u00f6faktorer. De har f\u00f6rm\u00e5gan att reglera och kontrollera k\u00f6rtel- och hormonsystemen, nervsystemet, det kardiovaskul\u00e4ra systemet och musklerna.<\/span><\/p>\n<p><span style=\"color: #000000\">Adaptogener st\u00f6der h\u00e4lsan hos vitala organ och hj\u00e4lper till att reglera blodsockret, f\u00f6rb\u00e4ttra lever-, gastrointestinal- och hudfunktionen. De st\u00e4rker och st\u00e4rker kroppen. De stimulerar ocks\u00e5 binjurarna och hj\u00e4lper kroppen att effektivt hantera stress som orsakas av fysiska faktorer (infektioner, skador, otillr\u00e4cklig s\u00f6mn) eller psykologiska faktorer (\u00e5ngest).<\/span><\/p>\n<h2 style=\"text-align: justify\"><span style=\"color: #000000\">Andra namn<\/span><\/h2>\n<p style=\"text-align: justify\"><span style=\"color: #000000\"><em>Gynostemma pentalhyllum<\/em>. Kallas ibland f\u00f6r <em>sydlig ginseng<\/em> p\u00e5 grund av dess liknande effekter och smak som ginseng, den \u00e4r ocks\u00e5 k\u00e4nd som sydlig <em>ginseng<\/em>, eftersom den kommer fr\u00e5n de s\u00f6dra delarna av Kina.<\/span><\/p>\n<h2><span style=\"color: #000000\">Utseende<\/span><\/h2>\n<p style=\"text-align: justify\"><span style=\"color: #000000\">T\u00e4tt vridna m\u00f6rkgr\u00f6na blad med sm\u00e5, fina kvistar.<\/span><\/p>\n<h2 style=\"text-align: justify\"><span style=\"color: #000000\">Smak och arom<\/span><\/h2>\n<p style=\"text-align: justify\"><span style=\"color: #000000\">V\u00e5r jiaogulan sk\u00f6rdas fr\u00e5n vild, or\u00f6rd natur. Den har en intressant <strong>s\u00f6taktig smak<\/strong> som p\u00e5minner mycket om ginseng. Jiaogulan \u00e4r definitivt ett v\u00e4lsmakande, men framf\u00f6r allt h\u00e4lsosamt val f\u00f6r \u00f6rtte\u00e4lskare.<\/span><\/p>\n<h2 style=\"text-align: justify\"><span style=\"color: #000000\">F\u00f6rvaring<\/span><\/h2>\n<p style=\"text-align: justify\"><span style=\"color: #000000\">Jiaogulan b\u00f6r f\u00f6rvaras torrt, m\u00f6rkt och svalt. H\u00e5ll beh\u00e5llaren t\u00e4tt tillsluten.<\/span><\/p>\n<h2 style=\"text-align: justify\"><span style=\"color: #000000\">F\u00f6rpackning<\/span><\/h2>\n<p style=\"text-align: justify\"><span style=\"color: #000000\">I en icke genomsl\u00e4pplig p\u00e5se med dragkedja, d\u00e4r produkten beh\u00e5ller all sin fr\u00e4sch\u00f6r och arom. F\u00f6rpackningen skyddar mot ljus och luft, eftersom den best\u00e5r av flera skyddsskikt som bevarar inneh\u00e5llets egenskaper.<\/span><\/p>\n<p style=\"text-align: justify\"><span style=\"color: #000000\">F\u00f6rpackningen \u00e4r mycket praktisk och \u00e5tervinningsbar.<\/span><\/p>\n<h2 style=\"text-align: justify\"><span style=\"color: #000000\">Ursprung<\/span><\/h2>\n<p style=\"text-align: justify\"><span style=\"color: #000000\">Kina. Vi har mycket p\u00e5litliga leverant\u00f6rer som skickar oss en detaljerad kemisk analys av livsmedlet f\u00f6r varje batch. Under mer \u00e4n tio \u00e5r har vi inte haft n\u00e5gra \u00e5terkallelser eller andra problem med denna produkt, och inte heller med andra produkter fr\u00e5n samma leverant\u00f6r.<\/span><\/p>\n","protected":false},"excerpt":{"rendered":"<p>En \u00f6rt som har studerats ing\u00e5ende vetenskapligt och som har tillskrivits m\u00e5nga positiva effekter. Framf\u00f6r allt <strong>\u00e4r<\/strong> den <strong>antiinflammatorisk<\/strong>, <strong>avgiftande<\/strong> och <strong>har en anti-aging-effekt<\/strong>. Enligt traditionell kinesisk medicin har den en gynnsam effekt p\u00e5 kroniskt tr\u00f6tthetssyndrom och hj\u00e4rtklappning (en dunkande k\u00e4nsla i br\u00f6stet). Den anv\u00e4nds ocks\u00e5 ofta f\u00f6r h\u00e4lsotillst\u00e5nd som f\u00f6rebyggande och lindring av <strong>diabetes<\/strong> och <strong>h\u00f6gt kolesterol<\/strong>, och f\u00f6rebyggande av effekterna av stress som leder till <strong>\u00e5ngest<\/strong>. .<\/p>\n<p>\ud83d\udc9a Det \u00e4r ett l\u00e4kande \u00f6rtte.<br \/>\n\ud83d\udc9a Te av od\u00f6dlighet eller livsl\u00e4ngd.<br \/>\n\ud83d\udc9a Det \u00e4r en adaptogen.<br \/>\n\ud83d\udc9a En kraftfull antioxidant.<\/p>\n","protected":false},"featured_media":6634,"comment_status":"open","ping_status":"closed","template":"","meta":{"_acf_changed":false},"product_brand":[],"product_cat":[225,224,223,205],"product_tag":[],"class_list":{"0":"post-6633","1":"product","2":"type-product","3":"status-publish","4":"has-post-thumbnail","6":"product_cat-alla-produkter","7":"product_cat-erbjudande","8":"product_cat-te","9":"product_cat-te-mat-kryddor","11":"first","12":"instock","13":"taxable","14":"shipping-taxable","15":"purchasable","16":"product-type-simple"},"acf":[],"_links":{"self":[{"href":"https:\/\/fengchashop.com\/se\/wp-json\/wp\/v2\/product\/6633","targetHints":{"allow":["GET"]}}],"collection":[{"href":"https:\/\/fengchashop.com\/se\/wp-json\/wp\/v2\/product"}],"about":[{"href":"https:\/\/fengchashop.com\/se\/wp-json\/wp\/v2\/types\/product"}],"replies":[{"embeddable":true,"href":"https:\/\/fengchashop.com\/se\/wp-json\/wp\/v2\/comments?post=6633"}],"wp:featuredmedia":[{"embeddable":true,"href":"https:\/\/fengchashop.com\/se\/wp-json\/wp\/v2\/media\/6634"}],"wp:attachment":[{"href":"https:\/\/fengchashop.com\/se\/wp-json\/wp\/v2\/media?parent=6633"}],"wp:term":[{"taxonomy":"product_brand","embeddable":true,"href":"https:\/\/fengchashop.com\/se\/wp-json\/wp\/v2\/product_brand?post=6633"},{"taxonomy":"product_cat","embeddable":true,"href":"https:\/\/fengchashop.com\/se\/wp-json\/wp\/v2\/product_cat?post=6633"},{"taxonomy":"product_tag","embeddable":true,"href":"https:\/\/fengchashop.com\/se\/wp-json\/wp\/v2\/product_tag?post=6633"}],"curies":[{"name":"wp","href":"https:\/\/api.w.org\/{rel}","templated":true}]}}