{"id":6518,"date":"2022-05-20T18:33:35","date_gmt":"2022-05-20T16:33:35","guid":{"rendered":"https:\/\/fengchashop.com\/se\/product\/dmso-100-ml\/"},"modified":"2026-04-29T02:18:36","modified_gmt":"2026-04-29T00:18:36","slug":"dmso","status":"publish","type":"product","link":"https:\/\/fengchashop.com\/se\/product\/dmso\/","title":{"rendered":"DMSO 100 ml"},"content":{"rendered":"<h2><span style=\"color: #000000\">DMSO av h\u00f6gsta kvalitet<\/span><\/h2>\n<p><span style=\"color: #000000\"><strong>Dimetylsulfoxid<\/strong>, \u00e4ven k\u00e4nt som <strong>DMSO<\/strong>, har en unik historia. Denna biprodukt fr\u00e5n <strong>papperstillverkning<\/strong>, som hittades i Tyskland i slutet av 1800-talet, anv\u00e4nds som l\u00f6sningsmedel och h\u00e4rr\u00f6r fr\u00e5n en kemikalie som finns i tr\u00e4.<\/span><\/p>\n<p><span style=\"color: #000000\">Det \u00e4r en <strong>naturlig produkt<\/strong> som tillverkas av <strong>tr\u00e4massa<\/strong> och som inte utg\u00f6r n\u00e5gon h\u00e4lsorisk om den anv\u00e4nds p\u00e5 r\u00e4tt s\u00e4tt. DMSO \u00e4r en <strong>organisk, f\u00e4rgl\u00f6s, naturlig, icke-syntetiserad v\u00e4tska<\/strong> som h\u00e4rr\u00f6r fr\u00e5n lignin, som \u00e4r k\u00e4nt f\u00f6r sin f\u00f6rm\u00e5ga att korsa biologiska membran som hud.<\/span><\/p>\n<p><span style=\"color: #000000\">Forskare b\u00f6rjade studera de antiinflammatoriska effekterna av detta \u00e4mne i mitten av 1900-talet. DMSO \u00e4r ett receptbelagt l\u00e4kemedel som godk\u00e4nts av Food and Drug Administration <strong>(FDA)<\/strong> <strong>f\u00f6r behandling av tecken och symtom p\u00e5 sm\u00e4rtsamt bl\u00e5ssyndrom<\/strong>. Det anv\u00e4nds ocks\u00e5 f\u00f6r att <strong>behandla en m\u00e4ngd andra medicinska st\u00f6rningar<\/strong> vid behov. Det \u00e4r receptfritt och finns oftast i gel- eller kr\u00e4mform.<\/span><\/p>\n<p><span style=\"color: #000000\">DMSO \u00e4r ett m\u00e5ngsidigt l\u00f6sningsmedel. Det kan administreras <strong>intraven\u00f6st och oralt<\/strong>, och eftersom det penetrerar snabbt <strong>absorberas<\/strong> det <strong>v\u00e4l i huden<\/strong>. Det anv\u00e4nds ofta f\u00f6r att <strong>f\u00f6rb\u00e4ttra absorptionen av andra l\u00e4kemedel<\/strong> i kroppen och f\u00f6r att <strong>behandla amyloidos<\/strong>, en sjukdom d\u00e4r vissa proteiner \u00e4r felveckade i v\u00e4vnader och organ.<\/span><\/p>\n<h2><span style=\"color: #000000\">Vilka medicinska tillst\u00e5nd kan behandlas med DMSO?<\/span><\/h2>\n<p><span style=\"color: #000000\"> <em> Lokalbehandling<\/em>: <strong>p\u00e5 s\u00e5r, br\u00e4nnskador och skador<\/strong> p\u00e5 r\u00f6relseapparaten f\u00f6r att <strong>minska obehaget och p\u00e5skynda l\u00e4kningen samt minska uppkomsten av \u00e4rr<\/strong>.<\/span><\/p>\n<p><span style=\"color: #000000\"> <em> F\u00f6r behandling av<\/em>: <strong>inflammation, reumatoid artrit, osteoartrit, gr\u00e5 starr, glaukom, nagelsvamp, hudsjukdomar<\/strong> (behandling av sklerodermi &#8211; en sjukdom som orsakar \u00e4rr p\u00e5 huden), <strong>biverkningar av kemoterapi och huvudv\u00e4rk<\/strong>.<\/span><\/p>\n<p><span style=\"color: #000000\">Det faktum att DMSO kan minska eller eliminera sm\u00e4rta inom n\u00e5gra minuter efter applicering, vilket visats i m\u00e5nga studier, \u00f6kar dess anv\u00e4ndning. Personer som behandlas med DMSO klagar dock fr\u00e4mst p\u00e5 den \u00f6verv\u00e4ldigande lukten av \u00e4mnet, som liknar vitl\u00f6k.<\/span><\/p>\n<p><span style=\"color: #000000\">Anv\u00e4ndningen av DMSO \u00e4r s\u00e4ker enligt instruktionerna, eftersom den fungerar <strong>som en antioxidant i kroppen<\/strong> och \u00e4r helt giftfri.<\/span><\/p>\n<p><span style=\"color: #000000\"><em><strong>Hur fungerar DMSO?<\/strong><\/em><\/span><\/p>\n<p><span style=\"color: #000000\"> \ud83d\udc9a mot blodkoagulering,<\/span><br \/>\n<span style=\"color: #000000\"> \ud83d\udc9a antiinflammatorisk,<\/span><br \/>\n<span style=\"color: #000000\"> \ud83d\udc9a antiviral och antibakteriell,<\/span><br \/>\n<span style=\"color: #000000\">\ud83d\udc9a svampd\u00f6dande,<\/span><br \/>\n<span style=\"color: #000000\"> \ud83d\udc9a stimulerande (genom att stimulera immunf\u00f6rsvaret),<\/span><br \/>\n<span style=\"color: #000000\"> \ud83d\udc9a vasodilaterande och,<\/span><br \/>\n<span style=\"color: #000000\"> \ud83d\udc9a sm\u00e4rtstillande.<\/span><\/p>\n<h2><span style=\"color: #000000\">Intressanta fakta<\/span><\/h2>\n<p><span style=\"color: #000000\">FDA godk\u00e4nde DMSO i slutet av 1970-talet f\u00f6r att <strong>hj\u00e4lpa till att behandla interstitiell cystit<\/strong> (urinbl\u00e5sesjukdom). Det \u00e4r fortfarande den enda FDA-godk\u00e4nda metoden f\u00f6r bl\u00e5ssk\u00f6ljning (eller placering) f\u00f6r detta tillst\u00e5nd. Effekterna av DMSO p\u00e5 personer med interstitiell cystit inkluderar f\u00f6ljande:<\/span><\/p>\n<p><span style=\"color: #000000\"> Minskar sm\u00e4rta i detta tillst\u00e5nd,<\/span><br \/>\n<span style=\"color: #000000\"> slappnar av urinbl\u00e5san och<\/span><br \/>\n<span style=\"color: #000000\"> \u00f6kar urinbl\u00e5sans kapacitet.<\/span><\/p>\n<p><span style=\"color: #000000\">Den molekyl\u00e4ra strukturen hos DMSO g\u00f6r att m\u00e5nga av molekylerna i den kan l\u00f6sas upp helt, vilket g\u00f6r att de kan passera genom cellmembran utan att skada dem, \u00e4ven om f\u00f6reningarna sj\u00e4lva inte kan passera genom membranet. Det \u00e4r d\u00e4rf\u00f6r DMSO ofta finns i antibakteriella kr\u00e4mer, antimykotiska \u00f6gonbehandlingar och till och med i steroider f\u00f6r riktad antiinflammatorisk behandling.<\/span><\/p>\n<h2><span style=\"color: #000000\">Kvantitet<\/span><\/h2>\n<p><span style=\"color: #000000\">100 ml<\/span><\/p>\n<h2><span style=\"color: #000000\">F\u00f6rpackning<\/span><\/h2>\n<p><span style=\"color: #000000\"> I glasbeh\u00e5llare med pipett f\u00f6r enkel dosering.<\/span><\/p>\n<h2><span style=\"color: #000000\">Varningar och f\u00f6rsiktighet<\/span><\/h2>\n<p><span style=\"color: #000000\">F\u00f6rvaras o\u00e5tkomligt f\u00f6r barn p\u00e5 en m\u00f6rk plats. Undvik kontakt med \u00f6gon och kl\u00e4der. Vid kontakt med \u00f6gonen, sk\u00f6lj omedelbart med vatten. F\u00e5r inte uts\u00e4ttas f\u00f6r direkt solljus. Gravida kvinnor och ammande m\u00f6drar b\u00f6r inte anv\u00e4nda produkten. Om en allergisk reaktion uppst\u00e5r, avbryt anv\u00e4ndningen.<\/span><\/p>\n<h2><span style=\"color: #000000\">Ursprung<\/span><\/h2>\n<p><span style=\"color: #000000\">Tyskland<\/span><\/p>\n","protected":false},"excerpt":{"rendered":"<p>DMSO av superkvalitet. Anv\u00e4nds ofta f\u00f6r att f\u00f6rb\u00e4ttra absorptionen av andra l\u00e4kemedel i kroppen och f\u00f6r att behandla amyloidos, en sjukdom d\u00e4r vissa proteiner \u00e4r felveckade i v\u00e4vnader och organ. Forskare b\u00f6rjade studera de antiinflammatoriska effekterna av detta \u00e4mne i mitten av 1900-talet.<\/p>\n<p>\ud83d\udc9a Det \u00e4r naturligt producerat.<br \/>\n\ud83d\udc9a Det kan administreras intraven\u00f6st och oralt.<br \/>\n\ud83d\udc9a Det har anti-koaguleringsegenskaper.<br \/>\n\ud83d\udc9a \u00d6kar urinbl\u00e5sans kapacitet.<\/p>\n","protected":false},"featured_media":6519,"comment_status":"open","ping_status":"closed","template":"","meta":{"_acf_changed":false},"product_brand":[],"product_cat":[225,220,224],"product_tag":[],"class_list":{"0":"post-6518","1":"product","2":"type-product","3":"status-publish","4":"has-post-thumbnail","6":"product_cat-alla-produkter","7":"product_cat-ater-i-lager","8":"product_cat-erbjudande","10":"first","11":"instock","12":"taxable","13":"shipping-taxable","14":"purchasable","15":"product-type-simple"},"acf":[],"_links":{"self":[{"href":"https:\/\/fengchashop.com\/se\/wp-json\/wp\/v2\/product\/6518","targetHints":{"allow":["GET"]}}],"collection":[{"href":"https:\/\/fengchashop.com\/se\/wp-json\/wp\/v2\/product"}],"about":[{"href":"https:\/\/fengchashop.com\/se\/wp-json\/wp\/v2\/types\/product"}],"replies":[{"embeddable":true,"href":"https:\/\/fengchashop.com\/se\/wp-json\/wp\/v2\/comments?post=6518"}],"wp:featuredmedia":[{"embeddable":true,"href":"https:\/\/fengchashop.com\/se\/wp-json\/wp\/v2\/media\/6519"}],"wp:attachment":[{"href":"https:\/\/fengchashop.com\/se\/wp-json\/wp\/v2\/media?parent=6518"}],"wp:term":[{"taxonomy":"product_brand","embeddable":true,"href":"https:\/\/fengchashop.com\/se\/wp-json\/wp\/v2\/product_brand?post=6518"},{"taxonomy":"product_cat","embeddable":true,"href":"https:\/\/fengchashop.com\/se\/wp-json\/wp\/v2\/product_cat?post=6518"},{"taxonomy":"product_tag","embeddable":true,"href":"https:\/\/fengchashop.com\/se\/wp-json\/wp\/v2\/product_tag?post=6518"}],"curies":[{"name":"wp","href":"https:\/\/api.w.org\/{rel}","templated":true}]}}