{"id":6514,"date":"2025-07-25T06:08:31","date_gmt":"2025-07-25T04:08:31","guid":{"rendered":"https:\/\/fengchashop.com\/se\/product\/lugols-losning-50-ml\/"},"modified":"2025-11-22T18:23:58","modified_gmt":"2025-11-22T17:23:58","slug":"lugols-losning","status":"publish","type":"product","link":"https:\/\/fengchashop.com\/se\/product\/lugols-losning\/","title":{"rendered":"Lugols l\u00f6sning 50 ml"},"content":{"rendered":"<h2><span style=\"color: #000000;\">Lugols l\u00f6sning (joddroppar av superkvalitet &#8211; 5 %)<\/span><\/h2>\n<p><span style=\"color: #000000;\"><strong>Jod<\/strong> (I) och <strong>kaliumjodid<\/strong> (KI) kombineras med <strong>destillerat vatten f\u00f6r att bilda Lugols l\u00f6sning<\/strong>, ofta k\u00e4nd som <strong>Lugols jod<\/strong>. Jean Francois Coindet (1774-1834) anv\u00e4nde jod f\u00f6r <strong>terapeutiska \u00e4ndam\u00e5l<\/strong> f\u00f6r f\u00f6rsta g\u00e5ngen.<\/span><\/p>\n<p><span style=\"color: #000000;\">Lugols l\u00f6sning utvecklades f\u00f6rst <strong>1829<\/strong> av den franske l\u00e4karen <strong>Jean Guillaume Auguste<\/strong> Lugol. Dr Lugol uppt\u00e4ckte att kaliumjodid \u00f6kar l\u00f6sligheten av jod i vatten. Lugols l\u00f6sning \u00e4r en 1:2-blandning av jod och kaliumjodid. Dr Lugol uppt\u00e4ckte ocks\u00e5 att jod var en kemikalie som kunde anv\u00e4ndas och var lovande vid behandling av infektioner. Lugols l\u00f6sning har kombinerats med andra \u00e4mnen och anv\u00e4nts som r\u00e5material f\u00f6r olika saker under m\u00e5nga \u00e5r.<\/span><\/p>\n<h2><span style=\"color: #000000;\">Vilken betydelse har jod f\u00f6r h\u00e4lsan?<\/span><\/h2>\n<p><span style=\"color: #000000;\">Jod \u00e4r en<strong> mineral<\/strong> som<strong> alla d\u00e4ggdjur beh\u00f6ver f\u00f6r att<\/strong> \u00f6verleva. Det \u00e4r ocks\u00e5 en viktig del av <strong>sk\u00f6ldk\u00f6rtelhormonerna<\/strong>, som p\u00e5verkar<strong>\u00e4mnesoms\u00e4ttning, tillv\u00e4xt och utveckling<\/strong>. Jod \u00e4r ocks\u00e5 avg\u00f6rande <strong>f\u00f6r hj\u00e4rnans utveckling<\/strong>, s\u00e4rskilt <strong>under graviditet och tidig barndom<\/strong>. Det styr ett antal viktiga biokemiska processer, inklusive proteinsyntes och enzymaktivitet, som \u00e4r avg\u00f6rande <strong>f\u00f6r \u00e4mnesoms\u00e4ttningen och korrekt tillv\u00e4xt av ben och nervsystemet hos fostret och barnet<\/strong>.<\/span><\/p>\n<p><span style=\"color: #000000;\">Jod \u00e4r ocks\u00e5 viktigt f\u00f6r att <strong>bibeh\u00e5lla frisk hud, h\u00e5r och naglar<\/strong>, samt f\u00f6r att <strong>sk\u00f6ldk\u00f6rteln ska fungera korrekt och frig\u00f6ra energi under \u00e4mnesoms\u00e4ttningen<\/strong>, och har <strong>kognitiva funktioner<\/strong>. Jod har \u00e4ven <strong>antivirala, antibakteriella, antiparasit\u00e4ra och cancerh\u00e4mmande effekter<\/strong>.<\/span><\/p>\n<p><span style=\"color: #000000;\">Lugols l\u00f6sning \u00e4r ocks\u00e5 viktig f\u00f6r <strong>\u00f6gonh\u00e4lsa och hydrering<\/strong>.<\/span><\/p>\n<p><span style=\"color: #000000;\">Jod \u00e4r ocks\u00e5 utan tvekan det mest k\u00e4nda <strong>desinfektionsmedlet eller antiseptiska<\/strong> medlet.<\/span><\/p>\n<h2><span style=\"color: #000000;\">Vem rekommenderar vi Lugols l\u00f6sning f\u00f6r och varf\u00f6r anv\u00e4nder vi den?<\/span><\/h2>\n<p><span style=\"color: #000000;\">Varje m\u00e4nsklig v\u00e4vnad och organ inneh\u00e5ller sp\u00e5r av grund\u00e4mnet jod. Den rikligaste f\u00f6rekomsten av jod finns i sk\u00f6ldk\u00f6rteln, de stora spottk\u00f6rtlarna, bukspottk\u00f6rteln, t\u00e5rk\u00f6rtlarna, fortplantningsv\u00e4vnader som br\u00f6st, \u00e4ggstockar och prostata samt i magslemhinnan, cerebrospinalv\u00e4tskan och huden.<\/span><\/p>\n<p><span style=\"color: #000000;\">Det \u00e4r viktigt <strong>f\u00f6r produktionen av sk\u00f6ldk\u00f6rtelhormoner och regleringen av \u00e4mnesoms\u00e4ttningen<\/strong>, vilket p\u00e5verkar energiniv\u00e5er och mental klarhet. <strong>Effekterna av jodbrist orsakar:<\/strong><\/span><\/p>\n<p><span style=\"color: #000000;\">&#8211; L\u00e5ga energiniv\u00e5er,<\/span><br \/>\n<span style=\"color: #000000;\">&#8211; vikt\u00f6kning,<\/span><br \/>\n<span style=\"color: #000000;\">&#8211; skallighet och<\/span><br \/>\n<span style=\"color: #000000;\">&#8211; \u00f6kad risk f\u00f6r cancer.<\/span><\/p>\n<p><span style=\"color: #000000;\">Jod hj\u00e4lper ocks\u00e5 kroppen att ta <strong>bort bly och kvicksilver<\/strong> och <strong>skyddar mot vanliga gifter<\/strong> som brom, fluor och klor.<\/span><\/p>\n<p><span style=\"color: #000000;\"><em><strong>Symtom p\u00e5 jodbrist \u00e4r bl.a:<\/strong><\/em><\/span><\/p>\n<p><span style=\"color: #000000;\">\ud83d\udc9a Muskelkramper,<\/span><br \/>\n<span style=\"color: #000000;\">\ud83d\udc9a \u00f6kad risk f\u00f6r fetma<\/span><br \/>\n<span style=\"color: #000000;\">\ud83d\udc9a depression,<\/span><br \/>\n<span style=\"color: #000000;\">\ud83d\udc9a minnesf\u00f6rlust,<\/span><br \/>\n<span style=\"color: #000000;\">\ud83d\udc9a f\u00f6rstoppning,<\/span><br \/>\n<span style=\"color: #000000;\">\ud83d\udc9a illam\u00e5ende,<\/span><br \/>\n<span style=\"color: #000000;\">\ud83d\udc9a sk\u00f6ra naglar och sprucken hud,<\/span><br \/>\n<span style=\"color: #000000;\">\ud83d\udc9a kalla f\u00f6tter och h\u00e4nder.<\/span><\/p>\n<p><span style=\"color: #000000;\"><em><strong>Intag av jod kan f\u00f6rebygga och behandla:<\/strong><\/em><\/span><\/p>\n<p><span style=\"color: #000000;\"> \ud83d\udc9a prostataproblem<\/span><br \/>\n<span style=\"color: #000000;\"> \ud83d\udc9a fibrocystiska och andra br\u00f6stsjukdomar<\/span><br \/>\n<span style=\"color: #000000;\">\ud83d\udc9a vaginala infektioner<\/span><br \/>\n<span style=\"color: #000000;\">\ud83d\udc9a problem med sk\u00f6ldk\u00f6rteln,<\/span><br \/>\n<span style=\"color: #000000;\"> \ud83d\udc9a leverproblem<\/span><br \/>\n<span style=\"color: #000000;\">\ud83d\udc9a godartade tum\u00f6rer,<\/span><br \/>\n<span style=\"color: #000000;\">\ud83d\udc9a tillv\u00e4xt och mental utveckling hos barn,<\/span><br \/>\n<span style=\"color: #000000;\">\ud83d\udc9a huvudv\u00e4rk (inklusive migr\u00e4n),<\/span><br \/>\n<span style=\"color: #000000;\"> \ud83d\udc9a skallighet,<\/span><br \/>\n<span style=\"color: #000000;\"> \ud83d\udc9a hemorrojder,<\/span><br \/>\n<span style=\"color: #000000;\"> \ud83d\udc9a hyperaktivitet och uppm\u00e4rksamhetsst\u00f6rning,<\/span><br \/>\n<span style=\"color: #000000;\"> \ud83d\udc9a ateroskleros,<\/span><br \/>\n<span style=\"color: #000000;\"> \ud83d\udc9a depression,<\/span><br \/>\n<span style=\"color: #000000;\">\ud83d\udc9a tr\u00f6tthet,&#8230;<\/span><\/p>\n<h2><span style=\"color: #000000;\">Intressanta fakta<\/span><\/h2>\n<p><span style=\"color: #000000;\">Allvarlig jodbrist har tidigare konstaterats hos barn och vuxna i Slovenien, eftersom de flesta m\u00e5ltider naturligt bara inneh\u00e5ller en blygsam m\u00e4ngd jod.<\/span><\/p>\n<p><span style=\"color: #000000;\">Efter k\u00e4rnkraftsolyckan i Tjernobyl anv\u00e4ndes Lugols l\u00f6sning \u00e4ven f\u00f6r att skydda m\u00e4nniskor fr\u00e5n radioaktiv str\u00e5lning.<\/span><\/p>\n<p><span style=\"color: #000000;\">Det kan vara sv\u00e5rt att hitta jod, men m\u00e5nga livsmedel inneh\u00e5ller jod i naturliga m\u00e4ngder. Det g\u00e4ller t.ex. fisk, fl\u00e4skk\u00f6tt, ost, sj\u00f6gr\u00e4s och kelp.<\/span><\/p>\n<p><span style=\"color: #000000;\">Jodbrist \u00e4r ett vanligt problem idag. Jod tillsattes ofta i br\u00f6d och bakverk, men finns nu bara i n\u00e5gra f\u00e5 sallader. Jod avdunstar fr\u00e5n salt, vilket \u00e4r mindre k\u00e4nt, och det \u00e4r inte klart hur mycket av den avdunsta jod som kommer in i kroppen. Jodinneh\u00e5llet i kosten begr\u00e4nsas av utarmning av jorden till f\u00f6ljd av \u00f6verdriven och ol\u00e4mplig markanv\u00e4ndning.<\/span><\/p>\n<h2><span style=\"color: #000000;\">M\u00e4ngd<\/span><\/h2>\n<p><span style=\"color: #000000;\">50 ml<\/span><\/p>\n<h2 style=\"text-align: justify;\"><span style=\"color: #000000;\">F\u00f6rpackning<\/span><\/h2>\n<p><span style=\"color: #000000;\"> I glasbeh\u00e5llare med pipett f\u00f6r enkel dosering.<br \/>\n<\/span><\/p>\n<h2 style=\"text-align: justify;\"><span style=\"color: #000000;\">Varningar och f\u00f6rsiktighet<\/span><\/h2>\n<p style=\"text-align: justify;\"><span style=\"color: #000000;\">F\u00f6rvaras o\u00e5tkomligt f\u00f6r barn p\u00e5 en m\u00f6rk plats. <\/span><\/p>\n<h2 style=\"text-align: justify;\"><span style=\"color: #000000;\">Ursprung<\/span><\/h2>\n<p style=\"text-align: justify;\"><span style=\"color: #000000;\">EU<\/span><\/p>\n","protected":false},"excerpt":{"rendered":"<p>Lugols l\u00f6sning &#8211; 5%. Lugols l\u00f6sning utvecklades 1829 av den franske l\u00e4karen Jean Guillaume Auguste Lugol. Dr Lugol uppt\u00e4ckte att kaliumjodid \u00f6kar l\u00f6sligheten av jod i vatten. Lugols l\u00f6sning \u00e4r en blandning av jod och kaliumjodid i f\u00f6rh\u00e5llandet 1:2. Jod \u00e4r en mineral som alla d\u00e4ggdjur beh\u00f6ver f\u00f6r att \u00f6verleva. Det \u00e4r ocks\u00e5 en viktig best\u00e5ndsdel i sk\u00f6ldk\u00f6rtelhormoner, som p\u00e5verkar \u00e4mnesoms\u00e4ttning, tillv\u00e4xt och utveckling.<\/p>\n<p>\ud83d\udc9a F\u00f6rebygger och behandlar huvudv\u00e4rk (inklusive migr\u00e4n).<br \/>\n\ud83d\udc9a Skyddar mot vanliga toxiner.<br \/>\n\ud83d\udc9a Det \u00e4r viktigt f\u00f6r produktion av sk\u00f6ldk\u00f6rtelhormoner och metabolisk reglering.<br \/>\n\ud83d\udc9a F\u00f6rebygger \u00f6kad risk f\u00f6r cancer.<\/p>\n","protected":false},"featured_media":6515,"comment_status":"open","ping_status":"closed","template":"","meta":{"_acf_changed":false},"product_brand":[],"product_cat":[225,220,224],"product_tag":[],"class_list":{"0":"post-6514","1":"product","2":"type-product","3":"status-publish","4":"has-post-thumbnail","6":"product_cat-alla-produkter","7":"product_cat-ater-i-lager","8":"product_cat-erbjudande","10":"first","11":"instock","12":"sale","13":"taxable","14":"shipping-taxable","15":"purchasable","16":"product-type-simple"},"acf":[],"_links":{"self":[{"href":"https:\/\/fengchashop.com\/se\/wp-json\/wp\/v2\/product\/6514","targetHints":{"allow":["GET"]}}],"collection":[{"href":"https:\/\/fengchashop.com\/se\/wp-json\/wp\/v2\/product"}],"about":[{"href":"https:\/\/fengchashop.com\/se\/wp-json\/wp\/v2\/types\/product"}],"replies":[{"embeddable":true,"href":"https:\/\/fengchashop.com\/se\/wp-json\/wp\/v2\/comments?post=6514"}],"wp:featuredmedia":[{"embeddable":true,"href":"https:\/\/fengchashop.com\/se\/wp-json\/wp\/v2\/media\/6515"}],"wp:attachment":[{"href":"https:\/\/fengchashop.com\/se\/wp-json\/wp\/v2\/media?parent=6514"}],"wp:term":[{"taxonomy":"product_brand","embeddable":true,"href":"https:\/\/fengchashop.com\/se\/wp-json\/wp\/v2\/product_brand?post=6514"},{"taxonomy":"product_cat","embeddable":true,"href":"https:\/\/fengchashop.com\/se\/wp-json\/wp\/v2\/product_cat?post=6514"},{"taxonomy":"product_tag","embeddable":true,"href":"https:\/\/fengchashop.com\/se\/wp-json\/wp\/v2\/product_tag?post=6514"}],"curies":[{"name":"wp","href":"https:\/\/api.w.org\/{rel}","templated":true}]}}