{"id":6474,"date":"2022-05-20T16:38:02","date_gmt":"2022-05-20T14:38:02","guid":{"rendered":"https:\/\/fengchashop.com\/se\/product\/kakaobonor-bio-250-g\/"},"modified":"2026-04-15T11:42:39","modified_gmt":"2026-04-15T09:42:39","slug":"kakaobonor-bio","status":"publish","type":"product","link":"https:\/\/fengchashop.com\/se\/product\/kakaobonor-bio\/","title":{"rendered":"Kakaob\u00f6nor BIO 250 g"},"content":{"rendered":"<h2 style=\"text-align: justify\"><span style=\"color: #000000\">Kakaob\u00f6nor criollo BIO<\/span><\/h2>\n<p style=\"text-align: justify\"><span style=\"color: #000000\">Kakaob\u00f6norna, eller fr\u00f6na, som kakao utvinns ur, v\u00e4xer i baljor p\u00e5 ett tr\u00e4d som kallas <strong>kakaotr\u00e4d<\/strong>, eller <strong>Theobroma cacao<\/strong>. Kakaob\u00f6nor var tidigare s\u00e5 v\u00e4rdefulla att mayaindianerna och aztekerna i Central- och Sydamerika anv\u00e4nde dem som betalningsmedel vid sidan av guld. <\/span><\/p>\n<p style=\"text-align: justify\"><span style=\"color: #000000\">Kakao inneh\u00e5ller \u00f6verl\u00e4gset mest antioxidanter av alla livsmedel och dessutom m\u00e5nga mineraler som kalium, zink, magnesium, j\u00e4rn och kalcium. Kakaob\u00f6nans zinkinneh\u00e5ll g\u00f6r den ocks\u00e5 till ett viktigt hj\u00e4lpmedel <strong>vid enzymatiska reaktioner<\/strong>. Det \u00e4r ocks\u00e5 en k\u00e4lla till protein och fibrer. Alla dessa \u00e4r viktiga f\u00f6r att bibeh\u00e5lla v\u00e5r h\u00e4lsa. Det inneh\u00e5ller ocks\u00e5 ett antal n\u00e4rings\u00e4mnen som har en positiv effekt p\u00e5 v\u00e5rt cirkulationssystem genom att g\u00f6ra blodet tunnare och f\u00f6rhindra blodproppar. Samtidigt f\u00f6rb\u00e4ttrar det hum\u00f6ret genom att \u00f6ka niv\u00e5erna av serotonin i hj\u00e4rnan. Faktum \u00e4r att det inneh\u00e5ller s\u00e5 m\u00e5nga som <strong>300 olika f\u00f6reningar<\/strong> som kan ha effekten att lyfta v\u00e5rt hum\u00f6r. Kakaob\u00f6nor inneh\u00e5ller tryptofan, som \u00e4r viktigt f\u00f6r produktionen av serotonin, det hormon som kallas lycka. Dessutom inneh\u00e5ller kakaob\u00f6nor ocks\u00e5 kemikalier som kroppen producerar n\u00e4r vi blir f\u00f6r\u00e4lskade, s\u00e5 det \u00e4r inte konstigt att kakao <strong>ofta f\u00f6rknippas med k\u00e4rlek<\/strong>.<\/span><\/p>\n<p style=\"text-align: justify\"><span style=\"color: #000000\">Att konsumera s\u00e5 lite som 25-30 gram kakao om dagen, vilket motsvarar cirka tio b\u00f6nor, \u00e4r tillr\u00e4ckligt f\u00f6r att dra nytta av dess positiva effekter.<\/span><\/p>\n<p style=\"text-align: justify\"><span style=\"color: #000000\">Typer av kakao <em><strong>Criollo <\/strong><\/em>\u00e4r v\u00e4rldens mest v\u00e4rdefulla kakao. Dessa kakaob\u00f6nor \u00e4r ocks\u00e5 ekologiskt producerade.<\/span><\/p>\n<p style=\"text-align: justify\"><span style=\"color: #000000\">De smakar choklad men \u00e4r ocks\u00e5 n\u00f6tiga.<\/span><\/p>\n<h2 style=\"text-align: justify\"><span style=\"color: #000000\">Varf\u00f6r k\u00f6pa v\u00e5ra kakaob\u00f6nor?<\/span><\/h2>\n<p style=\"text-align: justify\"><span style=\"color: #000000\">Helt enkelt f\u00f6r att:<\/span><\/p>\n<p style=\"text-align: justify\"><span style=\"color: #000000\">1. De kommer fr\u00e5n kontrollerad <b>ekologisk produktion<\/b> och \u00e4r d\u00e4rf\u00f6r det b\u00e4sta vi kan erbjuda.<\/span><\/p>\n<p style=\"text-align: justify\"><span style=\"color: #000000\">2. <i>Vad betyder det? <\/i>Det inneb\u00e4r att kakaob\u00f6norna eller -fr\u00f6na helt enkelt fermenteras och torkas vid l\u00e5ga temperaturer efter sk\u00f6rd. De \u00e4r inte rostade eller kemiskt behandlade p\u00e5 n\u00e5got s\u00e4tt. P\u00e5 s\u00e5 s\u00e4tt beh\u00e5ller denna <i>gudarnas mat<\/i>, som den ofta kallas, de flesta av sina n\u00e4ringsv\u00e4rden, inklusive de antioxidanter som \u00e4r s\u00e5 viktiga f\u00f6r oss.<\/span><\/p>\n<p style=\"text-align: justify\"><span style=\"color: #000000\">3. De \u00e4r <b>fria fr\u00e5n tillsatser<\/b> och andra on\u00f6diga ingredienser.<\/span><\/p>\n<p style=\"text-align: justify\"><span style=\"color: #000000\">4. Kakao <em><strong>criollo<\/strong> <\/em>\u00e4r den finaste och mest uppskattade kakaosorten i v\u00e4rlden.<\/span><\/p>\n<p style=\"text-align: justify\"><span style=\"color: #000000\">En vinnande kombination som tillfredsst\u00e4ller \u00e4ven de mest kr\u00e4vande smakl\u00f6karna.<\/span><\/p>\n<h2 style=\"text-align: justify\"><span style=\"color: #000000\">F\u00f6rvaring<\/span><\/h2>\n<p style=\"text-align: justify\"><span style=\"color: #000000\">F\u00f6rvaras torrt, m\u00f6rkt och svalt. Se till att p\u00e5sen \u00e4r t\u00e4tt f\u00f6rsluten.<\/span><\/p>\n<h2 style=\"text-align: justify\"><span style=\"color: #000000\">F\u00f6rpackning<\/span><\/h2>\n<p style=\"text-align: justify\"><span style=\"color: #000000\">Icke-genomsl\u00e4pplig zip-lock-p\u00e5se, d\u00e4r produkten beh\u00e5ller all sin fr\u00e4sch\u00f6r och arom. F\u00f6rpackningen skyddar mot ljus och luft, eftersom den \u00e4r uppbyggd av flera skyddslager f\u00f6r att bevara inneh\u00e5llets egenskaper.<\/span><\/p>\n<p style=\"text-align: justify\"><span style=\"color: #000000\">F\u00f6rpackningen \u00e4r mycket praktisk och \u00e5tervinningsbar.<\/span><\/p>\n<h2 style=\"text-align: justify\"><span style=\"color: #000000\">Ursprung<\/span><\/h2>\n<p style=\"text-align: justify\"><span style=\"color: #000000\">Peru<\/span><\/p>\n","protected":false},"excerpt":{"rendered":"<p>Kakao inneh\u00e5ller \u00f6verl\u00e4gset mest antioxidanter av alla livsmedel, liksom m\u00e5nga mineraler som kalium, zink, magnesium, j\u00e4rn och kalcium. Zinkinneh\u00e5llet i kakaob\u00f6nor g\u00f6r dem ocks\u00e5 till ett viktigt hj\u00e4lpmedel vid enzymatiska reaktioner. Det \u00e4r ocks\u00e5 en k\u00e4lla till protein och fibrer. Alla dessa \u00e4r viktiga f\u00f6r att bibeh\u00e5lla v\u00e5r h\u00e4lsa. Det inneh\u00e5ller ocks\u00e5 ett antal n\u00e4rings\u00e4mnen som har en positiv effekt p\u00e5 v\u00e5rt cirkulationssystem genom att g\u00f6ra blodet tunnare och f\u00f6rhindra blodproppar. Samtidigt f\u00f6rb\u00e4ttrar det hum\u00f6ret genom att \u00f6ka niv\u00e5erna av serotonin i hj\u00e4rnan. Faktum \u00e4r att det inneh\u00e5ller s\u00e5 m\u00e5nga som 300 olika f\u00f6reningar som kan ha effekten att lyfta v\u00e5rt hum\u00f6r. Kakaob\u00f6nor inneh\u00e5ller tryptofan, som \u00e4r viktigt f\u00f6r produktionen av serotonin, det hormon som kallas lyckohormon.<\/p>\n<p>\ud83d\udc9a Det \u00e4r fr\u00e5n kontrollerad ekologisk produktion.<br \/>\n\ud83d\udc9a De \u00e4r fria fr\u00e5n tillsatser.<br \/>\n\ud83d\udc9a<em> Criollo-kakao<\/em> \u00e4r den mest uppskattade kakaon i v\u00e4rlden.<\/p>\n","protected":false},"featured_media":5941,"comment_status":"open","ping_status":"closed","template":"","meta":{"_acf_changed":false},"product_brand":[],"product_cat":[225,224,205],"product_tag":[],"class_list":{"0":"post-6474","1":"product","2":"type-product","3":"status-publish","4":"has-post-thumbnail","6":"product_cat-alla-produkter","7":"product_cat-erbjudande","8":"product_cat-te-mat-kryddor","10":"first","11":"instock","12":"sale","13":"taxable","14":"shipping-taxable","15":"purchasable","16":"product-type-simple"},"acf":[],"_links":{"self":[{"href":"https:\/\/fengchashop.com\/se\/wp-json\/wp\/v2\/product\/6474","targetHints":{"allow":["GET"]}}],"collection":[{"href":"https:\/\/fengchashop.com\/se\/wp-json\/wp\/v2\/product"}],"about":[{"href":"https:\/\/fengchashop.com\/se\/wp-json\/wp\/v2\/types\/product"}],"replies":[{"embeddable":true,"href":"https:\/\/fengchashop.com\/se\/wp-json\/wp\/v2\/comments?post=6474"}],"wp:featuredmedia":[{"embeddable":true,"href":"https:\/\/fengchashop.com\/se\/wp-json\/wp\/v2\/media\/5941"}],"wp:attachment":[{"href":"https:\/\/fengchashop.com\/se\/wp-json\/wp\/v2\/media?parent=6474"}],"wp:term":[{"taxonomy":"product_brand","embeddable":true,"href":"https:\/\/fengchashop.com\/se\/wp-json\/wp\/v2\/product_brand?post=6474"},{"taxonomy":"product_cat","embeddable":true,"href":"https:\/\/fengchashop.com\/se\/wp-json\/wp\/v2\/product_cat?post=6474"},{"taxonomy":"product_tag","embeddable":true,"href":"https:\/\/fengchashop.com\/se\/wp-json\/wp\/v2\/product_tag?post=6474"}],"curies":[{"name":"wp","href":"https:\/\/api.w.org\/{rel}","templated":true}]}}