{"id":6468,"date":"2022-05-20T16:26:40","date_gmt":"2022-05-20T14:26:40","guid":{"rendered":"https:\/\/fengchashop.com\/se\/product\/krossade-kakaobonor-bio-250-g\/"},"modified":"2026-04-14T21:31:37","modified_gmt":"2026-04-14T19:31:37","slug":"krossade-kakaobonor-bio","status":"publish","type":"product","link":"https:\/\/fengchashop.com\/se\/product\/krossade-kakaobonor-bio\/","title":{"rendered":"Krossade kakaob\u00f6nor BIO 250 g"},"content":{"rendered":"<h2 style=\"text-align: justify\"><span style=\"color: #000000\">Krossade kakaob\u00f6nor criollo BIO<\/span><\/h2>\n<p style=\"text-align: justify\"><span style=\"color: #000000\">Kakaob\u00f6norna, eller fr\u00f6na, som kakao utvinns ur, v\u00e4xer i baljor p\u00e5 ett tr\u00e4d som kallas kakaotr\u00e4d, eller <strong>kakaotr\u00e4d<\/strong>. <strong><i>Theobroma kakao<\/i><\/strong>. Kakaob\u00f6nor var f\u00f6rr i tiden s\u00e5 v\u00e4rdefulla att mayaindianerna och aztekerna i Central- och Sydamerika anv\u00e4nde dem som <strong>betalningsmedel<\/strong> vid <strong>sidan av guld <\/strong>.<\/span><\/p>\n<p style=\"text-align: justify\"><span style=\"color: #000000\">Kakao inneh\u00e5ller \u00f6verl\u00e4gset mest <strong>antioxidanter<\/strong> av alla livsmedel, liksom m\u00e5nga <strong>mineraler<\/strong> som kalium, zink, magnesium, j\u00e4rn och kalcium. Det \u00e4r ocks\u00e5 en rik k\u00e4lla till <strong>protein<\/strong> och <strong>fibrer<\/strong>. Alla dessa \u00e4r viktiga f\u00f6r att bibeh\u00e5lla v\u00e5r h\u00e4lsa. Det inneh\u00e5ller ocks\u00e5 ett antal n\u00e4rings\u00e4mnen som har en positiv effekt p\u00e5 v\u00e5rt cirkulationssystem genom att tunna blodet och f\u00f6rhindra blodproppar. Det<strong> f\u00f6rb\u00e4ttrar hum\u00f6ret<\/strong> genom att \u00f6ka serotoninniv\u00e5erna i hj\u00e4rnan. Faktum \u00e4r att kakao inneh\u00e5ller s\u00e5 m\u00e5nga som 300 olika f\u00f6reningar som kan h\u00f6ja hum\u00f6ret. Eftersom kakao \u00e4r presen (r\u00e5) \u00e4r den n\u00e5got mer bitter \u00e4n vad vi \u00e4r vana vid, men mycket nyttigare. Det r\u00e4cker med att \u00e4ta<strong> 25-30 gram kakao om dagen<\/strong> f\u00f6r att dra nytta av alla dess f\u00f6rdelar.<\/span><\/p>\n<p style=\"text-align: justify\"><span style=\"color: #000000\"><em>Criollo-kakaon<\/em> \u00e4r v\u00e4rldens<strong> mest<\/strong> v\u00e4rdefulla kakao. Dessa kakaob\u00f6nor \u00e4r ocks\u00e5 <strong>ekologiskt producerade<\/strong>.<\/span><\/p>\n<p style=\"text-align: justify\"><span style=\"color: #000000\">De h\u00e5rda kakaob\u00f6norna bryts i mindre bitar f\u00f6r att bli l\u00e4ttare att \u00e4ta.<\/span><\/p>\n<p style=\"text-align: justify\"><span style=\"color: #000000\">De smakar choklad men \u00e4r ocks\u00e5 n\u00f6tiga.<\/span><\/p>\n<h2 style=\"text-align: justify\"><span style=\"color: #000000\">Varf\u00f6r k\u00f6pa v\u00e5ra brutna kakaob\u00f6nor?<\/span><\/h2>\n<p style=\"text-align: justify\"><span style=\"color: #000000\">Helt enkelt f\u00f6r att:<\/span><\/p>\n<p style=\"text-align: justify\"><span style=\"color: #000000\">1. De kommer fr\u00e5n kontrollerad <b>ekologisk produktion<\/b> och \u00e4r d\u00e4rf\u00f6r det b\u00e4sta vi kan erbjuda.<\/span><\/p>\n<p style=\"text-align: justify\"><span style=\"color: #000000\">2. de kommer fr\u00e5n <b>h\u00e5llbara b\u00f6nor<\/b>. <i>Vad betyder det? <\/i>Det betyder att kakaob\u00f6norna eller fr\u00f6na helt enkelt fermenteras och torkas vid l\u00e5ga temperaturer efter sk\u00f6rd. De rostas inte och behandlas inte kemiskt p\u00e5 n\u00e5got s\u00e4tt. P\u00e5 s\u00e5 s\u00e4tt beh\u00e5ller denna <i>gudarnas mat<\/i>, som den ofta kallas, de flesta av sina n\u00e4ringsv\u00e4rden, inklusive de antioxidanter som \u00e4r s\u00e5 viktiga f\u00f6r oss.<\/span><\/p>\n<p style=\"text-align: justify\"><span style=\"color: #000000\">3. De \u00e4r <b>fria fr\u00e5n tillsatser<\/b> och andra on\u00f6diga ingredienser.<\/span><\/p>\n<p style=\"text-align: justify\"><span style=\"color: #000000\">4. Kakao <em><strong>criollo<\/strong> <\/em>\u00e4r den finaste och mest uppskattade kakaosorten i v\u00e4rlden.<\/span><\/p>\n<p style=\"text-align: justify\"><span style=\"color: #000000\">En vinnande kombination som tillfredsst\u00e4ller \u00e4ven de mest kr\u00e4vande smakl\u00f6karna.<\/span><\/p>\n<h2 style=\"text-align: justify\"><span style=\"color: #000000\">F\u00f6rvaring<\/span><\/h2>\n<p style=\"text-align: justify\"><span style=\"color: #000000\">F\u00f6rvaras torrt, m\u00f6rkt och svalt. Se till att p\u00e5sen \u00e4r t\u00e4tt f\u00f6rsluten.<\/span><\/p>\n<h2 style=\"text-align: justify\"><span style=\"color: #000000\">F\u00f6rpackning<\/span><\/h2>\n<p style=\"text-align: justify\"><span style=\"color: #000000\">Icke-genomsl\u00e4pplig zip-lock-p\u00e5se, d\u00e4r produkten beh\u00e5ller all sin fr\u00e4sch\u00f6r och arom. F\u00f6rpackningen skyddar mot ljus och luft, eftersom den \u00e4r uppbyggd av flera skyddslager f\u00f6r att bevara inneh\u00e5llets egenskaper.<\/span><\/p>\n<p style=\"text-align: justify\"><span style=\"color: #000000\">F\u00f6rpackningen \u00e4r mycket praktisk och \u00e5tervinningsbar.<\/span><\/p>\n<h2 style=\"text-align: justify\"><span style=\"color: #000000\">Ursprung<\/span><\/h2>\n<p style=\"text-align: justify\"><span style=\"color: #000000\">Peru<\/span><\/p>\n","protected":false},"excerpt":{"rendered":"<p>Kakao inneh\u00e5ller \u00f6verl\u00e4gset mest antioxidanter av alla livsmedel, liksom m\u00e5nga mineraler som kalium, zink, magnesium, j\u00e4rn och kalcium. Det \u00e4r ocks\u00e5 en rik k\u00e4lla till protein och fibrer. Alla dessa \u00e4r viktiga f\u00f6r att bibeh\u00e5lla v\u00e5r h\u00e4lsa. Det inneh\u00e5ller ocks\u00e5 ett antal n\u00e4rings\u00e4mnen som har en positiv effekt p\u00e5 v\u00e5rt cirkulationssystem genom att tunna blodet och f\u00f6rhindra blodproppar. Det f\u00f6rb\u00e4ttrar hum\u00f6ret genom att \u00f6ka serotoninniv\u00e5erna i hj\u00e4rnan. Faktum \u00e4r att kakao inneh\u00e5ller s\u00e5 m\u00e5nga som 300 olika f\u00f6reningar som kan h\u00f6ja hum\u00f6ret. Eftersom kakao \u00e4r presen (r\u00e5) \u00e4r den n\u00e5got mer bitter \u00e4n vad vi \u00e4r vana vid, men mycket nyttigare. Det r\u00e4cker med 25-30 gram kakao om dagen f\u00f6r att dra nytta av alla dess f\u00f6rdelar.<\/p>\n<p>\ud83d\udc9a Den kommer fr\u00e5n kontrollerad ekologisk produktion.<br \/>\n\ud83d\udc9a De \u00e4r fria fr\u00e5n tillsatser.<br \/>\n\ud83d\udc9a<em> Criollo-kakao<\/em> \u00e4r v\u00e4rldens mest uppskattade kakaosort.<\/p>\n","protected":false},"featured_media":5948,"comment_status":"open","ping_status":"closed","template":"","meta":{"_acf_changed":false},"product_brand":[],"product_cat":[225,224,205],"product_tag":[],"class_list":{"0":"post-6468","1":"product","2":"type-product","3":"status-publish","4":"has-post-thumbnail","6":"product_cat-alla-produkter","7":"product_cat-erbjudande","8":"product_cat-te-mat-kryddor","10":"first","11":"instock","12":"sale","13":"taxable","14":"shipping-taxable","15":"purchasable","16":"product-type-simple"},"acf":[],"_links":{"self":[{"href":"https:\/\/fengchashop.com\/se\/wp-json\/wp\/v2\/product\/6468","targetHints":{"allow":["GET"]}}],"collection":[{"href":"https:\/\/fengchashop.com\/se\/wp-json\/wp\/v2\/product"}],"about":[{"href":"https:\/\/fengchashop.com\/se\/wp-json\/wp\/v2\/types\/product"}],"replies":[{"embeddable":true,"href":"https:\/\/fengchashop.com\/se\/wp-json\/wp\/v2\/comments?post=6468"}],"wp:featuredmedia":[{"embeddable":true,"href":"https:\/\/fengchashop.com\/se\/wp-json\/wp\/v2\/media\/5948"}],"wp:attachment":[{"href":"https:\/\/fengchashop.com\/se\/wp-json\/wp\/v2\/media?parent=6468"}],"wp:term":[{"taxonomy":"product_brand","embeddable":true,"href":"https:\/\/fengchashop.com\/se\/wp-json\/wp\/v2\/product_brand?post=6468"},{"taxonomy":"product_cat","embeddable":true,"href":"https:\/\/fengchashop.com\/se\/wp-json\/wp\/v2\/product_cat?post=6468"},{"taxonomy":"product_tag","embeddable":true,"href":"https:\/\/fengchashop.com\/se\/wp-json\/wp\/v2\/product_tag?post=6468"}],"curies":[{"name":"wp","href":"https:\/\/api.w.org\/{rel}","templated":true}]}}