{"id":6448,"date":"2022-05-20T14:55:43","date_gmt":"2022-05-20T12:55:43","guid":{"rendered":"https:\/\/fengchashop.com\/se\/product\/golden-latte-bio-250-g\/"},"modified":"2026-04-29T02:56:13","modified_gmt":"2026-04-29T00:56:13","slug":"golden-latte-bio","status":"publish","type":"product","link":"https:\/\/fengchashop.com\/se\/product\/golden-latte-bio\/","title":{"rendered":"Golden latte BIO 250 g"},"content":{"rendered":"<h2><span style=\"color: #000000\">Gyllene latte BIO<\/span><\/h2>\n<p style=\"text-align: justify\"><span style=\"color: #000000\">Golden latte \u00e4r en uts\u00f6kt och uppfriskande dryck som g\u00f6rs p\u00e5 fem enkla <strong>ingredienser<\/strong>, d\u00e4r huvudingrediensen \u00e4r <strong>gurkmeja<\/strong>. Du kan ocks\u00e5 tills\u00e4tta andra ingredienser som du gillar och har n\u00e4ra till hands. Att dricka gurkmejamilk kan ha m\u00e5nga positiva effekter p\u00e5 v\u00e5r organism och det smakar ocks\u00e5 gott. Golden Latte BIO \u00e4r en f\u00e4rdig mix som sparar tid n\u00e4r du f\u00f6rbereder din dryck, eftersom du inte beh\u00f6ver oroa dig f\u00f6r att m\u00e4ta upp m\u00e4ngden av alla ingredienser. Den \u00e4r enkel att anv\u00e4nda och smakar fantastiskt. Blandningen best\u00e5r av<b> gurkmeja<\/b> med tillsats <b>av ceylonkanel (10 %) <\/b>och<b> ingef\u00e4ra (10 %)<\/b>.<\/span><\/p>\n<p style=\"text-align: justify\"><span style=\"color: #000000\"><em>Endast de finaste ekologiska ingredienserna v\u00e4ljs ut.<\/em><\/span><\/p>\n<p style=\"text-align: justify\"><span style=\"color: #000000\">En <b>nypa malen svartpeppar<\/b> tills\u00e4tts ocks\u00e5 i blandningen, eftersom det g\u00f6r att de aktiva ingredienserna i gurkmeja, s\u00e4rskilt curcumin, l\u00e4ttare och b\u00e4ttre absorberas av kroppen.<\/span><\/p>\n<p style=\"text-align: justify\"><span style=\"color: #000000\">Drycken kan g\u00f6ras med <b>mj\u00f6lk, vegetabilisk dry<\/b> ck eller annan v\u00e4tska. Den kan drickas<b> p\u00e5 morgonen <\/b>eller p\u00e5<b> kv\u00e4llen<\/b>, men \u00e4r vanligtvis b\u00e4st att ta p\u00e5 kv\u00e4llen f\u00f6re s\u00e4ngg\u00e5endet. \u00c4ndra din ritual och njut av <b>de l\u00e4kande f\u00f6rdelarna med gurkmeja<\/b>. Gurkmejadrycker \u00e4r <b>trendiga<\/b> \u00f6ver hela v\u00e4rlden och kombinerar<b> h\u00e4lsa med god smak<\/b>.<\/span><\/p>\n<p style=\"text-align: justify\"><span style=\"color: #000000\">Och det som g\u00f6r v\u00e5r blandning speciell \u00e4r att vi inte har tillsatt socker eller n\u00e5got annat s\u00f6tningsmedel i blandningen. Du kan tills\u00e4tta det efter smak eller inte s\u00f6ta drycken alls, eftersom kanelen och gurkmejan i sig ger den en behaglig s\u00f6tma.<\/span><\/p>\n<h2><span style=\"color: #000000\">Varf\u00f6r gurkmeja?<\/span><\/h2>\n<p style=\"text-align: justify\"><span style=\"color: #000000\">De medicinska effekterna av gurkmeja i traditionell medicin i Fj\u00e4rran \u00d6stern \u00e4r ov\u00e4rderliga. Den anv\u00e4nds bland annat f\u00f6r att rena blodet och mag-tarmkanalen, avgifta levern och gallbl\u00e5san, eftersom den huvudsakliga <b>aktiva ingrediensen,<\/b><strong>curcumin<\/strong> <b>,<\/b> p\u00e5skyndar elimineringen av galla, bilirubin och kolesterol. Det anv\u00e4nds av m\u00e5nga m\u00e4nniskor f\u00f6r <b>att bek\u00e4mpa<\/b> viral hepatit, cancer, psoriasis, Alzheimers sjukdom, depression och i kosmetiska preparat.<\/span><\/p>\n<p style=\"text-align: justify\"><span style=\"color: #000000\">De positiva effekterna av gurkmeja har ocks\u00e5 visats av <b>forskare<\/b> som s\u00e4ger att dess regelbundna konsumtion kan f\u00f6rhindra de skadliga effekterna av cancerframkallande \u00e4mnen fr\u00e5n mat p\u00e5 kroppen. Ut\u00f6ver allt detta anses curcumin f\u00f6rhindra oxidation av kolesterol, vilket genom sin negativa verkan orsakar utvecklingen av livshotande ateroskleros.<\/span><\/p>\n<p style=\"text-align: justify\"><span style=\"color: #000000\">Som en <b>kraftfull antioxidant<\/b> skyddar gurkmeja tarmarna mot fria radikaler och eliminerar framg\u00e5ngsrikt surhet i kroppen. Ayurvediska l\u00e4kare anv\u00e4nder det som ett antiseptiskt och antibakteriellt medel f\u00f6r att desinficera s\u00e5r och br\u00e4nnskador. Vissa kvinnor tror att det hj\u00e4lper till att p\u00e5skynda matsm\u00e4ltningen och reglera \u00e4mnesoms\u00e4ttningen, och \u00e4r d\u00e4rf\u00f6r effektivt f\u00f6r att sm\u00e4lta \u00f6verfl\u00f6diga pounds.<\/span><\/p>\n<p style=\"text-align: justify\"><span style=\"color: #000000\">Kanel ger drycken dess behagliga smak. I kombination med mj\u00f6lk f\u00e5r man alla dess f\u00f6rdelar, inklusive s\u00e4nkta blodsocker- och kolesterolniv\u00e5er och reglerat blodtryck. Kanel hj\u00e4lper ocks\u00e5 till med fettspj\u00e4lkning och matsm\u00e4ltningsproblem som diarr\u00e9. Ingef\u00e4ra stimulerar matsm\u00e4ltningen, v\u00e4rmer fr\u00e5n insidan, f\u00f6rb\u00e4ttrar immunf\u00f6rsvaret och \u00f6kar \u00e4mnesoms\u00e4ttningen. B\u00e5da lindrar ocks\u00e5 symtom p\u00e5 PMS och menstruationssm\u00e4rta.<\/span><\/p>\n<h2><span style=\"color: #000000\">Vilka \u00e4r de andra f\u00f6rdelarna med att dricka gurkmejemj\u00f6lk?<\/span><\/h2>\n<p style=\"text-align: justify\"><span style=\"color: #000000\">Gurkmeja \u00e4r en mycket uppskattad krydda i hela v\u00e4rlden. Den anv\u00e4nds i Ayurveda f\u00f6r <strong>mer \u00e4n 150 potentiella terapeutiska effekter<\/strong>. Inom modern vetenskap har det varit f\u00f6rem\u00e5l f\u00f6r m\u00e5nga studier, av vilka vissa redan har validerats, och anv\u00e4nds som ett terapeutiskt medel vid inflammatoriska tarmsjukdomar och artrit. De positiva effekter som kan uppn\u00e5s genom regelbunden konsumtion av gurkmejemj\u00f6lk eller gurkmeja \u00e4r:<\/span><\/p>\n<ul style=\"text-align: justify\">\n<li><span style=\"color: #000000\">det hj\u00e4lper till vid behandling av tarmsjukdomar,<\/span><\/li>\n<li><span style=\"color: #000000\">s\u00e4nker kolesterolet,<\/span><\/li>\n<li><span style=\"color: #000000\">den \u00e4r utm\u00e4rkt som kv\u00e4llsdryck f\u00f6re s\u00e4ngg\u00e5endet, eftersom den lugnar ner oss,<\/span><\/li>\n<li><span style=\"color: #000000\">det hj\u00e4lper ocks\u00e5 till med huvudv\u00e4rk och sm\u00e4rta,<\/span><\/li>\n<li><span style=\"color: #000000\">hj\u00e4lper till med matsm\u00e4ltningen,<\/span><\/li>\n<li><span style=\"color: #000000\">renar levern,<\/span><\/li>\n<li><span style=\"color: #000000\">hj\u00e4lper mot menstruationskramper,<\/span><\/li>\n<li><span style=\"color: #000000\">antiinflammatorisk.<\/span><\/li>\n<\/ul>\n<h2><span style=\"color: #000000\">F\u00f6rvaring<\/span><\/h2>\n<p style=\"text-align: justify\"><span style=\"color: #000000\">F\u00f6rvaras torrt, m\u00f6rkt och svalt. Se till att p\u00e5sen eller l\u00e5dan \u00e4r t\u00e4tt f\u00f6rsluten.<\/span><\/p>\n<h2><span style=\"color: #000000\">F\u00f6rpackning<\/span><\/h2>\n<p style=\"text-align: justify\"><span style=\"color: #000000\">Produkten \u00e4r f\u00f6rpackad i en snygg glasbeh\u00e5llare med ett lager svart, ljust\u00e4t folie. Kapsylen \u00e4r l\u00e4ckages\u00e4ker, vilket inneb\u00e4r att yttre lukter inte kan p\u00e5verka inneh\u00e5llet i flaskan. I \u00f6vrigt \u00e4r glaset i sig ocks\u00e5 ogenomtr\u00e4ngligt, luktfritt och p\u00e5verkar inte p\u00e5 n\u00e5got s\u00e4tt smaken p\u00e5 inneh\u00e5llet. S\u00e5dana f\u00f6rpackningar \u00e4r ocks\u00e5 fria fr\u00e5n milj\u00f6skadlig plast och \u00e4r mer ekologiska och h\u00e5llbara. I sj\u00e4lva verket \u00e4r det den perfekta f\u00f6rpackningen, tillverkad av naturliga och h\u00e5llbara ingredienser, som symboliserar h\u00f6gsta kvalitet.<\/span><\/p>\n<p style=\"text-align: justify\"><span style=\"color: #000000\">F\u00f6rpackningen \u00e4r mycket praktisk och \u00e5tervinningsbar.<\/span><\/p>\n<h2><span style=\"color: #000000\">Ursprung<\/span><\/h2>\n<p style=\"text-align: justify\"><span style=\"color: #000000\">Slovenien<\/span><\/p>\n","protected":false},"excerpt":{"rendered":"<p>Golden Latte \u00e4r en uts\u00f6kt och uppfriskande dryck som g\u00f6rs p\u00e5 fem enkla <strong>ingredienser<\/strong>, d\u00e4r huvudingrediensen \u00e4r <strong>gurkmeja<\/strong>. Du kan ocks\u00e5 tills\u00e4tta andra ingredienser som du gillar och har n\u00e4ra till hands. Att konsumera gurkmejamilk kan ha m\u00e5nga positiva effekter p\u00e5 v\u00e5r organism och det smakar ocks\u00e5 trevligt. Golden Latte BIO \u00e4r en f\u00e4rdig mix som sparar tid n\u00e4r du f\u00f6rbereder din dryck, eftersom du inte beh\u00f6ver oroa dig f\u00f6r att m\u00e4ta upp m\u00e4ngden av alla ingredienser. Den \u00e4r enkel att anv\u00e4nda och smakar fantastiskt. Blandningen best\u00e5r av<b> gurkmeja<\/b> och tillsats <b>av Ceylonkanel (10 %) <\/b>och<b> ingef\u00e4ra (10 %)<\/b>. En <b>nypa malen svartpeppar<\/b> tills\u00e4tts ocks\u00e5 till blandningen, eftersom detta g\u00f6r att de aktiva ingredienserna i gurkmeja, s\u00e4rskilt kurkumin, l\u00e4ttare och b\u00e4ttre absorberas av kroppen. De positiva effekterna som kan \u00e5stadkommas genom regelbunden konsumtion av curcuminmj\u00f6lk \u00e4r:<\/p>\n<p>\ud83d\udc9a hj\u00e4lper till att behandla tarmsjukdomar,<br \/>\n\ud83d\udc9a s\u00e4nker kolesterol,<br \/>\n\ud83d\udc9a rensar levern,<br \/>\n\ud83d\udc9a hj\u00e4lper till med menstruationskramper,<br \/>\n\ud83d\udc9a antiinflammatorisk.<\/p>\n","protected":false},"featured_media":6449,"comment_status":"open","ping_status":"closed","template":"","meta":{"_acf_changed":false},"product_brand":[],"product_cat":[225,224],"product_tag":[],"class_list":{"0":"post-6448","1":"product","2":"type-product","3":"status-publish","4":"has-post-thumbnail","6":"product_cat-alla-produkter","7":"product_cat-erbjudande","9":"first","10":"instock","11":"sale","12":"taxable","13":"shipping-taxable","14":"purchasable","15":"product-type-simple"},"acf":[],"_links":{"self":[{"href":"https:\/\/fengchashop.com\/se\/wp-json\/wp\/v2\/product\/6448","targetHints":{"allow":["GET"]}}],"collection":[{"href":"https:\/\/fengchashop.com\/se\/wp-json\/wp\/v2\/product"}],"about":[{"href":"https:\/\/fengchashop.com\/se\/wp-json\/wp\/v2\/types\/product"}],"replies":[{"embeddable":true,"href":"https:\/\/fengchashop.com\/se\/wp-json\/wp\/v2\/comments?post=6448"}],"wp:featuredmedia":[{"embeddable":true,"href":"https:\/\/fengchashop.com\/se\/wp-json\/wp\/v2\/media\/6449"}],"wp:attachment":[{"href":"https:\/\/fengchashop.com\/se\/wp-json\/wp\/v2\/media?parent=6448"}],"wp:term":[{"taxonomy":"product_brand","embeddable":true,"href":"https:\/\/fengchashop.com\/se\/wp-json\/wp\/v2\/product_brand?post=6448"},{"taxonomy":"product_cat","embeddable":true,"href":"https:\/\/fengchashop.com\/se\/wp-json\/wp\/v2\/product_cat?post=6448"},{"taxonomy":"product_tag","embeddable":true,"href":"https:\/\/fengchashop.com\/se\/wp-json\/wp\/v2\/product_tag?post=6448"}],"curies":[{"name":"wp","href":"https:\/\/api.w.org\/{rel}","templated":true}]}}