{"id":6429,"date":"2022-05-20T08:51:51","date_gmt":"2022-05-20T06:51:51","guid":{"rendered":"https:\/\/fengchashop.com\/se\/product\/atractylodes-pulver-250-g\/"},"modified":"2026-04-26T15:21:29","modified_gmt":"2026-04-26T13:21:29","slug":"atractylodes-pulver","status":"publish","type":"product","link":"https:\/\/fengchashop.com\/se\/product\/atractylodes-pulver\/","title":{"rendered":"Atractylodes-pulver 250 g"},"content":{"rendered":"<h2><span style=\"color: #000000\"><strong>Atractilis pulver<\/strong><\/span><\/h2>\n<p><span style=\"color: #000000\">Atractylodes macrocephala (Atractylodes) \u00e4r en fler\u00e5rig \u00f6rt som v\u00e4xer till ungef\u00e4r en halv meter i h\u00f6jd. Den har k\u00f6ttiga r\u00f6tter och en smal stam med grenade l\u00f6v. Den b\u00e4r frukt p\u00e5 sensommaren eller h\u00f6sten. I Kina \u00e4r den ocks\u00e5 k\u00e4nd som bai zhu. R\u00f6tterna, som anv\u00e4nds f\u00f6r medicinska \u00e4ndam\u00e5l, gr\u00e4vs upp p\u00e5 vintern och torkas f\u00f6r att f\u00f6rberedas f\u00f6r konsumtion. Anv\u00e4nds traditionellt i Kina <strong>f\u00f6r att st\u00e4rka Qi-energin, f\u00f6r att st\u00e4rka kroppen och f\u00f6r att \u00f6ka motst\u00e5ndskraften mot sjukdomar.<\/strong> I traditionell kinesisk \u00f6rtmedicin anses det vara<strong> en av de viktigaste ingredienserna i m\u00e5nga \u00f6rtblandningar.<\/strong> Det \u00e4r s\u00e4rskilt omtyckt att kombineras med ginseng<strong>.<\/strong> <\/span><\/p>\n<h2><span style=\"color: #000000\"><strong>Vem rekommenderas att ta<\/strong><\/span><\/h2>\n<p><span style=\"color: #000000\">Det anv\u00e4nds oftast<strong> f\u00f6r att st\u00e4rka mj\u00e4lten och magen.<\/strong> Atractylus kan g\u00f6ra matsm\u00e4ltningen mer effektiv och anses ocks\u00e5 <strong>reglera aptiten och hj\u00e4lpa till att g\u00e5 ner i vikt eller tun<\/strong> na ut. N\u00e4r det \u00e5tf\u00f6ljs av fysisk aktivitet hj\u00e4lper det till att \u00f6ka muskelmassan och d\u00e4rmed f\u00f6rb\u00e4ttra fysisk kondition och uth\u00e5llighet.<\/span><\/p>\n<p><span style=\"color: #000000\">Atractilis \u00e4r s\u00e4rskilt bra<strong> f\u00f6r matsm\u00e4ltningen och hj\u00e4lper personer som ofta har problem med uppbl\u00e5sthet, magsm\u00e4rtor, diarr\u00e9 och kr\u00e4kningar, samt anemi och svimning<\/strong>. Det fungerar ocks\u00e5 som ett diuretikum och fr\u00e4mjar eliminering av \u00f6verfl\u00f6digt vatten fr\u00e5n kroppen. Det tros ocks\u00e5 vara effektivt f\u00f6r att f\u00f6rhindra missfall.<\/span><\/p>\n<p><span style=\"color: #000000\">Atractilis har en s\u00f6t smak, som samtidigt \u00e4r n\u00e5got sammandragande och kryddig.<\/span><\/p>\n<h2><span style=\"color: #000000\"><strong>Vilka \u00e4r de andra f\u00f6rdelarna med att ta<\/strong><\/span><\/h2>\n<p><span style=\"color: #000000\">Atractilis \u00e4r extremt popul\u00e4rt inom kinesisk medicin eftersom det \u00e5terst\u00e4ller styrka, energi, \u00e5terst\u00e4ller immunitet och st\u00f6der tarmh\u00e4lsan. Det kombineras ofta med andra \u00f6rter, s\u00e4rskilt ginseng, astragalus och den medicinska svamprhizomen. Atractilis \u00e4r t\u00e4nkt att:<\/span><\/p>\n<p><span style=\"color: #000000\"> \ud83d\udc9a ger bra <strong>skydd f\u00f6r levern<\/strong>,<\/span><br \/>\n<span style=\"color: #000000\"> \ud83d\udc9a s<strong>kyddar mot sjukdomar i livmoderhalsen, br\u00f6sten och magen<\/strong>,<\/span><br \/>\n<span style=\"color: #000000\"> \ud83d\udc9a f<strong>\u00f6rb\u00e4ttrar fysisk kondition<\/strong>,<\/span><br \/>\n<span style=\"color: #000000\">\ud83d\udc9a st\u00f6der <strong>immunf\u00f6rsvaret<\/strong>,<\/span><br \/>\n<span style=\"color: #000000\"> \ud83d\udc9a tros s\u00e4nka eller kontrollera blodsockerniv\u00e5n,<\/span><br \/>\n<span style=\"color: #000000\">\ud83d\udc9a hj\u00e4lper till med <strong>flatulens, magont<\/strong> och yrsel,<\/span><br \/>\n<span style=\"color: #000000\"> <strong>\ud83d\udc9a \u00f6kar energiniv\u00e5erna<\/strong> och minskar tr\u00f6tthet.<\/span><\/p>\n<h2><span style=\"color: #000000\">F\u00f6rvaring och varningar<\/span><\/h2>\n<p><span style=\"color: #000000\">F\u00f6rvaras svalt och torrt vid en temperatur p\u00e5 upp till 25 \u00b0C. F\u00f6rvara kosttillskottet utom r\u00e4ckh\u00e5ll f\u00f6r barn!<\/span><\/p>\n<p><span style=\"color: #000000\">Kom ih\u00e5g vikten av en varierad kost och en h\u00e4lsosam livsstil, ett kosttillskott \u00e4r d\u00e4rf\u00f6r inte en ers\u00e4ttning f\u00f6r en balanserad och varierad kost. Den rekommenderade dagliga m\u00e4ngden eller dosen b\u00f6r inte \u00f6verskridas. Gravida och ammande kvinnor rekommenderas alltid att r\u00e5dg\u00f6ra med l\u00e4kare f\u00f6re anv\u00e4ndning.<\/span><\/p>\n<h2><span style=\"color: #000000\">F\u00f6rpackning<\/span><\/h2>\n<p><span style=\"color: #000000\">Icke-genomsl\u00e4pplig zip-lock-p\u00e5se d\u00e4r produkten beh\u00e5ller all sin fr\u00e4sch\u00f6r och arom. F\u00f6rpackningen skyddar produkten fr\u00e5n ljus och luft, eftersom den best\u00e5r av flera lager av skydd f\u00f6r att bevara inneh\u00e5llets egenskaper.<\/span><\/p>\n<p><span style=\"color: #000000\">F\u00f6rpackningen \u00e4r mycket praktisk och \u00e5tervinningsbar.<\/span><\/p>\n<h2><span style=\"color: #000000\">Ursprung<\/span><\/h2>\n<p><span style=\"color: #000000\">Kina. Vi har mycket p\u00e5litliga leverant\u00f6rer som skickar oss en detaljerad kemisk analys av livsmedlet f\u00f6r varje parti. Under mer \u00e4n tio \u00e5r har vi inte haft n\u00e5gra \u00e5terkallelser eller andra problem med denna produkt, och inte heller med andra produkter fr\u00e5n samma leverant\u00f6r.<\/span><\/p>\n","protected":false},"excerpt":{"rendered":"<p>Atractilis \u00e4r extremt popul\u00e4r inom kinesisk medicin eftersom den \u00e5terst\u00e4ller styrka, energi, \u00e5terst\u00e4ller immuniteten och st\u00f6der tarmh\u00e4lsan. Den kombineras ofta med andra \u00f6rter, s\u00e4rskilt ginseng, astragalus och den medicinska svamprhizomen. Atractilis \u00e4r t\u00e4nkt att:<\/p>\n<p>\ud83d\udc9a ger bra leverskydd,<br \/>\n\ud83d\udc9a skyddar mot sjukdomar i livmoderhalsen, br\u00f6sten och magen,<br \/>\n\ud83d\udc9a st\u00f6der immunf\u00f6rsvaret,<br \/>\n\ud83d\udc9a hj\u00e4lper till med flatulens, magont och yrsel,<br \/>\n\ud83d\udc9a \u00f6kar energiniv\u00e5erna och minskar tr\u00f6tthet.<\/p>\n","protected":false},"featured_media":6430,"comment_status":"open","ping_status":"closed","template":"","meta":{"_acf_changed":false},"product_brand":[],"product_cat":[228],"product_tag":[],"class_list":{"0":"post-6429","1":"product","2":"type-product","3":"status-publish","4":"has-post-thumbnail","6":"product_cat-ayurveda","8":"first","9":"instock","10":"taxable","11":"shipping-taxable","12":"purchasable","13":"product-type-simple"},"acf":[],"_links":{"self":[{"href":"https:\/\/fengchashop.com\/se\/wp-json\/wp\/v2\/product\/6429","targetHints":{"allow":["GET"]}}],"collection":[{"href":"https:\/\/fengchashop.com\/se\/wp-json\/wp\/v2\/product"}],"about":[{"href":"https:\/\/fengchashop.com\/se\/wp-json\/wp\/v2\/types\/product"}],"replies":[{"embeddable":true,"href":"https:\/\/fengchashop.com\/se\/wp-json\/wp\/v2\/comments?post=6429"}],"wp:featuredmedia":[{"embeddable":true,"href":"https:\/\/fengchashop.com\/se\/wp-json\/wp\/v2\/media\/6430"}],"wp:attachment":[{"href":"https:\/\/fengchashop.com\/se\/wp-json\/wp\/v2\/media?parent=6429"}],"wp:term":[{"taxonomy":"product_brand","embeddable":true,"href":"https:\/\/fengchashop.com\/se\/wp-json\/wp\/v2\/product_brand?post=6429"},{"taxonomy":"product_cat","embeddable":true,"href":"https:\/\/fengchashop.com\/se\/wp-json\/wp\/v2\/product_cat?post=6429"},{"taxonomy":"product_tag","embeddable":true,"href":"https:\/\/fengchashop.com\/se\/wp-json\/wp\/v2\/product_tag?post=6429"}],"curies":[{"name":"wp","href":"https:\/\/api.w.org\/{rel}","templated":true}]}}