{"id":6425,"date":"2022-05-20T08:18:20","date_gmt":"2022-05-20T06:18:20","guid":{"rendered":"https:\/\/fengchashop.com\/se\/product\/ayurvedisk-salva-siddhalepa-50-g\/"},"modified":"2026-04-29T13:57:46","modified_gmt":"2026-04-29T11:57:46","slug":"ayurvedisk-salva-siddhalepa","status":"publish","type":"product","link":"https:\/\/fengchashop.com\/se\/product\/ayurvedisk-salva-siddhalepa\/","title":{"rendered":"Ayurvedisk salva Siddhalepa 50 g"},"content":{"rendered":"<div class=\"std\">\n<h2>Ayurvedisk salva Siddhalepa<\/h2>\n<p>Siddhalepa \u00e4r ett v\u00e4lk\u00e4nt varum\u00e4rke som funnits p\u00e5 marknaden sedan 1934, och produktreceptet har en tradition p\u00e5 \u00f6ver 200 \u00e5r. Den ayurvediska salvan Siddhalepa \u00e4r en \u00f6rtbaserad salva som best\u00e5r av olika asiatiska v\u00e4xter. Den tillverkas i Sri Lanka (\u00f6stat utanf\u00f6r den syd\u00f6stra kusten av den indiska subkontinenten) enligt bepr\u00f6vad <b>ayurvedisk tradition<\/b>.<\/p>\n<h2>Varning<\/h2>\n<p>Produkten \u00e4r endast avsedd f\u00f6r utv\u00e4rtes bruk p\u00e5 frisk hud. Anv\u00e4nd inte i \u00f6gonomr\u00e5det, p\u00e5 slemhinnor, \u00f6ppna s\u00e5r eller skadad hud.<\/p>\n<p>Rekommenderas inte f\u00f6r barn under tre \u00e5r. F\u00f6rvaras utom r\u00e4ckh\u00e5ll f\u00f6r barn!<\/p>\n<h2>F\u00f6rpackning<\/h2>\n<p>Salvan \u00e4r f\u00f6rpackad i en glasbeh\u00e5llare. F\u00f6rpackningen \u00e4r mycket praktisk och \u00e5tervinningsbar.<\/p>\n<h2>F\u00f6rvaring och varningar<\/h2>\n<p>F\u00f6rvaras torrt, svalt och m\u00f6rkt.<\/p>\n<h2>Ursprung<\/h2>\n<p>Sri Lanka<\/p>\n<p>&nbsp;<\/p>\n<p>Tillverkad under st\u00e4ndig kontroll i enlighet med internationella standarder ISO 9001, ISO 14001 och GMP i Sri Lanka.<\/p>\n<p>Tillverkare: Siddhalepa Pvt (Ltd), Sri Lanka. Ansvarig person: Samahan GmbH, Breitenbachstr. 24-29, Berlin, Tyskland. E-post: info@samahan.online<\/p>\n<p>Distribution: Feng cha d.o.o., Rej\u010deva 5, 5000 Nova Gorica, Slovenien.<\/p>\n<\/div>\n","protected":false},"excerpt":{"rendered":"<p>Siddhalepa \u00e4r ett v\u00e4lk\u00e4nt varum\u00e4rke som funnits p\u00e5 marknaden sedan 1934, och produktreceptet har en tradition p\u00e5 \u00f6ver 200 \u00e5r. Den ayurvediska salvan Siddhalepa \u00e4r en \u00f6rtbaserad salva som best\u00e5r av olika asiatiska v\u00e4xter. Den tillverkas i Sri Lanka (\u00f6stat utanf\u00f6r den syd\u00f6stra kusten av den indiska subkontinenten) enligt bepr\u00f6vad <b>ayurvedisk tradition<\/b>.<\/p>\n","protected":false},"featured_media":6426,"comment_status":"open","ping_status":"closed","template":"","meta":{"_acf_changed":false},"product_brand":[],"product_cat":[225,230,224,227],"product_tag":[],"class_list":{"0":"post-6425","1":"product","2":"type-product","3":"status-publish","4":"has-post-thumbnail","6":"product_cat-alla-produkter","7":"product_cat-bast-salda","8":"product_cat-erbjudande","9":"product_cat-ovrigt","11":"first","12":"instock","13":"sale","14":"taxable","15":"shipping-taxable","16":"purchasable","17":"product-type-simple"},"acf":[],"_links":{"self":[{"href":"https:\/\/fengchashop.com\/se\/wp-json\/wp\/v2\/product\/6425","targetHints":{"allow":["GET"]}}],"collection":[{"href":"https:\/\/fengchashop.com\/se\/wp-json\/wp\/v2\/product"}],"about":[{"href":"https:\/\/fengchashop.com\/se\/wp-json\/wp\/v2\/types\/product"}],"replies":[{"embeddable":true,"href":"https:\/\/fengchashop.com\/se\/wp-json\/wp\/v2\/comments?post=6425"}],"wp:featuredmedia":[{"embeddable":true,"href":"https:\/\/fengchashop.com\/se\/wp-json\/wp\/v2\/media\/6426"}],"wp:attachment":[{"href":"https:\/\/fengchashop.com\/se\/wp-json\/wp\/v2\/media?parent=6425"}],"wp:term":[{"taxonomy":"product_brand","embeddable":true,"href":"https:\/\/fengchashop.com\/se\/wp-json\/wp\/v2\/product_brand?post=6425"},{"taxonomy":"product_cat","embeddable":true,"href":"https:\/\/fengchashop.com\/se\/wp-json\/wp\/v2\/product_cat?post=6425"},{"taxonomy":"product_tag","embeddable":true,"href":"https:\/\/fengchashop.com\/se\/wp-json\/wp\/v2\/product_tag?post=6425"}],"curies":[{"name":"wp","href":"https:\/\/api.w.org\/{rel}","templated":true}]}}