{"id":6418,"date":"2022-03-15T11:18:31","date_gmt":"2022-03-15T10:18:31","guid":{"rendered":"https:\/\/fengchashop.com\/se\/product\/gurkmeja-i-kapslar-bio-240-kapslar\/"},"modified":"2026-04-29T14:46:24","modified_gmt":"2026-04-29T12:46:24","slug":"gurkmeja-i-kapslar-bio","status":"publish","type":"product","link":"https:\/\/fengchashop.com\/se\/product\/gurkmeja-i-kapslar-bio\/","title":{"rendered":"Gurkmeja i kapslar BIO 240 kapslar"},"content":{"rendered":"<h2><span style=\"color: #000000\">Gurkmeja kapslar BIO<\/span><\/h2>\n<p><span style=\"color: #000000\">Gurkmeja \u00e4r en v\u00e4xt som har varit k\u00e4nd i Europa sedan antiken och i sitt hemland i minst 4000 \u00e5r. Ursprungligen anv\u00e4ndes den som medicinalv\u00e4xt och f\u00e4rg\u00e4mne, men blev etablerad som krydda under senare tider. Liksom ingef\u00e4ra \u00e4r gurkmeja en krydda som utvinns ur den underjordiska, tjocka stammen fr\u00e5n en fler\u00e5rig v\u00e4xt i Asien. \u00c4ven om vissa m\u00e4nniskor nu k\u00e4nner till det som en krydda, finns det mycket mer bakom det. F\u00f6rutom mineraler, vitaminerna B6 och B3, folsyra, kalium, j\u00e4rn och mangan samt omega-3-fettsyror inneh\u00e5ller gurkmeja ocks\u00e5 <strong>polyfenolen kurkumin, som<\/strong> \u00e4r en mycket <strong>kraftfull antioxidant<\/strong> och en effektiv<strong> antiinflammatorisk f\u00f6rening<\/strong>. Curcumin har visat sig ha en positiv effekt p\u00e5 levern och blodk\u00e4rlen, minska inflammation vid artrit och minska riskfaktorerna f\u00f6r diabetes. Det har ocks\u00e5 <strong>positiva effekter p\u00e5 hj\u00e4rnh\u00e4lsan<\/strong> och minskar risken f\u00f6r cancer. Curcumin<strong> f\u00f6rhindrar<\/strong> framg\u00e5ngsrikt<strong> all kronisk inflammation<\/strong> i v\u00e5ra kroppar &#8211; och alla sjukdomstillst\u00e5nd b\u00f6rjar faktiskt med inflammation. Det <strong>f\u00f6rhindrar<\/strong> ocks\u00e5 <strong>tillv\u00e4xten av d\u00e5liga bakterier<\/strong> i matsm\u00e4ltningskanalen, s\u00e5som<strong>Heliobacter pylori<\/strong> i magen och <strong>candida<\/strong> i munnen och tarmarna, genom sin antibakteriella verkan.<\/span><\/p>\n<p><span style=\"color: #000000\">Smaken av gurkmeja \u00e4r n\u00e5got sammandragande, kryddig men s\u00f6t och p\u00e5minner om ingef\u00e4ra, apelsin och peppar.<\/span><\/p>\n<p><span style=\"color: #000000\">Vanligtvis \u00e4r gurkmeja t\u00e4nkt att:<\/span><\/p>\n<p><span style=\"color: #000000\"> \ud83d\udc9a antiinflammatorisk, <strong>svampd\u00f6dande<\/strong> och antimikrobiell, vilket minskar inflammation;<\/span><br \/>\n<span style=\"color: #000000\"> \ud83d\udc9a renar levern, eftersom den har en renande effekt och <strong>f\u00f6rhindrar ackumulering av fettsyror i levern<\/strong>;<\/span><br \/>\n<span style=\"color: #000000\"> \ud83d\udc9a lindrar <strong>menstruations-<\/strong> och matsm\u00e4ltningsproblem;<\/span><br \/>\n<span style=\"color: #000000\">\ud83d\udc9a regelbunden konsumtion<strong> f\u00f6rhindrar utvecklingen av typ 2-diabetes hos s\u00e5 kallade prediabetiker;<\/strong><\/span><br \/>\n<span style=\"color: #000000\"><strong> \ud83d\udc9a lugnar inflammation<\/strong> och irritation i huden i pastaform;<\/span><br \/>\n<span style=\"color: #000000\"> \ud83d\udc9a fr\u00e4mjar snabbare fettm\u00e4ltning, vilket kan hj\u00e4lpa till med viktminskning;<\/span><br \/>\n<span style=\"color: #000000\"> \ud83d\udc9a hj\u00e4lper till att<strong> \u00f6ka hj\u00e4rnans effektivitet<\/strong> och f\u00f6rhindra relaterade sjukdomar som Alzheimers sjukdom;<\/span><br \/>\n<span style=\"color: #000000\"> \ud83d\udc9a f\u00f6rb\u00e4ttrar hum\u00f6ret;<\/span><br \/>\n<span style=\"color: #000000\">\ud83d\udc9a lindrar<strong> muskel- och ledv\u00e4rk<\/strong>;<\/span><br \/>\n<span style=\"color: #000000\">\ud83d\udc9a det tros ocks\u00e5 vara anticancer.<\/span><\/p>\n<p><span style=\"color: #000000\">De helande effekterna av gurkmeja i Fj\u00e4rran \u00d6sterns traditionella medicin \u00e4r ov\u00e4rderliga. Bland annat anv\u00e4nds det f\u00f6r att reng\u00f6ra blodet och mag-tarmkanalen, avgifta levern och gallbl\u00e5san p\u00e5 grund av dess huvudsakliga aktiva ingrediens, kallad <strong>curcumin<\/strong>, som fr\u00e4mjar eliminering av galla, bilirubin och kolesterol.<\/span><\/p>\n<p><span style=\"color: #000000\">Det anv\u00e4nds av m\u00e5nga f\u00f6r att bek\u00e4mpa viral hepatit och cancer, f\u00f6r att behandla psoriasis, Alzheimers sjukdom och depression, och anv\u00e4nds ocks\u00e5 i kosmetiska preparat.<\/span><\/p>\n<p><span style=\"color: #000000\">De positiva effekterna av gurkmeja<strong> har ocks\u00e5 visats av forskare<\/strong> som s\u00e4ger att dess regelbundna konsumtion kan f\u00f6rhindra de skadliga effekterna av cancerframkallande \u00e4mnen fr\u00e5n mat p\u00e5 kroppen. Ut\u00f6ver allt detta anses curcumin f\u00f6rhindra oxidation av kolesterol, vilket genom sin negativa verkan orsakar utvecklingen av livshotande ateroskleros.<\/span><\/p>\n<p><span style=\"color: #000000\">Som en <strong>kraftfull antioxidant<\/strong> skyddar gurkmeja tarmarna fr\u00e5n fria radikaler och eliminerar framg\u00e5ngsrikt surhet i kroppen. Ayurvediska l\u00e4kare anv\u00e4nder det som ett antiseptiskt och antibakteriellt medel f\u00f6r att desinficera s\u00e5r och br\u00e4nnskador. Vissa kvinnor tror att det hj\u00e4lper till att p\u00e5skynda matsm\u00e4ltningen och reglera \u00e4mnesoms\u00e4ttningen, och \u00e4r d\u00e4rf\u00f6r effektivt f\u00f6r att sm\u00e4lta \u00f6verfl\u00f6diga pounds.<\/span><\/p>\n<h2><span style=\"color: #000000\">F\u00f6rvaring och varningar<\/span><\/h2>\n<p><span style=\"color: #000000\">F\u00f6rvaras svalt och torrt vid en temperatur p\u00e5 upp till 25 \u00b0C. F\u00f6rvara kosttillskottet utom r\u00e4ckh\u00e5ll f\u00f6r barn!<\/span><\/p>\n<p><span style=\"color: #000000\">Kom ih\u00e5g vikten av en varierad kost och en h\u00e4lsosam livsstil, ett kosttillskott \u00e4r d\u00e4rf\u00f6r inte en ers\u00e4ttning f\u00f6r en balanserad och varierad kost. Den rekommenderade dagliga m\u00e4ngden eller dosen b\u00f6r inte \u00f6verskridas. Gravida och ammande kvinnor rekommenderas alltid att r\u00e5dg\u00f6ra med l\u00e4kare f\u00f6re anv\u00e4ndning.<\/span><\/p>\n<h2><span style=\"color: #000000\">F\u00f6rpackning<\/span><\/h2>\n<p><span style=\"color: #000000\">Produkten \u00e4r f\u00f6rpackad i en snygg glasbeh\u00e5llare med ett lager av svart, ljust\u00e4t folie. Korklocket garanterar en l\u00e4ckages\u00e4ker f\u00f6rslutning, vilket inneb\u00e4r att yttre lukter inte kan p\u00e5verka inneh\u00e5llet i flaskan. I \u00f6vrigt \u00e4r glaset i sig ocks\u00e5 ogenomtr\u00e4ngligt, luktfritt och p\u00e5verkar inte p\u00e5 n\u00e5got s\u00e4tt smaken p\u00e5 inneh\u00e5llet. S\u00e5dana f\u00f6rpackningar \u00e4r ocks\u00e5 fria fr\u00e5n milj\u00f6skadlig plast och \u00e4r mer ekologiska och h\u00e5llbara. I sj\u00e4lva verket \u00e4r det den perfekta f\u00f6rpackningen, tillverkad av naturliga och h\u00e5llbara ingredienser, som symboliserar h\u00f6gsta kvalitet.<\/span><\/p>\n<p><span style=\"color: #000000\">N\u00e4r det g\u00e4ller st\u00f6rre f\u00f6rpackningar (rinfusa) ligger produkten i en luftt\u00e4t zip-lock-p\u00e5se, d\u00e4r den beh\u00e5ller all sin f\u00e4rskhet och arom. F\u00f6rpackningen skyddar produkten fr\u00e5n ljus och luft, eftersom den best\u00e5r av flera skyddsskikt som bevarar inneh\u00e5llets egenskaper.<\/span><\/p>\n<p><span style=\"color: #000000\">B\u00e5da f\u00f6rpackningarna skyddar inneh\u00e5llet fr\u00e5n ljus och luft, \u00e4r mycket praktiska och \u00e5tervinningsbara.<\/span><\/p>\n<h2><span style=\"color: #000000\">Ursprung<\/span><\/h2>\n<p><span style=\"color: #000000\">Indien<\/span><\/p>\n","protected":false},"excerpt":{"rendered":"<p align=\"JUSTIFY\">Gurkmeja \u00e4r en v\u00e4xt som har varit k\u00e4nd i Europa sedan antiken och i sitt hemland i minst 4000 \u00e5r. F\u00f6rutom mineraler, vitaminerna B6 och B3, folsyra, kalium, j\u00e4rn och mangan samt omega-3-fettsyror inneh\u00e5ller gurkmeja ocks\u00e5 polyfenolen curcumin, som \u00e4r en mycket kraftfull antioxidant och en effektiv antiinflammatorisk f\u00f6rening. Vanligtvis anses gurkmeja vara:<\/p>\n<p>\ud83d\udc9a det \u00e4r antiinflammatoriskt, svampd\u00f6dande och antimikrobiellt, vilket minskar inflammation,<br \/>\n\ud83d\udc9a renar levern, eftersom den har en renande effekt och f\u00f6rhindrar ackumulering av fettsyror i levern,<br \/>\n\ud83d\udc9a lindrar menstruations- och matsm\u00e4ltningsproblem,<br \/>\n\ud83d\udc9a regelbunden konsumtion f\u00f6rhindrar utvecklingen av typ 2-diabetes hos s\u00e5 kallade prediabetiker,<br \/>\n\ud83d\udc9a bidrar till att \u00f6ka hj\u00e4rnans effektivitet och f\u00f6rebygga relaterade sjukdomar som Alzheimers sjukdom.<\/p>\n<p align=\"JUSTIFY\">\n","protected":false},"featured_media":6419,"comment_status":"open","ping_status":"closed","template":"","meta":{"_acf_changed":false},"product_brand":[],"product_cat":[225,224],"product_tag":[],"class_list":{"0":"post-6418","1":"product","2":"type-product","3":"status-publish","4":"has-post-thumbnail","6":"product_cat-alla-produkter","7":"product_cat-erbjudande","9":"first","10":"instock","11":"sale","12":"taxable","13":"shipping-taxable","14":"purchasable","15":"product-type-simple"},"acf":[],"_links":{"self":[{"href":"https:\/\/fengchashop.com\/se\/wp-json\/wp\/v2\/product\/6418","targetHints":{"allow":["GET"]}}],"collection":[{"href":"https:\/\/fengchashop.com\/se\/wp-json\/wp\/v2\/product"}],"about":[{"href":"https:\/\/fengchashop.com\/se\/wp-json\/wp\/v2\/types\/product"}],"replies":[{"embeddable":true,"href":"https:\/\/fengchashop.com\/se\/wp-json\/wp\/v2\/comments?post=6418"}],"wp:featuredmedia":[{"embeddable":true,"href":"https:\/\/fengchashop.com\/se\/wp-json\/wp\/v2\/media\/6419"}],"wp:attachment":[{"href":"https:\/\/fengchashop.com\/se\/wp-json\/wp\/v2\/media?parent=6418"}],"wp:term":[{"taxonomy":"product_brand","embeddable":true,"href":"https:\/\/fengchashop.com\/se\/wp-json\/wp\/v2\/product_brand?post=6418"},{"taxonomy":"product_cat","embeddable":true,"href":"https:\/\/fengchashop.com\/se\/wp-json\/wp\/v2\/product_cat?post=6418"},{"taxonomy":"product_tag","embeddable":true,"href":"https:\/\/fengchashop.com\/se\/wp-json\/wp\/v2\/product_tag?post=6418"}],"curies":[{"name":"wp","href":"https:\/\/api.w.org\/{rel}","templated":true}]}}