{"id":6403,"date":"2022-11-03T20:09:00","date_gmt":"2022-11-03T19:09:00","guid":{"rendered":"https:\/\/fengchashop.com\/se\/product\/kollagenkomplexpulver-200-g\/"},"modified":"2026-04-18T08:34:24","modified_gmt":"2026-04-18T06:34:24","slug":"kollagenkomplexpulver","status":"publish","type":"product","link":"https:\/\/fengchashop.com\/se\/product\/kollagenkomplexpulver\/","title":{"rendered":"Kollagenkomplexpulver 200 g"},"content":{"rendered":"<h2><span style=\"color: #000000;\"><b>Kollagenkomplex i pulverform<\/b><\/span><\/h2>\n<p><span style=\"color: #000000;\">Kollagenkomplexet \u00e4r ett kosttillskott som inneh\u00e5ller en kombination av olika ingredienser f\u00f6r att <b>st\u00f6dja kroppen i produktionen och underh\u00e5llet av kollagen<\/b>. Kollagen \u00e4r ett nyckelprotein som utg\u00f6r st\u00f6rsta delen av kroppens bindv\u00e4v, inklusive hud, ben, leder, muskler, ligament och brosk. Med \u00e5ldern minskar dess naturliga produktion, vilket kan leda till olika problem s\u00e5som rynkor, f\u00f6rlust av hudens elasticitet, ledv\u00e4rk och svagare naglar och h\u00e5r. Genom regelbunden konsumtion kan du effektivt st\u00f6dja kroppens naturliga kollagenproduktion och ge kroppen de n\u00f6dv\u00e4ndiga n\u00e4rings\u00e4mnena f\u00f6r optimal h\u00e4lsa och v\u00e4lbefinnande<b>.<\/b><\/span><\/p>\n<h2><span style=\"color: #000000;\"><b>Vem beh\u00f6ver kollagenkomplex?<\/b><\/span><\/h2>\n<p><span style=\"color: #000000;\">Kollagenkomplex rekommenderas f\u00f6r alla som vill beh\u00e5lla ett ungdomligt utseende och en god kroppsh\u00e4lsa, s\u00e4rskilt:<\/span><\/p>\n<ul>\n<li><span style=\"color: #000000;\">Personer \u00f6ver 25 \u00e5r, n\u00e4r den naturliga kollagenproduktionen b\u00f6rjar minska.<\/span><\/li>\n<li><span style=\"color: #000000;\">Idrottare som vill st\u00e4rka leder och muskler.<\/span><\/li>\n<li><span style=\"color: #000000;\">Personer med problem med leder, brosk eller osteoporos.<\/span><\/li>\n<li><span style=\"color: #000000;\">De som har problem med torr, slapp hud, h\u00e5ravfall eller sk\u00f6ra naglar.<\/span><\/li>\n<\/ul>\n<h2><span style=\"color: #000000;\"><b>Varf\u00f6r \u00e4r det viktigt att konsumera kollagen?<\/b><\/span><\/h2>\n<p><span style=\"color: #000000;\">Efter 25 \u00e5rs \u00e5lder minskar kroppens egen kollagenproduktion successivt, vilket kan visa sig i form av de f\u00f6rsta rynkorna, mindre fast hud, tunnare h\u00e5r, sk\u00f6ra naglar och problem med leder och muskler. Bristen p\u00e5 kollagen kan kompenseras med en balanserad kost och h\u00f6gkvalitativa kosttillskott.<\/span><\/p>\n<p><span style=\"color: #000000;\">Kollagenkomplexet inneh\u00e5ller endast noggrant utvalda naturliga ingredienser som ger optimal st\u00f6d f\u00f6r kroppen.<\/span><\/p>\n<h2><span style=\"color: #000000;\"><b>F\u00f6rdelar med regelbunden kollagenkonsumtion:<\/b><\/span><\/h2>\n<p><span style=\"color: #000000;\"><b>Vitamin C<\/b><\/span><\/p>\n<ul>\n<li><span style=\"color: #000000;\">bidrar till kollagenbildningen f\u00f6r normal funktion av blodk\u00e4rl, ben, brosk, tandk\u00f6tt, hud och t\u00e4nder<\/span><\/li>\n<li><span style=\"color: #000000;\">bidrar till energioms\u00e4ttningen, nervsystemets funktion och normal psykologisk funktion<\/span><\/li>\n<li><span style=\"color: #000000;\">st\u00f6djer immunf\u00f6rsvarets funktion<\/span><\/li>\n<li><span style=\"color: #000000;\">\u00f6kar j\u00e4rnupptaget<\/span><\/li>\n<li><span style=\"color: #000000;\">hj\u00e4lper till att minska tr\u00f6tthet och utmattning<\/span><\/li>\n<li><span style=\"color: #000000;\">skyddar cellerna mot oxidativ stress<\/span><\/li>\n<li><span style=\"color: #000000;\">hj\u00e4lper till att \u00e5terbilda den reducerade formen av vitamin E<\/span><\/li>\n<\/ul>\n<p><span style=\"color: #000000;\"><b>Biotin<\/b><\/span><\/p>\n<ul>\n<li><span style=\"color: #000000;\">bidrar till energioms\u00e4ttningen<\/span><\/li>\n<li><span style=\"color: #000000;\">st\u00f6djer nervsystemets funktion<\/span><\/li>\n<li><span style=\"color: #000000;\">fr\u00e4mjar normal psykologisk funktion<\/span><\/li>\n<li><span style=\"color: #000000;\">bidrar till metabolismen av makron\u00e4rings\u00e4mnen<\/span><\/li>\n<li><span style=\"color: #000000;\">hj\u00e4lper till att bibeh\u00e5lla friskt h\u00e5r<\/span><\/li>\n<li><span style=\"color: #000000;\">hj\u00e4lper till att bibeh\u00e5lla friska slemhinnor och hud<\/span><\/li>\n<\/ul>\n<p><span style=\"color: #000000;\"><b>Vitamin D<\/b><\/span><\/p>\n<ul>\n<li><span style=\"color: #000000;\">bidrar till normal absorption\/anv\u00e4ndning av kalcium och fosfor<\/span><\/li>\n<li><span style=\"color: #000000;\">hj\u00e4lper till att bibeh\u00e5lla normala kalciumniv\u00e5er i blodet<\/span><\/li>\n<li><span style=\"color: #000000;\">fr\u00e4mjar friska ben och t\u00e4nder<\/span><\/li>\n<li><span style=\"color: #000000;\">st\u00f6djer muskelfunktionen<\/span><\/li>\n<li><span style=\"color: #000000;\">hj\u00e4lper immunf\u00f6rsvaret<\/span><\/li>\n<li><span style=\"color: #000000;\">har en roll i celldelningsprocessen<\/span><\/li>\n<\/ul>\n<h2><span style=\"color: #000000;\"><b>F\u00f6rvaring och varningar<\/b><\/span><\/h2>\n<p><span style=\"color: #000000;\">F\u00f6rvara p\u00e5 en torr plats vid en temperatur upp till 25 \u00b0C, skyddad fr\u00e5n fukt och ljus. Se till att f\u00f6rpackningen \u00e4r v\u00e4l f\u00f6rsluten.<\/span><\/p>\n<p><span style=\"color: #000000;\">Produkten \u00e4r inte l\u00e4mplig f\u00f6r barn, ungdomar, gravida eller ammande kvinnor. Diabetiker, personer med glukosintolerans, personer som behandlas med kumarintyp antikoagulantia, personer med k\u00e4nda kardiovaskul\u00e4ra sjukdomar samt astmatiker b\u00f6r r\u00e5dg\u00f6ra med sin l\u00e4kare innan de anv\u00e4nder produkten. Vid illam\u00e5ende, buksm\u00e4rtor, matsm\u00e4ltningsbesv\u00e4r, diarr\u00e9, f\u00f6rstoppning, yrsel, d\u00e5sighet, huvudv\u00e4rk, utslag, kl\u00e5da eller hudrodnad, avbryt anv\u00e4ndningen.<\/span><\/p>\n<h2><span style=\"color: #000000;\"><b>F\u00f6rpackning<\/b><\/span><\/h2>\n<p><span style=\"color: #000000;\">Luftt\u00e4t p\u00e5se med dragkedja eller burk som bevarar produktens friskhet och arom. F\u00f6rpackningen skyddar mot ljus och luft och \u00e4r sammansatt av flera lager f\u00f6r att bevara produktens egenskaper.<\/span><\/p>\n<p><span style=\"color: #000000;\">F\u00f6rpackningen \u00e4r mycket praktisk och \u00e5tervinningsbar.<\/span><\/p>\n<h2><span style=\"color: #000000;\"><b>Ursprung<\/b><\/span><\/h2>\n<p><span style=\"color: #000000;\">Ingredienserna i kollagenkomplexet kommer fr\u00e5n b\u00e5de EU och utanf\u00f6r EU, noggrant utvalda f\u00f6r att s\u00e4kerst\u00e4lla h\u00f6gsta kvalitet.<\/span><\/p>\n","protected":false},"excerpt":{"rendered":"<p>Kollagenkomplex inneh\u00e5ller endast noggrant utvalda naturliga ingredienser som ger kroppen optimalt st\u00f6d:<\/p>\n<p>\ud83d\udc9a f\u00f6rb\u00e4ttrar hudens h\u00e4lsa, \u00e5terst\u00e4ller och fr\u00e4mjar elasticiteten och eliminerar rynkor<br \/>\n\ud83d\udc9a regenerering av skadade celler och v\u00e4vnader,<br \/>\n\ud83d\udc9a hj\u00e4lper till att lindra ledv\u00e4rk,<br \/>\n\ud83d\udc9a fungerar f\u00f6r starkare ben,<br \/>\n\ud83d\udc9a f\u00f6r vackert och gl\u00e4nsande h\u00e5r och starka naglar,<br \/>\n\ud83d\udc9a anti-aging effekt, \u00f6kar \u00e5terfuktningen.<\/p>\n","protected":false},"featured_media":5962,"comment_status":"open","ping_status":"closed","template":"","meta":{"_acf_changed":false},"product_brand":[],"product_cat":[225,230,224],"product_tag":[],"class_list":{"0":"post-6403","1":"product","2":"type-product","3":"status-publish","4":"has-post-thumbnail","6":"product_cat-alla-produkter","7":"product_cat-bast-salda","8":"product_cat-erbjudande","10":"first","11":"instock","12":"sale","13":"taxable","14":"shipping-taxable","15":"purchasable","16":"product-type-simple"},"acf":[],"_links":{"self":[{"href":"https:\/\/fengchashop.com\/se\/wp-json\/wp\/v2\/product\/6403","targetHints":{"allow":["GET"]}}],"collection":[{"href":"https:\/\/fengchashop.com\/se\/wp-json\/wp\/v2\/product"}],"about":[{"href":"https:\/\/fengchashop.com\/se\/wp-json\/wp\/v2\/types\/product"}],"replies":[{"embeddable":true,"href":"https:\/\/fengchashop.com\/se\/wp-json\/wp\/v2\/comments?post=6403"}],"wp:featuredmedia":[{"embeddable":true,"href":"https:\/\/fengchashop.com\/se\/wp-json\/wp\/v2\/media\/5962"}],"wp:attachment":[{"href":"https:\/\/fengchashop.com\/se\/wp-json\/wp\/v2\/media?parent=6403"}],"wp:term":[{"taxonomy":"product_brand","embeddable":true,"href":"https:\/\/fengchashop.com\/se\/wp-json\/wp\/v2\/product_brand?post=6403"},{"taxonomy":"product_cat","embeddable":true,"href":"https:\/\/fengchashop.com\/se\/wp-json\/wp\/v2\/product_cat?post=6403"},{"taxonomy":"product_tag","embeddable":true,"href":"https:\/\/fengchashop.com\/se\/wp-json\/wp\/v2\/product_tag?post=6403"}],"curies":[{"name":"wp","href":"https:\/\/api.w.org\/{rel}","templated":true}]}}