{"id":6392,"date":"2022-03-11T19:29:12","date_gmt":"2022-03-11T18:29:12","guid":{"rendered":"https:\/\/fengchashop.com\/se\/product\/omega-3-fettsyror-i-kapslar-180-kapslar\/"},"modified":"2026-04-20T12:26:30","modified_gmt":"2026-04-20T10:26:30","slug":"omega-3-fettsyror-i-kapslar","status":"publish","type":"product","link":"https:\/\/fengchashop.com\/se\/product\/omega-3-fettsyror-i-kapslar\/","title":{"rendered":"Omega 3 fettsyror i kapslar 180 kapslar"},"content":{"rendered":"<h2><span style=\"color: #000000\">Omega-3-fettsyror<\/span><\/h2>\n<p><span style=\"color: #000000\">Omega-3-fettsyror \u00e4r<strong> livsn\u00f6dv\u00e4ndiga<\/strong> f\u00f6r m\u00e4nniskan, men kroppen kan inte sj\u00e4lv producera dem. Eftersom de \u00e4r n\u00f6dv\u00e4ndiga<strong> f\u00f6r att flera processer i kroppen ska fungera korrekt<\/strong> m\u00e5ste de intas via en kost som \u00e4r rik p\u00e5 dessa v\u00e4rdefulla fetter. Men om kosten inte ger tillr\u00e4ckligt med omega-3-fettsyror \u00e4r ett av de mest effektiva och enkla s\u00e4tten att ta ett kosttillskott. Vi b\u00f6r vara medvetna om att det finns ett stort utbud p\u00e5 marknaden, men inte alla kosttillskott med fiskolja (eller fr\u00e5n v\u00e4xtk\u00e4llor) \u00e4r tillr\u00e4ckligt bra. I synnerhet m\u00e5ste vi vara f\u00f6rsiktiga om vi t\u00e4nker ta ett kosttillskott under en l\u00e4ngre tid. F\u00f6roreningar och on\u00f6diga, till och med skadliga, tillsatser kan g\u00f6ra mer skada \u00e4n nytta.<\/span><\/p>\n<p><span style=\"color: #000000\">V\u00e5ra kapslar med omega-3-fettsyror <strong>\u00e4r tillverkade av den renaste fiskoljan<\/strong>. Fr\u00e5n vildf\u00e5ngad fisk, korrekt bearbetad och f\u00e5ngad i softgelkapslar som \u00e4r mindre i storlek, men \u00e4nd\u00e5 formade f\u00f6r att vara l\u00e4ttare att sv\u00e4lja. De \u00e4r ett \u00f6verl\u00e4gset kosttillskott tillverkat av de finaste ingredienserna. <strong>De orsakar inte gasbildning och har ingen st\u00f6rande fisksmak.<\/strong><\/span><\/p>\n<h2><span style=\"color: #000000\">Vilka \u00e4r f\u00f6rdelarna med att ta omega-3-fettsyror?<\/span><\/h2>\n<p><span style=\"color: #000000\">Omega-3-fettsyror spelar minst tv\u00e5 viktiga roller i v\u00e5ra kroppar. Forskning har visat att de p\u00e5verkar<strong> det kardiovaskul\u00e4ra systemets funktion<\/strong> och <strong>minskar inflammation<\/strong>. S\u00e5 f\u00f6r att sammanfatta n\u00e5gra av effekterna av att konsumera omega-3-fettsyror kan vi se f\u00f6ljande:<\/span><\/p>\n<p><span style=\"color: #000000\"> \ud83d\udc9a De bidrar till <em>hj\u00e4rtats och det kardiovaskul\u00e4ra systemets normala funktion<\/em>, inklusive reglering av hj\u00e4rtslag och hj\u00e4lp med att<strong> kontrollera blodtryck och kolesterol.<\/strong><\/span><br \/>\n<span style=\"color: #000000\"> \ud83d\udc9a Bidrar till att bibeh\u00e5lla <strong>normal syn<\/strong>f\u00f6rm\u00e5ga.<\/span><br \/>\n<span style=\"color: #000000\"> \ud83d\udc9a Bidrar till att bibeh\u00e5lla<strong> normal hj\u00e4rnfunktion,<\/strong> inklusive minnesfunktion och reglering av hum\u00f6r och k\u00e4nslom\u00e4ssig balans.<\/span><br \/>\n<span style=\"color: #000000\"> \ud83d\udc9a Bidrar till att bibeh\u00e5lla<strong> normala triglyceridniv\u00e5er i blodet.<\/strong><\/span><br \/>\n<span style=\"color: #000000\"> \ud83d\udc9a Fr\u00e4mja <strong>immunsystemets korrekta funktion.<\/strong><\/span><br \/>\n<span style=\"color: #000000\"> \ud83d\udc9a Reglerar hum\u00f6r och kognitiva (beteendem\u00e4ssiga) funktioner.<\/span><br \/>\n<span style=\"color: #000000\">\ud83d\udc9a De \u00e4r extremt<strong> viktiga f\u00f6r en h\u00e4lsosam graviditet och en h\u00e4lsosam utveckling av det of\u00f6dda och ammade barnet.<\/strong> F\u00f6r att fr\u00e4mja starkare intellektuella, motoriska och visuella f\u00e4rdigheter hos barnet, f\u00f6rb\u00e4ttra minne och uppm\u00e4rksamhet samt f\u00f6rebygga beteendest\u00f6rningar och utveckling av matallergier.<\/span><br \/>\n<span style=\"color: #000000\"> \ud83d\udc9a <strong>Hj\u00e4lper till att f\u00f6rb\u00e4ttra symtomen p\u00e5 autoimmuna sjukdomar<\/strong> och ADHD hos barn.<\/span><br \/>\n<span style=\"color: #000000\"> \ud83d\udc9a De \u00e5terfuktar naturligt v\u00e5r hud och v\u00e5rt h\u00e5r och ger dem ett h\u00e4lsosamt utseende.<\/span><br \/>\n<span style=\"color: #000000\"> \ud83d\udc9a <strong>De minskar inflammation; de<\/strong> lindrar ocks\u00e5 hudproblem som eksem, akne, rosacea och psoriasis.<\/span><br \/>\n<span style=\"color: #000000\"> <strong> \ud83d\udc9a De m\u00f6jligg\u00f6r snabbare muskel\u00e5terh\u00e4mtning<\/strong> efter anstr\u00e4ngande sporttr\u00e4ning eller andra fysiska aktiviteter; det f\u00f6rhindrar ocks\u00e5 muskelf\u00f6rlust och \u00f6kar samtidigt f\u00f6rlusten av fettf\u00f6rr\u00e5d.<\/span><\/p>\n<h2><span style=\"color: #000000\">Varf\u00f6r v\u00e4lja v\u00e5ra Omega 3-kapslar?<\/span><\/h2>\n<p><span style=\"color: #000000\">Att konsumera omega 3-fettsyror \u00e4r i sig en bra investering f\u00f6r v\u00e5r fysiska och mentala h\u00e4lsa. Men genom att v\u00e4lja ett rent och s\u00e5 naturligt tillskott som m\u00f6jligt, som v\u00e5rt, kan vi ocks\u00e5 dra nytta av andra f\u00f6rdelar, t.ex:<\/span><\/p>\n<p><span style=\"color: #000000\"> \ud83d\udc9a Ett kosttillskott tillverkas <strong>inte genom att koncentrera fiskolja<\/strong> och tills\u00e4tta konstgjorda ingredienser. V\u00e5rt kosttillskott \u00e4r minimalt bearbetat, mycket mer naturligt, och v\u00e5ra kroppar drar l\u00e4ttare nytta av dess f\u00f6rdelar.<\/span><br \/>\n<span style=\"color: #000000\"> <strong> \ud83d\udc9a Det \u00e4r kapslar utan den typiska smaken och lukten<\/strong>. Och de f\u00e5r oss inte att k\u00e4nna oss svaga.<\/span><br \/>\n<span style=\"color: #000000\"> \ud83d\udc9a Mindre<strong>softgelkapslar<\/strong> g\u00f6r det l\u00e4ttare att sv\u00e4lja.<\/span><br \/>\n<span style=\"color: #000000\"> \ud83d\udc9a De inneh\u00e5ller minst <strong>90 % naturliga triglycerider<\/strong>, utan de etylestrar som annars anv\u00e4nds vid produktion av koncentrerad fiskolja &#8211; f\u00f6r att s\u00e4kerst\u00e4lla h\u00f6gre niv\u00e5er av DHA och EPA \u00e4n de som finns i konventionell fiskolja. Ett s\u00e5dant kosttillskott \u00e4r artificiellt f\u00f6rst\u00e4rkt och d\u00e4rf\u00f6r sv\u00e5rare att sm\u00e4lta, mindre naturligt och, om det tas under en l\u00e5ng tidsperiod, kan det till och med vara belastande f\u00f6r kroppen.<\/span><br \/>\n<span style=\"color: #000000\"> \ud83d\udc9a Oljan \u00e4r extra<strong> ren,<\/strong> tillverkad genom en speciell process av filtrering, destillering och raffinering.<\/span><br \/>\n<span style=\"color: #000000\"> \ud83d\udc9a Inneh\u00e5ller minst<strong> 65 % dokosahexaensyra (DHA) och eikosapentaensyra (EPA)<\/strong>.<\/span><br \/>\n<span style=\"color: #000000\"> \ud83d\udc9a En naturlig antioxidant i form av tokoferol (vitamin E) tills\u00e4tts produkten f\u00f6r b\u00e4ttre h\u00e5llbarhet.<\/span><br \/>\n<span style=\"color: #000000\"> \ud83d\udc9a Dessutom f\u00e5ngas fisken enligt principerna f\u00f6r h\u00e5llbart fiske. Varje leverant\u00f6rs f\u00f6rpackning \u00e4r ocks\u00e5 m\u00e4rkt med ett sp\u00e5rbarhetsnummer. En konstant tillf\u00f6rsel av oljor av h\u00f6gsta kvalitet garanteras ocks\u00e5. Dessa \u00e4r genomg\u00e5ende rena, s\u00e4kra och problemfria. Ett engagemang f\u00f6r produktrenhet, kvalitet och innovation s\u00e4kerst\u00e4ller att produkterna uppfyller de h\u00f6gsta branschstandarderna f\u00f6r s\u00e4kerhet, sp\u00e5rbarhet och h\u00e5llbarhet. Minimispecifikationer s\u00e4kerst\u00e4ller att produkterna uppfyller eller \u00f6vertr\u00e4ffar alla k\u00e4nda globala renhetsstandarder. Vi garanterar ovillkorligen att varje produkt \u00e4r konsekvent, s\u00e4ker och ren.<\/span><\/p>\n<h2><span style=\"color: #000000\">F\u00f6rvaring och varningar<\/span><\/h2>\n<p><span style=\"color: #000000\">F\u00f6rvaras svalt och torrt vid en temperatur p\u00e5 upp till 25 \u00b0C. F\u00f6rvara kosttillskottet utom r\u00e4ckh\u00e5ll f\u00f6r barn!<\/span><\/p>\n<p><span style=\"color: #000000\">Kom ih\u00e5g vikten av en varierad kost och en h\u00e4lsosam livsstil, ett kosttillskott \u00e4r d\u00e4rf\u00f6r inte ett substitut f\u00f6r en balanserad och varierad kost. Den rekommenderade dagliga m\u00e4ngden eller dosen b\u00f6r inte \u00f6verskridas.<\/span><\/p>\n<h2>F\u00f6rpackning<\/h2>\n<p>Icke-genomsl\u00e4pplig zip-lock-p\u00e5se, d\u00e4r produkten beh\u00e5ller all sin f\u00e4rskhet och arom. F\u00f6rpackningen skyddar produkten fr\u00e5n ljus och luft, eftersom den best\u00e5r av flera skyddslager som bevarar inneh\u00e5llets egenskaper.<\/p>\n<p>F\u00f6rpackningen \u00e4r mycket praktisk och \u00e5tervinningsbar.<\/p>\n<h2><span style=\"color: #000000\">Ursprung<\/span><\/h2>\n<p><span style=\"color: #000000\">Norge<\/span><\/p>\n","protected":false},"excerpt":{"rendered":"<p>Omega-3-fettsyror spelar minst tv\u00e5 viktiga roller i v\u00e5ra kroppar. Forskning har visat att de p\u00e5verkar det kardiovaskul\u00e4ra systemets funktion och minskar inflammation. Omega-3-fettsyror:<\/p>\n<p>\ud83d\udc9a bidrar till att hj\u00e4rtat och det kardiovaskul\u00e4ra systemet fungerar normalt, bland annat genom att reglera hj\u00e4rtslagen och hj\u00e4lpa till att reglera blodtryck och kolesterol,<br \/>\n\ud83d\udc9a bidrar till att uppr\u00e4tth\u00e5lla normal hj\u00e4rnfunktion, inklusive minnesfunktion och reglering av hum\u00f6r och k\u00e4nslom\u00e4ssig balans,<br \/>\n\ud83d\udc9a bidrar till att bibeh\u00e5lla normala triglyceridniv\u00e5er i blodet,<br \/>\n\ud83d\udc9a fr\u00e4mja ett v\u00e4l fungerande immunsystem,<br \/>\n\ud83d\udc9a minska inflammation.<\/p>\n","protected":false},"featured_media":6393,"comment_status":"open","ping_status":"closed","template":"","meta":{"_acf_changed":false},"product_brand":[],"product_cat":[225,224,231],"product_tag":[],"class_list":{"0":"post-6392","1":"product","2":"type-product","3":"status-publish","4":"has-post-thumbnail","6":"product_cat-alla-produkter","7":"product_cat-erbjudande","8":"product_cat-mineraler-vitaminer","10":"first","11":"instock","12":"taxable","13":"shipping-taxable","14":"purchasable","15":"product-type-simple"},"acf":[],"_links":{"self":[{"href":"https:\/\/fengchashop.com\/se\/wp-json\/wp\/v2\/product\/6392","targetHints":{"allow":["GET"]}}],"collection":[{"href":"https:\/\/fengchashop.com\/se\/wp-json\/wp\/v2\/product"}],"about":[{"href":"https:\/\/fengchashop.com\/se\/wp-json\/wp\/v2\/types\/product"}],"replies":[{"embeddable":true,"href":"https:\/\/fengchashop.com\/se\/wp-json\/wp\/v2\/comments?post=6392"}],"wp:featuredmedia":[{"embeddable":true,"href":"https:\/\/fengchashop.com\/se\/wp-json\/wp\/v2\/media\/6393"}],"wp:attachment":[{"href":"https:\/\/fengchashop.com\/se\/wp-json\/wp\/v2\/media?parent=6392"}],"wp:term":[{"taxonomy":"product_brand","embeddable":true,"href":"https:\/\/fengchashop.com\/se\/wp-json\/wp\/v2\/product_brand?post=6392"},{"taxonomy":"product_cat","embeddable":true,"href":"https:\/\/fengchashop.com\/se\/wp-json\/wp\/v2\/product_cat?post=6392"},{"taxonomy":"product_tag","embeddable":true,"href":"https:\/\/fengchashop.com\/se\/wp-json\/wp\/v2\/product_tag?post=6392"}],"curies":[{"name":"wp","href":"https:\/\/api.w.org\/{rel}","templated":true}]}}