{"id":6383,"date":"2022-03-11T10:03:16","date_gmt":"2022-03-11T09:03:16","guid":{"rendered":"https:\/\/fengchashop.com\/se\/product\/magnesiumklorid-i-pulver-500-g\/"},"modified":"2026-04-29T18:28:37","modified_gmt":"2026-04-29T16:28:37","slug":"magnesiumklorid-i-pulver","status":"publish","type":"product","link":"https:\/\/fengchashop.com\/se\/product\/magnesiumklorid-i-pulver\/","title":{"rendered":"Magnesiumklorid i pulver 500 g"},"content":{"rendered":"<h2><span style=\"color: #000000\">Magnesiumklorid<\/span><\/h2>\n<p><span style=\"color: #000000\">Magnesium \u00e4r en mycket <strong>viktig mineral<\/strong> som ansvarar f\u00f6r \u00f6ver 300 metaboliska reaktioner i m\u00e4nniskokroppen. Det kallas ofta av experter f\u00f6r &#8221;mineralernas kung&#8221;. Det spelar en mycket viktig roll f\u00f6r att<strong> ben, muskler och nervsystemet ska fungera korrekt<\/strong>. Det konsumeras ofta f\u00f6r <strong>att f\u00f6rhindra kramper (i kalvarna), tr\u00f6tthet, utmattning och f\u00f6r normal mental funktion<\/strong>. Magnesium balanserar f\u00f6rh\u00e5llandet till kalcium och f\u00f6rhindrar d\u00e4rmed f\u00f6rsurning av kroppen och &#8221;knakande&#8221; leder orsakade av f\u00f6rkalkning. Den moderna livsstilen &#8211; s\u00f6mnbrist, stress, kost &#8211; f\u00e5r oss ofta att ta magnesiumtillskott. Och \u00e4ven om vi hittar mycket av det i gr\u00f6na gr\u00f6nsaker, fisk, solros- och pumpafr\u00f6n, frukt och n\u00f6tter, konsumerar vi helt enkelt mer av det \u00e4n vi \u00e4ter. Idrottare och mycket aktiva personer, gravida kvinnor och \u00e4ldre har ett \u00f6kat behov av magnesium. I naturen \u00e4r magnesium alltid bundet till en annan f\u00f6rening, vilket ger det specifika egenskaper, s\u00e4rskilt n\u00e4r det g\u00e4ller absorption och ytterligare effekter. Det \u00e4r d\u00e4rf\u00f6r viktigt att v\u00e4lja r\u00e4tt magnesium f\u00f6r v\u00e5ra behov.<\/span><\/p>\n<p><span style=\"color: #000000\">Magnesium i form av<strong> magnesiumklorid<\/strong> \u00e4r en av de vanligaste formerna av magnesium p\u00e5 v\u00e5r marknad. Det finns mer \u00e4n ett dussin olika former av magnesium, och vissa former \u00e4r till och med avr\u00e5dda (t.ex. magnesiumaspartat och magnesiumglutamat). Allts\u00e5 kommer inte allt magnesium att tillgodose v\u00e5ra behov. V\u00e4lj magnesiumformer som \u00e4r av god kvalitet och, framf\u00f6r allt, l\u00e4mpliga f\u00f6r dig.<\/span><\/p>\n<p><span style=\"color: #000000\">Magnesiumbrist har kopplats till en rad sjukdomar, bl.a. migr\u00e4n, kronisk tr\u00f6tthet, h\u00f6gt blodtryck, \u00e5ngest och andra psykiska st\u00f6rningar. Magnesium reparerar indirekt skadade celler, vilket f\u00f6rhindrar utvecklingen av sjukdomar som \u00e4r f\u00f6rknippade med<strong> cellskador<\/strong> &#8211; inklusive cancer, till exempel. Samtidigt minskar magnesiumbrist effekten av det viktiga D-vitaminet.<\/span><\/p>\n<p><span style=\"color: #000000\">V\u00e5r magnesiumklorid \u00e4r av h\u00f6gsta kvalitet.<\/span><\/p>\n<h2><span style=\"color: #000000\">Varf\u00f6r v\u00e4lja magnesiumklorid?<\/span><\/h2>\n<p><span style=\"color: #000000\">Intressant nog kan kroppen \u00e4ven ta upp magnesium<strong> via huden<\/strong>.<strong> Bad<\/strong> \u00e4r d\u00e4rf\u00f6r ocks\u00e5 v\u00e4lkomna vid magnesiumbrist. De \u00e4r s\u00e4rskilt bra f\u00f6r tr\u00f6tta muskler, och magnesium kommer ocks\u00e5 in i blodomloppet genom huden f\u00f6r att f\u00f6rse de inre organen. Den l\u00e4mpligaste formen av magnesium f\u00f6r bad \u00e4r magnesiumklorid. Pulvret kan ocks\u00e5 anv\u00e4ndas f\u00f6r att g\u00f6ra vad som kallas <strong>magnesiumolja.<\/strong> Denna \u00e4r mycket popul\u00e4r f\u00f6r snabb och bra \u00e5terh\u00e4mtning av tr\u00f6tta och \u00f6mma muskler vid st\u00f6rre fysisk anstr\u00e4ngning. Den absorberas av kroppen och tillgodoser det dagliga behovet av magnesium. Magnesiumklorid kan ocks\u00e5 tas oralt som ett kosttillskott.<\/span><\/p>\n<p><span style=\"color: #000000\">Denna form av magnesium \u00e4r b\u00e4st l\u00e4mpad f\u00f6r att snabbt tillf\u00f6ra magnesium till tr\u00f6tta muskler och f\u00f6r att bryta ner ledf\u00f6rkalkningar med hj\u00e4lp av bad och magnesiumolja. Dessutom har magnesium som tillf\u00f6rs p\u00e5 detta s\u00e4tt en minimal effekt p\u00e5 matsm\u00e4ltningen och den d\u00e4rmed f\u00f6rknippade f\u00f6rekomsten av diarr\u00e9. Det \u00e4r d\u00e4rf\u00f6r s\u00e4rskilt l\u00e4mpligt f\u00f6r personer som \u00e4r mer k\u00e4nsliga f\u00f6r magnesiumintag.<\/span><\/p>\n<p><span style=\"color: #000000\">Magnesium i form av magnesiumklorid absorberas s\u00e4mre och l\u00e5ngsammare \u00e4n t.ex. magnesiumbisglycinat. Det har dock f\u00f6rdelen att det kan tas upp genom huden i form av spray eller bad.<\/span><\/p>\n<h2><span style=\"color: #000000\">Vilken effekt har konsumtion av magnesium p\u00e5 v\u00e5r kropp?<\/span><\/h2>\n<p><span style=\"color: #000000\">Att konsumera magnesium, eller g\u00f6ra magnesiumolja och bad, har f\u00f6ljande positiva effekter p\u00e5 oss, vilket ocks\u00e5 erk\u00e4nns av yrket:<\/span><\/p>\n<p><span style=\"color: #000000\"> \ud83d\udc9a det hj\u00e4lper till att <strong>minska tr\u00f6tthet och tr\u00f6tthet,<\/strong><\/span><br \/>\n<span style=\"color: #000000\"> <strong> \ud83d\udc9a st\u00f6der balansen mellan elektrolyter<\/strong>, som beh\u00f6vs s\u00e4rskilt under fysisk anstr\u00e4ngning,<\/span><br \/>\n<span style=\"color: #000000\"> \ud83d\udc9a bidrar till att <strong>frig\u00f6ra metabolisk energi,<\/strong><\/span><br \/>\n<span style=\"color: #000000\">\ud83d\udc9a har en gynnsam effekt p\u00e5 <strong>nervsystemet,<\/strong><\/span><br \/>\n<span style=\"color: #000000\">\ud83d\udc9a bidrar till<strong> normal muskelfunktion, normala psykologiska funktioner,<\/strong><\/span><br \/>\n<span style=\"color: #000000\">\ud83d\udc9a spelar en roll i<strong> proteinsyntesen,<\/strong><\/span><br \/>\n<span style=\"color: #000000\">\ud83d\udc9a uppr\u00e4tth\u00e5ller<strong> friska ben och t\u00e4nder,<\/strong><\/span><br \/>\n<span style=\"color: #000000\">\ud83d\udc9a spelar en roll vid celldelning.<\/span><\/p>\n<h2><span style=\"color: #000000\">F\u00f6rpackning<\/span><\/h2>\n<p><span style=\"color: #000000\">Icke-genomsl\u00e4pplig zip-lock-p\u00e5se d\u00e4r produkten beh\u00e5ller all sin fr\u00e4sch\u00f6r och arom. F\u00f6rpackningen skyddar mot ljus och luft och best\u00e5r av flera lager av skydd f\u00f6r att bevara inneh\u00e5llets egenskaper.<\/span><\/p>\n<p><span style=\"color: #000000\">F\u00f6rpackningen \u00e4r mycket praktisk och \u00e5tervinningsbar.<\/span><\/p>\n<h2><span style=\"color: #000000\">F\u00f6rvaring och varningar<\/span><\/h2>\n<p><span style=\"color: #000000\">F\u00f6rvaras svalt och torrt vid en temperatur p\u00e5 upp till 25 \u00b0C. F\u00f6rvara kosttillskottet utom r\u00e4ckh\u00e5ll f\u00f6r barn!<\/span><\/p>\n<p><span style=\"color: #000000\">R\u00e5dg\u00f6r med din l\u00e4kare om du samtidigt tar antibiotika, l\u00e4kemedel mot osteoporos eller h\u00f6gt blodtryck, eftersom magnesium kan p\u00e5verka deras verkan.<\/span><\/p>\n<p><span style=\"color: #000000\">Kom ih\u00e5g vikten av en varierad kost och en h\u00e4lsosam livsstil, ett kosttillskott \u00e4r inte ett substitut f\u00f6r en balanserad och varierad kost. Den rekommenderade dagliga m\u00e4ngden eller dosen b\u00f6r inte \u00f6verskridas. Gravida och ammande kvinnor rekommenderas alltid att r\u00e5dg\u00f6ra med l\u00e4kare f\u00f6re anv\u00e4ndning. Ej l\u00e4mplig f\u00f6r barn.<\/span><\/p>\n","protected":false},"excerpt":{"rendered":"<p align=\"JUSTIFY\">Magnesium \u00e4r en mycket viktig mineral som ansvarar f\u00f6r \u00f6ver 300 metaboliska reaktioner i m\u00e4nniskokroppen. Det kallas ofta av experter f\u00f6r &#8221;mineralernas kung&#8221;. Det spelar en mycket viktig roll f\u00f6r att s\u00e4kerst\u00e4lla att ben, muskler och nervsystemet fungerar korrekt. Det konsumeras ofta f\u00f6r att f\u00f6rhindra kramper (i vaderna), tr\u00f6tthet, utmattning och f\u00f6r normal mental funktion. Magnesium balanserar f\u00f6rh\u00e5llandet till kalcium och f\u00f6rhindrar d\u00e4rmed f\u00f6rsurning av kroppen och &#8221;knakande&#8221; leder orsakade av f\u00f6rkalkning.<\/p>\n<p>\ud83d\udc9a Det hj\u00e4lper till att minska tr\u00f6tthet och tr\u00f6tthet.<br \/>\n\ud83d\udc9a St\u00f6djer elektrolytbalansen, vilket beh\u00f6vs s\u00e4rskilt under fysisk anstr\u00e4ngning.<br \/>\n\ud83d\udc9a Bidrar till att frig\u00f6ra metabolisk energi.<br \/>\n\ud83d\udc9a Gynnsam effekt p\u00e5 nervsystemet.<br \/>\n\ud83d\udc9a Bidrar till normal muskelfunktion, normala psykologiska funktioner.<\/p>\n","protected":false},"featured_media":5902,"comment_status":"open","ping_status":"closed","template":"","meta":{"_acf_changed":false},"product_brand":[],"product_cat":[225,224,231],"product_tag":[],"class_list":{"0":"post-6383","1":"product","2":"type-product","3":"status-publish","4":"has-post-thumbnail","6":"product_cat-alla-produkter","7":"product_cat-erbjudande","8":"product_cat-mineraler-vitaminer","10":"first","11":"instock","12":"sale","13":"taxable","14":"shipping-taxable","15":"purchasable","16":"product-type-simple"},"acf":[],"_links":{"self":[{"href":"https:\/\/fengchashop.com\/se\/wp-json\/wp\/v2\/product\/6383","targetHints":{"allow":["GET"]}}],"collection":[{"href":"https:\/\/fengchashop.com\/se\/wp-json\/wp\/v2\/product"}],"about":[{"href":"https:\/\/fengchashop.com\/se\/wp-json\/wp\/v2\/types\/product"}],"replies":[{"embeddable":true,"href":"https:\/\/fengchashop.com\/se\/wp-json\/wp\/v2\/comments?post=6383"}],"wp:featuredmedia":[{"embeddable":true,"href":"https:\/\/fengchashop.com\/se\/wp-json\/wp\/v2\/media\/5902"}],"wp:attachment":[{"href":"https:\/\/fengchashop.com\/se\/wp-json\/wp\/v2\/media?parent=6383"}],"wp:term":[{"taxonomy":"product_brand","embeddable":true,"href":"https:\/\/fengchashop.com\/se\/wp-json\/wp\/v2\/product_brand?post=6383"},{"taxonomy":"product_cat","embeddable":true,"href":"https:\/\/fengchashop.com\/se\/wp-json\/wp\/v2\/product_cat?post=6383"},{"taxonomy":"product_tag","embeddable":true,"href":"https:\/\/fengchashop.com\/se\/wp-json\/wp\/v2\/product_tag?post=6383"}],"curies":[{"name":"wp","href":"https:\/\/api.w.org\/{rel}","templated":true}]}}