{"id":6377,"date":"2022-03-11T09:18:33","date_gmt":"2022-03-11T08:18:33","guid":{"rendered":"https:\/\/fengchashop.com\/se\/product\/magnesiumkomplex-i-pulver-200-g\/"},"modified":"2026-04-28T08:21:06","modified_gmt":"2026-04-28T06:21:06","slug":"magnesiumkomplex-i-pulver","status":"publish","type":"product","link":"https:\/\/fengchashop.com\/se\/product\/magnesiumkomplex-i-pulver\/","title":{"rendered":"Magnesiumkomplex i pulver 200 g"},"content":{"rendered":"<h2 style=\"text-align: justify\"><span style=\"color: #000000\"><b>Magnesiumkomplex i pulverform<\/b><\/span><\/h2>\n<p style=\"text-align: justify\"><span style=\"color: #000000\">Magnesium \u00e4r ett mycket viktigt mineral som deltar i mer \u00e4n 300 \u00e4mnesoms\u00e4ttningsprocesser i m\u00e4nniskokroppen. Det kallas ofta f\u00f6r &#8221;<b>mineralernas kung<\/b>&#8221;, eftersom det har en <b>avg\u00f6rande roll f\u00f6r musklernas, nervsystemets och bibeh\u00e5llandet av friska ben<\/b>. Det hj\u00e4lper till att f\u00f6rhindra muskelkramper, minskar tr\u00f6tthet och utmattning samt bidrar till normal psykologisk funktion. P\u00e5 grund av det snabba tempot i det moderna livet \u2013 stress, d\u00e5lig kost och s\u00f6mnbrist \u2013 anv\u00e4nder m\u00e5nga kosttillskott med magnesium.<\/span><\/p>\n<p style=\"text-align: justify\"><span style=\"color: #000000\">\u00c4ven om magnesium finns naturligt i m\u00e5nga livsmedel som gr\u00f6na bladgr\u00f6nsaker, n\u00f6tter, fr\u00f6n, fisk och fullkornsprodukter, konsumerar vi ofta mer \u00e4n vi f\u00e5r i oss genom maten. St\u00f6rre behov av magnesium har idrottare, gravida kvinnor, \u00e4ldre personer och individer som upplever h\u00f6g fysisk eller psykisk stress.<\/span><\/p>\n<p style=\"text-align: justify\"><span style=\"color: #000000\">Med magnesiumkomplexet f\u00e5r du optimal st\u00f6d f\u00f6r b\u00e4ttre v\u00e4lbefinnande, mer energi samt h\u00e4lsosam funktion av muskler, ben och nervsystem.<\/span><\/p>\n<h2 style=\"text-align: justify\"><span style=\"color: #000000\"><b>Varf\u00f6r magnesiumkomplex?<\/b><\/span><\/h2>\n<p style=\"text-align: justify\"><span style=\"color: #000000\">Magnesiumkomplexet kombinerar <strong>fyra h\u00f6gkvalitativa former av magnesium \u2013 magnesiumbisglycinat, magnesiumcitrat, magnesiummalat och magnesiumtaurat<\/strong>. Varje form har sina specifika egenskaper och f\u00f6rdelar, s\u00e5 deras kombination g\u00f6r att de absorberas optimalt och ger maximal effekt.<\/span><\/p>\n<h2 style=\"text-align: justify\"><span style=\"color: #000000\"><b>F\u00f6rdelar med magnesiumkomplexet<\/b><\/span><\/h2>\n<p style=\"text-align: justify\"><span style=\"color: #000000\"><b>Magnesium:<\/b><\/span><\/p>\n<ul style=\"text-align: justify\">\n<li><span style=\"color: #000000\">bidrar till att minska tr\u00f6tthet och utmattning<\/span><\/li>\n<li><span style=\"color: #000000\">bidrar till elektrolytbalans<\/span><\/li>\n<li><span style=\"color: #000000\">bidrar till energioms\u00e4ttning<\/span><\/li>\n<li><span style=\"color: #000000\">bidrar till nervsystemets funktion<\/span><\/li>\n<li><span style=\"color: #000000\">bidrar till muskelns funktion<\/span><\/li>\n<li><span style=\"color: #000000\">har en roll i proteinsyntesen<\/span><\/li>\n<li><span style=\"color: #000000\">bidrar till normal psykologisk funktion<\/span><\/li>\n<li><span style=\"color: #000000\">bidrar till att bibeh\u00e5lla friska ben och t\u00e4nder<\/span><\/li>\n<li><span style=\"color: #000000\">har en roll i celltillv\u00e4xt<\/span><\/li>\n<\/ul>\n<p>&nbsp;<\/p>\n<p style=\"text-align: justify\"><span style=\"color: #000000\"><b>Vitamin B6:<\/b><\/span><\/p>\n<ul style=\"text-align: justify\">\n<li><span style=\"color: #000000\">har en roll i syntesen av cystein<\/span><\/li>\n<li><span style=\"color: #000000\">bidrar till energioms\u00e4ttning<\/span><\/li>\n<li><span style=\"color: #000000\">bidrar till nervsystemets funktion<\/span><\/li>\n<li><span style=\"color: #000000\">bidrar till metabolismen av homocystein<\/span><\/li>\n<li><span style=\"color: #000000\">har en roll i metabolismen av proteiner och glykogen<\/span><\/li>\n<li><span style=\"color: #000000\">bidrar till normal psykologisk funktion<\/span><\/li>\n<li><span style=\"color: #000000\">har en roll i produktionen av r\u00f6da blodkroppar<\/span><\/li>\n<li><span style=\"color: #000000\">har en roll i immunsystemets funktion<\/span><\/li>\n<li><span style=\"color: #000000\">bidrar till att minska tr\u00f6tthet och utmattning<\/span><\/li>\n<li><span style=\"color: #000000\">har en roll i reglering av hormonell funktion<\/span><\/li>\n<\/ul>\n<p style=\"text-align: justify\"><span style=\"color: #000000\">Tillr\u00e4ckligt intag av magnesium kan ha en betydande effekt p\u00e5 att f\u00f6rebygga dessa problem och f\u00f6rb\u00e4ttra det allm\u00e4nna v\u00e4lbefinnandet och h\u00e4lsan.<\/span><\/p>\n<h2 style=\"text-align: justify\"><span style=\"color: #000000\"><b>F\u00f6rvaring och varningar<\/b><\/span><\/h2>\n<p style=\"text-align: justify\"><span style=\"color: #000000\">F\u00f6rvaras p\u00e5 en torr plats vid h\u00f6gst 25 \u00b0C, skyddad fr\u00e5n fukt och ljus. Se till att p\u00e5sen eller burken \u00e4r ordentligt st\u00e4ngd.<\/span><\/p>\n<p style=\"text-align: justify\"><span style=\"color: #000000\">Produkten \u00e4r inte l\u00e4mplig f\u00f6r barn, ungdomar, gravida eller ammande kvinnor. Diabetiker, personer med glukosintolerans, personer som behandlas med kumarinantikoagulantia samt personer med k\u00e4nda kardiovaskul\u00e4ra sjukdomar eller astma b\u00f6r r\u00e5dg\u00f6ra med l\u00e4kare innan de anv\u00e4nder produkten. Om du upplever illam\u00e5ende, buksm\u00e4rtor, d\u00e5lig matsm\u00e4ltning, diarr\u00e9, f\u00f6rstoppning, yrsel, tr\u00f6tthet, huvudv\u00e4rk, utslag, kl\u00e5da eller rodnad i huden, avbryt anv\u00e4ndningen.<\/span><\/p>\n<h2 style=\"text-align: justify\"><span style=\"color: #000000\"><b>F\u00f6rpackning<\/b><\/span><\/h2>\n<p style=\"text-align: justify\"><span style=\"color: #000000\">T\u00e4t f\u00f6rpackning med dragkedja eller burk som bevarar produktens f\u00e4rskhet och smak. F\u00f6rpackningen skyddar mot ljus och luft. Den best\u00e5r av flera skyddande lager f\u00f6r att bevara produktens egenskaper.<\/span><\/p>\n<p><span style=\"color: #000000\">F\u00f6rpackningen \u00e4r mycket praktisk och \u00e5tervinningsbar.<\/span><\/p>\n<h2 style=\"text-align: justify\"><span style=\"color: #000000\"><b>Ursprung<\/b><\/span><\/h2>\n<p style=\"text-align: justify\"><span style=\"color: #000000\">Ingredienserna i magnesiumkomplexet kommer fr\u00e5n EU och utanf\u00f6r EU, noggrant utvalda f\u00f6r att s\u00e4kerst\u00e4lla h\u00f6gsta kvalitet.<\/span><\/p>\n","protected":false},"excerpt":{"rendered":"<p align=\"JUSTIFY\"><span style=\"color: #000000\">Magnesiumkomplex kombinerar<strong> fyra h\u00f6gkvalitativa former av magnesium \u2013 magnesiumbisglycinat, magnesiumcitrat, magnesiummalat och magnesiumtaurat.<\/strong><\/span><\/p>\n<p>\ud83d\udc9a Bidrar till att minska tr\u00f6tthet och utmattning.<br \/>\n\ud83d\udc9a St\u00f6djer balansen av elektrolyter, som vi beh\u00f6ver speciellt vid fysisk anstr\u00e4ngning.<br \/>\n\ud83d\udc9a Det har en gynnsam effekt p\u00e5 nervsystemet.<br \/>\n\ud83d\udc9a Bidrar till normal muskelfunktion och normala psykologiska funktioner.<br \/>\n\ud83d\udc9a Uppr\u00e4tth\u00e5ller friska ben och t\u00e4nder.<\/p>\n","protected":false},"featured_media":5901,"comment_status":"open","ping_status":"closed","template":"","meta":{"_acf_changed":false},"product_brand":[],"product_cat":[225,230,224,231],"product_tag":[],"class_list":{"0":"post-6377","1":"product","2":"type-product","3":"status-publish","4":"has-post-thumbnail","6":"product_cat-alla-produkter","7":"product_cat-bast-salda","8":"product_cat-erbjudande","9":"product_cat-mineraler-vitaminer","11":"first","12":"instock","13":"sale","14":"taxable","15":"shipping-taxable","16":"purchasable","17":"product-type-simple"},"acf":[],"_links":{"self":[{"href":"https:\/\/fengchashop.com\/se\/wp-json\/wp\/v2\/product\/6377","targetHints":{"allow":["GET"]}}],"collection":[{"href":"https:\/\/fengchashop.com\/se\/wp-json\/wp\/v2\/product"}],"about":[{"href":"https:\/\/fengchashop.com\/se\/wp-json\/wp\/v2\/types\/product"}],"replies":[{"embeddable":true,"href":"https:\/\/fengchashop.com\/se\/wp-json\/wp\/v2\/comments?post=6377"}],"wp:featuredmedia":[{"embeddable":true,"href":"https:\/\/fengchashop.com\/se\/wp-json\/wp\/v2\/media\/5901"}],"wp:attachment":[{"href":"https:\/\/fengchashop.com\/se\/wp-json\/wp\/v2\/media?parent=6377"}],"wp:term":[{"taxonomy":"product_brand","embeddable":true,"href":"https:\/\/fengchashop.com\/se\/wp-json\/wp\/v2\/product_brand?post=6377"},{"taxonomy":"product_cat","embeddable":true,"href":"https:\/\/fengchashop.com\/se\/wp-json\/wp\/v2\/product_cat?post=6377"},{"taxonomy":"product_tag","embeddable":true,"href":"https:\/\/fengchashop.com\/se\/wp-json\/wp\/v2\/product_tag?post=6377"}],"curies":[{"name":"wp","href":"https:\/\/api.w.org\/{rel}","templated":true}]}}