{"id":6369,"date":"2022-03-10T18:57:47","date_gmt":"2022-03-10T17:57:47","guid":{"rendered":"https:\/\/fengchashop.com\/se\/product\/kokosmjolk-i-pulver-bio-250-g\/"},"modified":"2026-04-28T01:28:14","modified_gmt":"2026-04-27T23:28:14","slug":"kokosmjolk-i-pulver-bio","status":"publish","type":"product","link":"https:\/\/fengchashop.com\/se\/product\/kokosmjolk-i-pulver-bio\/","title":{"rendered":"Kokosmj\u00f6lk i pulver BIO 250 g"},"content":{"rendered":"<h2><span style=\"color: #000000\">Ekologiskt kokosmj\u00f6lkspulver<\/span><\/h2>\n<p><span style=\"color: #000000\">Kokosmj\u00f6lkspulver \u00e4r en av de viktigaste kulinariska ingredienserna i den asiatiska kosten och <strong>ett utm\u00e4rkt substitut f\u00f6r laktoshaltig mj\u00f6lk<\/strong>, som allt fler m\u00e4nniskor \u00e4r allergiska mot.<\/span><\/p>\n<p><span style=\"color: #000000\"><strong>Kokosmj\u00f6lkspulver inneh\u00e5ller cirka 60 % kokosfett och inneh\u00e5ller ett antal aktiva \u00e4mnen som \u00e4r nyttiga f\u00f6r m\u00e4nniskokroppen:<\/strong><\/span><\/p>\n<p><span style=\"color: #000000\"> \ud83d\udc9a inneh\u00e5ller <strong>mycket j\u00e4rn<\/strong>, som \u00e4r huvudkomponenten i r\u00f6da blodkroppar,<\/span><br \/>\n<span style=\"color: #000000\"> \ud83d\udc9a <strong>nyttiga om\u00e4ttade omega-3-fetter<\/strong>, som hj\u00e4lper till att reglera kolesterolhalten i blodet,<\/span><br \/>\n<span style=\"color: #000000\"> \ud83d\udc9a <strong>lauriska, kapryliska och kapriska fettsyror<\/strong>, k\u00e4nda f\u00f6r sina svampd\u00f6dande, antibakteriella och antivirala egenskaper.<\/span><\/p>\n<h2><span style=\"color: #000000\">Kokosmj\u00f6lkspulver \u00e4r ett utm\u00e4rkt tillskott till r\u00e4tter eller en ingrediens f\u00f6r naturlig kosmetika<\/span><\/h2>\n<p><span style=\"color: #000000\">Kokosmj\u00f6lkspulver framst\u00e4lls genom torkning av kokosmj\u00f6lk, som i sin tur framst\u00e4lls av rivet kokosn\u00f6tk\u00f6tt. Eftersom den inneh\u00e5ller en h\u00f6g andel fett blandas den vanligtvis med st\u00e4rkelse, runt vilket fettet fastnar och bildar kokosmj\u00f6lkspulver. Det \u00e4r en oumb\u00e4rlig kulinarisk ingrediens i det asiatiska k\u00f6ket f\u00f6r s\u00e5ser, soppor och desserter, och anv\u00e4nds ocks\u00e5 f\u00f6r naturlig kosmetika, eftersom det har underbara ingredienser som har en gynnsam effekt p\u00e5 huden. Pulvret blandas enkelt med vatten f\u00f6r att g\u00f6ra kokosmj\u00f6lk eller kokosgr\u00e4dde, eller s\u00e5 kan det tills\u00e4ttas direkt i r\u00e4tter f\u00f6r att f\u00f6rb\u00e4ttra dem.<\/span><\/p>\n<h2><span style=\"color: #000000\">F\u00f6rpackning<\/span><\/h2>\n<p><span style=\"color: #000000\">Icke-genomsl\u00e4pplig p\u00e5se eller l\u00e5da med dragkedja, d\u00e4r produkten beh\u00e5ller all sin f\u00e4rskhet och arom. F\u00f6rpackningen skyddar mot ljus och luft. Den best\u00e5r av flera lager av skydd f\u00f6r att bevara produktens egenskaper.<\/span><\/p>\n<p><span style=\"color: #000000\">F\u00f6rpackningen \u00e4r mycket praktisk och \u00e5tervinningsbar.<\/span><\/p>\n<h2><span style=\"color: #000000\">Ursprung<\/span><\/h2>\n<p><span style=\"color: #000000\">Vietnam<\/span><\/p>\n","protected":false},"excerpt":{"rendered":"<p>Kokosmj\u00f6lkspulver \u00e4r en av de viktigaste kulinariska ingredienserna i den asiatiska kosten och ett utm\u00e4rkt substitut f\u00f6r laktosinneh\u00e5llande mj\u00f6lk. Kokosmj\u00f6lkspulver inneh\u00e5ller ca 60 % kokosfett och inneh\u00e5ller ett antal aktiva \u00e4mnen som \u00e4r nyttiga f\u00f6r m\u00e4nniskokroppen:<\/p>\n<p>\ud83d\udc9a inneh\u00e5ller mycket j\u00e4rn, som \u00e4r huvudkomponenten i r\u00f6da blodkroppar,<br \/>\n\ud83d\udc9a nyttiga om\u00e4ttade omega-3-fetter, som hj\u00e4lper till att reglera kolesterolhalten i blodet,<br \/>\n\ud83d\udc9a lauriska, kapryliska och kapriska fettsyror, k\u00e4nda f\u00f6r sina svampd\u00f6dande, antibakteriella och antivirala egenskaper.<\/p>\n","protected":false},"featured_media":6370,"comment_status":"open","ping_status":"closed","template":"","meta":{"_acf_changed":false},"product_brand":[],"product_cat":[225,224,226],"product_tag":[],"class_list":{"0":"post-6369","1":"product","2":"type-product","3":"status-publish","4":"has-post-thumbnail","6":"product_cat-alla-produkter","7":"product_cat-erbjudande","8":"product_cat-supermat","10":"first","11":"instock","12":"taxable","13":"shipping-taxable","14":"purchasable","15":"product-type-simple"},"acf":[],"_links":{"self":[{"href":"https:\/\/fengchashop.com\/se\/wp-json\/wp\/v2\/product\/6369","targetHints":{"allow":["GET"]}}],"collection":[{"href":"https:\/\/fengchashop.com\/se\/wp-json\/wp\/v2\/product"}],"about":[{"href":"https:\/\/fengchashop.com\/se\/wp-json\/wp\/v2\/types\/product"}],"replies":[{"embeddable":true,"href":"https:\/\/fengchashop.com\/se\/wp-json\/wp\/v2\/comments?post=6369"}],"wp:featuredmedia":[{"embeddable":true,"href":"https:\/\/fengchashop.com\/se\/wp-json\/wp\/v2\/media\/6370"}],"wp:attachment":[{"href":"https:\/\/fengchashop.com\/se\/wp-json\/wp\/v2\/media?parent=6369"}],"wp:term":[{"taxonomy":"product_brand","embeddable":true,"href":"https:\/\/fengchashop.com\/se\/wp-json\/wp\/v2\/product_brand?post=6369"},{"taxonomy":"product_cat","embeddable":true,"href":"https:\/\/fengchashop.com\/se\/wp-json\/wp\/v2\/product_cat?post=6369"},{"taxonomy":"product_tag","embeddable":true,"href":"https:\/\/fengchashop.com\/se\/wp-json\/wp\/v2\/product_tag?post=6369"}],"curies":[{"name":"wp","href":"https:\/\/api.w.org\/{rel}","templated":true}]}}