{"id":6347,"date":"2022-03-10T10:15:47","date_gmt":"2022-03-10T09:15:47","guid":{"rendered":"https:\/\/fengchashop.com\/se\/product\/goji-bar-bio-500-g\/"},"modified":"2026-04-30T14:25:08","modified_gmt":"2026-04-30T12:25:08","slug":"goji-bar-bio","status":"publish","type":"product","link":"https:\/\/fengchashop.com\/se\/product\/goji-bar-bio\/","title":{"rendered":"Goji b\u00e4r BIO 500 g"},"content":{"rendered":"<h2><span style=\"color: #000000\">Gojib\u00e4r BIO<\/span><\/h2>\n<p><span style=\"color: #000000\">Gojib\u00e4r, som ibland kallas vargb\u00e4r, r\u00f6da diamanter eller \u00e4ktenskapsvin, \u00e4r superb\u00e4r som v\u00e4xer p\u00e5 en h\u00f6g kinesisk buske. Deras form p\u00e5minner mest om ett granat\u00e4pple. F\u00f6rr i tiden betraktades de som en frukt med superkrafter i Kina och anv\u00e4ndes f\u00f6r att l\u00e4ka kungar och ge krigare n\u00e4ring f\u00f6re strider. I<strong> traditionell kinesisk medicin, d\u00e4r de har anv\u00e4nts i \u00f6ver 2500 \u00e5r<\/strong>, anses de kunna bota diabetes, h\u00f6gt blodtryck och lever- och njursjukdomar. De anv\u00e4nds ocks\u00e5 f\u00f6r att \u00f6ka energin och libidon. Andra delar av v\u00e4xten, t.ex. fr\u00f6n, blommor, r\u00f6tter och blad, anv\u00e4nds ocks\u00e5 f\u00f6r medicinska \u00e4ndam\u00e5l.<\/span><\/p>\n<p><span style=\"color: #000000\">Gojib\u00e4r s\u00e4gs ha anv\u00e4nts regelbundet i form av te av <strong>Li Quing Yuen<\/strong>, tillsammans med ginseng och reishi-svampar. Det b\u00e4st dokumenterade exemplet p\u00e5 l\u00e5ng livsl\u00e4ngd i historien \u00e4r en kinesisk man som s\u00e4gs ha levt i 256 \u00e5r.<\/span><\/p>\n<p><span style=\"color: #000000\"><strong>Modern forskning visar att gojib\u00e4r \u00e4r riktigt bra f\u00f6r att st\u00e4rka hela kroppen<\/strong>, och de \u00e4r ocks\u00e5 bra f\u00f6r v\u00e5r h\u00e4lsa. De \u00e4r extremt<strong> rika p\u00e5 antioxidanter<\/strong>, som har visat sig ha en positiv effekt p\u00e5 oss genom att skydda oss mot oxidativ stress, som ofta \u00e4r orsaken till moderna sjukdomar.<\/span><\/p>\n<p><span style=\"color: #000000\">De s\u00e4gs inneh\u00e5lla \u00f6verl\u00e4gset mer betakaroten (en provitamin till vitamin A) \u00e4n n\u00e5gon annan v\u00e4xt som \u00e4nnu har uppt\u00e4ckts eller studerats. Det syntetiseras av kroppen till vitamin A (rethionol), som ansvarar f\u00f6r normal tillv\u00e4xt, normal syn, j\u00e4rnmetabolism och normal immunfunktion. Det \u00e4r ocks\u00e5 viktigt under och f\u00f6re graviditet eftersom det st\u00f6der reproduktionen och p\u00e5verkar cell- och v\u00e4vnadsutvecklingen. Forskning visar att det \u00e4r mer f\u00f6rdelaktigt och nyttigt f\u00f6r kroppen att ta betakarotener (s\u00e4rskilt genom kosten), som omvandlas av kroppen till retinol, \u00e4n att ta enbart retinol, som \u00e4r A-vitamin av animaliskt ursprung. De inneh\u00e5ller ocks\u00e5 minst tre g\u00e5nger mer antioxidanter \u00e4n bl\u00e5b\u00e4r.<\/span><\/p>\n<p><strong><span style=\"color: #000000\">De sm\u00e5 r\u00f6da frukterna inneh\u00e5ller allts\u00e5:<\/span><\/strong><\/p>\n<p><span style=\"color: #000000\"> \ud83d\udc9a otroliga naturliga aktiva ingredienser,<\/span><br \/>\n<span style=\"color: #000000\"> \ud83d\udc9a karotenoider, polyfenoler, proteiner,<\/span><br \/>\n<span style=\"color: #000000\"> \ud83d\udc9a polysackarider som st\u00e4rker immunf\u00f6rsvaret, \u00f6kar mineralabsorptionen och \u00f6kar kroppens vitalitet,<\/span><br \/>\n<span style=\"color: #000000\"> \ud83d\udc9a vitaminerna C, B och E,<\/span><br \/>\n<span style=\"color: #000000\"> \ud83d\udc9a lutein och zeaxantin, som st\u00e4rker synen och f\u00f6rhindrar att den f\u00f6rs\u00e4mras,<\/span><br \/>\n<span style=\"color: #000000\"> \ud83d\udc9a antioxidanter f\u00f6r god h\u00e4lsa och ett ungdomligt utseende,<\/span><br \/>\n<span style=\"color: #000000\"> \ud83d\udc9a andra vitaminer som bek\u00e4mpar m\u00e5nga sjukdomar.<\/span><\/p>\n<p><span style=\"color: #000000\">Gojib\u00e4r <strong>har visat sig \u00f6ka immunf\u00f6rsvaret.<\/strong> De har ocks\u00e5 en <strong>positiv effekt p\u00e5 libido och sexuell styrka.<\/strong> I allt h\u00f6gre grad f\u00f6rknippas de ocks\u00e5 med en <strong>snabb \u00e4mnesoms\u00e4ttning, f\u00f6rb\u00e4ttrat v\u00e4lbefinnande, mindre \u00f6vergripande tr\u00f6tthet och \u00f6kad vitalitet.<\/strong><\/span><\/p>\n<p><span style=\"color: #000000\">V\u00e5ra gojib\u00e4r \u00e4r <strong>ekologiskt od<\/strong> lade. De torkade frukterna \u00e4r n\u00e5got fuktiga &#8211; mjuka och sega i konsistensen, vilket g\u00f6r dem till ett livsmedel av h\u00f6gsta kvalitet. Jordgubbarna \u00e4r mycket v\u00e4lsmakande. De \u00e4r st\u00f6rre och har en s\u00f6tare smak. De f\u00f6rb\u00e4ttrar n\u00e4ringsv\u00e4rdet i matr\u00e4tterna och ger en s\u00f6t touch. Smaken \u00e4r inte alltf\u00f6r intensiv, vilket g\u00f6r dem l\u00e4tta att inkludera i vardagliga m\u00e5ltider.<\/span><\/p>\n<h2><span style=\"color: #000000\">Vem \u00e4r de till f\u00f6r?<\/span><\/h2>\n<p><span style=\"color: #000000\">Gojib\u00e4r kan avnjutas som mellanm\u00e5l eller som en del av en varierad h\u00e4lsosam kost. De m\u00e5nga positiva effekterna och aktiva ingredienserna forts\u00e4tter att f\u00f6rv\u00e5na forskare, som kontinuerligt fokuserar sin uppm\u00e4rksamhet p\u00e5 dem. S\u00e5ledes odlingen av jordgubbar:<\/span><\/p>\n<p><span style=\"color: #000000\"> \ud83d\udc9a reglera problem med <strong>h\u00f6gt blodtryck och d\u00e5ligt kolesterol<\/strong>;<\/span><br \/>\n<span style=\"color: #000000\"> <strong>\ud83d\udc9a reglerar matsm\u00e4ltningen, har en alkalisk effekt<\/strong> och p\u00e5verkar viktminskning;<\/span><br \/>\n<span style=\"color: #000000\"> <strong> \ud83d\udc9a hydrera<\/strong> kroppen;<\/span><br \/>\n<span style=\"color: #000000\"> \ud83d\udc9a f\u00f6rb\u00e4ttra<strong> hudens tillst\u00e5nd<\/strong>;<\/span><br \/>\n<span style=\"color: #000000\">\ud83d\udc9a st\u00e4rka<strong> immunf\u00f6rsvaret<\/strong>;<\/span><br \/>\n<span style=\"color: #000000\"> \ud83d\udc9a har en<strong> adaptogen<\/strong> effekt;<\/span><br \/>\n<span style=\"color: #000000\"><strong> \ud83d\udc9a reglera blodsockerniv\u00e5n<\/strong>.<\/span><\/p>\n<h2><span style=\"color: #000000\">Lagring<\/span><\/h2>\n<p><span style=\"color: #000000\">F\u00f6rvaras svalt, torrt och vid en temperatur p\u00e5 upp till 25 \u00b0C. F\u00f6rvara kosttillskottet utom r\u00e4ckh\u00e5ll f\u00f6r barn!<\/span><\/p>\n<p><span style=\"color: #000000\">Kom ih\u00e5g vikten av en varierad kost och en h\u00e4lsosam livsstil, ett kosttillskott \u00e4r d\u00e4rf\u00f6r inte en ers\u00e4ttning f\u00f6r en balanserad och varierad kost. Den rekommenderade dagliga m\u00e4ngden eller dosen b\u00f6r inte \u00f6verskridas.<\/span><\/p>\n<h2><span style=\"color: #000000\">F\u00f6rpackning<\/span><\/h2>\n<p><span style=\"color: #000000\">Icke-genomsl\u00e4pplig zip-lock-p\u00e5se d\u00e4r produkten beh\u00e5ller all sin fr\u00e4sch\u00f6r och arom. F\u00f6rpackningen skyddar mot ljus och luft, eftersom den best\u00e5r av flera skyddslager som bevarar inneh\u00e5llets egenskaper.<\/span><\/p>\n<p><span style=\"color: #000000\">F\u00f6rpackningen \u00e4r mycket praktisk och \u00e5tervinningsbar.<\/span><\/p>\n<h2><span style=\"color: #000000\">Ursprung<\/span><\/h2>\n<p><span style=\"color: #000000\">Kina. Vi har mycket p\u00e5litliga leverant\u00f6rer som skickar oss en detaljerad kemisk analys av livsmedlet f\u00f6r varje parti. Under mer \u00e4n tio \u00e5r har vi inte haft n\u00e5gra \u00e5terkallelser eller andra problem med denna produkt, inte heller med andra produkter fr\u00e5n samma leverant\u00f6r. Produkten \u00e4r 100 % certifierat ekologisk.<\/span><\/p>\n","protected":false},"excerpt":{"rendered":"<p>Gojib\u00e4r, som ibland kallas vargb\u00e4r, r\u00f6da diamanter eller \u00e4ktenskapsvin, \u00e4r superb\u00e4r som v\u00e4xer p\u00e5 en h\u00f6g kinesisk buske. F\u00f6rr i tiden ans\u00e5gs de vara en frukt med superkrafter i Kina och anv\u00e4ndes f\u00f6r att l\u00e4ka kungar och ge krigare n\u00e4ring f\u00f6re strider. Inom traditionell kinesisk medicin, d\u00e4r de har anv\u00e4nts i mer \u00e4n 2500 \u00e5r, anses de kunna bota diabetes, h\u00f6gt blodtryck samt lever- och njursjukdomar. De anv\u00e4nds ocks\u00e5 f\u00f6r att \u00f6ka energin och libidon.<\/p>\n<p>\ud83d\udc9a De hanterar problem med h\u00f6gt blodtryck och d\u00e5ligt kolesterol.<br \/>\n\ud83d\udc9a De reglerar matsm\u00e4ltningen, \u00e4r alkaliska och har en effekt p\u00e5 viktminskning.<br \/>\n\ud83d\udc9a De \u00e5terfuktar kroppen.<br \/>\n\ud83d\udc9a De f\u00f6rb\u00e4ttrar hudens tillst\u00e5nd.<br \/>\n\ud83d\udc9a St\u00e4rka immunf\u00f6rsvaret.<\/p>\n","protected":false},"featured_media":5968,"comment_status":"open","ping_status":"closed","template":"","meta":{"_acf_changed":false},"product_brand":[],"product_cat":[225,224,226,205],"product_tag":[],"class_list":{"0":"post-6347","1":"product","2":"type-product","3":"status-publish","4":"has-post-thumbnail","6":"product_cat-alla-produkter","7":"product_cat-erbjudande","8":"product_cat-supermat","9":"product_cat-te-mat-kryddor","11":"first","12":"instock","13":"taxable","14":"shipping-taxable","15":"purchasable","16":"product-type-simple"},"acf":[],"_links":{"self":[{"href":"https:\/\/fengchashop.com\/se\/wp-json\/wp\/v2\/product\/6347","targetHints":{"allow":["GET"]}}],"collection":[{"href":"https:\/\/fengchashop.com\/se\/wp-json\/wp\/v2\/product"}],"about":[{"href":"https:\/\/fengchashop.com\/se\/wp-json\/wp\/v2\/types\/product"}],"replies":[{"embeddable":true,"href":"https:\/\/fengchashop.com\/se\/wp-json\/wp\/v2\/comments?post=6347"}],"wp:featuredmedia":[{"embeddable":true,"href":"https:\/\/fengchashop.com\/se\/wp-json\/wp\/v2\/media\/5968"}],"wp:attachment":[{"href":"https:\/\/fengchashop.com\/se\/wp-json\/wp\/v2\/media?parent=6347"}],"wp:term":[{"taxonomy":"product_brand","embeddable":true,"href":"https:\/\/fengchashop.com\/se\/wp-json\/wp\/v2\/product_brand?post=6347"},{"taxonomy":"product_cat","embeddable":true,"href":"https:\/\/fengchashop.com\/se\/wp-json\/wp\/v2\/product_cat?post=6347"},{"taxonomy":"product_tag","embeddable":true,"href":"https:\/\/fengchashop.com\/se\/wp-json\/wp\/v2\/product_tag?post=6347"}],"curies":[{"name":"wp","href":"https:\/\/api.w.org\/{rel}","templated":true}]}}