{"id":6317,"date":"2022-03-04T09:36:13","date_gmt":"2022-03-04T08:36:13","guid":{"rendered":"https:\/\/fengchashop.com\/se\/product\/kattklo-pulver-cats-claw-125-g\/"},"modified":"2026-05-05T21:09:30","modified_gmt":"2026-05-05T19:09:30","slug":"kattklo-pulver-cats-claw","status":"publish","type":"product","link":"https:\/\/fengchashop.com\/se\/product\/kattklo-pulver-cats-claw\/","title":{"rendered":"Kattklo pulver (Cat&#8217;s claw) 125 g"},"content":{"rendered":"<h2>Kattklo pulver<\/h2>\n<p><span style=\"color: #000000\">Amazonas tropiska kl\u00e4ttrare har 2 b\u00f6jda ryggar vid basen av varje blad, d\u00e4rav dess namn kattklo.<\/span><\/p>\n<p><span style=\"color: #000000\">Kattklo \u00e4r s\u00e4rskilt uppskattad f\u00f6r sina positiva effekter p\u00e5 m\u00e4nniskokroppen:<\/span><\/p>\n<p><span style=\"color: #000000\"> \ud83d\udc9a st\u00e4rker<strong> immunf\u00f6rsvaret,<\/strong><\/span><br \/>\n<span style=\"color: #000000\"><strong> \ud83d\udc9a lugnar och h\u00e4mmar inflammation,<\/strong><\/span><br \/>\n<span style=\"color: #000000\"><strong>\ud83d\udc9a lindrar sm\u00e4rta orsakad av infektioner,<\/strong><\/span><br \/>\n<span style=\"color: #000000\"><strong>\ud83d\udc9a lindrar problem med kroniska sjukdomar.<\/strong><\/span><\/p>\n<h2><span style=\"color: #000000\">Hur fungerar kattens klo?<\/span><\/h2>\n<p><span style=\"color: #000000\">Kattklo anses i grunden vara ett<strong> naturligt antibiotikum<\/strong> eftersom det framg\u00e5ngsrikt bek\u00e4mpar alla typer av bakterier och f\u00f6rhindrar infektioner och inflammation. M\u00e5nga studier har visat att det har flera <strong>positiva effekter p\u00e5 m\u00e4nniskokroppen<\/strong>, framf\u00f6r allt <strong>stimulerar det immunsystemet p\u00e5 grund av dess inneh\u00e5ll av oxynolalkaloider<\/strong>, som framg\u00e5ngsrikt neutraliserar skadliga fria radikaler i kroppen. Ett antal andra alkaloider fr\u00e5n kattklo \u00e4r ocks\u00e5 bra f\u00f6r<strong> minnet och blodtrycksregleringen<\/strong>. Eftersom den <strong>framg\u00e5ngsrikt kontrollerar infektioner och inflammation har den ocks\u00e5 en gynnsam effekt p\u00e5 sm\u00e4rta vid kroniska sjukdomar som reumatism eller artrit<\/strong>.<\/span><\/p>\n<h2><span style=\"color: #000000\">F\u00f6rvaring och varningar<\/span><\/h2>\n<p><span style=\"color: #000000\">F\u00f6rvaras p\u00e5 en sval och torr plats. F\u00f6rvara kosttillskottet utom r\u00e4ckh\u00e5ll f\u00f6r barn!<\/span><\/p>\n<p><span style=\"color: #000000\">Kom ih\u00e5g vikten av en varierad kost och en h\u00e4lsosam livsstil, ett kosttillskott \u00e4r d\u00e4rf\u00f6r inte en ers\u00e4ttning f\u00f6r en balanserad och varierad kost. Den rekommenderade dagliga m\u00e4ngden eller dosen b\u00f6r inte \u00f6verskridas. Gravida kvinnor, ammande m\u00f6drar och personer som tar mediciner rekommenderas alltid att r\u00e5dfr\u00e5ga l\u00e4kare f\u00f6re anv\u00e4ndning. Ej l\u00e4mplig f\u00f6r barn.<\/span><\/p>\n<h2><span style=\"color: #000000\">F\u00f6rpackning<\/span><\/h2>\n<p><span style=\"color: #000000\">Icke-genomsl\u00e4pplig p\u00e5se eller l\u00e5da med blixtl\u00e5s, d\u00e4r produkten beh\u00e5ller all sin fr\u00e4sch\u00f6r och arom. F\u00f6rpackningen skyddar mot ljus och luft. Den best\u00e5r av flera lager av skydd f\u00f6r att bevara produktens egenskaper.<\/span><\/p>\n<p><span style=\"color: #000000\">F\u00f6rpackningen \u00e4r mycket praktisk och \u00e5tervinningsbar.<\/span><\/p>\n<h2><span style=\"color: #000000\">Ursprung<\/span><\/h2>\n<p><span style=\"color: #000000\">Sydamerika<\/span><\/p>\n","protected":false},"excerpt":{"rendered":"<p align=\"JUSTIFY\">Den tropiska kl\u00e4tterv\u00e4xten i Amazonas har 2 b\u00f6jda taggar vid basen av varje blad, vilket ger den dess namn kattklo. Kattklo anses i princip vara ett naturligt antibiotikum, eftersom det framg\u00e5ngsrikt bek\u00e4mpar alla typer av mikrober och f\u00f6rhindrar infektioner och inflammation. Kattklo \u00e4r s\u00e4rskilt uppskattad f\u00f6r sina positiva effekter p\u00e5 m\u00e4nniskokroppen:<\/p>\n<p align=\"JUSTIFY\">\ud83d\udc9a st\u00e4rker immunf\u00f6rsvaret,<br \/>\n\ud83d\udc9a det lugnar och h\u00e4mmar inflammation,<br \/>\n\ud83d\udc9a lindrar sm\u00e4rta orsakad av infektioner,<br \/>\n\ud83d\udc9a lindrar problem med kroniska sjukdomar.<\/p>\n","protected":false},"featured_media":6318,"comment_status":"open","ping_status":"closed","template":"","meta":{"_acf_changed":false},"product_brand":[],"product_cat":[225,224,226],"product_tag":[],"class_list":{"0":"post-6317","1":"product","2":"type-product","3":"status-publish","4":"has-post-thumbnail","6":"product_cat-alla-produkter","7":"product_cat-erbjudande","8":"product_cat-supermat","10":"first","11":"instock","12":"sale","13":"taxable","14":"shipping-taxable","15":"purchasable","16":"product-type-simple"},"acf":[],"_links":{"self":[{"href":"https:\/\/fengchashop.com\/se\/wp-json\/wp\/v2\/product\/6317","targetHints":{"allow":["GET"]}}],"collection":[{"href":"https:\/\/fengchashop.com\/se\/wp-json\/wp\/v2\/product"}],"about":[{"href":"https:\/\/fengchashop.com\/se\/wp-json\/wp\/v2\/types\/product"}],"replies":[{"embeddable":true,"href":"https:\/\/fengchashop.com\/se\/wp-json\/wp\/v2\/comments?post=6317"}],"wp:featuredmedia":[{"embeddable":true,"href":"https:\/\/fengchashop.com\/se\/wp-json\/wp\/v2\/media\/6318"}],"wp:attachment":[{"href":"https:\/\/fengchashop.com\/se\/wp-json\/wp\/v2\/media?parent=6317"}],"wp:term":[{"taxonomy":"product_brand","embeddable":true,"href":"https:\/\/fengchashop.com\/se\/wp-json\/wp\/v2\/product_brand?post=6317"},{"taxonomy":"product_cat","embeddable":true,"href":"https:\/\/fengchashop.com\/se\/wp-json\/wp\/v2\/product_cat?post=6317"},{"taxonomy":"product_tag","embeddable":true,"href":"https:\/\/fengchashop.com\/se\/wp-json\/wp\/v2\/product_tag?post=6317"}],"curies":[{"name":"wp","href":"https:\/\/api.w.org\/{rel}","templated":true}]}}