{"id":6313,"date":"2025-12-03T10:22:14","date_gmt":"2025-12-03T09:22:14","guid":{"rendered":"https:\/\/fengchashop.com\/se\/product\/neem-i-pulver-bio-500-g\/"},"modified":"2026-05-07T17:36:35","modified_gmt":"2026-05-07T15:36:35","slug":"neem-i-pulver-bio","status":"publish","type":"product","link":"https:\/\/fengchashop.com\/se\/product\/neem-i-pulver-bio\/","title":{"rendered":"Neem i pulver BIO 500 g"},"content":{"rendered":"<h2><span style=\"color: #000000\">Neem organiskt pulver<\/span><\/h2>\n<p><span style=\"color: #000000\">Neem \u00e4r ett extremt vintergr\u00f6nt, lurvigt tr\u00e4d fr\u00e5n Indien (Azadirachta Indica). P\u00e5 slovenska \u00e4r det k\u00e4nt som<strong> indisk lilja i dalen<\/strong>. Alla delar av detta vintergr\u00f6na tr\u00e4d \u00e4r anv\u00e4ndbara; fr\u00e5n bark, r\u00f6tter, fr\u00f6n, frukt till l\u00f6v och blommor. Det \u00e4r den mest anv\u00e4nda \u00f6rten i ayurvedisk folkmedicin och har anv\u00e4nts f\u00f6r medicinska \u00e4ndam\u00e5l i \u00f6ver 2000 \u00e5r.<\/span><\/p>\n<p><strong><span style=\"color: #000000\">Neem s\u00e4gs ha en gynnsam effekt p\u00e5 mer \u00e4n 100 olika sjukdomar, som:<\/span><\/strong><\/p>\n<p><span style=\"color: #000000\"> \ud83d\udc9a stimulerar kroppens immunf\u00f6rsvar och har en positiv effekt p\u00e5 immunf\u00f6rsvaret,<\/span><br \/>\n<span style=\"color: #000000\"> \ud83d\udc9a renar blodet och avgiftar kroppen,<\/span><br \/>\n<span style=\"color: #000000\">\ud83d\udc9a har en gynnsam effekt p\u00e5 hud, h\u00e5r och naglar,<\/span><br \/>\n<span style=\"color: #000000\">\ud83d\udc9a det lindrar hudproblem som allergier, psoriasis, eksem, akne, \u00f6ppna s\u00e5r,<\/span><br \/>\n<span style=\"color: #000000\">\ud83d\udc9a det \u00e4r antiinflammatoriskt, svampd\u00f6dande och sm\u00e4rtstillande,<\/span><br \/>\n<span style=\"color: #000000\">\ud83d\udc9a lindrar och eliminerar matsm\u00e4ltningsproblem,<\/span><br \/>\n<span style=\"color: #000000\">\ud83d\udc9a fungerar som ett naturligt desinfektionsmedel.<\/span><\/p>\n<p><span style=\"color: #000000\">Neem \u00e4r ocks\u00e5 k\u00e4nt nyligen som ett <strong>naturligt avst\u00f6tningsmedel<\/strong> mot insekter och andra skadedjur.<\/span><\/p>\n<p><span style=\"color: #000000\">V\u00e5rt neem-pulver \u00e4r ekologiskt odlat, finmalet och tillverkat av endast de finaste ingredienserna.<\/span><\/p>\n<h2><span style=\"color: #000000\">Hur fungerar neem och vilka problem kan det hj\u00e4lpa mot?<\/span><\/h2>\n<p><span style=\"color: #000000\">Ayurvediska l\u00e4kare har insett att neem \u00e4r en skattkista av effektiva ingredienser f\u00f6r en l\u00e5ng rad h\u00e4lsoproblem, samtidigt som det inte ger n\u00e5gra biverkningar. D\u00e4rf\u00f6r \u00e4r det en av de <strong>mest anv\u00e4nda indiska ayurvediska \u00f6rterna<\/strong>, och allt oftare f\u00f6rem\u00e5l f\u00f6r vetenskaplig forskning. Det har visat sig att den kan ha en gynnsam effekt p\u00e5 m\u00e5nga sjukdomar. Man har uppt\u00e4ckt specifika f\u00f6reningar i neemolja som har en gynnsam effekt p\u00e5 olika h\u00e4lsosymtom. Den \u00e4r <strong>antiinflammatorisk<\/strong> mot alla typer av mikrober och hj\u00e4lper d\u00e4rf\u00f6r ocks\u00e5 immunsystemet <strong>att f\u00f6rsvara sig mot virus- och bakterieinfektioner<\/strong>. Eftersom den framg\u00e5ngsrikt kontrollerar inflammation lindrar den ocks\u00e5 sm\u00e4rta i samband med inflammation (inklusive kroniska sjukdomar som reumatism eller artrit). Den har ett mycket brett spektrum av <strong>svampd\u00f6dande aktivitet<\/strong> och hj\u00e4lper ocks\u00e5 till att bek\u00e4mpa<strong> candida<\/strong>.<\/span><\/p>\n<h2><span style=\"color: #000000\">F\u00f6rpackning<\/span><\/h2>\n<p><span style=\"color: #000000\">Icke-genomsl\u00e4pplig zip-lock-p\u00e5se d\u00e4r produkten beh\u00e5ller all sin fr\u00e4sch\u00f6r och arom. F\u00f6rpackningen skyddar mot ljus och luft, eftersom den \u00e4r uppbyggd av flera skyddslager som bevarar inneh\u00e5llets egenskaper.<\/span><\/p>\n<p><span style=\"color: #000000\">F\u00f6rpackningen \u00e4r mycket praktisk och \u00e5tervinningsbar.<\/span><\/p>\n<h2><span style=\"color: #000000\">F\u00f6rvaring och varningar<\/span><\/h2>\n<p><span style=\"color: #000000\">F\u00f6rvaras p\u00e5 en sval och torr plats. F\u00f6rvaras utom r\u00e4ckh\u00e5ll f\u00f6r barn.<\/span><\/p>\n<p><span style=\"color: #000000\">Kom ih\u00e5g vikten av en varierad kost och en h\u00e4lsosam livsstil, ett kosttillskott \u00e4r d\u00e4rf\u00f6r inte en ers\u00e4ttning f\u00f6r en balanserad och varierad kost. Den rekommenderade dagliga m\u00e4ngden eller dosen b\u00f6r inte \u00f6verskridas. Anv\u00e4ndning av gravida och ammande kvinnor och m\u00e4n och kvinnor som planerar en graviditet avr\u00e5ds eftersom det fungerar som preventivmedel f\u00f6r b\u00e5de kvinnor och m\u00e4n.<\/span><\/p>\n<h2><span style=\"color: #000000\">Bra att veta<\/span><\/h2>\n<p><span style=\"color: #000000\">Produkten \u00e4r ocks\u00e5 l\u00e4mplig f\u00f6r djur. R\u00e5dg\u00f6r med din veterin\u00e4r f\u00f6re anv\u00e4ndning om det \u00e4r l\u00e4mpligt att ta och den rekommenderade dagliga m\u00e4ngden.<\/span><\/p>\n<h2><span style=\"color: #000000\">Ursprung<\/span><\/h2>\n<p><span style=\"color: #000000\">Indien<\/span><\/p>\n","protected":false},"excerpt":{"rendered":"<p align=\"JUSTIFY\">Neem \u00e4r ett extremt vintergr\u00f6nt, prunkande tr\u00e4d fr\u00e5n Indien (Azadirachta Indica). P\u00e5 slovenska kallas det indisk liljekonvalj Alla delar av detta vintergr\u00f6na tr\u00e4d \u00e4r anv\u00e4ndbara; fr\u00e5n bark, r\u00f6tter, fr\u00f6n, frukter till blad och blommor. Det \u00e4r den mest anv\u00e4nda \u00f6rten i ayurvedisk folkmedicin och har anv\u00e4nts f\u00f6r medicinska \u00e4ndam\u00e5l i \u00f6ver 2000 \u00e5r.<\/p>\n<p align=\"JUSTIFY\">\ud83d\udc9a Den stimulerar kroppens immunf\u00f6rsvar och har en positiv effekt p\u00e5 immunsystemet.<br \/>\n\ud83d\udc9a Renar blodet och avgiftar kroppen.<br \/>\n\ud83d\udc9a Det har en gynnsam effekt p\u00e5 hud, h\u00e5r och naglar.<br \/>\n\ud83d\udc9a Det \u00e4r antiinflammatoriskt, svampd\u00f6dande och sm\u00e4rtstillande.<br \/>\n\ud83d\udc9a Det lindrar och eliminerar matsm\u00e4ltningsproblem.<\/p>\n","protected":false},"featured_media":6086,"comment_status":"open","ping_status":"closed","template":"","meta":{"_acf_changed":false},"product_brand":[],"product_cat":[225,228,230,224,226],"product_tag":[],"class_list":{"0":"post-6313","1":"product","2":"type-product","3":"status-publish","4":"has-post-thumbnail","6":"product_cat-alla-produkter","7":"product_cat-ayurveda","8":"product_cat-bast-salda","9":"product_cat-erbjudande","10":"product_cat-supermat","12":"first","13":"instock","14":"sale","15":"taxable","16":"shipping-taxable","17":"purchasable","18":"product-type-simple"},"acf":[],"_links":{"self":[{"href":"https:\/\/fengchashop.com\/se\/wp-json\/wp\/v2\/product\/6313","targetHints":{"allow":["GET"]}}],"collection":[{"href":"https:\/\/fengchashop.com\/se\/wp-json\/wp\/v2\/product"}],"about":[{"href":"https:\/\/fengchashop.com\/se\/wp-json\/wp\/v2\/types\/product"}],"replies":[{"embeddable":true,"href":"https:\/\/fengchashop.com\/se\/wp-json\/wp\/v2\/comments?post=6313"}],"wp:featuredmedia":[{"embeddable":true,"href":"https:\/\/fengchashop.com\/se\/wp-json\/wp\/v2\/media\/6086"}],"wp:attachment":[{"href":"https:\/\/fengchashop.com\/se\/wp-json\/wp\/v2\/media?parent=6313"}],"wp:term":[{"taxonomy":"product_brand","embeddable":true,"href":"https:\/\/fengchashop.com\/se\/wp-json\/wp\/v2\/product_brand?post=6313"},{"taxonomy":"product_cat","embeddable":true,"href":"https:\/\/fengchashop.com\/se\/wp-json\/wp\/v2\/product_cat?post=6313"},{"taxonomy":"product_tag","embeddable":true,"href":"https:\/\/fengchashop.com\/se\/wp-json\/wp\/v2\/product_tag?post=6313"}],"curies":[{"name":"wp","href":"https:\/\/api.w.org\/{rel}","templated":true}]}}