{"id":6300,"date":"2022-03-03T22:27:36","date_gmt":"2022-03-03T21:27:36","guid":{"rendered":"https:\/\/fengchashop.com\/se\/product\/korngras-i-pulver-bio-250-g\/"},"modified":"2026-04-29T18:21:28","modified_gmt":"2026-04-29T16:21:28","slug":"korngras-i-pulver-bio","status":"publish","type":"product","link":"https:\/\/fengchashop.com\/se\/product\/korngras-i-pulver-bio\/","title":{"rendered":"Korngr\u00e4s i pulver BIO 250 g"},"content":{"rendered":"<h2><span style=\"color: #000000\">Pulver av korngr\u00e4s BIO<\/span><\/h2>\n<p><span style=\"color: #000000\">De m\u00e4ktiga civilisationerna egyptierna, romarna och vikingarna k\u00e4nde redan till f\u00f6rdelarna med korngr\u00e4s. Det har sitt ursprung i Europa och m\u00e4nniskokroppen kan enkelt metabolisera det och anv\u00e4nda mikron\u00e4rings\u00e4mnena f\u00f6r alla sina behov. Det sm\u00e4lts extremt snabbt och n\u00e4rings\u00e4mnena absorberas mycket snabbt efter intag. Det \u00e4r ocks\u00e5 rikt p\u00e5 fytokemikalier, som skyddar kroppen mot f\u00f6roreningar och str\u00e5lning.<\/span><\/p>\n<p><span style=\"color: #000000\">V\u00e5rt korngr\u00e4s \u00e4r <strong>ekologiskt producerat<\/strong>.<\/span><\/p>\n<h2><span style=\"color: #000000\">Vilka \u00e4r effekterna av att ta korngr\u00e4s?<\/span><\/h2>\n<p><strong><span style=\"color: #000000\">Korngr\u00e4s inneh\u00e5ller m\u00e5nga aktiva substanser och har d\u00e4rf\u00f6r en gynnsam effekt p\u00e5:<\/span><\/strong><\/p>\n<p><span style=\"color: #000000\">\ud83d\udc9a reng\u00f6ring och avgiftning av den m\u00e4nskliga organismen,<\/span><br \/>\n<span style=\"color: #000000\"> \ud83d\udc9a f\u00f6rb\u00e4ttra hudens tillst\u00e5nd,<\/span><br \/>\n<span style=\"color: #000000\"> \ud83d\udc9a viktminskning,<\/span><br \/>\n<span style=\"color: #000000\"> \ud83d\udc9a minska tr\u00f6tthet,<\/span><br \/>\n<span style=\"color: #000000\"> \ud83d\udc9a f\u00f6rb\u00e4ttra och reglera matsm\u00e4ltningen,<\/span><br \/>\n<span style=\"color: #000000\"> \ud83d\udc9a minska inflammation<\/span><br \/>\n<span style=\"color: #000000\"> \ud83d\udc9a f\u00f6rb\u00e4ttra anemiproblem,<\/span><br \/>\n<span style=\"color: #000000\"> \ud83d\udc9a reglerar kalcium i blodet och l\u00f6ser upp kalciumavlagringar p\u00e5 benen.<\/span><\/p>\n<p><span style=\"color: #000000\">Korngr\u00e4s \u00e4r en skattkista av <strong>vitaminer, mineraler och andra viktiga n\u00e4rings\u00e4mnen.<\/strong> Det har en stark alkalisk effekt p\u00e5 organismen, vilket ger en allm\u00e4n k\u00e4nsla av v\u00e4lbefinnande. Regelbunden konsumtion kan s\u00e4nka kolesterol och fria radikaler i blodet.<\/span><\/p>\n<p><span style=\"color: #000000\">Korngr\u00e4s \u00e4r<strong> extremt rikt p\u00e5 klorofyll<\/strong>, som \u00e4r lika viktigt f\u00f6r v\u00e4xter som blod \u00e4r f\u00f6r djur. Det har ocks\u00e5 en liknande molekylstruktur som hemoglobin, s\u00e5 det \u00e5terst\u00e4ller och renar blodet, liksom kroppen i allm\u00e4nhet. Det inneh\u00e5ller 11 g\u00e5nger mer kalcium och 30 g\u00e5nger mer vitamin B1 \u00e4n komj\u00f6lk, 5 g\u00e5nger mer j\u00e4rn och 7 g\u00e5nger mer karotener \u00e4n spenat och 7 g\u00e5nger mer vitamin C \u00e4n apelsiner. Den inneh\u00e5ller ocks\u00e5 80 mikrogram vitamin B12, som allt fler m\u00e4nniskor har brist p\u00e5.<\/span><\/p>\n<p><span style=\"color: #000000\">F\u00f6rutom vitaminer och m\u00e5nga mineraler inneh\u00e5ller korngr\u00e4s ocks\u00e5<strong> essentiella aminosyror<\/strong>, som \u00e4r de grundl\u00e4ggande byggstenarna i protein. Det inneh\u00e5ller ocks\u00e5<strong> polysackariden \u00df-glukan, som<\/strong> s\u00e4nker niv\u00e5n av d\u00e5ligt kolesterol och st\u00e4rker immunf\u00f6rsvarets f\u00f6rsvarsmekanism. Det <strong>fungerar som en antioxidant<\/strong> och bek\u00e4mpar framg\u00e5ngsrikt farliga fria radikaler i kroppen. <strong>Enzymerna<\/strong> i korngr\u00e4s bidrar ocks\u00e5 till utnyttjandet av alla n\u00e4rings\u00e4mnen, s\u00e5 det \u00e4r mycket viktigt att korngr\u00e4spulvret inte torkas \u00f6ver 40\u00b0C.<\/span><\/p>\n<h2><span style=\"color: #000000\">F\u00f6rvaring och varningar<\/span><\/h2>\n<p><span style=\"color: #000000\">F\u00f6rvaras svalt och torrt vid en temperatur p\u00e5 upp till 25 \u00b0C. F\u00f6rvara kosttillskottet utom r\u00e4ckh\u00e5ll f\u00f6r barn!<\/span><\/p>\n<p><span style=\"color: #000000\">Kom ih\u00e5g vikten av en varierad kost och en h\u00e4lsosam livsstil, ett kosttillskott \u00e4r d\u00e4rf\u00f6r inte en ers\u00e4ttning f\u00f6r en balanserad och varierad kost. Den rekommenderade dagliga m\u00e4ngden eller dosen b\u00f6r inte \u00f6verskridas. Gravida och ammande kvinnor rekommenderas alltid att r\u00e5dg\u00f6ra med l\u00e4kare f\u00f6re anv\u00e4ndning.<\/span><\/p>\n<h2><span style=\"color: #000000\">F\u00f6rpackning<\/span><\/h2>\n<p><span style=\"color: #000000\">Icke-genomsl\u00e4pplig zip-lock-p\u00e5se d\u00e4r produkten beh\u00e5ller all sin fr\u00e4sch\u00f6r och arom. F\u00f6rpackningen skyddar produkten fr\u00e5n ljus och luft, eftersom den best\u00e5r av flera lager av skydd f\u00f6r att bevara inneh\u00e5llets egenskaper.<\/span><\/p>\n<p><span style=\"color: #000000\">F\u00f6rpackningen \u00e4r mycket praktisk och \u00e5tervinningsbar.<\/span><\/p>\n<p><span style=\"color: #000000\">Bra att veta<\/span><br \/>\n<span style=\"color: #000000\">Produkten \u00e4r \u00e4ven l\u00e4mplig f\u00f6r djur. Den \u00e4r en utm\u00e4rkt k\u00e4lla till vitaminer, mineraler och andra n\u00e4rings\u00e4mnen. R\u00e5dg\u00f6r med din veterin\u00e4r f\u00f6re anv\u00e4ndning om det \u00e4r l\u00e4mpligt att ta och den rekommenderade dagliga m\u00e4ngden.<\/span><\/p>\n<h2><span style=\"color: #000000\">Ursprung<\/span><\/h2>\n<p><span style=\"color: #000000\">EU (Tyskland eller Nederl\u00e4nderna)<\/span><\/p>\n","protected":false},"excerpt":{"rendered":"<p align=\"JUSTIFY\">Redan de m\u00e4ktiga civilisationerna Egyptierna, Romarna och Vikingarna k\u00e4nde till f\u00f6rdelarna med korngr\u00e4s. Det har sitt ursprung i Europa och \u00e4r l\u00e4tt att metabolisera f\u00f6r m\u00e4nniskokroppen och anv\u00e4nds som ett mikron\u00e4rings\u00e4mne f\u00f6r alla dess behov. Det sm\u00e4lts extremt snabbt och n\u00e4rings\u00e4mnena absorberas mycket snabbt efter intag. Den \u00e4r ocks\u00e5 rik p\u00e5 fytokemikalier, som skyddar kroppen mot f\u00f6roreningar och str\u00e5lning.<\/p>\n<p align=\"JUSTIFY\"><span style=\"color: #000000\"> \ud83d\udc9a Reng\u00f6r och avgiftar<strong>.<\/strong><\/span><br \/>\n<span style=\"color: #000000\"> \ud83d\udc9a F\u00f6rb\u00e4ttrar anemiproblem.<\/span><br \/>\n<span style=\"color: #000000\">\ud83d\udc9a Hj\u00e4lper till med viktminskning.<\/span><br \/>\n<span style=\"color: #000000\">\ud83d\udc9a Det \u00e4r en rik k\u00e4lla till <strong>klorofyll<\/strong>.<\/span><\/p>\n<p align=\"JUSTIFY\">\n","protected":false},"featured_media":5935,"comment_status":"open","ping_status":"closed","template":"","meta":{"_acf_changed":false},"product_brand":[],"product_cat":[222,225,224,226],"product_tag":[],"class_list":{"0":"post-6300","1":"product","2":"type-product","3":"status-publish","4":"has-post-thumbnail","6":"product_cat-alger-gras","7":"product_cat-alla-produkter","8":"product_cat-erbjudande","9":"product_cat-supermat","11":"first","12":"instock","13":"sale","14":"taxable","15":"shipping-taxable","16":"purchasable","17":"product-type-simple"},"acf":[],"_links":{"self":[{"href":"https:\/\/fengchashop.com\/se\/wp-json\/wp\/v2\/product\/6300","targetHints":{"allow":["GET"]}}],"collection":[{"href":"https:\/\/fengchashop.com\/se\/wp-json\/wp\/v2\/product"}],"about":[{"href":"https:\/\/fengchashop.com\/se\/wp-json\/wp\/v2\/types\/product"}],"replies":[{"embeddable":true,"href":"https:\/\/fengchashop.com\/se\/wp-json\/wp\/v2\/comments?post=6300"}],"wp:featuredmedia":[{"embeddable":true,"href":"https:\/\/fengchashop.com\/se\/wp-json\/wp\/v2\/media\/5935"}],"wp:attachment":[{"href":"https:\/\/fengchashop.com\/se\/wp-json\/wp\/v2\/media?parent=6300"}],"wp:term":[{"taxonomy":"product_brand","embeddable":true,"href":"https:\/\/fengchashop.com\/se\/wp-json\/wp\/v2\/product_brand?post=6300"},{"taxonomy":"product_cat","embeddable":true,"href":"https:\/\/fengchashop.com\/se\/wp-json\/wp\/v2\/product_cat?post=6300"},{"taxonomy":"product_tag","embeddable":true,"href":"https:\/\/fengchashop.com\/se\/wp-json\/wp\/v2\/product_tag?post=6300"}],"curies":[{"name":"wp","href":"https:\/\/api.w.org\/{rel}","templated":true}]}}