{"id":6288,"date":"2022-03-03T21:15:00","date_gmt":"2022-03-03T20:15:00","guid":{"rendered":"https:\/\/fengchashop.com\/se\/product\/kelp-i-pulver-bio-250-g\/"},"modified":"2025-11-22T14:19:37","modified_gmt":"2025-11-22T13:19:37","slug":"kelp-i-pulver-bio","status":"publish","type":"product","link":"https:\/\/fengchashop.com\/se\/product\/kelp-i-pulver-bio\/","title":{"rendered":"Kelp i pulver BIO 250 g"},"content":{"rendered":"<h2><span style=\"color: #000000;\">Pulver av kelp BIO<\/span><\/h2>\n<p><span style=\"color: #000000;\">En<strong> brunalg<\/strong> som kallas kelp trivs i v\u00e4rldens kallaste hav. Den \u00e4r s\u00e4rskilt rik p\u00e5 mineraler, som den absorberar fr\u00e5n det rena havsvattnet i det kallaste Norska havet. Dessa mineraler \u00e4r extremt viktiga f\u00f6r v\u00e5ra kroppar och det har bevisats m\u00e5nga g\u00e5nger att utan tillr\u00e4ckligt av dem fungerar v\u00e5ra kroppar inte som de ska, vilket resulterar i olika sjukdomar, b\u00e5de fysiska och psykiska.<\/span><\/p>\n<p><span style=\"color: #000000;\">Kelp \u00e4r en skattkista av dessa mineraler, n\u00e4rings\u00e4mnen och aktiva substanser, som har en positiv effekt p\u00e5 v\u00e5r organism, eftersom:<\/span><\/p>\n<p><span style=\"color: #000000;\"> \ud83d\udc9a tar bort <strong>radioaktiva \u00e4mnen och skadliga metaller<\/strong> fr\u00e5n kroppen genom fytokemikalier, som \u00e4r ett v\u00e4xande problem i den f\u00f6rorenade milj\u00f6 d\u00e4r vi lever;<\/span><br \/>\n<span style=\"color: #000000;\"> \ud83d\udc9a det \u00e4r en av de rikaste<strong> k\u00e4llorna till jod, som reglerar sk\u00f6ldk\u00f6rteln,<\/strong> f\u00f6rb\u00e4ttrar \u00e4mnesoms\u00e4ttningen och hj\u00e4lper till att bek\u00e4mpa \u00f6vervikt;<\/span><br \/>\n<span style=\"color: #000000;\"> \ud83d\udc9a mineralerna i kelp<strong> f\u00f6rb\u00e4ttrar organfunktionen, s\u00e4rskilt<\/strong> den gynnsamma effekten av mineralblandningen i kelp p\u00e5 det kardiovaskul\u00e4ra systemet;<\/span><br \/>\n<span style=\"color: #000000;\"> \ud83d\udc9a det \u00e4r en utm\u00e4rkt <strong>prebiotika,<\/strong> mat f\u00f6r v\u00e5ra nyttiga tarmbakterier;<\/span><br \/>\n<span style=\"color: #000000;\"> \ud83d\udc9a dess polysackarid xylos <strong>neutraliserar bakterier och svampar;<\/strong><\/span><br \/>\n<span style=\"color: #000000;\"> \ud83d\udc9a dess alkalinitet g\u00f6r det mycket anv\u00e4ndbart f\u00f6r det vanliga problemet med surhet <strong>,<\/strong> vilket leder till allm\u00e4n sjukdomsk\u00e4nsla;<\/span><br \/>\n<span style=\"color: #000000;\"> \ud83d\udc9a \u00e4r en <strong>kraftfull antioxidant;<\/strong><\/span><br \/>\n<span style=\"color: #000000;\"> \ud83d\udc9a galaktos \u00e4r bra f\u00f6r <strong>minnet<\/strong> och<strong> s\u00e5rl\u00e4kning<\/strong>, och f\u00f6r skelettet p\u00e5 grund av dess b\u00e4ttre absorption av kalcium.<\/span><\/p>\n<h2><span style=\"color: #000000;\">Vad inneh\u00e5ller egentligen kelp som har en s\u00e5 positiv effekt p\u00e5 flera system i v\u00e5r kropp?<\/span><\/h2>\n<p><span style=\"color: #000000;\">Kelp \u00e4r en brunalg som traditionellt anv\u00e4nds f\u00f6r n\u00e4rings\u00e4ndam\u00e5l p\u00e5 vissa platser, men den har ocks\u00e5 funnit sin plats i m\u00e5nga h\u00e4lsohandb\u00f6cker tack vare att den \u00e4r mycket<strong> rik p\u00e5 mineraler, aminosyror, n\u00e4rings\u00e4mnen och aktiva substanser<\/strong>. Bland mineralerna utm\u00e4rker sig kalcium och magnesium, men kelp inneh\u00e5ller ocks\u00e5 kalium, jod, j\u00e4rn, riboflavin, vitamin B6 och en hel del fibrer, faktiskt 46 olika mineraler, 16 aminosyror och 11 vitaminer allt som allt. Det \u00e4r d\u00e4rf\u00f6r inte konstigt att alger, inklusive kelp, har varit f\u00f6rem\u00e5l f\u00f6r mycket vetenskaplig forskning under de senaste decennierna. Kelp inneh\u00e5ller ocks\u00e5<strong> glutaminsyra, som<\/strong> mjukar upp fiberrika livsmedel och f\u00f6rh\u00f6jer smaken p\u00e5 den mat vi \u00e4ter.<strong> Fytokemikalierna<\/strong> hj\u00e4lper till att eliminera radioaktiva \u00e4mnen och tungmetaller, vilket \u00e4r anledningen till att kelp rekommenderas efter str\u00e5lbehandling och kemoterapi. Fytokemikalier \u00e4r egentligen inte mineraler eller aminosyror, utan aktiva \u00e4mnen som f\u00f6rebygger sjukdomstillst\u00e5nd, d\u00e4r det mest k\u00e4nda aktiva \u00e4mnet \u00e4r t.ex. allicin i vitl\u00f6k, som vi alla vet anses vara ett naturligt antibiotikum. Brunalger inneh\u00e5ller ocks\u00e5 tv\u00e5 viktiga \u00e4mnen, <strong>fucoidan och fucoxanthin<\/strong>. Det f\u00f6rra anses vara en bra f\u00f6rebyggande \u00e5tg\u00e4rd i kampen mot cancer, det senare i kampen mot \u00f6vervikt och f\u00f6r b\u00e4ttre \u00e4mnesoms\u00e4ttning och fettf\u00f6rbr\u00e4nning.<\/span><\/p>\n<p><span style=\"color: #000000;\">Den mineral som \u00e4r b\u00e4st representerad i kelp \u00e4r<strong> jod<\/strong>, en mineral som m\u00e5nga (s\u00e4rskilt) kvinnor lider brist p\u00e5. Jod reglerar \u00e4mnesoms\u00e4ttningen och sk\u00f6ldk\u00f6rtelfunktionen, s\u00e5 det kommer att hj\u00e4lpa oss att f\u00f6rb\u00e4ttra v\u00e5r \u00e4mnesoms\u00e4ttning och hj\u00e4lpa oss att kontrollera v\u00e5r vikt, s\u00e4rskilt de som orsakas av sk\u00f6ldk\u00f6rtelproblem. L\u00e5t oss inte gl\u00f6mma att sk\u00f6ldk\u00f6rteln uts\u00f6ndrar hormoner som styr hastigheten p\u00e5 metaboliska processer och indirekt p\u00e5verkar n\u00e4stan alla kroppsfunktioner. Som ett resultat \u00e4r det ett av de viktigaste organen i v\u00e5r kropp, s\u00e5 det \u00e4r viktigt att vi tar hand om dess normala och korrekta funktion. Ibland r\u00e4cker det med ett tillr\u00e4ckligt intag av jod, vilket kan uppn\u00e5s genom att ta ett naturligt kosttillskott &#8211; kelp &#8211; regelbundet. Om du har sk\u00f6ldk\u00f6rtelproblem b\u00f6r du r\u00e5dfr\u00e5ga din l\u00e4kare innan du tar kelp. Den mineralrika kelpen p\u00e5verkar ocks\u00e5 funktionen hos andra inre organ, som \u00e4r avg\u00f6rande f\u00f6r en effektiv kamp mot toxiner och fria radikaler och d\u00e4rmed ocks\u00e5 har en f\u00f6ryngrande effekt.<\/span><\/p>\n<h2>F\u00f6rvaring och varningar<\/h2>\n<p>F\u00f6rvaras svalt och torrt vid en temperatur p\u00e5 upp till 25 \u00b0C. F\u00f6rvara kosttillskottet o\u00e5tkomligt f\u00f6r barn!<\/p>\n<p>Kom ih\u00e5g vikten av en varierad kost och en h\u00e4lsosam livsstil, ett kosttillskott \u00e4r d\u00e4rf\u00f6r inte en ers\u00e4ttning f\u00f6r en balanserad och varierad kost. Den rekommenderade dagliga m\u00e4ngden eller dosen b\u00f6r inte \u00f6verskridas. Gravida och ammande kvinnor rekommenderas alltid att r\u00e5dfr\u00e5ga l\u00e4kare f\u00f6re anv\u00e4ndning.<\/p>\n<h2><span style=\"color: #000000;\">F\u00f6rpackning<\/span><\/h2>\n<p><span style=\"color: #000000;\">Icke-genomsl\u00e4pplig zip-lock-p\u00e5se, d\u00e4r produkten beh\u00e5ller all sin fr\u00e4sch\u00f6r och arom. F\u00f6rpackningen skyddar produkten fr\u00e5n ljus och luft, eftersom den best\u00e5r av flera lager av skydd f\u00f6r att bevara inneh\u00e5llets egenskaper.<\/span><\/p>\n<p><span style=\"color: #000000;\">F\u00f6rpackningen \u00e4r mycket praktisk och \u00e5tervinningsbar.<\/span><\/p>\n<h2><span style=\"color: #000000;\">Ursprung<\/span><\/h2>\n<p><span style=\"color: #000000;\">Norge eller Kanada<\/span><\/p>\n","protected":false},"excerpt":{"rendered":"<p align=\"JUSTIFY\">En <strong>brunalg<\/strong> som kallas <strong>kelp<\/strong> trivs i v\u00e4rldens kallaste hav. Den \u00e4r s\u00e4rskilt rik p\u00e5 mineraler, som den absorberar fr\u00e5n det rena havsvattnet i det kallaste Norska havet. Dessa mineraler \u00e4r oerh\u00f6rt viktiga f\u00f6r v\u00e5ra kroppar, och det har bevisats m\u00e5nga g\u00e5nger att utan tillr\u00e4ckligt av dem fungerar v\u00e5ra kroppar inte som de ska, och som ett resultat kommer olika sjukdomar, b\u00e5de fysiska och psykiska, fram i ljuset.<\/p>\n<p align=\"JUSTIFY\"><span style=\"color: #000000;\">\ud83d\udc9a Det tar bort <strong>radioaktiva element<\/strong> och<strong> skadliga metaller<\/strong> fr\u00e5n kroppen med hj\u00e4lp av fytokemikalier.<\/span><br \/>\n<span style=\"color: #000000;\">\ud83d\udc9a Det \u00e4r en av de rikaste <strong>k\u00e4llorna till jod<\/strong>, som <strong>reglerar sk\u00f6ldk\u00f6rteln<\/strong>.<\/span><br \/>\n<span style=\"color: #000000;\"> \ud83d\udc9a Det \u00e4r en utm\u00e4rkt <strong>prebiotika<\/strong>, mat f\u00f6r v\u00e5ra nyttiga tarmbakterier.<\/span><br \/>\n<span style=\"color: #000000;\">\ud83d\udc9a Det \u00e4r en rik k\u00e4lla till v\u00e4xtprotein.<\/span><\/p>\n<p align=\"JUSTIFY\">\n","protected":false},"featured_media":5975,"comment_status":"open","ping_status":"closed","template":"","meta":{"_acf_changed":false},"product_brand":[],"product_cat":[222,225,224,226],"product_tag":[],"class_list":{"0":"post-6288","1":"product","2":"type-product","3":"status-publish","4":"has-post-thumbnail","6":"product_cat-alger-gras","7":"product_cat-alla-produkter","8":"product_cat-erbjudande","9":"product_cat-supermat","11":"first","12":"instock","13":"sale","14":"taxable","15":"shipping-taxable","16":"purchasable","17":"product-type-simple"},"acf":[],"_links":{"self":[{"href":"https:\/\/fengchashop.com\/se\/wp-json\/wp\/v2\/product\/6288","targetHints":{"allow":["GET"]}}],"collection":[{"href":"https:\/\/fengchashop.com\/se\/wp-json\/wp\/v2\/product"}],"about":[{"href":"https:\/\/fengchashop.com\/se\/wp-json\/wp\/v2\/types\/product"}],"replies":[{"embeddable":true,"href":"https:\/\/fengchashop.com\/se\/wp-json\/wp\/v2\/comments?post=6288"}],"wp:featuredmedia":[{"embeddable":true,"href":"https:\/\/fengchashop.com\/se\/wp-json\/wp\/v2\/media\/5975"}],"wp:attachment":[{"href":"https:\/\/fengchashop.com\/se\/wp-json\/wp\/v2\/media?parent=6288"}],"wp:term":[{"taxonomy":"product_brand","embeddable":true,"href":"https:\/\/fengchashop.com\/se\/wp-json\/wp\/v2\/product_brand?post=6288"},{"taxonomy":"product_cat","embeddable":true,"href":"https:\/\/fengchashop.com\/se\/wp-json\/wp\/v2\/product_cat?post=6288"},{"taxonomy":"product_tag","embeddable":true,"href":"https:\/\/fengchashop.com\/se\/wp-json\/wp\/v2\/product_tag?post=6288"}],"curies":[{"name":"wp","href":"https:\/\/api.w.org\/{rel}","templated":true}]}}