{"id":6282,"date":"2022-03-03T20:45:00","date_gmt":"2022-03-03T19:45:00","guid":{"rendered":"https:\/\/fengchashop.com\/se\/product\/chlorella-tabletter-bio-250-g\/"},"modified":"2026-04-29T01:08:53","modified_gmt":"2026-04-28T23:08:53","slug":"chlorella-tabletter-bio","status":"publish","type":"product","link":"https:\/\/fengchashop.com\/se\/product\/chlorella-tabletter-bio\/","title":{"rendered":"Chlorella tabletter BIO 250 g"},"content":{"rendered":"<h2><span style=\"color: #000000\">Chlorella tabletter BIO<\/span><\/h2>\n<p><span style=\"color: #000000\">Den mest klorofyllrika v\u00e4xten som trivs i s\u00f6tvatten runt om i v\u00e4rlden kallas chlorella. Chlorella har m\u00e5nga h\u00e4lsof\u00f6rdelar. Den har en distinkt ljusgr\u00f6n f\u00e4rg och m\u00e5nga h\u00e4lsof\u00f6rdelar. Den \u00e4r fr\u00e4mst k\u00e4nd som en alg som \u00e4r<strong> extremt proteinrik<\/strong> och har en rik och framf\u00f6r allt balanserad idealstruktur. Den anses ocks\u00e5 vara en <strong>utm\u00e4rkt avgiftare<\/strong> p\u00e5 grund av sitt inneh\u00e5ll av betakaroten. <strong>Den renar oss fr\u00e5n skadliga \u00e4mnen som h\u00e4rr\u00f6r fr\u00e5n den f\u00f6rorenade milj\u00f6n och den mat<\/strong> vi \u00e4ter (bek\u00e4mpningsmedel, herbicider, tungmetaller).<\/span><\/p>\n<p><span style=\"color: #000000\">Det \u00e4r en mikroskopiskt liten gr\u00f6nalg med en balanserad struktur och d\u00e4rf\u00f6r flera f\u00f6rdelar:<\/span><\/p>\n<p><span style=\"color: #000000\">\ud83d\udc9a Den<strong> h\u00f6ga m\u00e4ngden klorofyll<\/strong> spelar en viktig roll f\u00f6r att avgifta kroppen,<\/span><br \/>\n<span style=\"color: #000000\"> \ud83d\udc9a den producerar<strong> proteinet interferon, vilket \u00e4r viktigt f\u00f6r att immunsystemet ska fungera optimalt<\/strong>,<\/span><br \/>\n<span style=\"color: #000000\"> <strong>\ud83d\udc9a har ett h\u00f6gt proteininneh\u00e5ll p\u00e5<\/strong> cirka 55%,<\/span><br \/>\n<span style=\"color: #000000\">\ud83d\udc9a den inneh\u00e5ller viktiga <strong>kolhydrater, proteiner, enzymer, mineraler och vitaminer.<\/strong><\/span><\/p>\n<p><span style=\"color: #000000\">Chlorella och andra sj\u00f6gr\u00e4s konsumeras oftast i pulverform. Vi erbjuder dock \u00e4ven chlorella i tablettform.<\/span><\/p>\n<p><span style=\"color: #000000\">V\u00e5r chlorella \u00e4r ekologiskt odlad.<\/span><\/p>\n<h2><span style=\"color: #000000\">Varf\u00f6r \u00e4r chlorella s\u00e5 bra f\u00f6r m\u00e4nniskokroppen?<\/span><\/h2>\n<p><span style=\"color: #000000\">Chlorella inneh\u00e5ller mycket<strong> antioxidanter och klorofyll, som<\/strong> binder gifter i kroppen och har en mycket renande och avgiftande funktion i m\u00e4nniskokroppen. Det renar s\u00e5v\u00e4l blodet som levern och hela matsm\u00e4ltningskanalen. Detta f\u00f6rb\u00e4ttrar ocks\u00e5 matsm\u00e4ltningen och underl\u00e4ttas av<strong> matsm\u00e4ltningsenzymet pepsin, som<\/strong> produceras i chlorella och \u00e4r involverat i matsm\u00e4ltningssystemet. Chlorella inneh\u00e5ller 18 aminosyror, varav 8 \u00e4r essentiella, vilket inneb\u00e4r att den har en idealisk proteinsammans\u00e4ttning. Den \u00e4r ocks\u00e5 full av vitaminer och mineraler som B-vitaminer, C-, E- och K-vitaminer samt j\u00e4rn, kalcium, magnesium, fosfor och naturligtvis jod.<\/span><\/p>\n<p><span style=\"color: #000000\">Den \u00e4r ocks\u00e5 k\u00e4nd som en <strong>matsm\u00e4ltningsalg<\/strong>, eftersom den hj\u00e4lper till att fr\u00e4mja tillv\u00e4xten av goda bakterier i tarmarna och en bra tarmflora. Tack vare det h\u00f6ga klorofyllinneh\u00e5llet<strong> renar den tarmarna, levern och blodet.<\/strong> Den avgiftar ocks\u00e5 hela kroppen och hj\u00e4lper mot f\u00f6rstoppning. Rent blod och bra matsm\u00e4ltning har ocks\u00e5 en positiv effekt p\u00e5 utseendet och h\u00e4lsan hos v\u00e5r hud &#8211; v\u00e5rt st\u00f6rsta organ. Chlorella kan ocks\u00e5 hj\u00e4lpa till att bek\u00e4mpa<strong> candida<\/strong>.<\/span><\/p>\n<p><span style=\"color: #000000\">Chlorella inneh\u00e5ller <strong>mycket j\u00e4rn, som<\/strong> snabbt absorberas av kroppen och anv\u00e4nds f\u00f6r dess r\u00f6da blodkroppar. P\u00e5 s\u00e5 s\u00e4tt har det en positiv effekt p\u00e5 problem med anemi, tr\u00f6tthet, \u00f6veranstr\u00e4ngning och sjukdomsk\u00e4nsla. Det \u00e4r ocks\u00e5 f\u00f6rdelaktigt f\u00f6r personer som \u00e5terh\u00e4mtar sig fr\u00e5n l\u00e5ngvariga sjukdomar.<\/span><\/p>\n<p><span style=\"color: #000000\">Chlorellas tillv\u00e4xtfaktor<strong> fr\u00e4mjar cellf\u00f6rnyelse<\/strong>, s\u00e5 att s\u00e5r l\u00e4ker snabbare, du blir mer motst\u00e5ndskraftig mot infektioner och du f\u00e5r mer energi.<\/span><\/p>\n<h2><span style=\"color: #000000\">Vem \u00e4r chlorella till f\u00f6r?<\/span><\/h2>\n<p><span style=\"color: #000000\">Precis som spirulina \u00e4r chlorella ett utm\u00e4rkt n\u00e4ringstillskott f\u00f6r alla, men det \u00e4r s\u00e4rskilt anv\u00e4ndbart f\u00f6r dem som inte \u00e4ter k\u00f6tt eller k\u00f6ttprodukter, f\u00f6r undern\u00e4rda, f\u00f6r \u00e4ldre och f\u00f6r sjuka. Det \u00e4r ocks\u00e5 l\u00e4mpligt f\u00f6r personer som inte konsumerar tillr\u00e4ckligt med f\u00e4rska gr\u00f6na gr\u00f6nsaker av h\u00f6g kvalitet. Det \u00e4r ocks\u00e5 l\u00e4mpligt f\u00f6r gravida kvinnor och ammande m\u00f6drar som ofta har d\u00e5ligt blod eller l\u00e5ga j\u00e4rnniv\u00e5er i blodet. Det \u00e4r ocks\u00e5 l\u00e4mpligt f\u00f6r idrottare, eftersom det g\u00f6r det l\u00e4ttare att absorbera n\u00e4rings\u00e4mnen.<\/span><\/p>\n<p><span style=\"color: #000000\">Det \u00e4r ocks\u00e5 l\u00e4mpligt f\u00f6r personer som uts\u00e4tts f\u00f6r \u00f6verdriven stress och d\u00e4rf\u00f6r har sv\u00e5rt att koncentrera sig.<\/span><\/p>\n<p><span style=\"color: #000000\">Det \u00e4r l\u00e4mpligt f\u00f6r personer som vill beh\u00e5lla sin vikt eller g\u00e5 ner i vikt, och chlorella \u00e4r en utm\u00e4rkt f\u00f6ljeslagare f\u00f6r olika (viktminsknings-) dieter. Den reglerar matsm\u00e4ltningen och fyller oss med <strong>viktiga n\u00e4rings\u00e4mnen.<\/strong><\/span><\/p>\n<h2><span style=\"color: #000000\">F\u00f6rvaring och varningar<\/span><\/h2>\n<p><span style=\"color: #000000\">F\u00f6rvaras svalt, torrt och vid en temperatur p\u00e5 upp till 25 \u00b0C. F\u00f6rvara kosttillskottet utom r\u00e4ckh\u00e5ll f\u00f6r barn!<\/span><\/p>\n<p><span style=\"color: #000000\">Kom ih\u00e5g vikten av en varierad kost och en h\u00e4lsosam livsstil, ett kosttillskott \u00e4r d\u00e4rf\u00f6r inte ett substitut f\u00f6r en balanserad och varierad kost. Den rekommenderade dagliga m\u00e4ngden eller dosen b\u00f6r inte \u00f6verskridas. Gravida och ammande kvinnor rekommenderas alltid att r\u00e5dfr\u00e5ga l\u00e4kare f\u00f6re anv\u00e4ndning.<\/span><\/p>\n<p><span style=\"color: #000000\">Chlorella kan inneh\u00e5lla sulfiter, som \u00e4r naturligt f\u00f6rekommande i alger.<\/span><\/p>\n<h2><span style=\"color: #000000\">F\u00f6rpackning<\/span><\/h2>\n<p><span style=\"color: #000000\">Icke-genomsl\u00e4pplig zip-lock-p\u00e5se d\u00e4r produkten beh\u00e5ller all sin fr\u00e4sch\u00f6r och arom. F\u00f6rpackningen skyddar mot ljus och luft, eftersom den best\u00e5r av flera lager av skydd f\u00f6r att bevara inneh\u00e5llets egenskaper.<\/span><\/p>\n<p><span style=\"color: #000000\">F\u00f6rpackningen \u00e4r mycket praktisk och \u00e5tervinningsbar.<\/span><\/p>\n<h2><span style=\"color: #000000\">Ursprung<\/span><\/h2>\n<p><span style=\"color: #000000\">Kina. <\/span><span style=\"color: #000000\">Vi har mycket p\u00e5litliga leverant\u00f6rer som skickar oss en detaljerad kemisk analys av livsmedlet f\u00f6r varje parti. Under mer \u00e4n tio \u00e5r har vi inte haft n\u00e5gra \u00e5terkallelser eller andra problem med denna produkt, inte heller med andra produkter fr\u00e5n samma leverant\u00f6r. <\/span><span style=\"color: #000000\">Produkten \u00e4r 100 % certifierat ekologisk.<\/span><\/p>\n","protected":false},"excerpt":{"rendered":"<p align=\"JUSTIFY\">Den mest klorofyllrika v\u00e4xten som trivs i s\u00f6tvatten runt om i v\u00e4rlden kallas chlorella. Chlorella har m\u00e5nga h\u00e4lsof\u00f6rdelar. Den \u00e4r fr\u00e4mst k\u00e4nd som en alg som \u00e4r extremt proteinrik och har en rik och, framf\u00f6r allt, balanserad, idealisk struktur. Den anses ocks\u00e5 vara en utm\u00e4rkt avgiftare p\u00e5 grund av sitt inneh\u00e5ll av betakaroten. Den renar oss fr\u00e5n skadliga \u00e4mnen som h\u00e4rr\u00f6r fr\u00e5n den f\u00f6rorenade milj\u00f6n och den mat vi \u00e4ter (bek\u00e4mpningsmedel, herbicider, tungmetaller).<\/p>\n<p align=\"JUSTIFY\"><span style=\"color: #000000\">\ud83d\udc9a Det hj\u00e4lper till att avgifta kroppen.<\/span><br \/>\n<span style=\"color: #000000\">\ud83d\udc9a Den har ett h\u00f6gt inneh\u00e5ll av antioxidanter och klorofyll.<\/span><br \/>\n<span style=\"color: #000000\"> \ud83d\udc9a Renar tarmarna, levern och blodet.<\/span><br \/>\n<span style=\"color: #000000\">\ud83d\udc9a Det \u00e4r en rik k\u00e4lla till vegetabiliskt protein.<\/span><\/p>\n<p align=\"JUSTIFY\">\n","protected":false},"featured_media":5961,"comment_status":"open","ping_status":"closed","template":"","meta":{"_acf_changed":false},"product_brand":[],"product_cat":[222,225,237,224,226],"product_tag":[],"class_list":{"0":"post-6282","1":"product","2":"type-product","3":"status-publish","4":"has-post-thumbnail","6":"product_cat-alger-gras","7":"product_cat-alla-produkter","8":"product_cat-bra-erbjudanden","9":"product_cat-erbjudande","10":"product_cat-supermat","12":"first","13":"instock","14":"sale","15":"taxable","16":"shipping-taxable","17":"purchasable","18":"product-type-simple"},"acf":[],"_links":{"self":[{"href":"https:\/\/fengchashop.com\/se\/wp-json\/wp\/v2\/product\/6282","targetHints":{"allow":["GET"]}}],"collection":[{"href":"https:\/\/fengchashop.com\/se\/wp-json\/wp\/v2\/product"}],"about":[{"href":"https:\/\/fengchashop.com\/se\/wp-json\/wp\/v2\/types\/product"}],"replies":[{"embeddable":true,"href":"https:\/\/fengchashop.com\/se\/wp-json\/wp\/v2\/comments?post=6282"}],"wp:featuredmedia":[{"embeddable":true,"href":"https:\/\/fengchashop.com\/se\/wp-json\/wp\/v2\/media\/5961"}],"wp:attachment":[{"href":"https:\/\/fengchashop.com\/se\/wp-json\/wp\/v2\/media?parent=6282"}],"wp:term":[{"taxonomy":"product_brand","embeddable":true,"href":"https:\/\/fengchashop.com\/se\/wp-json\/wp\/v2\/product_brand?post=6282"},{"taxonomy":"product_cat","embeddable":true,"href":"https:\/\/fengchashop.com\/se\/wp-json\/wp\/v2\/product_cat?post=6282"},{"taxonomy":"product_tag","embeddable":true,"href":"https:\/\/fengchashop.com\/se\/wp-json\/wp\/v2\/product_tag?post=6282"}],"curies":[{"name":"wp","href":"https:\/\/api.w.org\/{rel}","templated":true}]}}