{"id":6266,"date":"2022-03-03T19:31:11","date_gmt":"2022-03-03T18:31:11","guid":{"rendered":"https:\/\/fengchashop.com\/se\/product\/spirulina-i-pulver-bio-250-g\/"},"modified":"2026-04-29T12:41:55","modified_gmt":"2026-04-29T10:41:55","slug":"spirulina-i-pulver-bio","status":"publish","type":"product","link":"https:\/\/fengchashop.com\/se\/product\/spirulina-i-pulver-bio\/","title":{"rendered":"Spirulina i pulver BIO 250 g"},"content":{"rendered":"<h2><span style=\"color: #000000\">Spirulina pulver BIO<\/span><\/h2>\n<p><span style=\"color: #000000\">Spirulina, som \u00e4r k\u00e4nd som en naturlig superfood, trivs b\u00e4st i det mineralrika vattnet i det varma tropiska havet. Den har f\u00e5tt sitt namn efter sin spiralform och anses vara en av de f\u00f6rsta livsformerna p\u00e5 jorden. Den<strong> var redan<\/strong> mycket popul\u00e4r och uppskattad<strong> av aztekerna.<\/strong> Traditionellt anv\u00e4ndes den f\u00f6r att g\u00f6ra grytor och olika kakor, och konsumerades f\u00f6r styrka och uth\u00e5llighet. Spirulina har dock \u00e5terf\u00e5tt sin popularitet under de senaste \u00e5ren. Det har varit en av de b\u00e4sta och mest popul\u00e4ra superfoods under ganska m\u00e5nga \u00e5r. Den har ocks\u00e5 godk\u00e4nts av FDA och WHO och s\u00e4gs konsumeras av astronauter p\u00e5 uppdrag. Spirulina \u00e4r full av mineraler och salter fr\u00e5n havet, oceanerna. Dessa inneh\u00e5ller samma mineraler som m\u00e4nniskans blod. Alger inneh\u00e5ller allts\u00e5 naturliga <strong>vitaminer och mineraler<\/strong> s\u00e5 att de<strong> l\u00e4tt kan sm\u00e4ltas<\/strong> av kroppen.<\/span><\/p>\n<p><span style=\"color: #000000\">Spirulina och andra alger konsumeras oftast i pulverform. Vi erbjuder dock \u00e4ven spirulina i tablettform.<\/span><\/p>\n<p><span style=\"color: #000000\">V\u00e5r spirulina \u00e4r ekologiskt producerad.<\/span><\/p>\n<h2><span style=\"color: #000000\">Vilka \u00e4r f\u00f6rdelarna med spirulina?<\/span><\/h2>\n<p><span style=\"color: #000000\">Den inneh\u00e5ller <strong>klorofyll,<\/strong> en h\u00f6g andel protein, alla <strong>essentiella aminosyror<\/strong> och endast n\u00e5gra f\u00e5 procent av huvudsakligen om\u00e4ttade fetter. Klorofyll kallas ibland &#8221;gr\u00f6nt blod&#8221; eftersom dess molekyl\u00e4ra sammans\u00e4ttning \u00e4r extremt lik hemoglobin och d\u00e4rf\u00f6r \u00e4r det l\u00e4mpligt f\u00f6r oss &#8211; det f\u00f6rb\u00e4ttrar blodv\u00e4rdet. Spirulina \u00e4r ocks\u00e5 mycket l\u00e4ttsm\u00e4lt tack vare sin cellv\u00e4gg, som best\u00e5r av l\u00e4ttsm\u00e4lta mukopolysackarider (snarare \u00e4n cellulosa som i andra v\u00e4xter). Bland aminosyrorna \u00e4r den viktigaste <strong>gamma-linolensyra<\/strong> (GLA), som endast finns i br\u00f6stmj\u00f6lk, safflorolja, hampafr\u00f6n och vissa andra alger. Den \u00e4r antiinflammatorisk, hj\u00e4lper till att s\u00e4nka blodtrycket och f\u00f6rb\u00e4ttra nervfunktionen samt motverkar allergier genom att fr\u00e4mja ett h\u00e4lsosamt svar p\u00e5 allergener. Det inneh\u00e5ller ocks\u00e5<strong> fykocyanin, som<\/strong> stimulerar produktionen av stamceller.<\/span><\/p>\n<p><span style=\"color: #000000\">Den har ocks\u00e5 en gynnsam effekt p\u00e5 matsm\u00e4ltningen genom att stimulera tillv\u00e4xten av goda bakterier i tarmarna och f\u00f6rb\u00e4ttra tarmfloran. Spirulina \u00e4r ett utm\u00e4rkt st\u00f6d f\u00f6r h\u00e4lsosam kost och olika (viktminsknings-)dieter.<\/span><\/p>\n<p><span style=\"color: #000000\">Spirulina \u00e4r en rik naturlig k\u00e4lla till kalium samt j\u00e4rn, kalcium, zink, natrium, mangan, magnesium, selen, jod, krom och till och med svavel. Det inneh\u00e5ller ocks\u00e5 betakaroten och elektrolyter. De viktigaste vitaminerna \u00e4r A1, B1, B2, B3, B6, B9, B12, C, D och E.<\/span><\/p>\n<p><span style=\"color: #000000\">F\u00f6rutom ovanst\u00e5ende \u00e4r spirulina ocks\u00e5 bra f\u00f6r h\u00e5r och hud. Det f\u00f6rhindrar \u00f6verdriven h\u00e5ravfall, st\u00e4rker h\u00e5ret och eliminerar mj\u00e4ll. Det lugnar huden, \u00e5terst\u00e4ller elasticiteten och saktar ner \u00e5ldrandet. Med en kvarts tesked spirulina och n\u00e5gra droppar vatten kan du g\u00f6ra en ansiktsmask som du applicerar p\u00e5 rengjord hud och l\u00e5ter verka i 20 minuter. Sk\u00f6lj sedan v\u00e4l och \u00e5terfukta med en kr\u00e4m. Du kan upprepa processen 2-3 g\u00e5nger i veckan.<\/span><\/p>\n<h2><span style=\"color: #000000\">Varf\u00f6r kallas spirulina f\u00f6r superfood och varf\u00f6r \u00e4r det bra att \u00e4ta?<\/span><\/h2>\n<p><span style=\"color: #000000\">Spirulina har en unik sammans\u00e4ttning som inneh\u00e5ller en stor m\u00e4ngd v\u00e4xtproteiner (inklusive essentiella proteiner och aminosyror), vitaminer, mineraler och andra viktiga aktiva ingredienser. Dess unika sammans\u00e4ttning ger n\u00e4ring \u00e5t cellerna i den m\u00e4nskliga organismen. Dessutom bidrar det till att st\u00e4rka immunf\u00f6rsvaret, lindrar allergisymtom genom att minska histaminuts\u00f6ndringen, skyddar mot infektioner av en m\u00e4ngd olika mikrober och har probiotiska egenskaper. Det eliminerar tungmetaller fr\u00e5n kroppen och avgiftar d\u00e4rmed.<\/span><\/p>\n<p><span style=\"color: #000000\">Den kallas ocks\u00e5 f\u00f6r superfood eftersom den har en h\u00f6g proteineffektivitet, eftersom spirulinaproteiner \u00e4r l\u00e4ttsm\u00e4lta och kan anv\u00e4ndas effektivt av kroppen i dess egna processer.<\/span><\/p>\n<p><span style=\"color: #000000\">Spirulina \u00e4r en bl\u00e5gr\u00f6n mikroskopisk liten v\u00e4xt som \u00e4r bra att konsumera eftersom:<\/span><\/p>\n<p><span style=\"color: #000000\"> \ud83d\udc9a inneh\u00e5ller ett helt spektrum av mikron\u00e4rings\u00e4mnen som ger n\u00e4ring \u00e5t kropp och sj\u00e4l,<\/span><br \/>\n<span style=\"color: #000000\"> \ud83d\udc9a <strong>st\u00e4rker immunf\u00f6rsvaret<\/strong> eftersom det \u00e4r en kraftfull antioxidant,<\/span><br \/>\n<span style=\"color: #000000\">\ud83d\udc9a Det <strong>avgiftar kroppen<\/strong> genom att binda toxiner,<\/span><br \/>\n<span style=\"color: #000000\">\ud83d\udc9a kontrollerar aptiten och hj\u00e4lper till att kontrollera vikten,<\/span><br \/>\n<span style=\"color: #000000\">\ud83d\udc9a Det \u00e4r en<strong> rik k\u00e4lla till v\u00e4xtprotein<\/strong> och st\u00e5r f\u00f6r 60-70% av proteinet i kosten.<\/span><\/p>\n<h2><span style=\"color: #000000\">F\u00f6rvaring och varningar<\/span><\/h2>\n<p><span style=\"color: #000000\">F\u00f6rvaras svalt och torrt vid en temperatur p\u00e5 upp till 25 \u00b0C. F\u00f6rvara kosttillskottet utom r\u00e4ckh\u00e5ll f\u00f6r barn!<\/span><\/p>\n<p><span style=\"color: #000000\">Kom ih\u00e5g vikten av en varierad kost och en h\u00e4lsosam livsstil, ett kosttillskott \u00e4r d\u00e4rf\u00f6r inte en ers\u00e4ttning f\u00f6r en balanserad och varierad kost. Den rekommenderade dagliga m\u00e4ngden eller dosen b\u00f6r inte \u00f6verskridas. Gravida och ammande kvinnor rekommenderas alltid att r\u00e5dg\u00f6ra med l\u00e4kare f\u00f6re anv\u00e4ndning.<\/span><\/p>\n<p><span style=\"color: #000000\">Spirulina kan inneh\u00e5lla sulfiter, som \u00e4r naturligt f\u00f6rekommande i alger.<\/span><\/p>\n<h2><span style=\"color: #000000\">F\u00f6rpackning<\/span><\/h2>\n<p><span style=\"color: #000000\">Icke-genomsl\u00e4pplig zip-lock-p\u00e5se, d\u00e4r produkten beh\u00e5ller all sin fr\u00e4sch\u00f6r och arom. F\u00f6rpackningen skyddar mot ljus och luft, eftersom den best\u00e5r av flera skyddsskikt som bevarar inneh\u00e5llets egenskaper.<\/span><\/p>\n<p><span style=\"color: #000000\">F\u00f6rpackningen \u00e4r mycket praktisk och \u00e5tervinningsbar.<\/span><\/p>\n<h2><span style=\"color: #000000\">Ursprung<\/span><\/h2>\n<p><span style=\"color: #000000\">Kina. <\/span><span style=\"color: #000000\">Vi har mycket p\u00e5litliga leverant\u00f6rer som skickar oss en detaljerad kemisk analys av livsmedlet f\u00f6r varje batch. Under mer \u00e4n tio \u00e5r har vi inte haft n\u00e5gra \u00e5terkallelser eller andra problem med denna vara, inte heller med andra varor fr\u00e5n samma leverant\u00f6r.<\/span><\/p>\n<p><span style=\"color: #000000\">Artikeln \u00e4r 100 % certifierat ekologisk.<\/span><\/p>\n","protected":false},"excerpt":{"rendered":"<p align=\"JUSTIFY\">Spirulina, som \u00e4r k\u00e4nd som en naturlig superfood, trivs b\u00e4st i det mineralrika vattnet i det varma tropiska havet. Spirulina \u00e4r full av mineraler och salter fr\u00e5n havet, oceanen. Och de inneh\u00e5ller samma mineraler som m\u00e4nniskans blod. Algerna inneh\u00e5ller d\u00e4rf\u00f6r naturliga vitaminer och mineraler som kroppen l\u00e4tt kan tillgodog\u00f6ra sig.<\/p>\n<p align=\"JUSTIFY\"><span style=\"color: #000000\">\ud83d\udc9a Det st\u00e4rker immunf\u00f6rsvaret eftersom det \u00e4r en kraftfull antioxidant.<\/span><br \/>\n<span style=\"color: #000000\"> \ud83d\udc9a Avgiftar kroppen genom att binda toxiner.<\/span><br \/>\n<span style=\"color: #000000\">\ud83d\udc9a Kontrollerar aptiten och hj\u00e4lper till att kontrollera vikten.<\/span><br \/>\n<span style=\"color: #000000\">\ud83d\udc9a Det \u00e4r en rik k\u00e4lla till vegetabiliskt protein.<\/span><\/p>\n<p align=\"JUSTIFY\">\n","protected":false},"featured_media":6095,"comment_status":"open","ping_status":"closed","template":"","meta":{"_acf_changed":false},"product_brand":[],"product_cat":[222,225,237,224,226],"product_tag":[],"class_list":{"0":"post-6266","1":"product","2":"type-product","3":"status-publish","4":"has-post-thumbnail","6":"product_cat-alger-gras","7":"product_cat-alla-produkter","8":"product_cat-bra-erbjudanden","9":"product_cat-erbjudande","10":"product_cat-supermat","12":"first","13":"instock","14":"sale","15":"taxable","16":"shipping-taxable","17":"purchasable","18":"product-type-simple"},"acf":[],"_links":{"self":[{"href":"https:\/\/fengchashop.com\/se\/wp-json\/wp\/v2\/product\/6266","targetHints":{"allow":["GET"]}}],"collection":[{"href":"https:\/\/fengchashop.com\/se\/wp-json\/wp\/v2\/product"}],"about":[{"href":"https:\/\/fengchashop.com\/se\/wp-json\/wp\/v2\/types\/product"}],"replies":[{"embeddable":true,"href":"https:\/\/fengchashop.com\/se\/wp-json\/wp\/v2\/comments?post=6266"}],"wp:featuredmedia":[{"embeddable":true,"href":"https:\/\/fengchashop.com\/se\/wp-json\/wp\/v2\/media\/6095"}],"wp:attachment":[{"href":"https:\/\/fengchashop.com\/se\/wp-json\/wp\/v2\/media?parent=6266"}],"wp:term":[{"taxonomy":"product_brand","embeddable":true,"href":"https:\/\/fengchashop.com\/se\/wp-json\/wp\/v2\/product_brand?post=6266"},{"taxonomy":"product_cat","embeddable":true,"href":"https:\/\/fengchashop.com\/se\/wp-json\/wp\/v2\/product_cat?post=6266"},{"taxonomy":"product_tag","embeddable":true,"href":"https:\/\/fengchashop.com\/se\/wp-json\/wp\/v2\/product_tag?post=6266"}],"curies":[{"name":"wp","href":"https:\/\/api.w.org\/{rel}","templated":true}]}}