{"id":6261,"date":"2022-03-03T10:33:34","date_gmt":"2022-03-03T09:33:34","guid":{"rendered":"https:\/\/fengchashop.com\/se\/product\/mucuna-pruriens-bio-250-g\/"},"modified":"2026-04-30T03:46:06","modified_gmt":"2026-04-30T01:46:06","slug":"mucuna-pruriens-bio","status":"publish","type":"product","link":"https:\/\/fengchashop.com\/se\/product\/mucuna-pruriens-bio\/","title":{"rendered":"Mucuna pruriens BIO 250 g"},"content":{"rendered":"<h2><span style=\"color: #000000\">Mucuna pruriens BIO-pulver<\/span><\/h2>\n<p><span style=\"color: #000000\">Mucuna pruriens \u00e4r en tropisk baljv\u00e4xt som \u00e4r inf\u00f6dd i Afrika och tropiska Asien. Det \u00e4r ocks\u00e5 k\u00e4nt som sammetsb\u00f6nan. V\u00e4xten \u00e4r k\u00e4nd f\u00f6r sitt<strong> h\u00f6ga inneh\u00e5ll av l-dopa, eller levodopa,<\/strong> som \u00e4r en metabolisk form av dopamin. Med andra ord \u00e4r det en f\u00f6reg\u00e5ngare till en signalsubstans som kallas dopamin. Otillr\u00e4cklig dopaminproduktion \u00e4r orsaken till symtomen p\u00e5 Parkinsons sjukdom. Detta lindras ofta av l\u00e4kemedel som inneh\u00e5ller dopaminprekursor, eftersom dopamin till skillnad fr\u00e5n dopamin kan passera genom blod-hj\u00e4rnbarri\u00e4ren och d\u00e4rmed<strong> lindra symtomen p\u00e5 Parkinsons<\/strong> sjukdom.<\/span><\/p>\n<p><span style=\"color: #000000\">Baljv\u00e4xten har varit popul\u00e4r i Ayurveda i \u00f6ver 4500 \u00e5r, d\u00e4r den \u00e4r k\u00e4nd f\u00f6r sin f\u00f6rm\u00e5ga att avsev\u00e4rt lindra den neurotoxicitet som orsakas av Parkinsons sjukdom. P\u00e5 vissa platser anv\u00e4nds den ocks\u00e5 traditionellt som ett motgift mot bett fr\u00e5n vissa giftiga ormar.<\/span><\/p>\n<p><span style=\"color: #000000\">Mucuna pruriens har en annan intressant effekt, n\u00e4mligen p\u00e5 <strong>spermiekvaliteten hos annars infertila m\u00e4n.<\/strong> Bevis hittills tyder p\u00e5 att det kan p\u00e5verka spermiernas r\u00f6rlighet och spermiekoncentration och d\u00e4rigenom f\u00f6rb\u00e4ttra fertiliteten. Det hj\u00e4lper ocks\u00e5 till att l\u00f6sa sexuella problem hos kvinnor.<\/span><\/p>\n<h2><span style=\"color: #000000\">Vem rekommenderas att ta mucuna pruriens?<\/span><\/h2>\n<p><span style=\"color: #000000\">Eftersom mucuna pruriens \u00e4r en naturlig k\u00e4lla till l-dopa, kan det rekommenderas till alla som lider av<strong> Parkinsons sjukdom<\/strong>. Som en kompletterande eller initial lindring av symtomen p\u00e5 denna sv\u00e5ra sjukdom. Naturligtvis, i dessa fall, alltid p\u00e5 r\u00e5d och under \u00f6verinseende av en l\u00e4kare.<\/span><\/p>\n<p><span style=\"color: #000000\">Det kan ocks\u00e5 anv\u00e4ndas f\u00f6r att hj\u00e4lpa till med <strong>manlig infertilitet<\/strong>, eftersom det p\u00e5verkar spermiernas kvantitet och kvalitet.<\/span><\/p>\n<p><span style=\"color: #000000\">Det \u00e4r ocks\u00e5 ett utm\u00e4rkt hj\u00e4lpmedel f\u00f6r det endokrina systemet, eftersom det hj\u00e4lper till att <strong>\u00e5terst\u00e4lla hormonbalansen<\/strong>.<\/span><\/p>\n<p><span style=\"color: #000000\">Det f\u00f6rb\u00e4ttrar<strong> mentalt v\u00e4lbefinnande och hum\u00f6r.<\/strong><\/span><\/p>\n<p><span style=\"color: #000000\">Det har en stark<strong> antioxidantverkan.<\/strong> Tillsammans med l-dopa fr\u00e4mjar det hj\u00e4rnh\u00e4lsan och hj\u00e4lper till att \u00f6ka dopaminniv\u00e5erna i hj\u00e4rnan, som ocks\u00e5 \u00e4r f\u00f6rknippade med hum\u00f6rreglering och kognition. Samtidigt har det effekten att det f\u00f6rb\u00e4ttrar hj\u00e4rnans funktion, \u00f6kar koncentrationen och den intellektuella kapaciteten.<\/span><\/p>\n<p><span style=\"color: #000000\">Den ayurvediska traditionen anv\u00e4nder ocks\u00e5 sammetsb\u00f6nor f\u00f6r att positivt fr\u00e4mja <strong>mental h\u00e4lsa och f\u00f6r att b\u00e4ttre svara p\u00e5 stress<\/strong>.<\/span><\/p>\n<p><span style=\"color: #000000\">Flera studier har ocks\u00e5 unders\u00f6kt mucuna prurensis f\u00f6r att <strong>minska blodsockret<\/strong> och d\u00e4rmed f\u00f6rebygga diabetes.<\/span><\/p>\n<p><span style=\"color: #000000\">F\u00f6rekomsten av serotonin och levodopa<strong> f\u00f6rb\u00e4ttrar s\u00f6mn- och vakenhetscykeln och fr\u00e4mjar djups\u00f6mn och avslappning<\/strong>.<\/span><\/p>\n<h2><span style=\"color: #000000\">F\u00f6rvaring och varningar<\/span><\/h2>\n<p><span style=\"color: #000000\">F\u00f6rvaras svalt och torrt. F\u00f6rvara kosttillskottet utom r\u00e4ckh\u00e5ll f\u00f6r barn!<\/span><\/p>\n<p><span style=\"color: #000000\">Kom ih\u00e5g vikten av en varierad kost och en h\u00e4lsosam livsstil, ett kosttillskott \u00e4r d\u00e4rf\u00f6r inte en ers\u00e4ttning f\u00f6r en balanserad och varierad kost. Den rekommenderade dagliga m\u00e4ngden eller dosen b\u00f6r inte \u00f6verskridas. Gravida och ammande kvinnor avr\u00e5ds fr\u00e5n anv\u00e4ndning eftersom det kan ha negativa effekter p\u00e5 livmodern och fostret. F\u00f6rsiktighet rekommenderas ocks\u00e5 vid medicinering mot Parkinsons sjukdom (t.ex. MAO-h\u00e4mmare) &#8211; i detta fall, anv\u00e4nd endast under medicinsk \u00f6vervakning.<\/span><\/p>\n<p><span style=\"color: #000000\">I s\u00e4llsynta fall kan produkten orsaka illam\u00e5ende, kr\u00e4kningar eller diarr\u00e9 hos k\u00e4nsliga personer. I detta fall avr\u00e5ds fr\u00e5n anv\u00e4ndning.<\/span><\/p>\n<h2><span style=\"color: #000000\">F\u00f6rpackning<\/span><\/h2>\n<p><span style=\"color: #000000\">Icke-genomsl\u00e4pplig zip-lock-p\u00e5se d\u00e4r produkten beh\u00e5ller all f\u00e4rskhet och arom. F\u00f6rpackningen skyddar produkten fr\u00e5n ljus och luft, eftersom den best\u00e5r av flera lager av skydd f\u00f6r att bevara inneh\u00e5llets egenskaper.<\/span><\/p>\n<p><span style=\"color: #000000\">F\u00f6rpackningen \u00e4r mycket praktisk och \u00e5tervinningsbar.<\/span><\/p>\n<h2><span style=\"color: #000000\">Ursprung<\/span><\/h2>\n<p><span style=\"color: #000000\">Indien<\/span><\/p>\n","protected":false},"excerpt":{"rendered":"<p align=\"JUSTIFY\">Mucuna pruriens \u00e4r en tropisk baljv\u00e4xt som h\u00e4rstammar fr\u00e5n Afrika och tropiska Asien. Den \u00e4r ocks\u00e5 k\u00e4nd som sammetsb\u00f6nan.<\/p>\n<p align=\"JUSTIFY\"><span style=\"color: #000000\">\ud83d\udc9a Det \u00e4r en naturlig k\u00e4lla till l-dopa.<\/span><br \/>\n<span style=\"color: #000000\">\ud83d\udc9a Det hj\u00e4lper till att \u00e5terst\u00e4lla hormonbalansen.<\/span><br \/>\n<span style=\"color: #000000\">\ud83d\udc9a Det f\u00f6rb\u00e4ttrar mentalt v\u00e4lbefinnande och hum\u00f6r.<\/span><br \/>\n<span style=\"color: #000000\">\ud83d\udc9a Det har antioxidativa egenskaper.<\/span><\/p>\n<p align=\"JUSTIFY\">\n","protected":false},"featured_media":6084,"comment_status":"open","ping_status":"closed","template":"","meta":{"_acf_changed":false},"product_brand":[],"product_cat":[225,228,230,224,226],"product_tag":[],"class_list":{"0":"post-6261","1":"product","2":"type-product","3":"status-publish","4":"has-post-thumbnail","6":"product_cat-alla-produkter","7":"product_cat-ayurveda","8":"product_cat-bast-salda","9":"product_cat-erbjudande","10":"product_cat-supermat","12":"first","13":"instock","14":"sale","15":"taxable","16":"shipping-taxable","17":"purchasable","18":"product-type-simple"},"acf":[],"_links":{"self":[{"href":"https:\/\/fengchashop.com\/se\/wp-json\/wp\/v2\/product\/6261","targetHints":{"allow":["GET"]}}],"collection":[{"href":"https:\/\/fengchashop.com\/se\/wp-json\/wp\/v2\/product"}],"about":[{"href":"https:\/\/fengchashop.com\/se\/wp-json\/wp\/v2\/types\/product"}],"replies":[{"embeddable":true,"href":"https:\/\/fengchashop.com\/se\/wp-json\/wp\/v2\/comments?post=6261"}],"wp:featuredmedia":[{"embeddable":true,"href":"https:\/\/fengchashop.com\/se\/wp-json\/wp\/v2\/media\/6084"}],"wp:attachment":[{"href":"https:\/\/fengchashop.com\/se\/wp-json\/wp\/v2\/media?parent=6261"}],"wp:term":[{"taxonomy":"product_brand","embeddable":true,"href":"https:\/\/fengchashop.com\/se\/wp-json\/wp\/v2\/product_brand?post=6261"},{"taxonomy":"product_cat","embeddable":true,"href":"https:\/\/fengchashop.com\/se\/wp-json\/wp\/v2\/product_cat?post=6261"},{"taxonomy":"product_tag","embeddable":true,"href":"https:\/\/fengchashop.com\/se\/wp-json\/wp\/v2\/product_tag?post=6261"}],"curies":[{"name":"wp","href":"https:\/\/api.w.org\/{rel}","templated":true}]}}