{"id":6259,"date":"2022-03-03T10:14:54","date_gmt":"2022-03-03T09:14:54","guid":{"rendered":"https:\/\/fengchashop.com\/se\/product\/mjolktistel-i-pulver-bio-250-g\/"},"modified":"2026-04-27T20:21:49","modified_gmt":"2026-04-27T18:21:49","slug":"mjolktistel-i-pulver-bio","status":"publish","type":"product","link":"https:\/\/fengchashop.com\/se\/product\/mjolktistel-i-pulver-bio\/","title":{"rendered":"Mj\u00f6lktistel i pulver BIO 250 g"},"content":{"rendered":"<h2>Mj\u00f6lktistel BIO<\/h2>\n<p><span style=\"color: #000000\">Den pulveriserade fl\u00e4ckiga kn\u00f6lk\u00e5len (Silybum marianum) \u00e4r ekologiskt producerad och av h\u00f6gsta kvalitet.<\/span><\/p>\n<p><span style=\"color: #000000\">Ibland \u00e4ven kallad Mariatistel, \u00e4r den fl\u00e4ckiga kn\u00f6lk\u00e5len den \u00f6rt som \u00e4r mest k\u00e4nd<strong> f\u00f6r att behandla leversjukdomar.<\/strong> Den har odlats sedan antikens Grekland och Rom. Den trivs i m\u00e5nga delar av Europa och Asien.<\/span><\/p>\n<p><span style=\"color: #000000\">Fl\u00e4ckig kn\u00f6lsm\u00f6rblomma kan avnjutas av alla som vill skydda sin lever, har en oh\u00e4lsosam kost, halsbr\u00e4nna, andra matsm\u00e4ltningsproblem eller \u00e4r st\u00e4ndigt stressade. L\u00e5t oss komma ih\u00e5g att allt vi \u00e4ter och dricker ocks\u00e5 passerar genom levern. Som ett filter tar de bort giftiga \u00e4mnen fr\u00e5n kroppen.<\/span><\/p>\n<p><span style=\"color: #000000\">I synnerhet fl\u00e4ckig kn\u00f6lsm\u00f6rblomma skyddar levern fr\u00e5n gifter och <strong>hj\u00e4lper till vid avgiftning<\/strong>. Den hj\u00e4lper ocks\u00e5 till vid leverskador som orsakas av cancerbehandling. Det viktigaste \u00e4mnet \u00e4r <strong>silymarin<\/strong>. Det skyddar cellv\u00e4ggen genom att f\u00f6rhindra att skadliga \u00e4mnen tr\u00e4nger in. Silymarin regenererar och stimulerar ocks\u00e5 levercellerna. Det verkar mot leverskador och leverinflammation, och hj\u00e4lper \u00e4ven vid cirros och hepatit.<\/span><\/p>\n<p><span style=\"color: #000000\">Det hj\u00e4lper ocks\u00e5 till med <strong>matsm\u00e4ltningsbesv\u00e4r, spasmer i de inre organen, f\u00f6rhindrar gallsten och fr\u00e4mjar gallfl\u00f6det<\/strong>.<\/span><\/p>\n<h2><span style=\"color: #000000\">Hur fungerar mj\u00f6lktistel?<\/span><\/h2>\n<p><span style=\"color: #000000\">Levern \u00e4r v\u00e5rt viktigaste organ n\u00e4r det g\u00e4ller att rena och avgifta kroppen. I den moderna v\u00e4rlden &#8211; full av processad mat och stress &#8211; \u00e4r levern ofta \u00f6verdrivet igensatt, vilket bland annat har en d\u00e5lig effekt p\u00e5 v\u00e5r h\u00e4lsa. Levern kan inte eller bara med sv\u00e5righet g\u00f6ra sitt jobb. Detta leder till att man m\u00e5r <strong>d\u00e5ligt, k\u00e4nner sig uppsv\u00e4lld och tr\u00f6tt.<\/strong> Vi ser ocks\u00e5 ofta en \u00f6verdriven ansamling av fett runt midjan och \u00f6vervikt. I annat fall kan tillst\u00e5ndet utvecklas utan uppenbara symptom, men kan leda till allvarliga problem och sjukdomar.<\/span><\/p>\n<p><span style=\"color: #000000\">Fl\u00e4ckig kn\u00f6lsm\u00f6rblomma har visat sig bidra till att skydda levern och avgifta kroppen.<\/span><\/p>\n<p><span style=\"color: #000000\">P\u00e5 grund av sin centrala aktiva ingrediens (silymarin) anses mj\u00f6lktistel ocks\u00e5 <strong>ha en effekt p\u00e5 att minska oxidativa processer<\/strong> genom att \u00f6ka naturliga skyddande \u00e4mnen och ta hand om fria radikaler genom sin antioxidantaktivitet.<\/span><\/p>\n<h2><span style=\"color: #000000\">Vem rekommenderas att ta mj\u00f6lktistelpulver?<\/span><\/h2>\n<p><span style=\"color: #000000\">Tistelpulver rekommenderas s\u00e4rskilt f\u00f6r dem som lider av leverproblem, med fettlever, uppbl\u00e5sthet och stickningar i revbensomr\u00e5det. Att ta mj\u00f6lktistel \u00e4r ocks\u00e5 en utm\u00e4rkt avgiftande kur.<strong> Milj\u00f6f\u00f6roreningar, \u00f6vervikt<\/strong> eller fetma, <strong>konsumtion av bearbetade och feta livsmedel och alkohol, en alltf\u00f6r stillasittande livsstil<\/strong> kan leda till fettlever. Eftersom tillst\u00e5ndet s\u00e4llan visar sig med symtom eller blir uppenbart n\u00e4r sjukdomen redan \u00e4r avancerad, \u00e4r det viktigt att vidta<strong> f\u00f6rebyggande \u00e5tg\u00e4rder<\/strong>.<\/span><\/p>\n<h2><span style=\"color: #000000\">F\u00f6rvaring och varningar<\/span><\/h2>\n<p><span style=\"color: #000000\">F\u00f6rvaras svalt och torrt vid en temperatur p\u00e5 upp till 25 \u00b0C. F\u00f6rvara kosttillskottet utom r\u00e4ckh\u00e5ll f\u00f6r barn!<\/span><\/p>\n<p><span style=\"color: #000000\">Kom ih\u00e5g vikten av en varierad kost och en h\u00e4lsosam livsstil, ett kosttillskott \u00e4r d\u00e4rf\u00f6r inte en ers\u00e4ttning f\u00f6r en balanserad och varierad kost. Den rekommenderade dagliga m\u00e4ngden eller dosen b\u00f6r inte \u00f6verskridas. Gravida kvinnor och ammande m\u00f6drar avr\u00e5ds fr\u00e5n anv\u00e4ndning. F\u00f6rsiktighet rekommenderas ocks\u00e5 vid anv\u00e4ndning av vissa diabetesl\u00e4kemedel.<\/span><\/p>\n<h2><span style=\"color: #000000\">F\u00f6rpackning<\/span><\/h2>\n<p><span style=\"color: #000000\">Icke-genomsl\u00e4pplig zip-lock-p\u00e5se, d\u00e4r produkten beh\u00e5ller all sin f\u00e4rskhet och arom. F\u00f6rpackningen skyddar produkten fr\u00e5n ljus och luft, eftersom den best\u00e5r av flera skyddslager f\u00f6r att bevara inneh\u00e5llets egenskaper.<\/span><\/p>\n<p><span style=\"color: #000000\">F\u00f6rpackningen \u00e4r mycket praktisk och \u00e5tervinningsbar.<\/span><\/p>\n<h2><span style=\"color: #000000\">Ursprung<\/span><\/h2>\n<p><span style=\"color: #000000\">Indien<\/span><\/p>\n","protected":false},"excerpt":{"rendered":"<p align=\"JUSTIFY\">Ibland \u00e4ven kallad St Mary&#8217;s tistel, \u00e4r den fl\u00e4ckiga knapweed den \u00f6rt som \u00e4r mest k\u00e4nd f\u00f6r att behandla leversjukdom, som:<\/p>\n<p align=\"JUSTIFY\"><span style=\"color: #000000\"> \ud83d\udc9a skyddar levern fr\u00e5n toxiner,<\/span><br \/>\n<span style=\"color: #000000\"> \ud83d\udc9a hj\u00e4lper till med avgiftning,<\/span><br \/>\n<span style=\"color: #000000\"> \ud83d\udc9a har antioxidativa egenskaper,<\/span><br \/>\n<span style=\"color: #000000\">\ud83d\udc9a lindrar leversjukdom.<\/span><\/p>\n<p align=\"JUSTIFY\">\n","protected":false},"featured_media":5907,"comment_status":"open","ping_status":"closed","template":"","meta":{"_acf_changed":false},"product_brand":[],"product_cat":[225,224,226],"product_tag":[],"class_list":{"0":"post-6259","1":"product","2":"type-product","3":"status-publish","4":"has-post-thumbnail","6":"product_cat-alla-produkter","7":"product_cat-erbjudande","8":"product_cat-supermat","10":"first","11":"instock","12":"sale","13":"taxable","14":"shipping-taxable","15":"purchasable","16":"product-type-simple"},"acf":[],"_links":{"self":[{"href":"https:\/\/fengchashop.com\/se\/wp-json\/wp\/v2\/product\/6259","targetHints":{"allow":["GET"]}}],"collection":[{"href":"https:\/\/fengchashop.com\/se\/wp-json\/wp\/v2\/product"}],"about":[{"href":"https:\/\/fengchashop.com\/se\/wp-json\/wp\/v2\/types\/product"}],"replies":[{"embeddable":true,"href":"https:\/\/fengchashop.com\/se\/wp-json\/wp\/v2\/comments?post=6259"}],"wp:featuredmedia":[{"embeddable":true,"href":"https:\/\/fengchashop.com\/se\/wp-json\/wp\/v2\/media\/5907"}],"wp:attachment":[{"href":"https:\/\/fengchashop.com\/se\/wp-json\/wp\/v2\/media?parent=6259"}],"wp:term":[{"taxonomy":"product_brand","embeddable":true,"href":"https:\/\/fengchashop.com\/se\/wp-json\/wp\/v2\/product_brand?post=6259"},{"taxonomy":"product_cat","embeddable":true,"href":"https:\/\/fengchashop.com\/se\/wp-json\/wp\/v2\/product_cat?post=6259"},{"taxonomy":"product_tag","embeddable":true,"href":"https:\/\/fengchashop.com\/se\/wp-json\/wp\/v2\/product_tag?post=6259"}],"curies":[{"name":"wp","href":"https:\/\/api.w.org\/{rel}","templated":true}]}}