{"id":6258,"date":"2022-03-03T09:56:17","date_gmt":"2022-03-03T08:56:17","guid":{"rendered":"https:\/\/fengchashop.com\/se\/product\/amla-i-pulver-bio-250-g\/"},"modified":"2026-04-29T22:21:32","modified_gmt":"2026-04-29T20:21:32","slug":"amla-i-pulver-bio","status":"publish","type":"product","link":"https:\/\/fengchashop.com\/se\/product\/amla-i-pulver-bio\/","title":{"rendered":"Amla i pulver BIO 250 g"},"content":{"rendered":"<h2><span style=\"color: #000000\">Amla pulver BIO<\/span><\/h2>\n<p><span style=\"color: #000000\">Amla \u00e4r ocks\u00e5 k\u00e4nd som<strong> amalaki eller indisk krusb\u00e4r.<\/strong> Amla \u00e4r en krusb\u00e4rsliknande gr\u00f6n frukt med en intressant s\u00f6t och syrlig smak. I Ayurveda anses den vara <strong>frukten av ungdom och sk\u00f6nhet.<\/strong> I \u00f6st hyllas amla som Guds g\u00e5va till m\u00e4nskligheten. Den finns i l\u00e5ga bergsomr\u00e5den p\u00e5 den indiska subkontinenten. Amlafrukten torkas helt enkelt och mals f\u00f6rsiktigt till ett fint pulver. Enligt ayurveda balanserar amla de tre livsenergierna (vata, pitta och kapha).<\/span><\/p>\n<p><span style=\"color: #000000\">Amla \u00e4r extremt <strong>rik p\u00e5 vitamin C<\/strong> (ca 4 g per 100 g pulver). Den inneh\u00e5ller ocks\u00e5 m\u00e5nga <strong>antioxidanter, tanniner, flavonoider, lipider, vitaminer och mineraler och andra eteriska oljor<\/strong>.<\/span><\/p>\n<p><span style=\"color: #000000\">Effekter:<\/span><\/p>\n<p><span style=\"color: #000000\">\ud83d\udc9a f\u00f6rb\u00e4ttrar <strong>immunf\u00f6rsvaret<\/strong>,<\/span><br \/>\n<span style=\"color: #000000\"> \ud83d\udc9a f<strong>\u00f6ryngrar<\/strong> (anti-age effekt),<\/span><br \/>\n<span style=\"color: #000000\">\ud83d\udc9a st\u00e4rker det <strong>kardiovaskul\u00e4ra systemet,<\/strong><\/span><br \/>\n<span style=\"color: #000000\">\ud83d\udc9a stimulerar<strong> h\u00e5rv\u00e4xt,<\/strong><\/span><br \/>\n<span style=\"color: #000000\">\ud83d\udc9a reng\u00f6r och <strong>\u00e5terfuktar huden,<\/strong><\/span><br \/>\n<span style=\"color: #000000\"><strong> \ud83d\udc9a f\u00f6rb\u00e4ttrar matsm\u00e4ltningen<\/strong> och fungerar som ett milt diuretikum,<\/span><br \/>\n<span style=\"color: #000000\"><strong> \ud83d\udc9a antiviral och antibakteriell<\/strong> verkan,<\/span><br \/>\n<span style=\"color: #000000\"> \ud83d\udc9a f<strong>\u00f6rst\u00f6r fria radikaler.<\/strong><\/span><\/p>\n<p><span style=\"color: #000000\">Det anv\u00e4nds ocks\u00e5 traditionellt f\u00f6r att avhj\u00e4lpa<strong>h\u00e5rbottenproblem och oren hud<\/strong>. Du kan g\u00f6ra en h\u00e5rbottenpasta eller en ansiktsmask.<\/span><br \/>\n<span style=\"color: #000000\">Det <strong>motverkar h\u00e5ravfall, st\u00e4rker h\u00e5rbotten och kan, vid regelbunden anv\u00e4ndning, \u00e5terst\u00e4lla f\u00e4rgen p\u00e5 gr\u00e5tt h\u00e5r.<\/strong> Den g\u00e5r bra att blanda med andra naturliga h\u00e5rf\u00e4rger.<\/span><\/p>\n<p><span style=\"color: #000000\">Den verkar ocks\u00e5 p\u00e5 <strong>hudens elasticitet, reng\u00f6r huden och f\u00f6rebygger rynkor<\/strong>.<\/span><\/p>\n<h2><span style=\"color: #000000\">F\u00f6rvaring och varningar<\/span><\/h2>\n<p><span style=\"color: #000000\">F\u00f6rvaras svalt och torrt. F\u00f6rvara kosttillskottet utom r\u00e4ckh\u00e5ll f\u00f6r barn!<\/span><\/p>\n<p><span style=\"color: #000000\">Kom ih\u00e5g vikten av en varierad kost och en h\u00e4lsosam livsstil, ett kosttillskott \u00e4r d\u00e4rf\u00f6r inte en ers\u00e4ttning f\u00f6r en balanserad och varierad kost. Den rekommenderade dagliga m\u00e4ngden eller dosen b\u00f6r inte \u00f6verskridas. Gravida och ammande kvinnor rekommenderas alltid att r\u00e5dg\u00f6ra med l\u00e4kare f\u00f6re anv\u00e4ndning.<\/span><\/p>\n<h2><span style=\"color: #000000\">F\u00f6rpackning<\/span><\/h2>\n<p><span style=\"color: #000000\">Icke-genomsl\u00e4pplig zip-lock-p\u00e5se d\u00e4r produkten beh\u00e5ller all sin fr\u00e4sch\u00f6r och arom. F\u00f6rpackningen skyddar produkten fr\u00e5n ljus och luft, eftersom den best\u00e5r av flera lager av skydd f\u00f6r att bevara inneh\u00e5llets egenskaper.<\/span><\/p>\n<p><span style=\"color: #000000\">F\u00f6rpackningen \u00e4r mycket praktisk och \u00e5tervinningsbar.<\/span><\/p>\n<h2><span style=\"color: #000000\">Ursprung<\/span><\/h2>\n<p><span style=\"color: #000000\">Indien<\/span><\/p>\n","protected":false},"excerpt":{"rendered":"<p align=\"JUSTIFY\"><span style=\"color: #000000\">Amla \u00e4r ocks\u00e5 k\u00e4nd som amalaki eller indiskt krusb\u00e4r. Amla \u00e4r en krusb\u00e4rsliknande gr\u00f6n frukt med en intressant s\u00f6t och syrlig smak. I Ayurveda anses den vara en frukt f\u00f6r ungdom och sk\u00f6nhet. I \u00f6st firas amla som Guds g\u00e5va till m\u00e4nskligheten eftersom:<\/span><\/p>\n<p align=\"JUSTIFY\"><span style=\"color: #000000\"> \ud83d\udc9a stimulerar h\u00e5rv\u00e4xt,<\/span><br \/>\n<span style=\"color: #000000\"> \ud83d\udc9a reng\u00f6r och \u00e5terfuktar huden,<\/span><br \/>\n<span style=\"color: #000000\">\ud83d\udc9a st\u00e4rker immunf\u00f6rsvaret,<\/span><br \/>\n<span style=\"color: #000000\">\ud83d\udc9a f\u00f6ryngrar.<\/span><\/p>\n<p align=\"JUSTIFY\">\n","protected":false},"featured_media":5929,"comment_status":"open","ping_status":"closed","template":"","meta":{"_acf_changed":false},"product_brand":[],"product_cat":[225,228,224,226],"product_tag":[],"class_list":{"0":"post-6258","1":"product","2":"type-product","3":"status-publish","4":"has-post-thumbnail","6":"product_cat-alla-produkter","7":"product_cat-ayurveda","8":"product_cat-erbjudande","9":"product_cat-supermat","11":"first","12":"instock","13":"sale","14":"taxable","15":"shipping-taxable","16":"purchasable","17":"product-type-simple"},"acf":[],"_links":{"self":[{"href":"https:\/\/fengchashop.com\/se\/wp-json\/wp\/v2\/product\/6258","targetHints":{"allow":["GET"]}}],"collection":[{"href":"https:\/\/fengchashop.com\/se\/wp-json\/wp\/v2\/product"}],"about":[{"href":"https:\/\/fengchashop.com\/se\/wp-json\/wp\/v2\/types\/product"}],"replies":[{"embeddable":true,"href":"https:\/\/fengchashop.com\/se\/wp-json\/wp\/v2\/comments?post=6258"}],"wp:featuredmedia":[{"embeddable":true,"href":"https:\/\/fengchashop.com\/se\/wp-json\/wp\/v2\/media\/5929"}],"wp:attachment":[{"href":"https:\/\/fengchashop.com\/se\/wp-json\/wp\/v2\/media?parent=6258"}],"wp:term":[{"taxonomy":"product_brand","embeddable":true,"href":"https:\/\/fengchashop.com\/se\/wp-json\/wp\/v2\/product_brand?post=6258"},{"taxonomy":"product_cat","embeddable":true,"href":"https:\/\/fengchashop.com\/se\/wp-json\/wp\/v2\/product_cat?post=6258"},{"taxonomy":"product_tag","embeddable":true,"href":"https:\/\/fengchashop.com\/se\/wp-json\/wp\/v2\/product_tag?post=6258"}],"curies":[{"name":"wp","href":"https:\/\/api.w.org\/{rel}","templated":true}]}}