{"id":6227,"date":"2025-07-25T06:02:50","date_gmt":"2025-07-25T04:02:50","guid":{"rendered":"https:\/\/fengchashop.com\/se\/product\/maca-rod-i-pulver-bio-250-g\/"},"modified":"2026-05-04T18:33:30","modified_gmt":"2026-05-04T16:33:30","slug":"mac-rod-i-pulver-bio-250-g","status":"publish","type":"product","link":"https:\/\/fengchashop.com\/se\/product\/mac-rod-i-pulver-bio-250-g\/","title":{"rendered":"Maca r\u00f6d i pulver BIO 250 g"},"content":{"rendered":"<h2><span style=\"color: #000000\">R\u00f6tt maca pulver BIO<\/span><\/h2>\n<p><span style=\"color: #000000\">Maca \u00e4r en rotad v\u00e4xt som trivs p\u00e5 det peruanska och andinska h\u00f6glandet, d\u00e4r den uts\u00e4tts f\u00f6r extrema v\u00e4derf\u00f6rh\u00e5llanden och stora temperaturskillnader mellan dag och natt. Det kallas ocks\u00e5 <strong>peruansk ginseng<\/strong>. Eftersom den \u00e4r praktiskt taget o\u00f6vervinnlig n\u00e4r det g\u00e4ller \u00f6verlevnad, har de forntida inkaerna utnyttjat dess aktiva egenskaper, som \u00e4r s\u00e4rskilt bra f\u00f6r <strong>manlig sexuell styrka<\/strong> och har en gynnsam effekt p\u00e5 den allm\u00e4nna h\u00e4lsan. Det \u00e4r av den senare anledningen som den anses vara ett extremt v\u00e4rdefullt superlivsmedel.<\/span><\/p>\n<p><span style=\"color: #000000\">Den medicinska delen av muskotblomman \u00e4r kn\u00f6len, som inneh\u00e5ller<strong>m\u00e5nga vitaminer, mineraler och aminosyror<\/strong>. P\u00e5 grund av dess hormonliknande egenskaper reglerar den niv\u00e5erna av \u00f6strogen och progesteron, eller testosteron, som har en gynnsam effekt p\u00e5 v\u00e5rt v\u00e4lbefinnande och ger oss styrka och uth\u00e5llighet. Dess inneh\u00e5ll av viktiga vitaminer som vitamin B1, B12, C och E, samt fettsyror, mineraler och aminosyror (inklusive 7 essentiella &#8211; de som v\u00e5r kropp beh\u00f6ver), g\u00f6r maca till en av de mest effektiva, \u00f6nskv\u00e4rda och rekommenderade naturliga superfoods med en tradition som g\u00e5r tusentals \u00e5r tillbaka i tiden.<\/span><\/p>\n<p><span style=\"color: #000000\">Det \u00e4r en <strong>adaptogen \u00f6rt<\/strong> som <strong>\u00f6kar energin, uth\u00e5lligheten, vitaliteten och den fysiska styrkan<\/strong>. Den hj\u00e4lper oss att hantera stress och att l\u00e4ttare anpassa oss till f\u00f6r\u00e4ndringar. Den f\u00f6rekommer rikligast i Anderna i centrala Peru, under tuffa f\u00f6rh\u00e5llanden och p\u00e5 mycket h\u00f6g h\u00f6jd &#8211; \u00f6ver 4 000 meter. Det \u00e4r en korsblommig gr\u00f6nsak som broccoli, blomk\u00e5l, rovor, k\u00e5l, gr\u00f6nk\u00e5l och r\u00e4disor. Den mest \u00e4tbara delen av v\u00e4xten \u00e4r roten eller kn\u00f6len. Den finns i flera f\u00e4rger, fr\u00e5n vit till svart. De mest popul\u00e4ra f\u00e4rgerna \u00e4r<strong> gult, r\u00f6tt och svart<\/strong>. Vanlig gul maca anv\u00e4nds f\u00f6r daglig och l\u00e5ngvarig konsumtion. Den r\u00f6da och svarta macan anses vara heliga sorter och anv\u00e4nds f\u00f6r kroniska terapeutiska problem. Gul maca \u00e4r neutral.<strong> R\u00f6d<\/strong> anses vara f\u00f6r den <strong>inre feminina energin<\/strong>. Svart anses vara den yttre maskulina energin. De lokala shamanerna \u00e4r noga med vilken typ av maca en person med problem b\u00f6r konsumera.<\/span><\/p>\n<p><span style=\"color: #000000\">Den har en mycket s\u00f6t smak och ett brett anv\u00e4ndningsomr\u00e5de.<\/span><\/p>\n<p><span style=\"color: #000000\">R\u00f6d maca \u00e4r 100 %<strong> ekologisk<\/strong>. Den kommer fr\u00e5n<strong> ekologiska g\u00e5rdar i de peruanska h\u00f6gbergen<\/strong>. Vi har analyser och ett giltigt certifikat f\u00f6r varje parti.<\/span><\/p>\n<h2><span style=\"color: #000000\">Varf\u00f6r v\u00e4lja r\u00f6d maca?<\/span><\/h2>\n<p><span style=\"color: #000000\">R\u00f6d maca s\u00e4gs ha den h\u00f6gsta <strong>antioxidativa<\/strong> effekten. Studier har bekr\u00e4ftat att r\u00f6d maca kan hj\u00e4lpa mot prostatacancer och f\u00f6rebygga benf\u00f6rlust. Dessutom \u00e4r r\u00f6d maca anv\u00e4ndbar f\u00f6r att<strong> reglera hormoner, \u00f6ka styrkan och uth\u00e5lligheten<\/strong>. Det hj\u00e4lper ocks\u00e5 till med <strong>depression och stresshantering<\/strong>. Det har ocks\u00e5 visat sig ha en effekt p\u00e5<strong> PMS<\/strong> och <strong>klimakteriebesv\u00e4r, p\u00e5 kvinnlig libido och f\u00f6r att f\u00f6rhindra allm\u00e4n tr\u00f6tthet<\/strong>.<\/span><\/p>\n<h2><span style=\"color: #000000\">Varf\u00f6r best\u00e4lla v\u00e5r maca?<\/span><\/h2>\n<p><span style=\"color: #000000\">V\u00e5rt macapulver kommer fr\u00e5n <strong>kontrollerad ekologisk produktion<\/strong>, torkas omsorgsfullt och mals till ett mj\u00f6lliknande pulver. Dessutom ser vi regelbundet till att v\u00e5ra matzo-lager alltid \u00e4r<strong> f\u00e4rska<\/strong>! Det \u00e4r ocks\u00e5 d\u00e4rf\u00f6r vi noggrant f\u00f6rbereder blandningen sj\u00e4lva, eftersom det \u00e4r det enda s\u00e4ttet att s\u00e4kerst\u00e4lla dess integritet med f\u00e4rska ingredienser i r\u00e4tt proportioner.<\/span><\/p>\n<p><span style=\"color: #000000\">Macan kommer fr\u00e5n ekologiska odlingar i Perus bergstrakter. Vi har analyserat och validerat varje sats.<\/span><\/p>\n<h2><span style=\"color: #000000\">F\u00f6rvaring och varningar<\/span><\/h2>\n<p><span style=\"color: #000000\">F\u00f6rvaras svalt och torrt vid en temperatur p\u00e5 upp till 25 \u00b0C. F\u00f6rvara kosttillskottet utom r\u00e4ckh\u00e5ll f\u00f6r barn!<\/span><\/p>\n<p><span style=\"color: #000000\">Kom ih\u00e5g vikten av en varierad kost och en h\u00e4lsosam livsstil, ett kosttillskott \u00e4r d\u00e4rf\u00f6r inte en ers\u00e4ttning f\u00f6r en balanserad och varierad kost. Den rekommenderade dagliga m\u00e4ngden eller dosen b\u00f6r inte \u00f6verskridas. Gravida och ammande kvinnor rekommenderas alltid att r\u00e5dg\u00f6ra med l\u00e4kare f\u00f6re anv\u00e4ndning.<\/span><\/p>\n<h2><span style=\"color: #000000\">F\u00f6rpackning<\/span><\/h2>\n<p><span style=\"color: #000000\">Icke-genomsl\u00e4pplig zip-lock-p\u00e5se d\u00e4r produkten beh\u00e5ller all sin fr\u00e4sch\u00f6r och arom. F\u00f6rpackningen skyddar produkten fr\u00e5n ljus och luft, eftersom den best\u00e5r av flera lager av skydd f\u00f6r att bevara inneh\u00e5llets egenskaper.<\/span><\/p>\n<p><span style=\"color: #000000\">F\u00f6rpackningen \u00e4r mycket praktisk och \u00e5tervinningsbar.<\/span><\/p>\n<h2><span style=\"color: #000000\">Ursprung<\/span><\/h2>\n<p><span style=\"color: #000000\">Peru<\/span><\/p>\n","protected":false},"excerpt":{"rendered":"<p align=\"JUSTIFY\">Maca \u00e4r en rotv\u00e4xt som trivs p\u00e5 det peruanska andinska h\u00f6glandet, d\u00e4r den uts\u00e4tts f\u00f6r<strong> extrema v\u00e4derf\u00f6rh\u00e5llanden<\/strong> och stora temperaturskillnader mellan dag och natt. Den medicinska delen av maca \u00e4r kn\u00f6len, som inneh\u00e5ller m\u00e5nga<strong> vitaminer, mineraler och aminosyror<\/strong>. Maca inneh\u00e5ller viktiga vitaminer som vitamin B1, B12, C och E, samt fettsyror, mineraler och aminosyror och \u00e4r en av de mest effektiva, \u00f6nskv\u00e4rda och rekommenderade naturliga superfoods med en tradition som g\u00e5r tusentals \u00e5r tillbaka i tiden.<\/p>\n<p align=\"JUSTIFY\">\ud83d\udc9a F\u00f6r inre feminin energi.<br \/>\n\ud83d\udc9a F\u00f6r den inre kvinnan. Hj\u00e4lper mot depression, tr\u00f6tthet och stresshantering.<br \/>\n\ud83d\udc9a \u00d6kar kvinnlig libido.<br \/>\n\ud83d\udc9a Hj\u00e4lper till att reglera hormoner och minskar symtom p\u00e5 PMS och klimakteriet.<\/p>\n","protected":false},"featured_media":5899,"comment_status":"open","ping_status":"closed","template":"","meta":{"_acf_changed":false},"product_brand":[],"product_cat":[225,224,226],"product_tag":[],"class_list":{"0":"post-6227","1":"product","2":"type-product","3":"status-publish","4":"has-post-thumbnail","6":"product_cat-alla-produkter","7":"product_cat-erbjudande","8":"product_cat-supermat","10":"first","11":"instock","12":"sale","13":"taxable","14":"shipping-taxable","15":"purchasable","16":"product-type-simple"},"acf":[],"_links":{"self":[{"href":"https:\/\/fengchashop.com\/se\/wp-json\/wp\/v2\/product\/6227","targetHints":{"allow":["GET"]}}],"collection":[{"href":"https:\/\/fengchashop.com\/se\/wp-json\/wp\/v2\/product"}],"about":[{"href":"https:\/\/fengchashop.com\/se\/wp-json\/wp\/v2\/types\/product"}],"replies":[{"embeddable":true,"href":"https:\/\/fengchashop.com\/se\/wp-json\/wp\/v2\/comments?post=6227"}],"wp:featuredmedia":[{"embeddable":true,"href":"https:\/\/fengchashop.com\/se\/wp-json\/wp\/v2\/media\/5899"}],"wp:attachment":[{"href":"https:\/\/fengchashop.com\/se\/wp-json\/wp\/v2\/media?parent=6227"}],"wp:term":[{"taxonomy":"product_brand","embeddable":true,"href":"https:\/\/fengchashop.com\/se\/wp-json\/wp\/v2\/product_brand?post=6227"},{"taxonomy":"product_cat","embeddable":true,"href":"https:\/\/fengchashop.com\/se\/wp-json\/wp\/v2\/product_cat?post=6227"},{"taxonomy":"product_tag","embeddable":true,"href":"https:\/\/fengchashop.com\/se\/wp-json\/wp\/v2\/product_tag?post=6227"}],"curies":[{"name":"wp","href":"https:\/\/api.w.org\/{rel}","templated":true}]}}