{"id":6209,"date":"2022-02-22T08:17:03","date_gmt":"2022-02-22T07:17:03","guid":{"rendered":"https:\/\/fengchashop.com\/se\/product\/pleurotus-ostreatus-oyster-mushroom-bio-125-g\/"},"modified":"2026-05-07T10:18:43","modified_gmt":"2026-05-07T08:18:43","slug":"pleurotus-ostreatus-oyster-mushroom-bio","status":"publish","type":"product","link":"https:\/\/fengchashop.com\/se\/product\/pleurotus-ostreatus-oyster-mushroom-bio\/","title":{"rendered":"Pleurotus ostreatus (Oyster Mushroom) BIO 125 g"},"content":{"rendered":"<h2><span style=\"color: #000000\">Pleurotus ostreatus (Oyster Mushroom) BIO pulver<\/span><\/h2>\n<p><span style=\"color: #000000\">Pleurotus ostreatus (Oyster Mushroom) \u00e4r en v\u00e4lstuderad medicinsk svamp. \u00c4ven k\u00e4nd som<strong> bokostersvamp<\/strong>, \u00e4r det en kulinarisk \u00e4tbar svamp som v\u00e4xer i v\u00e5rt land. Tillsammans med Ganoderma lucidum och Cordyceps \u00e4r den faktiskt en <strong>av de 6 mest k\u00e4nda medicinska svamparna i detta land<\/strong>.<\/span><\/p>\n<p><span style=\"color: #000000\">M\u00e5nga n\u00e4rings\u00e4mnen kan utvinnas ur trikomerna och mycelet. Forskning har ocks\u00e5 visat antimikrobiell aktivitet mot b\u00e5de grampositiva och gramnegativa bakterier och svampd\u00f6dande aktivitet mot flera typer av svampar.<\/span><\/p>\n<p><span style=\"color: #000000\">Eftersom de \u00e4r en rik <strong>k\u00e4lla till antioxidanter<\/strong> och andra aktiva \u00e4mnen \u00e4r deras potential f\u00f6r antitum\u00f6r-, immunmodulerande, genskyddande, antiinflammatorisk, antiviral, antiplastisk, hypokolesterolemisk, blodtryckss\u00e4nkande och antihyperglykemisk aktivitet mer \u00e4n s\u00e4kerst\u00e4lld. Nyligen har forskning visat att bokostron har en <strong>bifidogen effekt<\/strong>, vilket inneb\u00e4r att de kan stimulera tillv\u00e4xten av Bifidobacterium bifidum, B. breve, B. animalis och B. longum. Det \u00e4r d\u00e4rf\u00f6r ocks\u00e5 en <strong>prebiotika som<\/strong> f\u00f6rb\u00e4ttrar tarmens mikrobiota till f\u00f6rm\u00e5n f\u00f6r den m\u00e4nskliga v\u00e4rdens h\u00e4lsa. Ett h\u00e4lsosamt f\u00f6rh\u00e5llande mellan mikroorganismer i tarmen hj\u00e4lper oss att b\u00e4ttre och l\u00e4ttare utvinna n\u00e4rings\u00e4mnen ur den mat vi \u00e4ter och att reglera energin. De spelar en viktig roll f\u00f6r matsm\u00e4ltningssystemets h\u00e4lsa, men de p\u00e5verkar ocks\u00e5 immunsystemet &#8211; den mest komplexa delen av immunsystemet finns i tarmen, vilket \u00e4r anledningen till att vi ofta h\u00f6r att det \u00e4r tarmh\u00e4lsan som \u00e4r s\u00e5 viktig f\u00f6r att s\u00e4kerst\u00e4lla ett bra immunsvar och d\u00e4rmed den allm\u00e4nna h\u00e4lsan.<\/span><\/p>\n<p><span style=\"color: #000000\">Medicinska svampar anv\u00e4nds i stor utstr\u00e4ckning inom traditionell kinesisk medicin f\u00f6r att behandla en l\u00e5ng rad sjukdomar.<\/span><\/p>\n<p><span style=\"color: #000000\">Produktionen av v\u00e5r Pleurotus ostreatus \u00e4r strikt kontrollerad, utan anv\u00e4ndning av kemikalier eller bek\u00e4mpningsmedel och<strong> 100 % ekologisk<\/strong>. Svamparnas kvalitet \u00f6vervakas regelbundet av oberoende laboratorier i Slovenien och USA.<\/span><\/p>\n<h2><span style=\"color: #000000\">Vad inneh\u00e5ller den och vem \u00e4r den avsedd f\u00f6r?<\/span><\/h2>\n<p><span style=\"color: #000000\">Pleurotus ostreatus best\u00e5r av en m\u00e4ngd olika n\u00e4rings\u00e4mnen som<strong> polysackarider, proteiner, flavonoider, fenoler, betaglukaner<\/strong> etc. Aktiva polysackarider och fenoler \u00e4r biologiskt v\u00e4rdefulla organismer. Bokostron, som vanligtvis v\u00e4xer p\u00e5 boktr\u00e4, \u00e4r ocks\u00e5 en rik k\u00e4lla till vitaminerna B, C och D, mineralsalter, antioxidanter och selen.<\/span><\/p>\n<p><span style=\"color: #000000\"><strong> Lovastatin<\/strong>, en viktig aktiv ingrediens som h\u00e4mmar syntesen av endogent kolesterol, har en gynnsam effekt p\u00e5 regleringen av de totala kolesterolniv\u00e5erna i blodet.<\/span><\/p>\n<p><span style=\"color: #000000\">Bokostron inneh\u00e5ller lite fett (fr\u00e4mst om\u00e4ttade fettsyror) och vitamin D2, \u00e4r rikt p\u00e5 kostfibrer och en bra k\u00e4lla till protein och essentiella aminosyror. Dessutom inneh\u00e5ller den farmakologiskt aktiva \u00e4mnen som kan hj\u00e4lpa till:<\/span><\/p>\n<p><span style=\"color: #000000\"> \ud83d\udc9a reglera de totala kolesterolniv\u00e5erna (\u00f6kar det goda HDL-kolesterolet och s\u00e4nker det d\u00e5liga LDL-kolesterolet), blodtrycket och blodsockret,<\/span><br \/>\n<span style=\"color: #000000\"> \ud83d\udc9a f\u00f6rebygga blodproppar,<\/span><br \/>\n<span style=\"color: #000000\"> \ud83d\udc9a skydda mot fria radikaler,<\/span><br \/>\n<span style=\"color: #000000\"> \ud83d\udc9a l\u00e4ker och h\u00e4mmar inflammation,<\/span><br \/>\n<span style=\"color: #000000\"> \ud83d\udc9a \u00f6ka immuniteten genom att st\u00e4rka immunf\u00f6rsvaret,<\/span><br \/>\n<span style=\"color: #000000\"> \ud83d\udc9a f\u00f6rebygga \u00e5ldersrelaterade sjukdomar,<\/span><br \/>\n<span style=\"color: #000000\"> \ud83d\udc9a skydda mot luftv\u00e4gsinfektioner,<\/span><br \/>\n<span style=\"color: #000000\"> \ud83d\udc9a f\u00f6rebygga \u00e5ldrande,<\/span><br \/>\n<span style=\"color: #000000\"> \ud83d\udc9a f\u00f6rebygga tum\u00f6rer.<\/span><\/p>\n<p><span style=\"color: #000000\">Alla element i svampar finns i stora m\u00e4ngder och har en mycket positiv effekt p\u00e5 v\u00e5r kropp.<\/span><\/p>\n<p><span style=\"color: #000000\">Och det som \u00e4r extremt viktigt h\u00e4r \u00e4r att Pleurotus ostreatus \u00e4r en 100% naturlig produkt som kan hj\u00e4lpa oss p\u00e5 ett naturligt s\u00e4tt. Det f\u00f6rb\u00e4ttrar symtomen p\u00e5 v\u00e5ra problem och har en positiv effekt p\u00e5 v\u00e5rt allm\u00e4nna v\u00e4lbefinnande.<\/span><\/p>\n<h2><span style=\"color: #000000\">Varf\u00f6r svampar?<\/span><\/h2>\n<p><span style=\"color: #000000\">Svampar \u00e4r mycket intressanta. De \u00e4r varken v\u00e4xter eller djur, men vad de \u00e4r, de \u00e4r verkligen fantastiska organismer som har lyckats \u00f6verleva n\u00e4stan sedan v\u00e4rldens b\u00f6rjan. De har utvecklat en speciell \u00f6verlevnadsstrategi som har h\u00e5llit dem vid liv till denna dag. Och vi m\u00e4nniskor kan ocks\u00e5 dra nytta av dessa f\u00f6rdelar genom att konsumera medicinska svampar. De ger oss balans p\u00e5 ett fysiskt plan och skyddar oss mot m\u00e5nga sjukdomar. De kan vara en <strong>f\u00f6rebyggande<\/strong> eller <strong>st\u00f6djande botande behandling<\/strong> f\u00f6r m\u00e5nga (moderna) sjukdomar, oavsett om de \u00e4r konventionella eller p\u00e5 annat s\u00e4tt okonventionella. Traditionellt har svampar tillskrivits sina effekter vid cancer, autoimmuna sjukdomar och allergier. De \u00e4r ocks\u00e5 bra f\u00f6r ett h\u00e4lsosamt och starkt immunf\u00f6rsvar. H\u00e4lsoforskning som utf\u00f6rts under de senaste decennierna, n\u00e4r svampar har blivit av intresse i v\u00e4stv\u00e4rlden, har dock bekr\u00e4ftat m\u00e5nga av deras terapeutiska effekter.<\/span><\/p>\n<p><span style=\"color: #000000\">Eftersom vissa naturliga aktiva substanser \u00e4r osm\u00e4ltbara eller sv\u00e5ra f\u00f6r oss att sm\u00e4lta, \u00e4r det mycket viktigt att endast konsumera de b\u00e4sta svamppulvren. Svampar m\u00e5ste odlas, torkas och beredas p\u00e5 r\u00e4tt s\u00e4tt. De m\u00e5ste malas till ett fint pulver utan n\u00e5gra bitar. F\u00e4rgen p\u00e5 pulvret \u00e4r ljusare, men i \u00f6vrigt beror det ocks\u00e5 p\u00e5 vilken typ av svamp som konsumeras. Eftersom svampar \u00e4r s\u00e5 effektiva just f\u00f6r att de har f\u00f6rm\u00e5gan att absorbera allt &#8211; bra och d\u00e5ligt &#8211; fr\u00e5n omgivningen, \u00e4r det viktigt att anv\u00e4nda ekologiskt odlade s\u00e5dana.<\/span><\/p>\n<h2><span style=\"color: #000000\">F\u00f6rpackning<\/span><\/h2>\n<p><span style=\"color: #000000\">Icke-genomsl\u00e4pplig zip-lock-p\u00e5se, d\u00e4r produkten beh\u00e5ller all sin f\u00e4rskhet och arom. F\u00f6rpackningen skyddar produkten fr\u00e5n ljus och luft, eftersom den best\u00e5r av flera skyddsskikt som bevarar inneh\u00e5llets egenskaper.<\/span><\/p>\n<p><span style=\"color: #000000\">F\u00f6rpackningen \u00e4r mycket praktisk och \u00e5tervinningsbar.<\/span><\/p>\n<h2><span style=\"color: #000000\">F\u00f6rvaring och varningar<\/span><\/h2>\n<p><span style=\"color: #000000\">F\u00f6rvaras p\u00e5 en sval och torr plats. F\u00f6rvara kosttillskottet utom r\u00e4ckh\u00e5ll f\u00f6r barn!<\/span><\/p>\n<p><span style=\"color: #000000\">Kom ih\u00e5g vikten av en varierad kost och en h\u00e4lsosam livsstil, ett kosttillskott \u00e4r d\u00e4rf\u00f6r inte en ers\u00e4ttning f\u00f6r en balanserad och varierad kost. Den rekommenderade dagliga m\u00e4ngden eller dosen b\u00f6r inte \u00f6verskridas. Gravida och ammande kvinnor rekommenderas alltid att r\u00e5dfr\u00e5ga l\u00e4kare f\u00f6re anv\u00e4ndning.<\/span><\/p>\n<h2><span style=\"color: #000000\">Bra att veta<\/span><\/h2>\n<p><span style=\"color: #000000\">Produkten \u00e4r ocks\u00e5 l\u00e4mplig f\u00f6r djur. I de flesta fall visar sig medicinska svampar vara extremt effektiva f\u00f6r att st\u00e4rka immunf\u00f6rsvaret, eliminera allergier och hudbesv\u00e4r samt virus- och bakterieinfektioner. R\u00e5dg\u00f6r med din veterin\u00e4r f\u00f6re anv\u00e4ndning om det \u00e4r l\u00e4mpligt att ta och den rekommenderade dagliga m\u00e4ngden.<\/span><\/p>\n<h2><span style=\"color: #000000\">Ursprung<\/span><\/h2>\n<p><span style=\"color: #000000\">Slovenien<\/span><\/p>\n","protected":false},"excerpt":{"rendered":"<p align=\"JUSTIFY\"><span style=\"color: #000000\">Pleurotus ostreatus (Oyster Mushroom) \u00e4r en v\u00e4lstuderad medicinsk svamp. Den \u00e4r \u00e4ven k\u00e4nd som bokostronskivling och \u00e4r en kulinarisk matsvamp som v\u00e4xer h\u00e4r. Tillsammans med Ganoderma lucidum och Cordyceps \u00e4r den faktiskt en av de 6 mest v\u00e4lk\u00e4nda medicinska svamparna, eftersom den hj\u00e4lper till:<\/span><\/p>\n<p><span style=\"color: #000000\"> \ud83d\udc9a reglera det totala kolesterolet (\u00f6kar det goda HDL-kolesterolet och s\u00e4nker det d\u00e5liga LDL-kolesterolet), blodtrycket och blodsockret,<br \/>\n\ud83d\udc9a skydda mot fria radikaler,<br \/>\n\ud83d\udc9a l\u00e4ka och h\u00e4mma inflammation,<br \/>\n\ud83d\udc9a \u00f6ka immuniteten genom att st\u00e4rka immunf\u00f6rsvaret.<\/span><\/p>\n","protected":false},"featured_media":6088,"comment_status":"open","ping_status":"closed","template":"","meta":{"_acf_changed":false},"product_brand":[],"product_cat":[225,224,229],"product_tag":[],"class_list":{"0":"post-6209","1":"product","2":"type-product","3":"status-publish","4":"has-post-thumbnail","6":"product_cat-alla-produkter","7":"product_cat-erbjudande","8":"product_cat-medicinska-svampar","10":"first","11":"instock","12":"taxable","13":"shipping-taxable","14":"purchasable","15":"product-type-simple"},"acf":[],"_links":{"self":[{"href":"https:\/\/fengchashop.com\/se\/wp-json\/wp\/v2\/product\/6209","targetHints":{"allow":["GET"]}}],"collection":[{"href":"https:\/\/fengchashop.com\/se\/wp-json\/wp\/v2\/product"}],"about":[{"href":"https:\/\/fengchashop.com\/se\/wp-json\/wp\/v2\/types\/product"}],"replies":[{"embeddable":true,"href":"https:\/\/fengchashop.com\/se\/wp-json\/wp\/v2\/comments?post=6209"}],"wp:featuredmedia":[{"embeddable":true,"href":"https:\/\/fengchashop.com\/se\/wp-json\/wp\/v2\/media\/6088"}],"wp:attachment":[{"href":"https:\/\/fengchashop.com\/se\/wp-json\/wp\/v2\/media?parent=6209"}],"wp:term":[{"taxonomy":"product_brand","embeddable":true,"href":"https:\/\/fengchashop.com\/se\/wp-json\/wp\/v2\/product_brand?post=6209"},{"taxonomy":"product_cat","embeddable":true,"href":"https:\/\/fengchashop.com\/se\/wp-json\/wp\/v2\/product_cat?post=6209"},{"taxonomy":"product_tag","embeddable":true,"href":"https:\/\/fengchashop.com\/se\/wp-json\/wp\/v2\/product_tag?post=6209"}],"curies":[{"name":"wp","href":"https:\/\/api.w.org\/{rel}","templated":true}]}}