{"id":6199,"date":"2022-02-11T22:15:52","date_gmt":"2022-02-11T21:15:52","guid":{"rendered":"https:\/\/fengchashop.com\/se\/product\/ashwagandhapulver-bio-250-g\/"},"modified":"2026-04-27T21:28:54","modified_gmt":"2026-04-27T19:28:54","slug":"ashwagandhapulver-bio","status":"publish","type":"product","link":"https:\/\/fengchashop.com\/se\/product\/ashwagandhapulver-bio\/","title":{"rendered":"Ashwagandha pulver BIO 250 g"},"content":{"rendered":"<h2><span style=\"color: #000000\">Ashwagandha pulver BIO<\/span><\/h2>\n<p><span style=\"color: #000000\">Ashwagandha \u00e4r en viktig \u00f6rt inom ayurveda och en av de mest v\u00f6rdade v\u00e4xterna, \u00e4ven k\u00e4nd som<strong> indisk ginseng<\/strong>, eftersom den anv\u00e4nds inom ayurveda p\u00e5 ett liknande s\u00e4tt som ginseng inom traditionell kinesisk medicin. Botaniskt sett \u00e4r de tv\u00e5 v\u00e4xterna inte besl\u00e4ktade. Den har anv\u00e4nts f\u00f6r medicinska \u00e4ndam\u00e5l i tusentals \u00e5r, eftersom den har en <strong>positiv effekt p\u00e5 det allm\u00e4nna v\u00e4lbefinnandet och ger oss energi<\/strong>. Det anses vara ett superlivsmedel som hj\u00e4lper oss att \u00e5terst\u00e4lla hormonbalansen. Det p\u00e5verkar b\u00e5de hormoner och reproduktionsorganen. Den \u00e5terst\u00e4ller binjurarna och sk\u00f6ldk\u00f6rteln. Eftersom det \u00e4r adaptogent anv\u00e4nds det i Ayurveda f\u00f6r hyper- och hypoaktiva sk\u00f6ldk\u00f6rtlar.<\/span><\/p>\n<h2><span style=\"color: #000000\">Vilka \u00e4r f\u00f6rdelarna med att ta ashwagandha?<\/span><\/h2>\n<p><span style=\"color: #000000\">Ashwagandha tros ha en positiv effekt p\u00e5:<\/span><\/p>\n<p><span style=\"color: #000000\"> \ud83d\udc9a \u00d6kad <strong>hj\u00e4rnkraft,<\/strong><\/span><br \/>\n<span style=\"color: #000000\"> \ud83d\udc9a \u00f6kad <strong>energi och uth\u00e5llighet,<\/strong><\/span><br \/>\n<span style=\"color: #000000\"><strong> \ud83d\udc9a \u00f6vervinna daglig stress och lindra symtom p\u00e5 \u00e5ngest och depression,<\/strong><\/span><br \/>\n<span style=\"color: #000000\"> \ud83d\udc9a minska<strong> s\u00f6mnl\u00f6shet,<\/strong><\/span><br \/>\n<span style=\"color: #000000\"> <strong> \ud83d\udc9a lindra sm\u00e4rta och inflammation,<\/strong><\/span><br \/>\n<span style=\"color: #000000\"> \ud83d\udc9a <strong>\u00f6ka sexlusten och fertiliteten<\/strong> hos b\u00e5da k\u00f6nen,<\/span><br \/>\n<span style=\"color: #000000\"><strong>\ud83d\udc9a saktar ner \u00e5ldringsprocessen i<\/strong> kroppen.<\/span><\/p>\n<p><span style=\"color: #000000\">V\u00e4xtens rot inneh\u00e5ller de flesta av de aktiva substanserna som har en positiv effekt p\u00e5 olika h\u00e4lsoproblem. Den kan \u00e4tas eller appliceras p\u00e5 huden eller det drabbade omr\u00e5det. Den \u00e4r mycket m\u00e5ngsidig och v\u00e4rderas d\u00e4rf\u00f6r i tre olika traditionella mediciner.<\/span><\/p>\n<p><span style=\"color: #000000\">Den \u00e4r ocks\u00e5 k\u00e4nd som indisk ginseng eftersom den \u00e4r s\u00e5 bra p\u00e5 att \u00f6ka tankef\u00f6rm\u00e5gan eller hj\u00e4rnfunktionen (liknar ginseng). I allm\u00e4nhet skyddar den hj\u00e4rnan fr\u00e5n effekterna av modern livsstil. Det har en utm\u00e4rkt effekt p\u00e5 hela nervsystemet och anv\u00e4nds d\u00e4rf\u00f6r ofta f\u00f6r att <strong>\u00f6vervinna stress, \u00e5ngest och depression.<\/strong> Det har nyligen varit f\u00f6rem\u00e5l f\u00f6r mycket forskning, inklusive l\u00e4nkar till behandling av Alzheimers sjukdom och demens.<\/span><\/p>\n<h2><span style=\"color: #000000\">F\u00f6rvaring och varningar<\/span><\/h2>\n<p><span style=\"color: #000000\">F\u00f6rvaras svalt och torrt vid en temperatur p\u00e5 upp till 25 \u00b0C. F\u00f6rvara kosttillskottet utom r\u00e4ckh\u00e5ll f\u00f6r barn!<\/span><\/p>\n<p><span style=\"color: #000000\">Kom ih\u00e5g vikten av en varierad kost och en h\u00e4lsosam livsstil, ett kosttillskott \u00e4r d\u00e4rf\u00f6r inte en ers\u00e4ttning f\u00f6r en balanserad och varierad kost. Den rekommenderade dagliga m\u00e4ngden eller dosen b\u00f6r inte \u00f6verskridas. Gravida och ammande kvinnor samt personer med \u00f6veraktiv sk\u00f6ldk\u00f6rtel avr\u00e5ds fr\u00e5n anv\u00e4ndning.<\/span><\/p>\n<h2><span style=\"color: #000000\">F\u00f6rpackning<\/span><\/h2>\n<p><span style=\"color: #000000\">Icke-genomsl\u00e4pplig zip-lock-p\u00e5se d\u00e4r produkten beh\u00e5ller all f\u00e4rskhet och arom. F\u00f6rpackningen skyddar produkten fr\u00e5n ljus och luft, eftersom den best\u00e5r av flera lager av skydd f\u00f6r att bevara inneh\u00e5llets egenskaper.<\/span><\/p>\n<p><span style=\"color: #000000\">F\u00f6rpackningen \u00e4r mycket praktisk och \u00e5tervinningsbar.<\/span><\/p>\n<h2><span style=\"color: #000000\">Ursprung<\/span><\/h2>\n<p><span style=\"color: #000000\">Indien<\/span><\/p>\n","protected":false},"excerpt":{"rendered":"<p align=\"JUSTIFY\">Ashwagandha \u00e4r en viktig \u00f6rt i ayurveda och en av de mest v\u00f6rdade v\u00e4xterna, \u00e4ven k\u00e4nd som <b>indisk ginseng<\/b>, eftersom den anv\u00e4nds i ayurveda p\u00e5 ett liknande s\u00e4tt som ginseng i traditionell kinesisk medicin. Den har anv\u00e4nts f\u00f6r medicinska \u00e4ndam\u00e5l i tusentals \u00e5r, eftersom den har en <b>positiv effekt p\u00e5 det allm\u00e4nna v\u00e4lbefinnandet<\/b> och ger oss energi. Ashwagandha anses ha en positiv effekt p\u00e5:<\/p>\n<p align=\"JUSTIFY\">\ud83d\udc9a \u00d6kad hj\u00e4rnkapacitet,<br \/>\n\ud83d\udc9a \u00f6kad energi och uth\u00e5llighet,<br \/>\n\ud83d\udc9a \u00d6vervinna daglig stress,<br \/>\n\ud83d\udc9a minska s\u00f6mnl\u00f6shet.<\/p>\n","protected":false},"featured_media":6200,"comment_status":"open","ping_status":"closed","template":"","meta":{"_acf_changed":false},"product_brand":[],"product_cat":[15,225,228,230,237,224,226],"product_tag":[],"class_list":{"0":"post-6199","1":"product","2":"type-product","3":"status-publish","4":"has-post-thumbnail","6":"product_cat-uncategorized","7":"product_cat-alla-produkter","8":"product_cat-ayurveda","9":"product_cat-bast-salda","10":"product_cat-bra-erbjudanden","11":"product_cat-erbjudande","12":"product_cat-supermat","14":"first","15":"instock","16":"sale","17":"taxable","18":"shipping-taxable","19":"purchasable","20":"product-type-simple"},"acf":[],"_links":{"self":[{"href":"https:\/\/fengchashop.com\/se\/wp-json\/wp\/v2\/product\/6199","targetHints":{"allow":["GET"]}}],"collection":[{"href":"https:\/\/fengchashop.com\/se\/wp-json\/wp\/v2\/product"}],"about":[{"href":"https:\/\/fengchashop.com\/se\/wp-json\/wp\/v2\/types\/product"}],"replies":[{"embeddable":true,"href":"https:\/\/fengchashop.com\/se\/wp-json\/wp\/v2\/comments?post=6199"}],"wp:featuredmedia":[{"embeddable":true,"href":"https:\/\/fengchashop.com\/se\/wp-json\/wp\/v2\/media\/6200"}],"wp:attachment":[{"href":"https:\/\/fengchashop.com\/se\/wp-json\/wp\/v2\/media?parent=6199"}],"wp:term":[{"taxonomy":"product_brand","embeddable":true,"href":"https:\/\/fengchashop.com\/se\/wp-json\/wp\/v2\/product_brand?post=6199"},{"taxonomy":"product_cat","embeddable":true,"href":"https:\/\/fengchashop.com\/se\/wp-json\/wp\/v2\/product_cat?post=6199"},{"taxonomy":"product_tag","embeddable":true,"href":"https:\/\/fengchashop.com\/se\/wp-json\/wp\/v2\/product_tag?post=6199"}],"curies":[{"name":"wp","href":"https:\/\/api.w.org\/{rel}","templated":true}]}}