{"id":6191,"date":"2022-02-11T21:55:28","date_gmt":"2022-02-11T20:55:28","guid":{"rendered":"https:\/\/fengchashop.com\/se\/product\/maca-i-tabletter-bio-125-g\/"},"modified":"2026-04-28T09:51:25","modified_gmt":"2026-04-28T07:51:25","slug":"mac-i-tabletter-bio","status":"publish","type":"product","link":"https:\/\/fengchashop.com\/se\/product\/mac-i-tabletter-bio\/","title":{"rendered":"Maca i tabletter BIO 125 g"},"content":{"rendered":"<h2><span style=\"color: #000000\">Maca tabletter BIO<\/span><\/h2>\n<p><span style=\"color: #000000\">Maca \u00e4r en v\u00e4xt som har blivit en av grundpelarna f\u00f6r kosttillskott under de senaste \u00e5ren, och dess popularitet har f\u00f6rt den in i m\u00e5nga hem. Den \u00e4r ocks\u00e5 k\u00e4nd som <strong>peruansk ginseng<\/strong>. Och \u00e4ven om den traditionellt har anv\u00e4nts f\u00f6r att \u00f6ka fertiliteten och sexlusten, eliminera utmattning och st\u00e4rka den fysiska styrkan, kan intag av maca ge oss s\u00e5 mycket mer.<\/span><\/p>\n<p><span style=\"color: #000000\">Det \u00e4r en adaptogen \u00f6rt som <strong>\u00f6kar energin, uth\u00e5lligheten, vitaliteten och<\/strong> den fysiska styrkan. Den hj\u00e4lper oss att hantera stress och att l\u00e4ttare anpassa oss till f\u00f6r\u00e4ndringar. Den trivs b\u00e4st i Anderna i centrala Peru, under tuffa f\u00f6rh\u00e5llanden och p\u00e5 mycket h\u00f6g h\u00f6jd &#8211; \u00f6ver 4 000 meter. Det \u00e4r en korsblommig gr\u00f6nsak som broccoli, blomk\u00e5l, rovor, k\u00e5l, gr\u00f6nk\u00e5l och r\u00e4disor. Den mest \u00e4tbara delen av v\u00e4xten \u00e4r roten eller kn\u00f6len. Den finns i flera f\u00e4rger, fr\u00e5n vit till svart. De mest popul\u00e4ra \u00e4r<strong> gul, r\u00f6d och svart<\/strong>. Vanlig gul maca anv\u00e4nds f\u00f6r daglig och l\u00e5ngvarig konsumtion. Den r\u00f6da och svarta macan anses vara heliga sorter och anv\u00e4nds f\u00f6r kroniska terapeutiska problem.<\/span><\/p>\n<p><span style=\"color: #000000\">Maca-kn\u00f6len konsumeras oftast i pulverform. Maca i tablettform \u00e4r dock l\u00e4ttare att anv\u00e4nda och l\u00e4ttare att dosera. V\u00e5ra macatabletter \u00e4r ekologiskt producerade.<\/span><\/p>\n<p><span style=\"color: #000000\">Vilka problem hj\u00e4lper det till med eller vem rekommenderar vi det f\u00f6r?<\/span><\/p>\n<p><span style=\"color: #000000\">Maca \u00e4r en adaptogen v\u00e4xt, vilket inneb\u00e4r att den anpassar sig till individens behov. Adaptogener st\u00e4rker organsystemen (andning, matsm\u00e4ltning, urinv\u00e4gar etc.) men \u00f6verstimulerar inte eller st\u00f6r p\u00e5 annat s\u00e4tt deras funktion. Adaptogener rekommenderas f\u00f6r personer som beh\u00f6ver hj\u00e4lp med:<\/span><\/p>\n<p><span style=\"color: #000000\"> \ud83d\udc9a \u00f6vervinna problem med <strong>hum\u00f6rsv\u00e4ngningar<\/strong>,<\/span><\/p>\n<p><span style=\"color: #000000\"> \ud83d\udc9a infertilitet och <strong>klimakterieproblem<\/strong>,<\/span><\/p>\n<p><span style=\"color: #000000\"> \ud83d\udc9a uppn\u00e5 st\u00f6rre<strong> mental och fysisk prestanda<\/strong>,<\/span><\/p>\n<p><span style=\"color: #000000\"> \ud83d\udc9a \u00f6ka <strong>sexuell styrka,<\/strong><\/span><\/p>\n<p><span style=\"color: #000000\"> \ud83d\udc9a m\u00e5nga andra h\u00e4lsoproblem.<\/span><\/p>\n<h2><span style=\"color: #000000\">Vilka \u00e4r de viktigaste egenskaperna som maca erbjuder oss?<\/span><\/h2>\n<p><strong><span style=\"color: #000000\">Den \u00e4r mycket n\u00e4ringsrik<\/span><\/strong><\/p>\n<p><span style=\"color: #000000\">Maca \u00e4r en utm\u00e4rkt k\u00e4lla till flera<strong> viktiga vitaminer och mineraler<\/strong> som C-, A-, E-, B2-, B6-, B12-, koppar-, magnesium-, selen-, kalcium-, kalium-, natrium-, fosfor-, mangan- och j\u00e4rnvitaminer. Det \u00e4r en bra k\u00e4lla till kolhydrater, aminosyror, fetter och inneh\u00e5ller en betydande m\u00e4ngd fibrer och andra fyton\u00e4rings\u00e4mnen. Den inneh\u00e5ller ocks\u00e5 olika v\u00e4xtf\u00f6reningar som glukosinolater, polyfenoler och fytosteroler, som h\u00e4mmar absorptionen<strong> av kolesterol<\/strong> och till och med kan s\u00e4nka dess niv\u00e5 i blodet.<\/span><\/p>\n<p><strong><span style=\"color: #000000\">\u00d6kar libido<\/span><\/strong><\/p>\n<p><span style=\"color: #000000\">\u00d6kar sexlusten hos b\u00e5de m\u00e4n och kvinnor. Det \u00e4r ett naturligt afrodisiakum. Eliminerar erektil dysfunktion. Maca \u00e4r effektivt f\u00f6r att <strong>f\u00f6rb\u00e4ttra sexuell lust <\/strong>och detta p\u00e5st\u00e5ende st\u00f6ds av olika studier. En studie fr\u00e5n 2010 som omfattade fyra kliniska studier med totalt 131 deltagare visade att maca f\u00f6rb\u00e4ttrar den sexuella lusten efter minst sex veckors konsumtion. En annan studie visade att maca minskar sexuell dysfunktion orsakad av l\u00e4kemedel som anv\u00e4nds f\u00f6r att behandla depression.<\/span><\/p>\n<p><strong><span style=\"color: #000000\">\u00d6kar fertiliteten<\/span><\/strong><\/p>\n<p><span style=\"color: #000000\">Maca \u00f6kar fertiliteten hos b\u00e5de m\u00e4n och kvinnor. En genomg\u00e5ng av fem mindre studier visade att maca <strong>\u00f6kar spermieproduktionen och f\u00f6rb\u00e4ttrar spermakvaliteten<\/strong> hos infertila men i \u00f6vrigt friska m\u00e4n. Efter fyra m\u00e5naders macakonsumtion \u00f6kade spermiernas volym, antal och r\u00f6relse. Hos kvinnor<strong> reglerar maca menstruationscykeln<\/strong> och lindrar \u00e4ven symtom p\u00e5 PMS och menstruationssm\u00e4rta.<\/span><\/p>\n<p><strong><span style=\"color: #000000\">Minskar storleken p\u00e5 prostatan<\/span><\/strong><\/p>\n<p><span style=\"color: #000000\">Vissa studier har visat att r\u00f6d maca minskar storleken p\u00e5 prostatan eftersom den inneh\u00e5ller en stor m\u00e4ngd glukosinolater. De \u00e4r ocks\u00e5 f\u00f6rknippade med en l\u00e4gre<strong> risk f\u00f6r prostatacancer<\/strong> och en friskare prostata.<\/span><\/p>\n<p><strong><span style=\"color: #000000\">Hormonell balans<\/span><\/strong><\/p>\n<p><span style=\"color: #000000\">St\u00f6djer det endokrina systemet, som bl.a. transporterar syre runt i kroppen. Det <strong>stimulerar k\u00f6rtlarna att fungera korrekt<\/strong> (hypotalamus, hypofys, binjurar, sk\u00f6ldk\u00f6rtel) och stimulerar d\u00e4rmed produktionen av hormoner (progesteron, testosteron, DHEA) och reglerar funktionen hos hela det hormonella systemet. Att det endokrina systemet fungerar korrekt \u00e4r ocks\u00e5 kopplat till att immunsystemet fungerar korrekt. Om balansen n\u00e5gonstans i det endokrina systemet st\u00f6rs, minskar f\u00f6rm\u00e5gan hos v\u00e5r f\u00f6rsvarsmekanism.<\/span><\/p>\n<p><strong><span style=\"color: #000000\">Lindrar symtom p\u00e5 klimakteriet och andropaus (manligt klimakterium)<\/span><\/strong><\/p>\n<p><span style=\"color: #000000\">Den naturliga minskningen av \u00f6strogen som sker under klimakteriet kan orsaka en rad obehagliga symtom som v\u00e4rmevallningar <strong>, vaginal torrhet, hum\u00f6rsv\u00e4ngningar, s\u00f6mnproblem och irritabilitet<\/strong>. En studie p\u00e5 kvinnor i klimakteriet visade att maca hj\u00e4lpte till att lindra klimakteriebesv\u00e4ren, inklusive v\u00e4rmevallningar och s\u00f6mnproblem. Maca bidrar ocks\u00e5 till att skydda benh\u00e4lsan och minskar risken f\u00f6r osteoporos. Det saktar ner \u00e5ldrandeprocessen.<\/span><\/p>\n<p><strong><span style=\"color: #000000\">F\u00f6rb\u00e4ttrar hum\u00f6ret<\/span><\/strong><\/p>\n<p><span style=\"color: #000000\">Flera studier har redan visat att maca kan<strong> f\u00f6rb\u00e4ttra hum\u00f6ret och det mentala v\u00e4lbefinnandet<\/strong>, eftersom det inneh\u00e5ller flavonider. Det minskar ocks\u00e5 \u00e5ngest och symtom p\u00e5 depression, s\u00e4rskilt hos kvinnor i klimakteriet. Det hj\u00e4lper till att minska stress och nerv\u00f6s sp\u00e4nning genom att \u00f6ka m\u00e4ngden syre i blodet.<\/span><\/p>\n<p><strong><span style=\"color: #000000\">\u00d6kar energi och sportprestanda<\/span><\/strong><\/p>\n<p><span style=\"color: #000000\">Maca anv\u00e4nds ocks\u00e5 av<strong> idrottare<\/strong>. Det hj\u00e4lper oss att f\u00e5 muskelmassa, \u00f6ka styrka, energi, uth\u00e5llighet och f\u00f6rb\u00e4ttra tr\u00e4ningsprestanda. Konsumtion av maca kan f\u00f6rb\u00e4ttra <strong>tr\u00e4ningsprestanda<\/strong>, s\u00e4rskilt under uth\u00e5llighetstr\u00e4ning. Det hj\u00e4lper mot kronisk tr\u00f6tthet. Det \u00f6kar kroppens vitalitet och mentala och fysiska energi.<\/span><\/p>\n<p><strong><span style=\"color: #000000\">Bra f\u00f6r inl\u00e4rning och minne<\/span><\/strong><\/p>\n<p><span style=\"color: #000000\">Maca kan <strong>f\u00f6rb\u00e4ttra hj\u00e4rnans funktion<\/strong> och har en gynnsam effekt p\u00e5 inl\u00e4rning, koncentration och minne. Traditionellt har den anv\u00e4nts av ursprungsbefolkningen i Peru f\u00f6r att f\u00f6rb\u00e4ttra barnens prestationer i skolan. I detta fall har svart maca visat sig vara den mest effektiva.<\/span><\/p>\n<h2><span style=\"color: #000000\">F\u00f6rvaring och varningar<\/span><\/h2>\n<p><span style=\"color: #000000\">F\u00f6rvaras p\u00e5 en sval, torr plats vid en temperatur p\u00e5 upp till 25 \u00b0C. F\u00f6rvaras o\u00e5tkomligt f\u00f6r barn!<\/span><\/p>\n<p><span style=\"color: #000000\">Kom ih\u00e5g vikten av en varierad kost och en h\u00e4lsosam livsstil, ett kosttillskott \u00e4r d\u00e4rf\u00f6r inte en ers\u00e4ttning f\u00f6r en balanserad och varierad kost. Den rekommenderade dagliga m\u00e4ngden eller dosen b\u00f6r inte \u00f6verskridas. Gravida och ammande kvinnor rekommenderas alltid att r\u00e5dg\u00f6ra med l\u00e4kare f\u00f6re anv\u00e4ndning.<\/span><\/p>\n<h2><span style=\"color: #000000\">F\u00f6rpackning<\/span><\/h2>\n<p><span style=\"color: #000000\">Icke-genomsl\u00e4pplig zip-lock-p\u00e5se d\u00e4r produkten beh\u00e5ller all sin fr\u00e4sch\u00f6r och arom. F\u00f6rpackningen skyddar produkten fr\u00e5n ljus och luft, eftersom den best\u00e5r av flera lager av skydd f\u00f6r att bevara inneh\u00e5llets egenskaper.<\/span><\/p>\n<p><span style=\"color: #000000\">F\u00f6rpackningen \u00e4r mycket praktisk och \u00e5tervinningsbar.<\/span><\/p>\n<h2><span style=\"color: #000000\">Ursprung<\/span><\/h2>\n<p><span style=\"color: #000000\">Peru<\/span><\/p>\n","protected":false},"excerpt":{"rendered":"<p align=\"JUSTIFY\">Maca \u00e4r en rotv\u00e4xt som trivs p\u00e5 det peruanska andinska h\u00f6glandet, d\u00e4r den uts\u00e4tts f\u00f6r<strong> extrema v\u00e4derf\u00f6rh\u00e5llanden<\/strong> och stora temperaturskillnader mellan dag och natt. Den medicinska delen av maca \u00e4r kn\u00f6len, som inneh\u00e5ller m\u00e5nga<strong> vitaminer, mineraler och aminosyror<\/strong>. Maca inneh\u00e5ller viktiga vitaminer som vitamin B1, B12, C och E samt fettsyror, mineraler och aminosyror och \u00e4r en av de mest effektiva, \u00f6nskv\u00e4rda och rekommenderade naturliga superfoods med en tradition som g\u00e5r tusentals \u00e5r tillbaka i tiden. Det rekommenderas f\u00f6r personer som beh\u00f6ver hj\u00e4lp med:<\/p>\n<p align=\"JUSTIFY\">\ud83d\udc9a \u00f6vervinna hum\u00f6rsv\u00e4ngningar,<br \/>\n\ud83d\udc9a infertilitet och klimakterieproblem,<br \/>\n\ud83d\udc9a uppn\u00e5 st\u00f6rre mental och fysisk prestanda,<br \/>\n\ud83d\udc9a \u00f6ka sexuell styrka,<br \/>\n\ud83d\udc9a m\u00e5nga andra h\u00e4lsoproblem.<\/p>\n","protected":false},"featured_media":5900,"comment_status":"open","ping_status":"closed","template":"","meta":{"_acf_changed":false},"product_brand":[],"product_cat":[225,224,226],"product_tag":[],"class_list":{"0":"post-6191","1":"product","2":"type-product","3":"status-publish","4":"has-post-thumbnail","6":"product_cat-alla-produkter","7":"product_cat-erbjudande","8":"product_cat-supermat","10":"first","11":"instock","12":"sale","13":"taxable","14":"shipping-taxable","15":"purchasable","16":"product-type-simple"},"acf":[],"_links":{"self":[{"href":"https:\/\/fengchashop.com\/se\/wp-json\/wp\/v2\/product\/6191","targetHints":{"allow":["GET"]}}],"collection":[{"href":"https:\/\/fengchashop.com\/se\/wp-json\/wp\/v2\/product"}],"about":[{"href":"https:\/\/fengchashop.com\/se\/wp-json\/wp\/v2\/types\/product"}],"replies":[{"embeddable":true,"href":"https:\/\/fengchashop.com\/se\/wp-json\/wp\/v2\/comments?post=6191"}],"wp:featuredmedia":[{"embeddable":true,"href":"https:\/\/fengchashop.com\/se\/wp-json\/wp\/v2\/media\/5900"}],"wp:attachment":[{"href":"https:\/\/fengchashop.com\/se\/wp-json\/wp\/v2\/media?parent=6191"}],"wp:term":[{"taxonomy":"product_brand","embeddable":true,"href":"https:\/\/fengchashop.com\/se\/wp-json\/wp\/v2\/product_brand?post=6191"},{"taxonomy":"product_cat","embeddable":true,"href":"https:\/\/fengchashop.com\/se\/wp-json\/wp\/v2\/product_cat?post=6191"},{"taxonomy":"product_tag","embeddable":true,"href":"https:\/\/fengchashop.com\/se\/wp-json\/wp\/v2\/product_tag?post=6191"}],"curies":[{"name":"wp","href":"https:\/\/api.w.org\/{rel}","templated":true}]}}