{"id":6182,"date":"2022-02-11T21:27:43","date_gmt":"2022-02-11T20:27:43","guid":{"rendered":"https:\/\/fengchashop.com\/se\/product\/triphala-i-pulver-bio-250-g\/"},"modified":"2026-04-29T10:19:10","modified_gmt":"2026-04-29T08:19:10","slug":"triphala-i-pulver-bio","status":"publish","type":"product","link":"https:\/\/fengchashop.com\/se\/product\/triphala-i-pulver-bio\/","title":{"rendered":"Triphala i pulver BIO 250 g"},"content":{"rendered":"<h2><span style=\"color: #000000\">Triphala pulver BIO<\/span><\/h2>\n<p>Triphala \u00e4r en gammal,<strong> mycket hyllad ayurvedisk \u00f6rtblandning av<\/strong> tre superfrukter fr\u00e5n Indien: <strong>amalaki<\/strong> (Emblica officinalis) &#8211; \u00e4ven k\u00e4nd som amla, <strong>bibhitaki<\/strong> (Terminalia belerica) och<strong> haritaki<\/strong> (Terminalia chebula). Den har anv\u00e4nts i \u00f6ver 5000 \u00e5r, fr\u00e4mst f\u00f6r att rensa och avgifta hela kroppen.<\/p>\n<p>Triphala har en gynnsam effekt p\u00e5 v\u00e5r matsm\u00e4ltning, p\u00e5skyndar den och stimulerar upptaget av vitaminer och mineraler.<\/p>\n<p>Det \u00e4r viktigt att anv\u00e4nda produkter som \u00e4r tillverkade av ekologiskt odlade \u00f6rter, eftersom det \u00e4r det enda s\u00e4ttet att kontrollera och f\u00f6rhindra att kroppen f\u00e5r i sig bek\u00e4mpningsmedel och tungmetaller.<\/p>\n<p>V\u00e5r triphala \u00e4r av h\u00f6gsta kvalitet och ekologiskt producerad.<\/p>\n<p><strong><span style=\"color: #000000\">Triphala \u00e4r en h\u00f6rnsten i ayurvedisk medicin eftersom den har m\u00e5nga effektiva l\u00e4kande egenskaper:<\/span><\/strong><\/p>\n<p>\ud83d\udc9a Den har en gynnsam effekt p\u00e5 matsm\u00e4ltningssystemet och fungerar som ett milt laxermedel som inte skadar tarmslemhinnan,<br \/>\n\ud83d\udc9a Det hj\u00e4lper till med uppbl\u00e5sthet och vind, s\u00e5v\u00e4l som hemorrojder,<br \/>\n\ud83d\udc9a tar bort \u00f6verfl\u00f6digt fett fr\u00e5n kroppen,<br \/>\n\ud83d\udc9a har en positiv effekt p\u00e5 leverfunktionen,<br \/>\n\ud83d\udc9a st\u00e4rker effektivt immunf\u00f6rsvaret med sitt h\u00f6ga C-vitamininneh\u00e5ll,<br \/>\n\ud83d\udc9a ger n\u00e4ring och st\u00e4rker luftv\u00e4garna och lindrar hosta vid slemhosta,<br \/>\n\ud83d\udc9a har bevisat antiinflammatoriska och antivirala egenskaper,<br \/>\n\ud83d\udc9a f\u00f6ryngrar kroppen.<\/p>\n<h2><span style=\"color: #000000\">Visste du att Triphala bryr sig om de inre organen som en mamma bryr sig om sina barn?<\/span><\/h2>\n<p>Triphala-blandningen \u00e4r mycket n\u00e4ringsrik, mild, rik p\u00e5 C-vitamin, bioflavanoider och omega 3-linoliska fettsyror. Den \u00e4r en utomordentlig k\u00e4lla till<strong> proteiner, oljor och antioxidanter<\/strong>, som tillsammans med dess antimikrobiella och antibakteriella egenskaper bidrar till \u00f6kad immunitet i kroppen. Den har en bra laxerande effekt, vilket g\u00f6r den l\u00e4mplig f\u00f6r att <strong>reng\u00f6ra tarmarna<\/strong> och tarmv\u00e4ggarna och hj\u00e4lpa till att minska \u00f6vervikt.<strong> Effektiv avgiftare<\/strong>.<\/p>\n<p>Alla tre typer av frukter i triphala-formeln ger n\u00e4ring, st\u00e4rker, reng\u00f6r, djupt \u00e5terst\u00e4ller och f\u00f6ryngrar hela organismen. Regelbunden konsumtion av Triphala minskar tr\u00f6tthet och utmattning och \u00e4r ett utm\u00e4rkt st\u00f6d f\u00f6r immunsystemet. Enligt ayurvedisk tradition \u00e4r Triphala en av de f\u00e5 blandningar som har en gynnsam effekt p\u00e5 alla tre doshas. Den \u00e4r d\u00e4rf\u00f6r s\u00e4ker f\u00f6r alla att konsumera.<\/p>\n<h2><span style=\"color: #000000\">F\u00f6rvaring och varningar<\/span><\/h2>\n<p>F\u00f6rvaras p\u00e5 en sval, torr plats. F\u00f6rvara kosttillskottet utom r\u00e4ckh\u00e5ll f\u00f6r barn!<\/p>\n<p>Kom ih\u00e5g vikten av en varierad kost och en h\u00e4lsosam livsstil, ett kosttillskott \u00e4r d\u00e4rf\u00f6r inte ett substitut f\u00f6r en balanserad och varierad kost. Den rekommenderade dagliga m\u00e4ngden eller dosen b\u00f6r inte \u00f6verskridas. Gravida kvinnor, ammande m\u00f6drar och personer som tar mediciner rekommenderas alltid att r\u00e5dfr\u00e5ga l\u00e4kare f\u00f6re anv\u00e4ndning. Ej l\u00e4mplig f\u00f6r barn.<\/p>\n<h2><span style=\"color: #000000\">F\u00f6rpackning<\/span><\/h2>\n<p><span style=\"color: #000000\">Icke-genomsl\u00e4pplig zip-lock-p\u00e5se d\u00e4r produkten beh\u00e5ller all f\u00e4rskhet och arom. F\u00f6rpackningen skyddar mot ljus och luft, eftersom den best\u00e5r av flera skyddslager som bevarar inneh\u00e5llets egenskaper.<\/span><\/p>\n<p><span style=\"color: #000000\">F\u00f6rpackningen \u00e4r mycket praktisk och \u00e5tervinningsbar.<\/span><\/p>\n<h2><span style=\"color: #000000\">Ursprung<\/span><\/h2>\n<p><span style=\"color: #000000\">Indien<\/span><\/p>\n","protected":false},"excerpt":{"rendered":"<p align=\"JUSTIFY\">Triphala \u00e4r en urgammal, mycket <strong>uppskattad ayurvedisk \u00f6rtblandning av<\/strong> tre superfrukter fr\u00e5n den indiska regionen: amalaki, bibhitaki och haritaki. Den har anv\u00e4nts i <strong>mer \u00e4n 5000 \u00e5r<\/strong>, fr\u00e4mst f\u00f6r att rena och avgifta hela kroppen. Triphala \u00e4r en h\u00f6rnsten i ayurvedisk medicin eftersom den har m\u00e5nga effektiva<strong> l\u00e4kande egenskaper<\/strong>:<\/p>\n<p align=\"JUSTIFY\">\ud83d\udc9a Den har en gynnsam effekt p\u00e5 matsm\u00e4ltningssystemet,<br \/>\n\ud83d\udc9a tar bort \u00f6verfl\u00f6digt fett fr\u00e5n kroppen,<br \/>\n\ud83d\udc9a st\u00e4rker effektivt immunf\u00f6rsvaret med sitt h\u00f6ga C-vitamininneh\u00e5ll,<br \/>\n\ud83d\udc9a Det ger n\u00e4ring och st\u00e4rker luftv\u00e4garna,<br \/>\n\ud83d\udc9a f\u00f6ryngrar kroppen.<\/p>\n","protected":false},"featured_media":6101,"comment_status":"open","ping_status":"closed","template":"","meta":{"_acf_changed":false},"product_brand":[],"product_cat":[225,228,224,226],"product_tag":[],"class_list":{"0":"post-6182","1":"product","2":"type-product","3":"status-publish","4":"has-post-thumbnail","6":"product_cat-alla-produkter","7":"product_cat-ayurveda","8":"product_cat-erbjudande","9":"product_cat-supermat","11":"first","12":"instock","13":"sale","14":"taxable","15":"shipping-taxable","16":"purchasable","17":"product-type-simple"},"acf":[],"_links":{"self":[{"href":"https:\/\/fengchashop.com\/se\/wp-json\/wp\/v2\/product\/6182","targetHints":{"allow":["GET"]}}],"collection":[{"href":"https:\/\/fengchashop.com\/se\/wp-json\/wp\/v2\/product"}],"about":[{"href":"https:\/\/fengchashop.com\/se\/wp-json\/wp\/v2\/types\/product"}],"replies":[{"embeddable":true,"href":"https:\/\/fengchashop.com\/se\/wp-json\/wp\/v2\/comments?post=6182"}],"wp:featuredmedia":[{"embeddable":true,"href":"https:\/\/fengchashop.com\/se\/wp-json\/wp\/v2\/media\/6101"}],"wp:attachment":[{"href":"https:\/\/fengchashop.com\/se\/wp-json\/wp\/v2\/media?parent=6182"}],"wp:term":[{"taxonomy":"product_brand","embeddable":true,"href":"https:\/\/fengchashop.com\/se\/wp-json\/wp\/v2\/product_brand?post=6182"},{"taxonomy":"product_cat","embeddable":true,"href":"https:\/\/fengchashop.com\/se\/wp-json\/wp\/v2\/product_cat?post=6182"},{"taxonomy":"product_tag","embeddable":true,"href":"https:\/\/fengchashop.com\/se\/wp-json\/wp\/v2\/product_tag?post=6182"}],"curies":[{"name":"wp","href":"https:\/\/api.w.org\/{rel}","templated":true}]}}